{"id":110,"date":"2018-06-05T14:58:00","date_gmt":"2018-06-05T12:58:00","guid":{"rendered":"http:\/\/blog.u-bourgogne.fr\/du-agda\/?page_id=110"},"modified":"2025-09-24T09:27:55","modified_gmt":"2025-09-24T07:27:55","slug":"informations-pratiques","status":"publish","type":"page","link":"https:\/\/blog.ube.fr\/du-agda\/informations-pratiques\/","title":{"rendered":"INFORMATIONS PRATIQUES"},"content":{"rendered":"<h1><img loading=\"lazy\" decoding=\"async\" class=\"alignleft size-full wp-image-34\" src=\"http:\/\/blog.ube.fr\/du-agda\/wp-content\/uploads\/sites\/108\/2018\/02\/Ligne-horizontale.jpg\" alt=\"\" width=\"2578\" height=\"50\" srcset=\"https:\/\/blog.ube.fr\/du-agda\/wp-content\/uploads\/sites\/108\/2018\/02\/Ligne-horizontale.jpg 2578w, https:\/\/blog.ube.fr\/du-agda\/wp-content\/uploads\/sites\/108\/2018\/02\/Ligne-horizontale-300x6.jpg 300w, https:\/\/blog.ube.fr\/du-agda\/wp-content\/uploads\/sites\/108\/2018\/02\/Ligne-horizontale-768x15.jpg 768w, https:\/\/blog.ube.fr\/du-agda\/wp-content\/uploads\/sites\/108\/2018\/02\/Ligne-horizontale-1024x20.jpg 1024w\" sizes=\"auto, (max-width: 2578px) 100vw, 2578px\" \/><\/h1>\n<p>&nbsp;<\/p>\n<p>&nbsp;<\/p>\n<p><img loading=\"lazy\" decoding=\"async\" class=\"alignleft size-full wp-image-111\" src=\"http:\/\/blog.ube.fr\/du-agda\/wp-content\/uploads\/sites\/108\/2018\/06\/UFR-STAPS.jpg\" alt=\"\" width=\"382\" height=\"222\" srcset=\"https:\/\/blog.ube.fr\/du-agda\/wp-content\/uploads\/sites\/108\/2018\/06\/UFR-STAPS.jpg 382w, https:\/\/blog.ube.fr\/du-agda\/wp-content\/uploads\/sites\/108\/2018\/06\/UFR-STAPS-300x174.jpg 300w\" sizes=\"auto, (max-width: 382px) 100vw, 382px\" \/><\/p>\n<h1><\/h1>\n<p>&nbsp;<\/p>\n<p>&nbsp;<\/p>\n<p>&nbsp;<\/p>\n<p>&nbsp;<\/p>\n<p>&nbsp;<\/p>\n<p>&nbsp;<\/p>\n<h1><\/h1>\n<p>&nbsp;<\/p>\n<p>&nbsp;<\/p>\n<h1><\/h1>\n<h1><\/h1>\n<h1><\/h1>\n<h1><img loading=\"lazy\" decoding=\"async\" class=\"alignleft size-full wp-image-37\" src=\"http:\/\/blog.ube.fr\/du-agda\/wp-content\/uploads\/sites\/108\/2018\/03\/Triangle.jpg\" width=\"30\" height=\"35\" \/><\/h1>\n<h1>Acc\u00e8s et Installations<\/h1>\n<p>&nbsp;<\/p>\n<p><img loading=\"lazy\" decoding=\"async\" class=\"alignleft size-full wp-image-121\" src=\"http:\/\/blog.ube.fr\/du-agda\/wp-content\/uploads\/sites\/108\/2018\/06\/Plan-Acc\u00e8s-STAPS.jpg\" width=\"1000\" height=\"1097\" srcset=\"https:\/\/blog.ube.fr\/du-agda\/wp-content\/uploads\/sites\/108\/2018\/06\/Plan-Acc\u00e8s-STAPS.jpg 2392w, https:\/\/blog.ube.fr\/du-agda\/wp-content\/uploads\/sites\/108\/2018\/06\/Plan-Acc\u00e8s-STAPS-274x300.jpg 274w, https:\/\/blog.ube.fr\/du-agda\/wp-content\/uploads\/sites\/108\/2018\/06\/Plan-Acc\u00e8s-STAPS-768x842.jpg 768w, https:\/\/blog.ube.fr\/du-agda\/wp-content\/uploads\/sites\/108\/2018\/06\/Plan-Acc\u00e8s-STAPS-934x1024.jpg 934w\" sizes=\"auto, (max-width: 1000px) 100vw, 1000px\" \/><\/p>\n<p>&nbsp;<\/p>\n<p><strong>L&#8217;ensemble de la formation <\/strong><strong>se d\u00e9roule \u00e0 l&#8217;Universit\u00e9 de Bourgogne<\/strong><strong>\u00a0:<\/strong><\/p>\n<p><strong>UFR STAPS<\/strong><br \/>\n3 all\u00e9e des stades universitaires<br \/>\n21000 Dijon<\/p>\n<p>&nbsp;<\/p>\n<p><strong><u>Pour s\u2019y rendre :<\/u><\/strong><\/p>\n<p>&nbsp;<\/p>\n<ul>\n<li>Un acc\u00e8s autoroutier rapide est assur\u00e9 :\n<ul>\n<li>de Paris par l\u2019A6<\/li>\n<li>de Lille\/Belgique par l\u2019A26 et l\u2019A5<\/li>\n<li>de Metz-Luxembourg par l\u2019A31<\/li>\n<li>de Strasbourg\/Allemagne par l\u2019A36<\/li>\n<li>de Gen\u00e8ve par l\u2019A40 et l\u2019A39<\/li>\n<\/ul>\n<\/li>\n<\/ul>\n<p>Acc\u00e8s au campus de Dijon par la rocade Est, direction Dijon centre puis Universit\u00e9.<br \/>\nPlus d\u2019informations : <a href=\"http:\/\/www.aprr.fr\/fr\">www.aprr.fr<\/a><\/p>\n<p>&nbsp;<\/p>\n<ul>\n<li>La gare de Dijon est une des plus importantes de province. Gr\u00e2ce au TGV, Dijon se trouve \u00e0 :\n<ul>\n<li>1h35 de Paris (15 liaisons aller-retour quotidiennes)<\/li>\n<li>1h35 de l\u2019a\u00e9roport Roissy-Charles de Gaulle<\/li>\n<li>1h45 de Lyon<\/li>\n<li>1h05 de Mulhouse<\/li>\n<li>2h de Strasbourg<\/li>\n<li>3h de Lille<\/li>\n<li>3h30 de Marseille<\/li>\n<li>2h25 de Zurich<\/li>\n<\/ul>\n<\/li>\n<\/ul>\n<p>Pour r\u00e9server vos titres de transport : <a href=\"http:\/\/www.voyages-sncf.com\/\">www.voyages-sncf.com<\/a><\/p>\n<p>&nbsp;<\/p>\n<ul>\n<li>Le tramway ouvre pleinement l\u2019universit\u00e9 sur la ville :<\/li>\n<\/ul>\n<p>Ligne T1 (Dijon Gare &lt;&gt; Qu\u00e9tigny Centre)<br \/>\nArr\u00eat : Mazen-Sully<br \/>\nPlus d\u2019informations : <a href=\"http:\/\/www.divia.fr\/\">www.divia.fr<\/a><\/p>\n<p>&nbsp;<\/p>\n<p>&nbsp;<\/p>\n<p>&nbsp;<\/p>\n<p>&nbsp;<\/p>\n<p>&nbsp;<\/p>\n<p>&nbsp;<\/p>\n<h1><\/h1>\n<h1><img loading=\"lazy\" decoding=\"async\" class=\"alignleft size-full wp-image-37\" src=\"http:\/\/blog.ube.fr\/du-agda\/wp-content\/uploads\/sites\/108\/2018\/03\/Triangle.jpg\" width=\"30\" height=\"35\" \/><\/h1>\n<h1>Les h\u00e9bergements<\/h1>\n<p>&nbsp;<\/p>\n<p>De nombreux h\u00f4tels se situent \u00e0 la proximit\u00e9 de l&#8217;Universit\u00e9 de Bourgogne ou au centre ville de Dijon<\/p>\n<p><img loading=\"lazy\" decoding=\"async\" class=\"wp-image-213 alignright\" src=\"http:\/\/blog.ube.fr\/acaps2017dijon\/wp-content\/uploads\/sites\/62\/2016\/09\/Hotel-Dijon.jpg\" alt=\"hotel-dijon\" width=\"382\" height=\"255\" \/><\/p>\n<p>&nbsp;<\/p>\n<p>Quelques liens utiles pour r\u00e9server votre h\u00e9bergement :<\/p>\n<p><a href=\"http:\/\/maisoninternationale.fr\/\">La Maison Internationale<\/a> (400 m \u00e0 pied \u2013 54 \u20ac)<br \/>\nAu c\u0153ur du Campus Universitaire de Bourgogne \u00e0 Dijon, un concept novateur et original vous accueille\u00a0: LA MAISON INTERNATIONALE, havre de paix au centre de la ville. R\u00e9sidence pour de longs s\u00e9jours ou h\u00f4tel pour une ou plusieurs nuit\u00e9es, nous nous adaptons \u00e0 votre demande.<\/p>\n<p><a href=\"http:\/\/www.kyriad.com\/fr\/hotels\/kyriad-dijon-est-mirande?gclid=Cj0KEQiA08rBBRDUn4qproqwzYMBEiQAqpznsyeNDyX3lMlB-vxBjCcXK0UmKH10vspR4TCVLirkOqkaAlmy8P8HAQ&amp;AspxAutoDetectCookieSupport=1\">H\u00f4tel Kyriad Dijon Mirande<\/a> (1 km \u00e0 pied \u2013 90 \u20ac)<br \/>\nDans un cadre verdoyant, l\u2019h\u00f4tel Kyriad Dijon Mirande se situe \u00e0 proximit\u00e9 de l\u2019Universit\u00e9 de Dijon, ainsi que duCentre Hospitalier Universitaire. Le centre-ville est accessible en 5 minutes (arr\u00eat tram et bus \u00e0 100m). Les 86 chambres vous offrent tout le confort d\u2019un h\u00f4tel trois \u00e9toiles.<\/p>\n<p><a href=\"http:\/\/www.creps-bourgogne.fr\/index.php\/accueil\/installations-d-accueil.html\">CREPS de Bourgogne<\/a> <span class=\"subtitle\"><span class=\"entete\">(1,1 kms \u00e0 pied \u2013 21,50 \u20ac)<br \/>\n<span class=\"st\">Install\u00e9 dans un parc bois\u00e9 de 26 hectares, le CREPS de Bourgogne propose 171\u00a0lits.<\/span><\/span><\/span><\/p>\n<p><a href=\"http:\/\/www.campanile-dijon-clemenceau.com\/\">Campanile Dijon Congr\u00e8s Clemenceau<\/a> (5<span class=\"entete\"> arr\u00eats en tramway<\/span> \u2013 80\u20ac)<br \/>\nSitu\u00e9 \u00e0 Dijon, le Campanile Dijon Congr\u00e8s Cl\u00e9menceau propose des chambres climatis\u00e9es et une connexion Wi-Fi gratuite dans tous ses locaux. Vous pourrez vous d\u00e9tendre autour d\u2019un verre dans son bar-salon ouvert 24h\/24.<\/p>\n<p><a href=\"http:\/\/www.hotel-mercure-dijon.fr\/\">H\u00f4tel Mercure Dijon Centre Clemenceau<\/a> (6 arr\u00eats en tramway \u2013 \u00e0 partir de 129\u20ac)<br \/>\nRendez-vous d\u2019affaires, ou d\u00e9couverte de la ville touristique, l\u2019h\u00f4tel Mercure Dijon Centre Clemenceau propose 123 chambres climatis\u00e9es, des salles de conf\u00e9rence, des salons de r\u00e9ception, une piscine ext\u00e9rieure et un jardin avec terrasse ombrag\u00e9e, ainsi qu\u2019un parking couvert et clos de 70 places.<\/p>\n<p><a href=\"http:\/\/www.adagio-city.com\/fr\/hotel-8985-aparthotel-adagio-access-dijon-republique\/index.shtml\">Aparthotel Adagio Access Dijon R\u00e9publique<\/a> (7 arr\u00eats en tramway \u2013 54\u20ac)<br \/>\nSitu\u00e9 dans le centre-ville de Dijon, \u00e0 seulement 3 minutes \u00e0 pied de la place de la R\u00e9publique, l\u2019Aparthotel Adagio Access Dijon R\u00e9publique propose une r\u00e9ception ouverte 24h\/24 et une connexion Wi-Fi gratuite dans l\u2019ensemble de ses locaux.<\/p>\n<p><a href=\"http:\/\/www.hotel-ibiscentral-dijon.fr\/\"><span class=\"entete\">H\u00f4tel Ibis Styles Dijon central<\/span><\/a> <span class=\"entete\">(8 arr\u00eats en tramway \u2013 78\u20ac)<br \/>\nAu c\u0153ur du centre-historique de Dijon, dans un b\u00e2timent art-d\u00e9co avec une fa\u00e7ade class\u00e9e, Ibis Styles Dijon Central, h\u00f4tel 3 \u00e9toiles, vous recevra dans la capitale des Ducs de Bourgogne. Ses 90 chambres grand confort au th\u00e8me artistique de la Bourgogne, vous proposent, si vous le souhaitez, une vue imprenable sur l\u2019historique place Grangier.<\/span><\/p>\n<p><a href=\"http:\/\/www.hotel-dustade-dijon.com\/\">H\u00f4tel du stade<\/a> (3,1 kms en voiture \u2013 59\u20ac)<br \/>\nAncien h\u00f4tel particulier, agr\u00e9able et calme avec un jardin climatique en plein c\u0153ur de l\u2019\u00e9tablissement. Un endroit o\u00f9 il fait bon s\u2019arr\u00eater et fl\u00e2ner, accueilli par une \u00e9quipe jeune et chaleureuse, faisant red\u00e9couvrir l\u2019accueil, la bonne humeur et les sp\u00e9cialit\u00e9s r\u00e9gionales.<\/p>\n<p><a href=\"http:\/\/www.wilson-hotel.com\/\">H\u00f4tel Wilson<\/a> (3,2 kms en voiture \u2013 90\u20ac)<br \/>\n<span class=\"TexteStandard\">Situ\u00e9 dans le centre historique de Dijon, sur l\u2019une des plus belles places de la ville, l\u2019hotel <\/span>Wilson vous accueille dans cet ancien relais des postes typique de l\u2019architecture bourguignonne XVII\u00e8 , disposant de 27 chambres totalement r\u00e9nov\u00e9es pour garantir tout le confort moderne \u00e0 ses r\u00e9sidents.<\/p>\n<p><a href=\"https:\/\/hoteldesallees.com\/\">Logis H\u00f4tel des All\u00e9es<\/a> (3,4 kms en voiture \u2013 67\u20ac)<br \/>\nL\u2019H\u00f4tel des All\u00e9es, blotti dans son cadre de verdure,\u00a0 vous propose ses 31 chambres dans le calme des all\u00e9es du parc du XVIII \u00e8me si\u00e8cle.<\/p>\n<p><a href=\"https:\/\/www.ihg.com\/holidayinnexpress\/hotels\/fr\/fr\/saint-apollinaire\/dijex\/hoteldetail\">Holiday Inn Express Dijon<\/a> (3,8 kms en voiture \u2013 70\u20ac)<br \/>\n<span id=\"wl-p-container\" class=\"wl-text\">Dans la capitale de la Bourgogne, Dijon, le nouvel h\u00f4tel Holiday Inn Express Dijon vous accueille dans l\u2019une de ses 84 chambres, \u00e9quip\u00e9es de lits confortables avec des oreillers moelleux et fermes, une salle de bains moderne avec une grande douche \u00e0 l\u2019italienne , un espace de travail et d\u2019une t\u00e9l\u00e9vision LCD. Notre WiFi gratuit vous permet de travailler ou de rester en contact avec amis et famille.<\/span><\/p>\n<p><a href=\"http:\/\/cri-dijon.com\/#\"><span class=\"subtitle\">Centre de Rencontres Internationales et de s\u00e9jour<\/span> <\/a><span class=\"subtitle\"><span class=\"entete\">(4,5 kms en voiture \u2013 24\u20ac)<br \/>\n<\/span><\/span>Des prix accessibles \u00e0 tous et la qualit\u00e9 pour chacun h\u00e9bergement \u00e0 Dijon pour groupes et individuels : capacit\u00e9 d\u2019accueil de 219 lits dans 101 chambres, r\u00e9parties sur deux b\u00e2timents : chambres individuelles, doubles, et quadruples.<\/p>\n<p><a href=\"http:\/\/www.kyriad-dijon-quetigny.fr\/fr\">Hotel KYRIAD DIJON EST \u2013 Quetigny<\/a> (6,6 kms en tramway \u2013 69 \u20ac)<br \/>\nProfitez du confort d\u2019un h\u00f4tel restaurant 2 \u00e9toiles avec 43 chambres climatis\u00e9es.<\/p>\n<p>&nbsp;<\/p>\n<p><a href=\"http:\/\/www.destinationdijon.com\/fr\/dijon_hebergement.htm\">Office de tourisme de Dijon \u2013 H\u00e9bergements<\/a><\/p>\n","protected":false},"excerpt":{"rendered":"<p>&nbsp; &nbsp; &nbsp; &nbsp; &nbsp; &nbsp; &nbsp; &nbsp; &nbsp; &nbsp; Acc\u00e8s et Installations &nbsp; &nbsp; L&#8217;ensemble de la formation se d\u00e9roule \u00e0 l&#8217;Universit\u00e9 de Bourgogne\u00a0: UFR STAPS 3 all\u00e9e des stades universitaires 21000 Dijon &nbsp; Pour s\u2019y rendre : &nbsp; Un acc\u00e8s autoroutier rapide est assur\u00e9 : de Paris par l\u2019A6 de Lille\/Belgique par l\u2019A26&hellip;<\/p>\n<p class=\"more-link-p\"><a class=\"btn btn-primary\" href=\"https:\/\/blog.ube.fr\/du-agda\/informations-pratiques\/\">Voir plus &rarr;<\/a><\/p>\n","protected":false},"author":270,"featured_media":0,"parent":0,"menu_order":0,"comment_status":"closed","ping_status":"closed","template":"","meta":{"footnotes":""},"class_list":["post-110","page","type-page","status-publish","hentry"],"_links":{"self":[{"href":"https:\/\/blog.ube.fr\/du-agda\/wp-json\/wp\/v2\/pages\/110","targetHints":{"allow":["GET"]}}],"collection":[{"href":"https:\/\/blog.ube.fr\/du-agda\/wp-json\/wp\/v2\/pages"}],"about":[{"href":"https:\/\/blog.ube.fr\/du-agda\/wp-json\/wp\/v2\/types\/page"}],"author":[{"embeddable":true,"href":"https:\/\/blog.ube.fr\/du-agda\/wp-json\/wp\/v2\/users\/270"}],"replies":[{"embeddable":true,"href":"https:\/\/blog.ube.fr\/du-agda\/wp-json\/wp\/v2\/comments?post=110"}],"version-history":[{"count":9,"href":"https:\/\/blog.ube.fr\/du-agda\/wp-json\/wp\/v2\/pages\/110\/revisions"}],"predecessor-version":[{"id":285,"href":"https:\/\/blog.ube.fr\/du-agda\/wp-json\/wp\/v2\/pages\/110\/revisions\/285"}],"wp:attachment":[{"href":"https:\/\/blog.ube.fr\/du-agda\/wp-json\/wp\/v2\/media?parent=110"}],"curies":[{"name":"wp","href":"https:\/\/api.w.org\/{rel}","templated":true}]}}