{"id":101,"date":"2018-06-04T16:50:33","date_gmt":"2018-06-04T14:50:33","guid":{"rendered":"http:\/\/blog.u-bourgogne.fr\/du-agda\/?page_id=101"},"modified":"2025-08-26T13:53:46","modified_gmt":"2025-08-26T11:53:46","slug":"inscriptions","status":"publish","type":"page","link":"https:\/\/blog.ube.fr\/du-agda\/inscriptions\/","title":{"rendered":"Inscription"},"content":{"rendered":"<h1><img loading=\"lazy\" decoding=\"async\" class=\"alignleft size-full wp-image-34\" src=\"http:\/\/blog.ube.fr\/du-agda\/wp-content\/uploads\/sites\/108\/2018\/02\/Ligne-horizontale.jpg\" alt=\"\" width=\"2578\" height=\"50\" srcset=\"https:\/\/blog.ube.fr\/du-agda\/wp-content\/uploads\/sites\/108\/2018\/02\/Ligne-horizontale.jpg 2578w, https:\/\/blog.ube.fr\/du-agda\/wp-content\/uploads\/sites\/108\/2018\/02\/Ligne-horizontale-300x6.jpg 300w, https:\/\/blog.ube.fr\/du-agda\/wp-content\/uploads\/sites\/108\/2018\/02\/Ligne-horizontale-768x15.jpg 768w, https:\/\/blog.ube.fr\/du-agda\/wp-content\/uploads\/sites\/108\/2018\/02\/Ligne-horizontale-1024x20.jpg 1024w\" sizes=\"auto, (max-width: 2578px) 100vw, 2578px\" \/><\/h1>\n<h1><\/h1>\n<h1><\/h1>\n<h1><img loading=\"lazy\" decoding=\"async\" class=\"alignleft size-full wp-image-37\" src=\"http:\/\/blog.ube.fr\/du-agda\/wp-content\/uploads\/sites\/108\/2018\/03\/Triangle.jpg\" width=\"30\" height=\"35\" \/>Candidature<\/h1>\n<p>&nbsp;<\/p>\n<p>Pour candidater, inscrivez-vous en ligne via <a href=\"https:\/\/ecandidat.u-bourgogne.fr\/ecandidat\/#!accueilView\">eCandidat<\/a>.<\/p>\n<p><img loading=\"lazy\" decoding=\"async\" class=\"alignleft wp-image-280\" src=\"http:\/\/blog.ube.fr\/du-agda\/wp-content\/uploads\/sites\/108\/2025\/08\/image.png\" alt=\"\" width=\"366\" height=\"386\" srcset=\"https:\/\/blog.ube.fr\/du-agda\/wp-content\/uploads\/sites\/108\/2025\/08\/image.png 625w, https:\/\/blog.ube.fr\/du-agda\/wp-content\/uploads\/sites\/108\/2025\/08\/image-284x300.png 284w\" sizes=\"auto, (max-width: 366px) 100vw, 366px\" \/><\/p>\n<p>&nbsp;<\/p>\n<p>&nbsp;<\/p>\n<p>&nbsp;<\/p>\n<p>&nbsp;<\/p>\n<p>&nbsp;<\/p>\n<p>&nbsp;<\/p>\n<p>&nbsp;<\/p>\n<p>&nbsp;<\/p>\n<p>&nbsp;<\/p>\n<p>&nbsp;<\/p>\n<p>&nbsp;<\/p>\n<p>Si un devis est n\u00e9cessaire, envoyez les informations suivantes \u00e0 formation.continue-staps@u-bourgogne.fr :<\/p>\n<ul style=\"list-style-type: circle;\">\n<li>Nom, pr\u00e9nom, date et lieu de naissance, adresse postale, num\u00e9ro de t\u00e9l\u00e9phone<\/li>\n<li>Pour l\u2019employeur : nom, adresse postale, num\u00e9ro de SIRET<\/li>\n<\/ul>\n<p>&nbsp;<\/p>\n<h1><\/h1>\n<h1><img loading=\"lazy\" decoding=\"async\" class=\"alignleft size-full wp-image-37\" src=\"http:\/\/blog.ube.fr\/du-agda\/wp-content\/uploads\/sites\/108\/2018\/03\/Triangle.jpg\" width=\"30\" height=\"35\" \/><\/h1>\n<h1>Co\u00fbt de formation<\/h1>\n<p>&nbsp;<\/p>\n<p>Le co\u00fbt est de 3 500 \u20ac (plus environ 190 \u20ac de droits d\u2019inscription universitaire). Formation reconnue par France Comp\u00e9tences, \u00e9ligible \u00e0 une prise en charge via le CPF et \u00ab <a href=\"https:\/\/www.moncompteformation.gouv.fr\/espace-prive\/html\/#\/formation\/recherche\/93823061200013_APO-15DUAG-701\/93823061200013_APO-15DUAG-701?contexteFormation=ACTIVITE_PROFESSIONNELLE\" target=\"_blank\" rel=\"noopener\">Mon Compte Formation <\/a>\u00bb.<\/p>\n<p>&nbsp;<\/p>\n<p><img loading=\"lazy\" decoding=\"async\" class=\"alignleft wp-image-246\" src=\"http:\/\/blog.ube.fr\/du-agda\/wp-content\/uploads\/sites\/108\/2024\/11\/Logo-CPF-Mon-compte-formation-Good.jpg\" alt=\"\" width=\"115\" height=\"96\" \/><\/p>\n<p><img loading=\"lazy\" decoding=\"async\" class=\"alignleft wp-image-245\" src=\"http:\/\/blog.ube.fr\/du-agda\/wp-content\/uploads\/sites\/108\/2024\/11\/LOGO-FC-RS.png\" alt=\"\" width=\"286\" height=\"134\" srcset=\"https:\/\/blog.ube.fr\/du-agda\/wp-content\/uploads\/sites\/108\/2024\/11\/LOGO-FC-RS.png 712w, https:\/\/blog.ube.fr\/du-agda\/wp-content\/uploads\/sites\/108\/2024\/11\/LOGO-FC-RS-300x142.png 300w\" sizes=\"auto, (max-width: 286px) 100vw, 286px\" \/><\/p>\n<p>&nbsp;<\/p>\n<p>&nbsp;<\/p>\n<p>&nbsp;<\/p>\n<p>&nbsp;<\/p>\n<p>&nbsp;<\/p>\n<p style=\"font-weight: 400;\">Certification professionnelle RS 6670<\/p>\n<p style=\"font-weight: 400;\">Administration, gestion et d\u00e9veloppement des associations<\/p>\n<p style=\"font-weight: 400;\">Certificateur : Universit\u00e9 de Bourgogne<\/p>\n<p style=\"font-weight: 400;\">Formation certifiante au sens de l\u2019article L. 6313-7 du code du travail<\/p>\n<p style=\"font-weight: 400;\">D\u00e9cision d\u2019enregistrement au R\u00e9pertoire sp\u00e9cifique : 27 juin 2024<\/p>\n<p style=\"font-weight: 400;\">Date d\u2019\u00e9ch\u00e9ance de l\u2019enregistrement : 27-06-2027<\/p>\n<p style=\"font-weight: 400;\"><a href=\"https:\/\/www.francecompetences.fr\/recherche\/rs\/6670\/\" target=\"_blank\" rel=\"noopener\">Fiche de la certification sur le site de France Comp\u00e9tences<\/a><\/p>\n","protected":false},"excerpt":{"rendered":"<p>Candidature &nbsp; Pour candidater, inscrivez-vous en ligne via eCandidat. &nbsp; &nbsp; &nbsp; &nbsp; &nbsp; &nbsp; &nbsp; &nbsp; &nbsp; &nbsp; &nbsp; Si un devis est n\u00e9cessaire, envoyez les informations suivantes \u00e0 formation.continue-staps@u-bourgogne.fr : Nom, pr\u00e9nom, date et lieu de naissance, adresse postale, num\u00e9ro de t\u00e9l\u00e9phone Pour l\u2019employeur : nom, adresse postale, num\u00e9ro de SIRET &nbsp; Co\u00fbt&hellip;<\/p>\n<p class=\"more-link-p\"><a class=\"btn btn-primary\" href=\"https:\/\/blog.ube.fr\/du-agda\/inscriptions\/\">Voir plus &rarr;<\/a><\/p>\n","protected":false},"author":270,"featured_media":0,"parent":0,"menu_order":0,"comment_status":"closed","ping_status":"closed","template":"","meta":{"footnotes":""},"class_list":["post-101","page","type-page","status-publish","hentry"],"_links":{"self":[{"href":"https:\/\/blog.ube.fr\/du-agda\/wp-json\/wp\/v2\/pages\/101","targetHints":{"allow":["GET"]}}],"collection":[{"href":"https:\/\/blog.ube.fr\/du-agda\/wp-json\/wp\/v2\/pages"}],"about":[{"href":"https:\/\/blog.ube.fr\/du-agda\/wp-json\/wp\/v2\/types\/page"}],"author":[{"embeddable":true,"href":"https:\/\/blog.ube.fr\/du-agda\/wp-json\/wp\/v2\/users\/270"}],"replies":[{"embeddable":true,"href":"https:\/\/blog.ube.fr\/du-agda\/wp-json\/wp\/v2\/comments?post=101"}],"version-history":[{"count":28,"href":"https:\/\/blog.ube.fr\/du-agda\/wp-json\/wp\/v2\/pages\/101\/revisions"}],"predecessor-version":[{"id":283,"href":"https:\/\/blog.ube.fr\/du-agda\/wp-json\/wp\/v2\/pages\/101\/revisions\/283"}],"wp:attachment":[{"href":"https:\/\/blog.ube.fr\/du-agda\/wp-json\/wp\/v2\/media?parent=101"}],"curies":[{"name":"wp","href":"https:\/\/api.w.org\/{rel}","templated":true}]}}