{"id":9,"date":"2020-09-17T14:18:40","date_gmt":"2020-09-17T12:18:40","guid":{"rendered":"https:\/\/blog.u-bourgogne.fr\/droit-inter-ethique\/?page_id=9"},"modified":"2020-10-24T08:54:25","modified_gmt":"2020-10-24T06:54:25","slug":"auteurs","status":"publish","type":"page","link":"https:\/\/blog.ube.fr\/droit-inter-ethique\/le-blog\/auteurs\/","title":{"rendered":"Auteurs"},"content":{"rendered":"<p style=\"text-align: left\"><img loading=\"lazy\" decoding=\"async\" class=\"aligncenter wp-image-225 size-thumbnail\" src=\"https:\/\/blog.ube.fr\/droit-inter-ethique\/wp-content\/uploads\/sites\/146\/2020\/10\/Photo-2020-2-NB-150x150.jpg\" alt=\"\" width=\"150\" height=\"150\" \/><\/p>\n<p style=\"text-align: center\"><strong>Rapha\u00ebl MAUREL<\/strong> est docteur en droit public de l&#8217;Universit\u00e9 Clermont Auvergne et Ma\u00eetre de conf\u00e9rences \u00e0 l&#8217;Universit\u00e9 de Bourgogne depuis 2020. Sp\u00e9cialis\u00e9 en droit international public, il a r\u00e9dig\u00e9 sa th\u00e8se sur &#8220;Les sources du droit administratif global&#8221; (2019, dir. F. Latty et Ch.-A. Dubreuil) et oriente dor\u00e9navant ses travaux vers l&#8217;\u00e9thique et le droit international. Secr\u00e9taire g\u00e9n\u00e9ral adjoint du <a href=\"http:\/\/www.rfdi.net\" target=\"_blank\" rel=\"noopener noreferrer\">RFDI &#8211; R\u00e9seau Francophone de Droit International<\/a>, il est \u00e9galement membre de l&#8217;<a href=\"https:\/\/blog.ube.fr\/droit-inter-ethique\/le-blog\/lobservatoire-de-lethique-publique\/\" target=\"_blank\" rel=\"noopener noreferrer\">Observatoire de l&#8217;\u00e9thique publique<\/a>.<\/p>\n","protected":false},"excerpt":{"rendered":"<p>Rapha\u00ebl MAUREL est docteur en droit public de l&#8217;Universit\u00e9 Clermont Auvergne et Ma\u00eetre de conf\u00e9rences \u00e0 l&#8217;Universit\u00e9 de Bourgogne depuis 2020. Sp\u00e9cialis\u00e9 en droit international public, il a r\u00e9dig\u00e9 sa th\u00e8se sur &#8220;Les sources du droit administratif global&#8221; (2019, dir. F. Latty et Ch.-A. Dubreuil) et oriente dor\u00e9navant ses travaux vers l&#8217;\u00e9thique et le droit<\/p>\n<p><a class=\"button\" href=\"https:\/\/blog.ube.fr\/droit-inter-ethique\/le-blog\/auteurs\/\" title=\"More\">  Voir plus \u2192<\/a><\/p>\n","protected":false},"author":395,"featured_media":0,"parent":5,"menu_order":0,"comment_status":"closed","ping_status":"closed","template":"","meta":{"_exactmetrics_skip_tracking":false,"_exactmetrics_sitenote_active":false,"_exactmetrics_sitenote_note":"","_exactmetrics_sitenote_category":0,"footnotes":""},"class_list":["post-9","page","type-page","status-publish","hentry"],"_links":{"self":[{"href":"https:\/\/blog.ube.fr\/droit-inter-ethique\/wp-json\/wp\/v2\/pages\/9","targetHints":{"allow":["GET"]}}],"collection":[{"href":"https:\/\/blog.ube.fr\/droit-inter-ethique\/wp-json\/wp\/v2\/pages"}],"about":[{"href":"https:\/\/blog.ube.fr\/droit-inter-ethique\/wp-json\/wp\/v2\/types\/page"}],"author":[{"embeddable":true,"href":"https:\/\/blog.ube.fr\/droit-inter-ethique\/wp-json\/wp\/v2\/users\/395"}],"replies":[{"embeddable":true,"href":"https:\/\/blog.ube.fr\/droit-inter-ethique\/wp-json\/wp\/v2\/comments?post=9"}],"version-history":[{"count":4,"href":"https:\/\/blog.ube.fr\/droit-inter-ethique\/wp-json\/wp\/v2\/pages\/9\/revisions"}],"predecessor-version":[{"id":226,"href":"https:\/\/blog.ube.fr\/droit-inter-ethique\/wp-json\/wp\/v2\/pages\/9\/revisions\/226"}],"up":[{"embeddable":true,"href":"https:\/\/blog.ube.fr\/droit-inter-ethique\/wp-json\/wp\/v2\/pages\/5"}],"wp:attachment":[{"href":"https:\/\/blog.ube.fr\/droit-inter-ethique\/wp-json\/wp\/v2\/media?parent=9"}],"curies":[{"name":"wp","href":"https:\/\/api.w.org\/{rel}","templated":true}]}}