{"id":21,"date":"2020-09-17T14:19:51","date_gmt":"2020-09-17T12:19:51","guid":{"rendered":"https:\/\/blog.u-bourgogne.fr\/droit-inter-ethique\/?page_id=21"},"modified":"2020-09-21T22:06:44","modified_gmt":"2020-09-21T20:06:44","slug":"publier-sur-le-blog","status":"publish","type":"page","link":"https:\/\/blog.ube.fr\/droit-inter-ethique\/publier-sur-le-blog\/","title":{"rendered":"Publier sur le blog"},"content":{"rendered":"<p><span style=\"font-size: 12pt\">Le blog INTER-\u00c9THIQUE est ouvert \u00e0 toutes les contributions ext\u00e9rieures examinant un aspect des relations entre droit international et \u00e9thique, ou une actualit\u00e9 se rapportant \u00e0 ces liens.<\/span><\/p>\n<h3><span style=\"font-size: 18pt\">Contributions accept\u00e9es<\/span><\/h3>\n<p><span style=\"font-size: 12pt\">Les contributions ext\u00e9rieures sont de deux types :<\/span><\/p>\n<ul>\n<li><span style=\"font-size: 12pt\">Les &#8220;<span style=\"color: #0000ff\"><strong>billets<\/strong><\/span>&#8221; sont des contributions courtes (4000 \u00e0 7000 caract\u00e8res espaces comprises), g\u00e9n\u00e9ralement en lien avec l&#8217;actualit\u00e9. Leur forme est relativement libre, un plan apparent n&#8217;\u00e9tant pas exig\u00e9. Les r\u00e9f\u00e9rences sont mentionn\u00e9es en notes de fin.<\/span><\/li>\n<li><span style=\"font-size: 12pt\">Les &#8220;<span style=\"color: #0000ff\"><strong>notes<\/strong><\/span>&#8221; sont des contributions plus substantielles (plus de 7000 caract\u00e8res espaces comprises) proposant une analyse, qui peut \u00eatre courte, ax\u00e9e autour d&#8217;un plan apparent. Les r\u00e9f\u00e9rences sont mentionn\u00e9es en notes de fin. Les notes peuvent \u00eatre t\u00e9l\u00e9charg\u00e9es au format PDF depuis le blog.<\/span><\/li>\n<\/ul>\n<p><span style=\"font-size: 12pt\">Elles sont r\u00e9dig\u00e9es en fran\u00e7ais ou en anglais. Dans ce dernier cas, l&#8217;auteur fournit un r\u00e9sum\u00e9 d&#8217;une dizaine de lignes en fran\u00e7ais.<\/span><\/p>\n<h3><span style=\"font-size: 18pt\">Proc\u00e9dure de soumission<\/span><\/h3>\n<p><span style=\"font-size: 12pt\">Les contributions peuvent \u00eatre soumises, en utilisant le formulaire ci-dessous, par tout chercheur et enseignant-chercheur. Le cas \u00e9ch\u00e9ant et en fonction de la qualit\u00e9 scientifique de la proposition, les contributions des \u00e9tudiants en Master peuvent \u00eatre admises.<\/span><\/p>\n<p><span style=\"font-size: 12pt\">Chaque proposition de contribution ext\u00e9rieure est relue et valid\u00e9e avant publication par au moins un membre du comit\u00e9 scientifique. Chaque proposition fait l&#8217;objet d&#8217;un accus\u00e9 de r\u00e9ception et d&#8217;un traitement le plus rapide possible, en fonction de la p\u00e9riode de soumission et du nombre de contributions \u00e0 traiter. Les membres du comit\u00e9 scientifique peuvent accepter la proposition de contribution en l&#8217;\u00e9tat, demander des modifications de forme ou de fond dans un d\u00e9lai d\u00e9termin\u00e9, ou refuser la proposition.<\/span><\/p>\n<div class=\"SL_SelectionLabel\"><\/div>\n<div><\/div>\n<div><\/div>\n<div><span style=\"font-size: 12pt\"><\/p>\n<div class=\"wpcf7 no-js\" id=\"wpcf7-f115-o1\" lang=\"fr-FR\" dir=\"ltr\">\n<div class=\"screen-reader-response\">\n<p role=\"status\" aria-live=\"polite\" aria-atomic=\"true\">\n<ul><\/ul>\n<\/div>\n<form action=\"\/droit-inter-ethique\/wp-json\/wp\/v2\/pages\/21#wpcf7-f115-o1\" method=\"post\" class=\"wpcf7-form init\" aria-label=\"Formulaire de contact\" enctype=\"multipart\/form-data\" novalidate=\"novalidate\" data-status=\"init\">\n<div style=\"display: none;\">\n<input type=\"hidden\" name=\"_wpcf7\" value=\"115\" \/><br \/>\n<input type=\"hidden\" name=\"_wpcf7_version\" value=\"5.8.3\" \/><br \/>\n<input type=\"hidden\" name=\"_wpcf7_locale\" value=\"fr_FR\" \/><br \/>\n<input type=\"hidden\" name=\"_wpcf7_unit_tag\" value=\"wpcf7-f115-o1\" \/><br \/>\n<input type=\"hidden\" name=\"_wpcf7_container_post\" value=\"0\" \/><br \/>\n<input type=\"hidden\" name=\"_wpcf7_posted_data_hash\" value=\"\" \/>\n<\/div>\n<p><label> Votre nom complet<br \/>\n<span class=\"wpcf7-form-control-wrap\" data-name=\"your-name\"><input size=\"40\" class=\"wpcf7-form-control wpcf7-text wpcf7-validates-as-required\" aria-required=\"true\" aria-invalid=\"false\" value=\"\" type=\"text\" name=\"your-name\" \/><\/span> <\/label>\n<\/p>\n<p><label> Votre adresse de messagerie<br \/>\n<span class=\"wpcf7-form-control-wrap\" data-name=\"your-email\"><input size=\"40\" class=\"wpcf7-form-control wpcf7-email wpcf7-validates-as-required wpcf7-text wpcf7-validates-as-email\" aria-required=\"true\" aria-invalid=\"false\" value=\"\" type=\"email\" name=\"your-email\" \/><\/span> <\/label>\n<\/p>\n<p><label> Titre, fonction et universit\u00e9 d'exercice<br \/>\n<span class=\"wpcf7-form-control-wrap\" data-name=\"your-subject\"><input size=\"40\" class=\"wpcf7-form-control wpcf7-text wpcf7-validates-as-required\" aria-required=\"true\" aria-invalid=\"false\" value=\"\" type=\"text\" name=\"your-subject\" \/><\/span> <\/label>\n<\/p>\n<p><label> Titre de votre contribution<br \/>\n<span class=\"wpcf7-form-control-wrap\" data-name=\"your-subject\"><input size=\"40\" class=\"wpcf7-form-control wpcf7-text wpcf7-validates-as-required\" aria-required=\"true\" aria-invalid=\"false\" value=\"\" type=\"text\" name=\"your-subject\" \/><\/span> <\/label>\n<\/p>\n<p><label> T\u00e9l\u00e9versez votre contribution (format .doc ou .docx) :<br \/>\n<span class=\"wpcf7-form-control-wrap\" data-name=\"Votre\"><input size=\"40\" class=\"wpcf7-form-control wpcf7-file wpcf7-validates-as-required\" accept=\"audio\/*,video\/*,image\/*\" aria-required=\"true\" aria-invalid=\"false\" type=\"file\" name=\"Votre\" \/><\/span> <\/label>\n<\/p>\n<p><label> Votre message<br \/>\n<span class=\"wpcf7-form-control-wrap\" data-name=\"your-message\"><textarea cols=\"40\" rows=\"10\" class=\"wpcf7-form-control wpcf7-textarea wpcf7-validates-as-required\" aria-required=\"true\" aria-invalid=\"false\" name=\"your-message\"><\/textarea><\/span> <\/label>\n<\/p>\n<p><input class=\"wpcf7-form-control wpcf7-submit has-spinner\" type=\"submit\" value=\"Envoyer\" \/>\n<\/p>\n<div class=\"wpcf7-response-output\" aria-hidden=\"true\"><\/div>\n<\/form>\n<\/div>\n<p><\/span><\/div>\n","protected":false},"excerpt":{"rendered":"<p>Le blog INTER-\u00c9THIQUE est ouvert \u00e0 toutes les contributions ext\u00e9rieures examinant un aspect des relations entre droit international et \u00e9thique, ou une actualit\u00e9 se rapportant \u00e0 ces liens. Contributions accept\u00e9es Les contributions ext\u00e9rieures sont de deux types : Les &#8220;billets&#8221; sont des contributions courtes (4000 \u00e0 7000 caract\u00e8res espaces comprises), g\u00e9n\u00e9ralement en lien avec l&#8217;actualit\u00e9.<\/p>\n<p><a class=\"button\" href=\"https:\/\/blog.ube.fr\/droit-inter-ethique\/publier-sur-le-blog\/\" title=\"More\">  Voir plus \u2192<\/a><\/p>\n","protected":false},"author":395,"featured_media":0,"parent":0,"menu_order":0,"comment_status":"closed","ping_status":"closed","template":"","meta":{"_exactmetrics_skip_tracking":false,"_exactmetrics_sitenote_active":false,"_exactmetrics_sitenote_note":"","_exactmetrics_sitenote_category":0,"footnotes":""},"class_list":["post-21","page","type-page","status-publish","hentry"],"_links":{"self":[{"href":"https:\/\/blog.ube.fr\/droit-inter-ethique\/wp-json\/wp\/v2\/pages\/21","targetHints":{"allow":["GET"]}}],"collection":[{"href":"https:\/\/blog.ube.fr\/droit-inter-ethique\/wp-json\/wp\/v2\/pages"}],"about":[{"href":"https:\/\/blog.ube.fr\/droit-inter-ethique\/wp-json\/wp\/v2\/types\/page"}],"author":[{"embeddable":true,"href":"https:\/\/blog.ube.fr\/droit-inter-ethique\/wp-json\/wp\/v2\/users\/395"}],"replies":[{"embeddable":true,"href":"https:\/\/blog.ube.fr\/droit-inter-ethique\/wp-json\/wp\/v2\/comments?post=21"}],"version-history":[{"count":15,"href":"https:\/\/blog.ube.fr\/droit-inter-ethique\/wp-json\/wp\/v2\/pages\/21\/revisions"}],"predecessor-version":[{"id":164,"href":"https:\/\/blog.ube.fr\/droit-inter-ethique\/wp-json\/wp\/v2\/pages\/21\/revisions\/164"}],"wp:attachment":[{"href":"https:\/\/blog.ube.fr\/droit-inter-ethique\/wp-json\/wp\/v2\/media?parent=21"}],"curies":[{"name":"wp","href":"https:\/\/api.w.org\/{rel}","templated":true}]}}