{"id":2,"date":"2020-09-17T14:15:50","date_gmt":"2020-09-17T12:15:50","guid":{"rendered":"https:\/\/blog.u-bourgogne.fr\/droit-inter-ethique\/?page_id=2"},"modified":"2020-12-22T17:43:09","modified_gmt":"2020-12-22T16:43:09","slug":"page-d-exemple","status":"publish","type":"page","link":"https:\/\/blog.ube.fr\/droit-inter-ethique\/","title":{"rendered":"Accueil"},"content":{"rendered":"<div class=\"SnapLinksContainer\" style=\"margin-left: 0px; margin-top: 0px;\">\n<h2>Cliquez sur les \u00e9l\u00e9ments pour acc\u00e9der aux articles et billets !<\/h2>\n<p>&nbsp;<\/p>\n<\/div>\n<div class=\"SnapLinksContainer\" style=\"margin-left: 0px; margin-top: 0px;\">\n<div class=\"SL_SelectionRect\">\n<div class=\"SL_SelectionLabel\"><a href=\"https:\/\/blog.ube.fr\/droit-inter-ethique\/2020\/09\/17\/ouverture-blog\/\"><img loading=\"lazy\" decoding=\"async\" class=\"alignleft size-medium wp-image-73\" src=\"https:\/\/blog.ube.fr\/droit-inter-ethique\/wp-content\/uploads\/sites\/146\/2020\/09\/Capture-d\u2019e\u0301cran-2020-09-18-a\u0300-07.57.06-290x220.png\" alt=\"\" width=\"290\" height=\"220\" \/><\/a><a href=\"https:\/\/blog.ube.fr\/droit-inter-ethique\/2020\/09\/21\/remarques-sur-le-projet-de-code-de-conduite-pour-les-arbitres-cirdi-cnudci\/\"><img loading=\"lazy\" decoding=\"async\" class=\"wp-image-147 size-medium alignleft\" src=\"https:\/\/blog.ube.fr\/droit-inter-ethique\/wp-content\/uploads\/sites\/146\/2020\/09\/Capture-d\u2019e\u0301cran-2020-09-21-a\u0300-16.44.09-290x220.png\" alt=\"\" width=\"290\" height=\"220\" \/><\/a><a href=\"https:\/\/blog.ube.fr\/droit-inter-ethique\/2020\/09\/28\/de-lethique-dans-la-jurisprudence-de-la-cour-internationale-de-justice-lexemple-de-linterdiction-du-recours-a-la-force-dans-larret-activites-militaires-et-paramilitaires-au-nicaragua-et-c-c\/\" target=\"_blank\" rel=\"noopener noreferrer\"><img loading=\"lazy\" decoding=\"async\" class=\"alignleft wp-image-189 size-medium\" src=\"https:\/\/blog.ube.fr\/droit-inter-ethique\/wp-content\/uploads\/sites\/146\/2020\/09\/Capture-d\u2019e\u0301cran-2020-09-28-a\u0300-15.30.44-290x220.png\" alt=\"\" width=\"290\" height=\"220\" \/><\/a><a href=\"https:\/\/blog.ube.fr\/droit-inter-ethique\/2020\/10\/19\/ratification-universelle-de-la-convention-n182-de-loit-sur-le-travail-des-enfants-quelle-place-pour-lethique\/\"><img loading=\"lazy\" decoding=\"async\" class=\"wp-image-215 size-medium alignleft\" src=\"https:\/\/blog.ube.fr\/droit-inter-ethique\/wp-content\/uploads\/sites\/146\/2020\/10\/Capture-d\u2019e\u0301cran-2020-10-19-a\u0300-14.11.15-290x220.png\" alt=\"\" width=\"290\" height=\"220\" \/><\/a><\/div>\n<\/div>\n<\/div>\n<p><a href=\"https:\/\/blog.ube.fr\/droit-inter-ethique\/?p=230\"><img loading=\"lazy\" decoding=\"async\" class=\"wp-image-232 size-medium alignnone\" src=\"https:\/\/blog.ube.fr\/droit-inter-ethique\/wp-content\/uploads\/sites\/146\/2020\/12\/Capture-d\u2019e\u0301cran-2020-12-07-a\u0300-14.03.24-290x220.png\" alt=\"\" width=\"290\" height=\"220\" \/> \u00a0 \u00a0 \u00a0<\/a><a href=\"https:\/\/blog.ube.fr\/droit-inter-ethique\/2020\/12\/16\/remarques-sur-l-appel-pour-une-ethique-des-reseaux-sociaux-de-jean-michel-blanquer\/\"><img loading=\"lazy\" decoding=\"async\" class=\"alignnone wp-image-248 size-medium\" src=\"https:\/\/blog.ube.fr\/droit-inter-ethique\/wp-content\/uploads\/sites\/146\/2020\/12\/Capture-de\u0301cran-2020-12-16-a\u0300-17.07.00-1-290x220.png\" alt=\"\" width=\"290\" height=\"220\" \/><\/a><\/p>\n<p><a href=\"https:\/\/blog.ube.fr\/droit-inter-ethique\/2020\/12\/22\/revolution-discrete-ou-communication-malheureuse-a-propos-de-la-compilation-des-decisions-adoptees-par-la-cour-internationale-de-justice\/\"><img loading=\"lazy\" decoding=\"async\" class=\"wp-image-262 size-medium alignnone\" src=\"https:\/\/blog.ube.fr\/droit-inter-ethique\/wp-content\/uploads\/sites\/146\/2020\/12\/Capture-de\u0301cran-2020-12-22-a\u0300-17.40.20-290x220.png\" alt=\"\" width=\"290\" height=\"220\" \/><\/a><\/p>\n<p>&nbsp;<\/p>\n<hr \/>\n<h2>Pr\u00e9sentation du projet<\/h2>\n<p><iframe loading=\"lazy\" title=\"Pr\u00e9sentation du Projet Inter-\u00c9thique - Rapha\u00ebl Maurel\" width=\"1170\" height=\"658\" src=\"https:\/\/www.youtube.com\/embed\/WpMySSnBQcE?feature=oembed\" frameborder=\"0\" allow=\"accelerometer; autoplay; clipboard-write; encrypted-media; gyroscope; picture-in-picture\" allowfullscreen><\/iframe><\/p>\n<div class=\"SnapLinksContainer\" style=\"margin-left: 0px; margin-top: 0px; display: none;\">\n<div class=\"SL_SelectionRect\">\n<div class=\"SL_SelectionLabel\"><\/div>\n<\/div>\n<p><!-- Used for easily cloning the properly namespaced rect --><\/p>\n<\/div>\n<div class=\"SnapLinksContainer\" style=\"margin-left: 0px; margin-top: 0px; display: none;\">\n<div class=\"SL_SelectionRect\">\n<div class=\"SL_SelectionLabel\"><\/div>\n<\/div>\n<p><!-- Used for easily cloning the properly namespaced rect --><\/p>\n<\/div>\n","protected":false},"excerpt":{"rendered":"<p>Cliquez sur les \u00e9l\u00e9ments pour acc\u00e9der aux articles et billets ! &nbsp; \u00a0 \u00a0 \u00a0 &nbsp; Pr\u00e9sentation du projet<\/p>\n","protected":false},"author":395,"featured_media":67,"parent":0,"menu_order":0,"comment_status":"closed","ping_status":"open","template":"","meta":{"_exactmetrics_skip_tracking":false,"_exactmetrics_sitenote_active":false,"_exactmetrics_sitenote_note":"","_exactmetrics_sitenote_category":0,"footnotes":""},"class_list":["post-2","page","type-page","status-publish","has-post-thumbnail","hentry"],"_links":{"self":[{"href":"https:\/\/blog.ube.fr\/droit-inter-ethique\/wp-json\/wp\/v2\/pages\/2","targetHints":{"allow":["GET"]}}],"collection":[{"href":"https:\/\/blog.ube.fr\/droit-inter-ethique\/wp-json\/wp\/v2\/pages"}],"about":[{"href":"https:\/\/blog.ube.fr\/droit-inter-ethique\/wp-json\/wp\/v2\/types\/page"}],"author":[{"embeddable":true,"href":"https:\/\/blog.ube.fr\/droit-inter-ethique\/wp-json\/wp\/v2\/users\/395"}],"replies":[{"embeddable":true,"href":"https:\/\/blog.ube.fr\/droit-inter-ethique\/wp-json\/wp\/v2\/comments?post=2"}],"version-history":[{"count":29,"href":"https:\/\/blog.ube.fr\/droit-inter-ethique\/wp-json\/wp\/v2\/pages\/2\/revisions"}],"predecessor-version":[{"id":265,"href":"https:\/\/blog.ube.fr\/droit-inter-ethique\/wp-json\/wp\/v2\/pages\/2\/revisions\/265"}],"wp:featuredmedia":[{"embeddable":true,"href":"https:\/\/blog.ube.fr\/droit-inter-ethique\/wp-json\/wp\/v2\/media\/67"}],"wp:attachment":[{"href":"https:\/\/blog.ube.fr\/droit-inter-ethique\/wp-json\/wp\/v2\/media?parent=2"}],"curies":[{"name":"wp","href":"https:\/\/api.w.org\/{rel}","templated":true}]}}