{"id":15,"date":"2020-09-17T14:19:22","date_gmt":"2020-09-17T12:19:22","guid":{"rendered":"https:\/\/blog.u-bourgogne.fr\/droit-inter-ethique\/?page_id=15"},"modified":"2020-09-18T11:07:24","modified_gmt":"2020-09-18T09:07:24","slug":"lobservatoire-de-lethique-publique","status":"publish","type":"page","link":"https:\/\/blog.ube.fr\/droit-inter-ethique\/le-blog\/lobservatoire-de-lethique-publique\/","title":{"rendered":"L&#8217;Observatoire de l&#8217;\u00e9thique publique"},"content":{"rendered":"<p>Fond\u00e9 en 2018 par Ren\u00e9 Dosi\u00e8re, ancien d\u00e9put\u00e9 ayant en particulier \u0153uvr\u00e9 pour le contr\u00f4le des d\u00e9penses de la pr\u00e9sidence de la R\u00e9publique, l\u2019Observatoire de l\u2019\u00e9thique publique est un think tank ayant pour but de contribuer aux progr\u00e8s de la transparence et de la d\u00e9ontologie, aussi bien dans le champ de la connaissance scientifique que dans le domaine des pratiques politiques.<\/p>\n<p>L&#8217;Observatoire de l&#8217;\u00e9thique publique rassemble \u00e0 la fois parlementaires et universitaires autour de la r\u00e9alisation de travaux scientifiques, de la r\u00e9daction de questions au gouvernement et de l&#8217;\u00e9laboration de propositions concr\u00e8tes, sous formes de tribunes, <em>position papers<\/em>, notes, \u00e9tudes et rapports, pour am\u00e9liorer la transparence de la vie publique.<\/p>\n<p>L&#8217;auteur principal de ce blog, porteur du projet INTER-\u00c9THIQUE, a rejoint l&#8217;Observatoire en 2019 et y coanime une chaire consacr\u00e9e aux dimensions internationales de l&#8217;\u00e9thique des affaires.<\/p>\n<p>Visitez le site de l&#8217;Observatoire de l&#8217;\u00e9thique publique en cliquant sur son logo :<\/p>\n<p><a href=\"https:\/\/www.observatoireethiquepublique.com\/\" target=\"_blank\" rel=\"noopener noreferrer\"><img loading=\"lazy\" decoding=\"async\" class=\"aligncenter wp-image-97 size-full\" src=\"https:\/\/blog.ube.fr\/droit-inter-ethique\/wp-content\/uploads\/sites\/146\/2020\/09\/Logo-OEP.png\" alt=\"\" width=\"200\" height=\"200\" srcset=\"https:\/\/blog.ube.fr\/droit-inter-ethique\/wp-content\/uploads\/sites\/146\/2020\/09\/Logo-OEP.png 200w, https:\/\/blog.ube.fr\/droit-inter-ethique\/wp-content\/uploads\/sites\/146\/2020\/09\/Logo-OEP-150x150.png 150w\" sizes=\"auto, (max-width: 200px) 100vw, 200px\" \/><\/a><\/p>\n<div class=\"SnapLinksContainer\" style=\"margin-left: 0px;margin-top: 0px\">\n<div class=\"SL_SelectionRect\">\n<div class=\"SL_SelectionLabel\"><\/div>\n<\/div>\n<p><!-- Used for easily cloning the properly namespaced rect --><\/p>\n<\/div>\n<div class=\"SnapLinksContainer\" style=\"margin-left: 0px;margin-top: 0px\">\n<div class=\"SL_SelectionRect\">\n<div class=\"SL_SelectionLabel\"><\/div>\n<\/div>\n<p><!-- Used for easily cloning the properly namespaced rect --><\/p>\n<\/div>\n","protected":false},"excerpt":{"rendered":"<p>Fond\u00e9 en 2018 par Ren\u00e9 Dosi\u00e8re, ancien d\u00e9put\u00e9 ayant en particulier \u0153uvr\u00e9 pour le contr\u00f4le des d\u00e9penses de la pr\u00e9sidence de la R\u00e9publique, l\u2019Observatoire de l\u2019\u00e9thique publique est un think tank ayant pour but de contribuer aux progr\u00e8s de la transparence et de la d\u00e9ontologie, aussi bien dans le champ de la connaissance scientifique que<\/p>\n<p><a class=\"button\" href=\"https:\/\/blog.ube.fr\/droit-inter-ethique\/le-blog\/lobservatoire-de-lethique-publique\/\" title=\"More\">  Voir plus \u2192<\/a><\/p>\n","protected":false},"author":395,"featured_media":0,"parent":5,"menu_order":0,"comment_status":"closed","ping_status":"closed","template":"","meta":{"_exactmetrics_skip_tracking":false,"_exactmetrics_sitenote_active":false,"_exactmetrics_sitenote_note":"","_exactmetrics_sitenote_category":0,"footnotes":""},"class_list":["post-15","page","type-page","status-publish","hentry"],"_links":{"self":[{"href":"https:\/\/blog.ube.fr\/droit-inter-ethique\/wp-json\/wp\/v2\/pages\/15","targetHints":{"allow":["GET"]}}],"collection":[{"href":"https:\/\/blog.ube.fr\/droit-inter-ethique\/wp-json\/wp\/v2\/pages"}],"about":[{"href":"https:\/\/blog.ube.fr\/droit-inter-ethique\/wp-json\/wp\/v2\/types\/page"}],"author":[{"embeddable":true,"href":"https:\/\/blog.ube.fr\/droit-inter-ethique\/wp-json\/wp\/v2\/users\/395"}],"replies":[{"embeddable":true,"href":"https:\/\/blog.ube.fr\/droit-inter-ethique\/wp-json\/wp\/v2\/comments?post=15"}],"version-history":[{"count":6,"href":"https:\/\/blog.ube.fr\/droit-inter-ethique\/wp-json\/wp\/v2\/pages\/15\/revisions"}],"predecessor-version":[{"id":101,"href":"https:\/\/blog.ube.fr\/droit-inter-ethique\/wp-json\/wp\/v2\/pages\/15\/revisions\/101"}],"up":[{"embeddable":true,"href":"https:\/\/blog.ube.fr\/droit-inter-ethique\/wp-json\/wp\/v2\/pages\/5"}],"wp:attachment":[{"href":"https:\/\/blog.ube.fr\/droit-inter-ethique\/wp-json\/wp\/v2\/media?parent=15"}],"curies":[{"name":"wp","href":"https:\/\/api.w.org\/{rel}","templated":true}]}}