{"id":11,"date":"2020-09-17T14:18:57","date_gmt":"2020-09-17T12:18:57","guid":{"rendered":"https:\/\/blog.u-bourgogne.fr\/droit-inter-ethique\/?page_id=11"},"modified":"2020-12-07T20:24:44","modified_gmt":"2020-12-07T19:24:44","slug":"comite-scientifique","status":"publish","type":"page","link":"https:\/\/blog.ube.fr\/droit-inter-ethique\/le-blog\/comite-scientifique\/","title":{"rendered":"Comit\u00e9 scientifique"},"content":{"rendered":"<p>Le blog INTER-\u00c9THIQUE est dot\u00e9 d&#8217;un comit\u00e9 scientifique constitu\u00e9 d&#8217;enseignants-chercheurs provenant de diff\u00e9rents horizons. La fonction du comit\u00e9 scientifique est de se prononcer, \u00e0 la demande de l&#8217;auteur du blog, sur les contenus propos\u00e9s \u00e0 la publication.<\/p>\n<p>Le comit\u00e9 scientifique est compos\u00e9 de :<\/p>\n<ul>\n<li>M. <a href=\"http:\/\/www.giesen.fr\" target=\"_blank\" rel=\"noopener noreferrer\"><strong>Klaus-Gerd GIESEN<\/strong><\/a>, Professeur de science politique \u00e0 l&#8217;Universit\u00e9 Clermont Auvergne ;<\/li>\n<li>Mme <a href=\"https:\/\/www.observatoireethiquepublique.com\/dt_team\/elisabeth-gressieux\/\" target=\"_blank\" rel=\"noopener noreferrer\"><strong>\u00c9lisabeth GRESSIEUX<\/strong><\/a>, Enseignant-chercheur permanent en \u00e9thique et RSE \u00e0 l&#8217;Idrac Business School ;<\/li>\n<li>Mme <a href=\"https:\/\/credimi.u-bourgogne.fr\/equipe\/enseignantschercheurs\/3-equipe\/enseignants--chercheurs\/94-clotilde-jourdain-fortier.html\" target=\"_blank\" rel=\"noopener noreferrer\"><strong>Clotilde JOURDAIN-FORTIER<\/strong><\/a>, Professeure de droit priv\u00e9 \u00e0 l&#8217;Universit\u00e9 de Bourgogne, directrice du CREDIMI ;<\/li>\n<li>M. <a href=\"https:\/\/www.univ-brest.fr\/menu\/recherche-innovation\/pages-chercheurs\/NDIOR-Valere\/\" target=\"_blank\" rel=\"noopener noreferrer\"><strong>Val\u00e8re NDIOR<\/strong><\/a>, Professeur de droit public \u00e0 l&#8217;Universit\u00e9 de Bretagne Occidentale ;<\/li>\n<li>Mme <a href=\"https:\/\/professeurs.uqam.ca\/professeur\/plouffe-malette.kristine\/\" target=\"_blank\" rel=\"noopener noreferrer\"><strong>Kristine PLOUFFE-MALETTE<\/strong><\/a>, Professeure associ\u00e9e \u00e0 l&#8217;Universit\u00e9 du Qu\u00e9bec \u00e0 Montr\u00e9al ;<\/li>\n<li>M. <a href=\"https:\/\/www.observatoireethiquepublique.com\/dt_team\/stephane-vernac\/\" target=\"_blank\" rel=\"noopener noreferrer\"><strong>St\u00e9phane VERNAC<\/strong><\/a>, Professeur de droit priv\u00e9 \u00e0 l&#8217;Universit\u00e9 de Saint-\u00c9tienne, membre de l&#8217;Observatoire de l&#8217;\u00e9thique publique.<\/li>\n<\/ul>\n<p>S&#8217;y ajoute <a href=\"https:\/\/credimi.u-bourgogne.fr\/equipe\/3-equipe\/enseignants--chercheurs\/236-raphael-maurel.html\" target=\"_blank\" rel=\"noopener noreferrer\"><strong>Rapha\u00ebl MAUREL<\/strong><\/a>, Ma\u00eetre de conf\u00e9rences en droit public \u00e0 l&#8217;Universit\u00e9 de Bourgogne et principal auteur du blog.<\/p>\n","protected":false},"excerpt":{"rendered":"<p>Le blog INTER-\u00c9THIQUE est dot\u00e9 d&#8217;un comit\u00e9 scientifique constitu\u00e9 d&#8217;enseignants-chercheurs provenant de diff\u00e9rents horizons. La fonction du comit\u00e9 scientifique est de se prononcer, \u00e0 la demande de l&#8217;auteur du blog, sur les contenus propos\u00e9s \u00e0 la publication. Le comit\u00e9 scientifique est compos\u00e9 de : M. Klaus-Gerd GIESEN, Professeur de science politique \u00e0 l&#8217;Universit\u00e9 Clermont Auvergne<\/p>\n<p><a class=\"button\" href=\"https:\/\/blog.ube.fr\/droit-inter-ethique\/le-blog\/comite-scientifique\/\" title=\"More\">  Voir plus \u2192<\/a><\/p>\n","protected":false},"author":395,"featured_media":0,"parent":5,"menu_order":0,"comment_status":"closed","ping_status":"closed","template":"","meta":{"_exactmetrics_skip_tracking":false,"_exactmetrics_sitenote_active":false,"_exactmetrics_sitenote_note":"","_exactmetrics_sitenote_category":0,"footnotes":""},"class_list":["post-11","page","type-page","status-publish","hentry"],"_links":{"self":[{"href":"https:\/\/blog.ube.fr\/droit-inter-ethique\/wp-json\/wp\/v2\/pages\/11","targetHints":{"allow":["GET"]}}],"collection":[{"href":"https:\/\/blog.ube.fr\/droit-inter-ethique\/wp-json\/wp\/v2\/pages"}],"about":[{"href":"https:\/\/blog.ube.fr\/droit-inter-ethique\/wp-json\/wp\/v2\/types\/page"}],"author":[{"embeddable":true,"href":"https:\/\/blog.ube.fr\/droit-inter-ethique\/wp-json\/wp\/v2\/users\/395"}],"replies":[{"embeddable":true,"href":"https:\/\/blog.ube.fr\/droit-inter-ethique\/wp-json\/wp\/v2\/comments?post=11"}],"version-history":[{"count":10,"href":"https:\/\/blog.ube.fr\/droit-inter-ethique\/wp-json\/wp\/v2\/pages\/11\/revisions"}],"predecessor-version":[{"id":239,"href":"https:\/\/blog.ube.fr\/droit-inter-ethique\/wp-json\/wp\/v2\/pages\/11\/revisions\/239"}],"up":[{"embeddable":true,"href":"https:\/\/blog.ube.fr\/droit-inter-ethique\/wp-json\/wp\/v2\/pages\/5"}],"wp:attachment":[{"href":"https:\/\/blog.ube.fr\/droit-inter-ethique\/wp-json\/wp\/v2\/media?parent=11"}],"curies":[{"name":"wp","href":"https:\/\/api.w.org\/{rel}","templated":true}]}}