{"id":935,"date":"2026-03-11T15:52:57","date_gmt":"2026-03-11T14:52:57","guid":{"rendered":"https:\/\/blog.ube.fr\/droit-du-travail\/?page_id=935"},"modified":"2026-03-25T17:18:05","modified_gmt":"2026-03-25T16:18:05","slug":"pourquoi-suivre-le-du-dta","status":"publish","type":"page","link":"https:\/\/blog.ube.fr\/droit-du-travail\/pourquoi-suivre-le-du-dta\/","title":{"rendered":"Pourquoi suivre le DU DTA ?"},"content":{"rendered":"<ul>\n<li><span style=\"color: #a10e2f;\"><strong>Des bases solides en droit du travail<\/strong><\/span><\/li>\n<\/ul>\n<p>Le DU DTA offre un socle structur\u00e9 et complet pour des professionnels qui mobilisent quotidiennement le droit du travail sans \u00eatre juristes<\/p>\n<ul>\n<li><span style=\"color: #a10e2f;\"><strong>Une formation op\u00e9rationnelle<\/strong><\/span><\/li>\n<\/ul>\n<p>Les enseignements sont construits avec des mises en situation pratiques et une m\u00e9thodologie directement exploitable dans l\u2019entreprise.<\/p>\n<ul>\n<li><span style=\"color: #a10e2f;\"><strong>Une formation compatible avec la vie professionnelle<\/strong><\/span><\/li>\n<\/ul>\n<p>Gr\u00e2ce \u00e0 une alternance de formation en ligne et de regroupements d&#8217;une journ\u00e9e, le DU peut \u00eatre suivi en travaillant<\/p>\n<ul>\n<li><strong><span style=\"color: #a10e2f;\">Un levier concret pour la carri\u00e8re et la reconversion<\/span><\/strong><\/li>\n<\/ul>\n<p>Les dipl\u00f4m\u00e9s t\u00e9moignent d\u2019un impact d\u00e9terminant sur leurs parcours : reconversion r\u00e9ussie, \u00e9largissement des perspectives professionnelles, mont\u00e9e en comp\u00e9tences<\/p>\n<ul>\n<li><span style=\"color: #a10e2f;\"><strong>Une formation financi\u00e8rement accessible<\/strong><\/span><\/li>\n<\/ul>\n<p>Le co\u00fbt peut, selon votre situation, \u00eatre pris en charge en partie par votre CPF<\/p>\n<p>&nbsp;<\/p>\n","protected":false},"excerpt":{"rendered":"<p>Des bases solides en droit du travail Le DU DTA offre un socle structur\u00e9 et complet pour des professionnels qui mobilisent quotidiennement le droit du travail sans \u00eatre juristes Une formation op\u00e9rationnelle Les enseignements sont construits avec des mises en situation pratiques et une m\u00e9thodologie directement exploitable dans l\u2019entreprise. Une formation compatible avec la vie&hellip;<\/p>\n<p class=\"more-link-p\"><a class=\"btn btn-primary\" href=\"https:\/\/blog.ube.fr\/droit-du-travail\/pourquoi-suivre-le-du-dta\/\">Voir plus &rarr;<\/a><\/p>\n","protected":false},"author":3615,"featured_media":0,"parent":0,"menu_order":0,"comment_status":"closed","ping_status":"closed","template":"","meta":{"footnotes":""},"class_list":["post-935","page","type-page","status-publish","hentry"],"_links":{"self":[{"href":"https:\/\/blog.ube.fr\/droit-du-travail\/wp-json\/wp\/v2\/pages\/935","targetHints":{"allow":["GET"]}}],"collection":[{"href":"https:\/\/blog.ube.fr\/droit-du-travail\/wp-json\/wp\/v2\/pages"}],"about":[{"href":"https:\/\/blog.ube.fr\/droit-du-travail\/wp-json\/wp\/v2\/types\/page"}],"author":[{"embeddable":true,"href":"https:\/\/blog.ube.fr\/droit-du-travail\/wp-json\/wp\/v2\/users\/3615"}],"replies":[{"embeddable":true,"href":"https:\/\/blog.ube.fr\/droit-du-travail\/wp-json\/wp\/v2\/comments?post=935"}],"version-history":[{"count":2,"href":"https:\/\/blog.ube.fr\/droit-du-travail\/wp-json\/wp\/v2\/pages\/935\/revisions"}],"predecessor-version":[{"id":948,"href":"https:\/\/blog.ube.fr\/droit-du-travail\/wp-json\/wp\/v2\/pages\/935\/revisions\/948"}],"wp:attachment":[{"href":"https:\/\/blog.ube.fr\/droit-du-travail\/wp-json\/wp\/v2\/media?parent=935"}],"curies":[{"name":"wp","href":"https:\/\/api.w.org\/{rel}","templated":true}]}}