{"id":932,"date":"2026-03-11T15:20:46","date_gmt":"2026-03-11T14:20:46","guid":{"rendered":"https:\/\/blog.ube.fr\/droit-du-travail\/?page_id=932"},"modified":"2026-03-11T15:41:22","modified_gmt":"2026-03-11T14:41:22","slug":"le-diplome-universitaire-dta-en-80-secondes","status":"publish","type":"page","link":"https:\/\/blog.ube.fr\/droit-du-travail\/le-diplome-universitaire-dta-en-80-secondes\/","title":{"rendered":"LE DIPL\u00d4ME UNIVERSITAIRE DTA EN 80 SECONDES"},"content":{"rendered":"<p><strong>LE DIPL\u00d4ME UNIVERSITAIRE DTA EN 80 SECONDES<br \/>\n<\/strong><\/p>\n<p>Les stagiaires font la promotion du dispositif. Vous pouvez aussi consulter leurs<span style=\"color: #a10e2f;\"> <a style=\"color: #a10e2f;\" href=\"http:\/\/blog.ube.fr\/droit-du-travail\/temoignages\/\">t\u00e9moignages en vid\u00e9o<\/a>.<\/span><\/p>\n<p><span id=\"OBJ_PREFIX_DWT112_com_zimbra_url\" class=\"Object\"><a class=\"moz-txt-link-rfc2396E\" href=\"https:\/\/mediaserveur.u-bourgogne.fr\/permalink\/v1255e5557ed4gmw0sch\/iframe\/\" target=\"_blank\" rel=\"noopener noreferrer\">\n<!-- iframe plugin v.6.0 wordpress.org\/plugins\/iframe\/ -->\n<iframe loading=\"lazy\" src=\"https:\/\/mediaserveur.u-bourgogne.fr\/permalink\/v1255e5557ed4gmw0sch\/iframe\" width=\"100%\" height=\"500\" scrolling=\"yes\" class=\"iframe-class\" frameborder=\"0\"><\/iframe>\n<\/a><\/span><\/p>\n","protected":false},"excerpt":{"rendered":"<p>LE DIPL\u00d4ME UNIVERSITAIRE DTA EN 80 SECONDES Les stagiaires font la promotion du dispositif. Vous pouvez aussi consulter leurs t\u00e9moignages en vid\u00e9o.<\/p>\n<p class=\"more-link-p\"><a class=\"btn btn-primary\" href=\"https:\/\/blog.ube.fr\/droit-du-travail\/le-diplome-universitaire-dta-en-80-secondes\/\">Voir plus &rarr;<\/a><\/p>\n","protected":false},"author":3615,"featured_media":0,"parent":0,"menu_order":0,"comment_status":"closed","ping_status":"closed","template":"","meta":{"footnotes":""},"class_list":["post-932","page","type-page","status-publish","hentry"],"_links":{"self":[{"href":"https:\/\/blog.ube.fr\/droit-du-travail\/wp-json\/wp\/v2\/pages\/932","targetHints":{"allow":["GET"]}}],"collection":[{"href":"https:\/\/blog.ube.fr\/droit-du-travail\/wp-json\/wp\/v2\/pages"}],"about":[{"href":"https:\/\/blog.ube.fr\/droit-du-travail\/wp-json\/wp\/v2\/types\/page"}],"author":[{"embeddable":true,"href":"https:\/\/blog.ube.fr\/droit-du-travail\/wp-json\/wp\/v2\/users\/3615"}],"replies":[{"embeddable":true,"href":"https:\/\/blog.ube.fr\/droit-du-travail\/wp-json\/wp\/v2\/comments?post=932"}],"version-history":[{"count":2,"href":"https:\/\/blog.ube.fr\/droit-du-travail\/wp-json\/wp\/v2\/pages\/932\/revisions"}],"predecessor-version":[{"id":934,"href":"https:\/\/blog.ube.fr\/droit-du-travail\/wp-json\/wp\/v2\/pages\/932\/revisions\/934"}],"wp:attachment":[{"href":"https:\/\/blog.ube.fr\/droit-du-travail\/wp-json\/wp\/v2\/media?parent=932"}],"curies":[{"name":"wp","href":"https:\/\/api.w.org\/{rel}","templated":true}]}}