{"id":858,"date":"2025-05-20T11:17:35","date_gmt":"2025-05-20T09:17:35","guid":{"rendered":"https:\/\/blog.u-bourgogne.fr\/droit-du-travail\/?page_id=858"},"modified":"2025-05-20T11:29:16","modified_gmt":"2025-05-20T09:29:16","slug":"planning-previsionnel-2025-2027-master-2-droit-et-management-des-entreprises-formation-continue","status":"publish","type":"page","link":"https:\/\/blog.ube.fr\/droit-du-travail\/planning-previsionnel-2025-2027-master-2-droit-et-management-des-entreprises-formation-continue\/","title":{"rendered":"Planning pr\u00e9visionnel 2025-2027 M2 DME &#8211; formation continue"},"content":{"rendered":"<p><span style=\"color: #a10e2f;\"><em>N.B. : Sous r\u00e9serve de modification<\/em><\/span><\/p>\n<p><strong>Pour rappel :<\/strong><\/p>\n<ul>\n<li>10 modules en 2 ans<\/li>\n<li>10 web conf\u00e9rences<\/li>\n<li>10 ateliers en pr\u00e9sentiel<\/li>\n<li>1 visioconf\u00e9rence en proc\u00e9dure prud\u2019homale<\/li>\n<li>1 visioconf\u00e9rence TER<\/li>\n<li>Pratique RH<\/li>\n<li>R\u00e9alisation de veilles juridiques et d\u2019actualit\u00e9s<\/li>\n<li>R\u00e9daction d\u2019un TER<\/li>\n<\/ul>\n<h1><strong>Ann\u00e9e universitaire 2025-2026<\/strong><\/h1>\n<h2><span style=\"color: #a10e2f;\">\u00a0Rentr\u00e9e Master 2 DME : Jeudi 11 et vendredi 12 septembre 2025<strong> en pr\u00e9sentiel<\/strong><\/span><\/h2>\n<p><strong>Jeudi :<\/strong><\/p>\n<ul>\n<li>9h30\/12h30 : Pr\u00e9sentation formation + m\u00e9thode cas pratique<\/li>\n<li>14h\/18h : m\u00e9thode lecture arr\u00eat<\/li>\n<\/ul>\n<p><strong>Vendredi : <\/strong><\/p>\n<ul>\n<li>8h30\/12h : m\u00e9thode veilles et actualit\u00e9s<\/li>\n<li>13h30\/17h : outils num\u00e9riques<\/li>\n<\/ul>\n<h2><span style=\"color: #a10e2f;\">Module \u00ab Gestion temps de travail \u00bb \u00e0 compter du 12 septembre 2025<\/span><\/h2>\n<ul>\n<li><strong>Vendredi 3 octobre 2025<\/strong> : visio CM \u00ab\u00a0proc\u00e9dure prud\u2019homale\u00a0\u00bb (14h-16h)<\/li>\n<li><strong>Vendredi 10 octobre 2025 <\/strong>: Web conf\u00e9rence \u00ab\u00a0Gestion temps de travail\u00a0\u00bb (12h30-14h)<\/li>\n<li><strong>Jeudi 6 (journ\u00e9e) et vendredi 7 novembre 2025 (journ\u00e9e)<\/strong> : regroupement <span style=\"color: #a10e2f;\"><strong>en pr\u00e9sentiel<\/strong><\/span><\/li>\n<\/ul>\n<h2><span style=\"color: #a10e2f;\">Module \u00ab CSE \u00bb \u00e0 compter du 7 novembre 2025<\/span><\/h2>\n<ul>\n<li><strong>Vendredi 5 d\u00e9cembre 2025<\/strong> : Web conf\u00e9rence \u00ab\u00a0CSE\u00a0\u00bb (12h30-14h00)<\/li>\n<li><strong>Jeudi 8 (journ\u00e9e) et vendredi 9 janvier 2024 (journ\u00e9e)<\/strong> : regroupement <span style=\"color: #a10e2f;\"><strong>en pr\u00e9sentiel<\/strong><\/span><\/li>\n<\/ul>\n<h2><span style=\"color: #a10e2f;\">Module \u00ab Psychologie du travail \u00bb \u00e0 compter du 9 janvier 2026<\/span><\/h2>\n<ul>\n<li><strong>Vendredi 6 f\u00e9vrier 2026 <\/strong>: Web conf\u00e9rence \u00ab\u00a0Psychologie du travail\u00a0\u00bb (12h30-14h)<\/li>\n<li><strong>Jeudi 5 (journ\u00e9e) et vendredi 6 mars 2026 (journ\u00e9e) <\/strong>: regroupement <span style=\"color: #a10e2f;\"><strong>en pr\u00e9sentiel<\/strong><\/span><\/li>\n<\/ul>\n<h2><span style=\"color: #a10e2f;\">Module \u00ab Sant\u00e9 au travail \u00bb \u00e0 compter du 6 mars 2026<\/span><\/h2>\n<ul>\n<li><strong>Vendredi 3 avril 2026<\/strong> : Web conf\u00e9rence \u00ab\u00a0Sant\u00e9 au travail\u00a0\u00bb (12h30-14h)<\/li>\n<li><strong>Jeudi 23 (journ\u00e9e) et vendredi 24 avril 2026 (journ\u00e9e)<\/strong> : Regroupement<span style=\"color: #a10e2f;\"> <strong>en pr\u00e9sentiel<\/strong><\/span><\/li>\n<\/ul>\n<h2><span style=\"color: #a10e2f;\">Module \u00abGestion paie \u00bb \u00e0 compter du 24 avril 2026 :<\/span><\/h2>\n<ul>\n<li><strong>Vendredi 29 mai 2026<\/strong> : Web conf. \u00ab\u00a0Gestion paie\u00bb (12h30-14h)<\/li>\n<li><strong>Jeudi 25 juin (journ\u00e9e) et vendredi 26 juin 2026 (matin) <\/strong>: Regroupement <span style=\"color: #a10e2f;\"><strong>en pr\u00e9sentiel<\/strong><\/span><\/li>\n<\/ul>\n<h1><strong>Ann\u00e9e universitaire 2026-2027 :<\/strong><\/h1>\n<h2><span style=\"color: #a10e2f;\">\u00a011 sept. 2026 : Visio Teams pour le TER (14h-18h)<\/span><\/h2>\n<h2><span style=\"color: #a10e2f;\">\u00a0Module \u00ab\u00a0Formation professionnelle\u00bb \u00e0 compter du 11 sept. 2026<\/span><\/h2>\n<ul>\n<li><strong>Vendredi 16 octobre 2026<\/strong> : web conf\u00e9rence\u00a0\u00ab\u00a0Formation pro\u00bb (12h30-14h)<\/li>\n<li><strong>Jeudi 12 (apr\u00e8s-midi) et vendredi 13 novembre 2026 (matin)<\/strong> : regroupement <span style=\"color: #a10e2f;\"><strong>en pr\u00e9sentiel<\/strong><\/span><\/li>\n<\/ul>\n<h2><span style=\"color: #a10e2f;\">Module \u00abRSE et entreprise durable \u00bb \u00e0 compter du 13 nov. 2026<\/span><\/h2>\n<ul>\n<li><strong>11 d\u00e9cembre 2026<\/strong> : Web conf\u00e9rence \u00ab\u00a0RSE et ets durable\u00bb (12h30-14h)<\/li>\n<li><strong>Jeudi 14 (apr\u00e8s-midi) et vendredi 15 janvier 2027 (matin)<\/strong> : regroupement<span style=\"color: #a10e2f;\"> <strong>en pr\u00e9sentiel<\/strong><\/span><\/li>\n<\/ul>\n<h2><span style=\"color: #a10e2f;\">Module \u00ab R\u00e9organisations \u00bb \u00e0 compter du 15 janvier 2027<\/span><\/h2>\n<ul>\n<li><strong>12 ou 19 f\u00e9vrier 2027 (\u00e0 pr\u00e9ciser ult\u00e9rieurement)<\/strong> : Web conf\u00e9rence \u00ab\u00a0R\u00e9organisations\u00a0\u00bb (12h30-14h)<\/li>\n<li><strong>Jeudi 11 (apr\u00e8s-midi) et vendredi 12 mars 2027 (journ\u00e9e)<\/strong> : Regroupement <span style=\"color: #a10e2f;\"><strong>en pr\u00e9sentiel<\/strong><\/span><\/li>\n<\/ul>\n<h2><span style=\"color: #a10e2f;\">Module \u00ab TPE\u00bb \u00e0 compter du 12 mars 2027<\/span><\/h2>\n<ul>\n<li><strong>9 avril ou 16 avril 2027 (\u00e0 pr\u00e9ciser ult\u00e9rieurement)<\/strong> : Web conf\u00e9rence \u00ab\u00a0TPE\u00bb (12h30-14h)<\/li>\n<li><strong>Jeudi 13 (apr\u00e8s-midi) et vendredi 14 mai 2027 (journ\u00e9e)<\/strong> : Regroupement <span style=\"color: #a10e2f;\"><strong>en pr\u00e9sentiel<\/strong><\/span><\/li>\n<\/ul>\n<h2><span style=\"color: #a10e2f;\">Module \u00ab N\u00e9gociation collective \u00bb \u00e0 compter du 14 mai 2027<\/span><\/h2>\n<ul>\n<li><strong>11 juin 2027<\/strong> : Web conf\u00e9rence \u00ab\u00a0N\u00e9gociation collective\u00a0\u00bb (12h30-14h)<\/li>\n<li><strong>Jeudi 1er (apr\u00e8s-midi) et vendredi 2 juillet 2027 (journ\u00e9e)\u00a0<\/strong>: Regroupement <span style=\"color: #a10e2f;\"><strong>en pr\u00e9sentiel<\/strong><\/span><\/li>\n<\/ul>\n<p>&nbsp;<\/p>\n<p><span style=\"color: #a10e2f;\"><strong>Date limite restitution TER :\u00a0 mi-septembre 2027 ( \u00e0 pr\u00e9ciser)<\/strong><\/span><\/p>\n<p>&nbsp;<\/p>\n","protected":false},"excerpt":{"rendered":"<p>N.B. : Sous r\u00e9serve de modification Pour rappel : 10 modules en 2 ans 10 web conf\u00e9rences 10 ateliers en pr\u00e9sentiel 1 visioconf\u00e9rence en proc\u00e9dure prud\u2019homale 1 visioconf\u00e9rence TER Pratique RH R\u00e9alisation de veilles juridiques et d\u2019actualit\u00e9s R\u00e9daction d\u2019un TER Ann\u00e9e universitaire 2025-2026 \u00a0Rentr\u00e9e Master 2 DME : Jeudi 11 et vendredi 12 septembre 2025&hellip;<\/p>\n<p class=\"more-link-p\"><a class=\"btn btn-primary\" href=\"https:\/\/blog.ube.fr\/droit-du-travail\/planning-previsionnel-2025-2027-master-2-droit-et-management-des-entreprises-formation-continue\/\">Voir plus &rarr;<\/a><\/p>\n","protected":false},"author":3615,"featured_media":0,"parent":0,"menu_order":0,"comment_status":"closed","ping_status":"closed","template":"","meta":{"footnotes":""},"class_list":["post-858","page","type-page","status-publish","hentry"],"_links":{"self":[{"href":"https:\/\/blog.ube.fr\/droit-du-travail\/wp-json\/wp\/v2\/pages\/858","targetHints":{"allow":["GET"]}}],"collection":[{"href":"https:\/\/blog.ube.fr\/droit-du-travail\/wp-json\/wp\/v2\/pages"}],"about":[{"href":"https:\/\/blog.ube.fr\/droit-du-travail\/wp-json\/wp\/v2\/types\/page"}],"author":[{"embeddable":true,"href":"https:\/\/blog.ube.fr\/droit-du-travail\/wp-json\/wp\/v2\/users\/3615"}],"replies":[{"embeddable":true,"href":"https:\/\/blog.ube.fr\/droit-du-travail\/wp-json\/wp\/v2\/comments?post=858"}],"version-history":[{"count":4,"href":"https:\/\/blog.ube.fr\/droit-du-travail\/wp-json\/wp\/v2\/pages\/858\/revisions"}],"predecessor-version":[{"id":872,"href":"https:\/\/blog.ube.fr\/droit-du-travail\/wp-json\/wp\/v2\/pages\/858\/revisions\/872"}],"wp:attachment":[{"href":"https:\/\/blog.ube.fr\/droit-du-travail\/wp-json\/wp\/v2\/media?parent=858"}],"curies":[{"name":"wp","href":"https:\/\/api.w.org\/{rel}","templated":true}]}}