{"id":856,"date":"2025-05-20T10:56:28","date_gmt":"2025-05-20T08:56:28","guid":{"rendered":"https:\/\/blog.u-bourgogne.fr\/droit-du-travail\/?page_id=856"},"modified":"2025-05-30T16:40:46","modified_gmt":"2025-05-30T14:40:46","slug":"planning-previsionnel-2025-2026-master-2-droit-et-management-des-entreprises-alternance-et-formation-initiale","status":"publish","type":"page","link":"https:\/\/blog.ube.fr\/droit-du-travail\/planning-previsionnel-2025-2026-master-2-droit-et-management-des-entreprises-alternance-et-formation-initiale\/","title":{"rendered":"Planning pr\u00e9visionnel 2025-2026 M2 DME &#8211; Alternance et formation initiale"},"content":{"rendered":"<p><span style=\"color: #a10e2f;\"><em>N.B.\u00a0: Sous r\u00e9serve de modification<\/em><\/span><\/p>\n<p><strong><u>Pour rappel :<\/u><\/strong><\/p>\n<ul>\n<li>10 m\u00e9mentos en ligne<\/li>\n<li>5 web conf\u00e9rences<\/li>\n<li>5 ateliers en visioconf\u00e9rence et 5 autres ateliers en pr\u00e9sentiel<\/li>\n<li>1 visioconf\u00e9rence en proc\u00e9dure prud\u2019homale<\/li>\n<li>Pratique RH<\/li>\n<li>R\u00e9alisation de 2 veilles juridiques (dates fix\u00e9es \u00e0 la rentr\u00e9e)<\/li>\n<li>Suivi de 5 actualit\u00e9s (lors des 5 regroupements en pr\u00e9sentiel \u00e0 Dijon)<\/li>\n<li>R\u00e9daction d\u2019un TER<\/li>\n<\/ul>\n<h2><span style=\"color: #a10e2f;\">Jeudi 11 et vendredi 12 septembre 2025 : rentr\u00e9e Master 2 DME<strong> en pr\u00e9sentiel<\/strong><\/span><\/h2>\n<p><strong><u>Jeudi\u00a0<\/u>:<\/strong><\/p>\n<ul>\n<li>9h\/12h30 (pr\u00e9sentation formation + m\u00e9thode cas pratique)<\/li>\n<li>14\/18h\u00a0: m\u00e9thodologie lecture arr\u00eat<\/li>\n<\/ul>\n<p><u><strong>Vendredi\u00a0:<\/strong> <\/u><\/p>\n<ul>\n<li>8h30\/12h\u00a0: m\u00e9thode veilles<\/li>\n<li>13h30\/17h\u00a0: prise en mains outils num\u00e9riques<\/li>\n<\/ul>\n<h2><span style=\"color: #a10e2f;\">Modules \u00ab Gestion temps de travail \u00bb et \u00ab formation professionnelle \u00bb publi\u00e9s \u00e0 compter du 12 septembre 2025<\/span><\/h2>\n<ul>\n<li><strong>Vendredi 3 octobre 2025<\/strong>\u00a0: visio restitution atelier \u00ab\u00a0Formation pro\u00bb (matin-horaire pr\u00e9cis\u00e9 ult\u00e9rieurement)<\/li>\n<li><strong>Vendredi 3 octobre 2025<\/strong> : CM proc\u00e9dure CPH en visio Teams (14h \u00e0 16h)<\/li>\n<li><strong>Vendredi 10 octobre 2025\u00a0<\/strong>: web conf. \u00ab\u00a0Gestion temps de travail\u00a0\u00bb (12h30 \u00e0 14h)<\/li>\n<li><strong>Jeudi 6 (journ\u00e9e) et vendredi 7 novembre 2025 (journ\u00e9e)\u00a0:<\/strong> regroupement <span style=\"color: #a10e2f;\"><strong>en pr\u00e9sentiel<\/strong><\/span><\/li>\n<\/ul>\n<h2><span style=\"color: #a10e2f;\">Modules \u00ab\u00a0RSE et entreprise durable\u00a0\u00bb et \u00ab\u00a0CSE\u00a0\u00bb \u00e0 compter du 7 nov. 2025<\/span><\/h2>\n<ul>\n<li><strong>Vendredi 28 novembre 2025\u00a0<\/strong>: visio restitution atelier \u00ab\u00a0RSE et entreprise durable\u00a0\u00bb (horaire pr\u00e9cis\u00e9 ult\u00e9rieurement)<\/li>\n<li><strong>Vendredi 5 d\u00e9cembre 2025\u00a0<\/strong>: Web conf \u00ab\u00a0CSE\u00a0\u00bb (12h30 \u00e0 14h)<\/li>\n<li><strong>Jeudi 8 janvier (journ\u00e9e) et vendredi 9 janvier 2026 (journ\u00e9e)<\/strong>\u00a0: regroupement <span style=\"color: #a10e2f;\"><strong>en pr\u00e9sentiel<\/strong><\/span><\/li>\n<\/ul>\n<h2><span style=\"color: #a10e2f;\">Modules \u00ab\u00a0R\u00e9organisations\u00a0\u00bb et \u00a0\u00ab\u00a0Psychologie du travail\u00bb \u00e0 compter du 9 janvier 2026<\/span><\/h2>\n<ul>\n<li><strong>Vendredi 30 janvier 2026 :<\/strong> visio restitution atelier \u00ab R\u00e9organisations \u00bb (matin- horaire pr\u00e9cis\u00e9 ult\u00e9rieurement)<\/li>\n<li><strong>Vendredi 6 f\u00e9vrier 2026\u00a0<\/strong>: Web conf. \u00ab\u00a0Psychologie du travail\u00a0\u00bb (12h30 \u00e0 14h)<\/li>\n<li><strong>Vendredi 13 f\u00e9vrier 2026<\/strong> : journ\u00e9e<span style=\"color: #a10e2f;\"><strong> en pr\u00e9sentiel<\/strong><\/span> consacr\u00e9e au TER<\/li>\n<li><strong>Jeudi 5 (journ\u00e9e) et vendredi 6 mars 2026 (journ\u00e9e)\u00a0:<\/strong> regroupement<span style=\"color: #a10e2f;\"> <strong>en pr\u00e9sentie<span style=\"text-decoration: underline;\">l<\/span><\/strong><\/span><\/li>\n<\/ul>\n<h2><span style=\"color: #a10e2f;\">Modules \u00ab\u00a0TPE\u00a0\u00bb et \u00ab\u00a0 Sant\u00e9 au travail\u00a0\u00bb publi\u00e9s \u00e0 compter du 6 mars 2026<\/span><\/h2>\n<ul>\n<li><strong>Vendredi 27 mars 2026\u00a0<\/strong>: visio restitution atelier \u00ab\u00a0TPE\u00bb (horaire pr\u00e9cis\u00e9 ult\u00e9rieurement)<\/li>\n<li><strong>Vendredi 3 avril 2026\u00a0:<\/strong> web conf. \u00ab\u00a0Sant\u00e9 au travail\u00a0\u00bb (12h30 \u00e0 14h)<\/li>\n<li><strong>Jeudi 23 avril (journ\u00e9e) et vend. 24 avril 2026 (journ\u00e9e) :<\/strong> Regroupement<span style=\"color: #a10e2f;\"> <strong>en pr\u00e9sentiel<\/strong><\/span><\/li>\n<\/ul>\n<h2><span style=\"color: #a10e2f;\">Modules \u00ab N\u00e9gociation collective\u00bb et \u00ab Gestion paie \u00bb publi\u00e9s \u00e0 compter du 24 avril 2026<\/span><\/h2>\n<ul>\n<li><strong>Vendredi 22 mai 2026<\/strong>\u00a0: visio restitution atelier \u00ab\u00a0N\u00e9gociation collective\u00a0\u00bb (horaire pr\u00e9cis\u00e9 ult\u00e9rieurement)<\/li>\n<li><strong>Vendredi 29 mai 2026<\/strong>\u00a0: web conf \u00ab\u00a0Gestion paie\u00bb (12h30 \u00e0 14h)<\/li>\n<li><strong>Jeudi 25 (journ\u00e9e) et vend. 26 juin 2026 (matin)<\/strong>\u00a0: regroupement<span style=\"color: #a10e2f;\"><strong> en pr\u00e9sentiel<\/strong><\/span><\/li>\n<\/ul>\n<p>&nbsp;<\/p>\n<ul>\n<li><span style=\"color: #a10e2f;\"><strong>Date limite restitution TER : vendredi 11 septembre 2026<\/strong><\/span><\/li>\n<\/ul>\n<p>&nbsp;<\/p>\n","protected":false},"excerpt":{"rendered":"<p>N.B.\u00a0: Sous r\u00e9serve de modification Pour rappel : 10 m\u00e9mentos en ligne 5 web conf\u00e9rences 5 ateliers en visioconf\u00e9rence et 5 autres ateliers en pr\u00e9sentiel 1 visioconf\u00e9rence en proc\u00e9dure prud\u2019homale Pratique RH R\u00e9alisation de 2 veilles juridiques (dates fix\u00e9es \u00e0 la rentr\u00e9e) Suivi de 5 actualit\u00e9s (lors des 5 regroupements en pr\u00e9sentiel \u00e0 Dijon) R\u00e9daction&hellip;<\/p>\n<p class=\"more-link-p\"><a class=\"btn btn-primary\" href=\"https:\/\/blog.ube.fr\/droit-du-travail\/planning-previsionnel-2025-2026-master-2-droit-et-management-des-entreprises-alternance-et-formation-initiale\/\">Voir plus &rarr;<\/a><\/p>\n","protected":false},"author":3615,"featured_media":0,"parent":0,"menu_order":0,"comment_status":"closed","ping_status":"closed","template":"","meta":{"footnotes":""},"class_list":["post-856","page","type-page","status-publish","hentry"],"_links":{"self":[{"href":"https:\/\/blog.ube.fr\/droit-du-travail\/wp-json\/wp\/v2\/pages\/856","targetHints":{"allow":["GET"]}}],"collection":[{"href":"https:\/\/blog.ube.fr\/droit-du-travail\/wp-json\/wp\/v2\/pages"}],"about":[{"href":"https:\/\/blog.ube.fr\/droit-du-travail\/wp-json\/wp\/v2\/types\/page"}],"author":[{"embeddable":true,"href":"https:\/\/blog.ube.fr\/droit-du-travail\/wp-json\/wp\/v2\/users\/3615"}],"replies":[{"embeddable":true,"href":"https:\/\/blog.ube.fr\/droit-du-travail\/wp-json\/wp\/v2\/comments?post=856"}],"version-history":[{"count":6,"href":"https:\/\/blog.ube.fr\/droit-du-travail\/wp-json\/wp\/v2\/pages\/856\/revisions"}],"predecessor-version":[{"id":922,"href":"https:\/\/blog.ube.fr\/droit-du-travail\/wp-json\/wp\/v2\/pages\/856\/revisions\/922"}],"wp:attachment":[{"href":"https:\/\/blog.ube.fr\/droit-du-travail\/wp-json\/wp\/v2\/media?parent=856"}],"curies":[{"name":"wp","href":"https:\/\/api.w.org\/{rel}","templated":true}]}}