{"id":75,"date":"2017-02-21T10:40:20","date_gmt":"2017-02-21T09:40:20","guid":{"rendered":"http:\/\/blog.u-bourgogne.fr\/droit-du-travail\/?page_id=75"},"modified":"2025-05-20T12:26:58","modified_gmt":"2025-05-20T10:26:58","slug":"presentation","status":"publish","type":"page","link":"https:\/\/blog.ube.fr\/droit-du-travail\/presentation\/","title":{"rendered":"D\u00e9marche"},"content":{"rendered":"<p><span style=\"color: #a10e2f;\"><strong>L&#8217;ANALYSE DE SITUATIONS PROFESSIONNELLES<\/strong><\/span><\/p>\n<p>Ces formations sont principalement bas\u00e9es sur l\u2019analyse de situations professionnelles v\u00e9cues. Apr\u00e8s le suivi de cours et conf\u00e9rences en ligne, un travail collaboratif est propos\u00e9 pour traiter de cas pratiques ou de situations simul\u00e9es. Les corrections sont assur\u00e9es par des praticiens et des universitaires lors de regroupements \u00e0 l\u2019Universit\u00e9 Bourgogne Europe. Ainsi, les connaissances acquises sont applicables imm\u00e9diatement en entreprise.<span data-ccp-props=\"{&quot;201341983&quot;:0,&quot;335551550&quot;:6,&quot;335551620&quot;:6,&quot;335559739&quot;:160,&quot;335559740&quot;:259}\">\u00a0<\/span><\/p>\n<p><span style=\"color: #a10e2f;\"><strong>LES RESSOURCES ET OUTILS DE LA FORMATION A DISTANCE<\/strong><\/span><\/p>\n<p>Les activit\u00e9s des participants sont principalement r\u00e9alis\u00e9es en ligne, avec :<span data-ccp-props=\"{&quot;201341983&quot;:0,&quot;335551550&quot;:6,&quot;335551620&quot;:6,&quot;335559739&quot;:160,&quot;335559740&quot;:259}\">\u00a0<\/span><\/p>\n<ul>\n<li data-leveltext=\"\uf0b7\" data-font=\"Symbol\" data-listid=\"1\" aria-setsize=\"-1\" data-aria-posinset=\"1\" data-aria-level=\"1\">Un acc\u00e8s r\u00e9serv\u00e9 \u00e0 une plateforme p\u00e9dagogique r\u00e9gissant activit\u00e9s et \u00e9changes ;<span data-ccp-props=\"{&quot;134233279&quot;:true,&quot;201341983&quot;:0,&quot;335551550&quot;:6,&quot;335551620&quot;:6,&quot;335559739&quot;:160,&quot;335559740&quot;:259}\">\u00a0<\/span><\/li>\n<li data-leveltext=\"\uf0b7\" data-font=\"Symbol\" data-listid=\"1\" aria-setsize=\"-1\" data-aria-posinset=\"2\" data-aria-level=\"1\">La fourniture, pour chaque s\u00e9quence, d\u2019un m\u00e9mento ou d\u2019un cours ;<span data-ccp-props=\"{&quot;134233279&quot;:true,&quot;201341983&quot;:0,&quot;335551550&quot;:6,&quot;335551620&quot;:6,&quot;335559739&quot;:160,&quot;335559740&quot;:259}\">\u00a0<\/span><\/li>\n<li data-leveltext=\"\uf0b7\" data-font=\"Symbol\" data-listid=\"1\" aria-setsize=\"-1\" data-aria-posinset=\"3\" data-aria-level=\"1\">L\u2019acc\u00e8s \u00e0 une salle de r\u00e9union virtuelle, pour des conf\u00e9rences en ligne et du wiki.<span data-ccp-props=\"{&quot;134233279&quot;:true,&quot;201341983&quot;:0,&quot;335551550&quot;:6,&quot;335551620&quot;:6,&quot;335559739&quot;:160,&quot;335559740&quot;:259}\">\u00a0<\/span><\/li>\n<\/ul>\n<p>Les m\u00e9mentos et cours sont accessibles dans des versions en ligne (web) et t\u00e9l\u00e9chargeables (pdf).\u00a0 Les conf\u00e9rences en ligne servent \u00e0 l\u2019appropriation des contenus et, le cas \u00e9ch\u00e9ant, \u00e0 la pr\u00e9paration d\u2019ateliers.<\/p>\n<p><strong><span style=\"color: #e84d0e;\"><span style=\"color: #a10e2f;\">LE TRAVAIL COOP\u00c9RATIF<\/span><br \/>\n<\/span><\/strong><\/p>\n<p>La r\u00e9solution de cas pratiques et les ateliers experts se r\u00e9alisent collectivement en sous-groupe de travail et sur un mode coop\u00e9ratif. Ces \u00e9changes constituent un v\u00e9ritable apport pour des participants provenant d\u2019horizons diversifi\u00e9s.<span data-ccp-props=\"{&quot;201341983&quot;:0,&quot;335551550&quot;:6,&quot;335551620&quot;:6,&quot;335559739&quot;:160,&quot;335559740&quot;:259}\">\u00a0<\/span><\/p>\n<hr \/>\n<p>Voil\u00e0 une d\u00e9marche pratique et innovante !<\/p>\n","protected":false},"excerpt":{"rendered":"<p>L&#8217;ANALYSE DE SITUATIONS PROFESSIONNELLES Ces formations sont principalement bas\u00e9es sur l\u2019analyse de situations professionnelles v\u00e9cues. Apr\u00e8s le suivi de cours et conf\u00e9rences en ligne, un travail collaboratif est propos\u00e9 pour traiter de cas pratiques ou de situations simul\u00e9es. Les corrections sont assur\u00e9es par des praticiens et des universitaires lors de regroupements \u00e0 l\u2019Universit\u00e9 Bourgogne Europe.&hellip;<\/p>\n<p class=\"more-link-p\"><a class=\"btn btn-primary\" href=\"https:\/\/blog.ube.fr\/droit-du-travail\/presentation\/\">Voir plus &rarr;<\/a><\/p>\n","protected":false},"author":345,"featured_media":0,"parent":0,"menu_order":0,"comment_status":"closed","ping_status":"closed","template":"","meta":{"footnotes":""},"class_list":["post-75","page","type-page","status-publish","hentry"],"_links":{"self":[{"href":"https:\/\/blog.ube.fr\/droit-du-travail\/wp-json\/wp\/v2\/pages\/75","targetHints":{"allow":["GET"]}}],"collection":[{"href":"https:\/\/blog.ube.fr\/droit-du-travail\/wp-json\/wp\/v2\/pages"}],"about":[{"href":"https:\/\/blog.ube.fr\/droit-du-travail\/wp-json\/wp\/v2\/types\/page"}],"author":[{"embeddable":true,"href":"https:\/\/blog.ube.fr\/droit-du-travail\/wp-json\/wp\/v2\/users\/345"}],"replies":[{"embeddable":true,"href":"https:\/\/blog.ube.fr\/droit-du-travail\/wp-json\/wp\/v2\/comments?post=75"}],"version-history":[{"count":16,"href":"https:\/\/blog.ube.fr\/droit-du-travail\/wp-json\/wp\/v2\/pages\/75\/revisions"}],"predecessor-version":[{"id":889,"href":"https:\/\/blog.ube.fr\/droit-du-travail\/wp-json\/wp\/v2\/pages\/75\/revisions\/889"}],"wp:attachment":[{"href":"https:\/\/blog.ube.fr\/droit-du-travail\/wp-json\/wp\/v2\/media?parent=75"}],"curies":[{"name":"wp","href":"https:\/\/api.w.org\/{rel}","templated":true}]}}