{"id":745,"date":"2024-07-23T11:10:30","date_gmt":"2024-07-23T09:10:30","guid":{"rendered":"https:\/\/blog.u-bourgogne.fr\/droit-du-travail\/?page_id=745"},"modified":"2025-05-20T12:35:13","modified_gmt":"2025-05-20T10:35:13","slug":"admission-master-droit-et-management-des-entreprises","status":"publish","type":"page","link":"https:\/\/blog.ube.fr\/droit-du-travail\/admission-master-droit-et-management-des-entreprises\/","title":{"rendered":"Admission Master Droit et Management des Entreprises"},"content":{"rendered":"<h1><span style=\"color: #a10e2f;\">Conditions d&#8217;acc\u00e8s<\/span><\/h1>\n<p>Les titulaires d\u2019un M1 AES GGE de l\u2019Universit\u00e9 Bourgogne Europe sont admissibles de droit en M2 avec de pr\u00e9f\u00e9rence un contrat d\u2019apprentissage ou de professionnalisation. <span data-ccp-props=\"{&quot;201341983&quot;:0,&quot;335551550&quot;:6,&quot;335551620&quot;:6,&quot;335559739&quot;:160,&quot;335559740&quot;:259}\">\u00a0<\/span><\/p>\n<p>La formation est aussi ouverte \u00e0 la formation continue. Les salari\u00e9s titulaires d&#8217;un dipl\u00f4me reconnu de Master 1 (Bac +4) peuvent postuler en prenant contact avec le service de formation continue SEFCA de l&#8217;UBE ou le responsable p\u00e9dagogique. Les salari\u00e9s ne disposant pas de dipl\u00f4me reconnu \u00e9quivalent au Master 1 peuvent postuler par validation d&#8217;acquis ou \u00e9quivalence de dipl\u00f4me.<span data-ccp-props=\"{&quot;201341983&quot;:0,&quot;335551550&quot;:6,&quot;335551620&quot;:6,&quot;335559739&quot;:160,&quot;335559740&quot;:259}\">\u00a0<\/span><\/p>\n<h1><span style=\"color: #a10e2f;\">Modalit\u00e9s de candidature<\/span><\/h1>\n<h2><span style=\"color: #999999;\"><span style=\"color: #65696b;\">En cas de places vacantes<\/span><br \/>\n<\/span><\/h2>\n<p>\u00c9tude de dossier et entretien \u00e9ventuel par une commission p\u00e9dagogique compos\u00e9e des responsables p\u00e9dagogiques du dipl\u00f4me et\/ou d&#8217;enseignants-chercheurs intervenant dans le dipl\u00f4me :<span data-ccp-props=\"{&quot;201341983&quot;:0,&quot;335551550&quot;:6,&quot;335551620&quot;:6,&quot;335559739&quot;:160,&quot;335559740&quot;:259}\">\u00a0<\/span><\/p>\n<h2><span style=\"color: #65696b;\">En formation initiale<\/span><\/h2>\n<p>Pour les candidats issus de la formation initiale ayant <strong>valid\u00e9 un Master 1 RH ou un Master 1 AES parcours gestion des entreprises d\u2019une autre Universit\u00e9 ou un dipl\u00f4me reconnu \u00e9quivalent par la commission p\u00e9dagogique du Master<\/strong>.<\/p>\n<p>Les crit\u00e8res d&#8217;\u00e9tude de dossier reposent sur la qualit\u00e9 du dossier universitaire (moyennes obtenues dans les mati\u00e8res fondamentales, r\u00e9gularit\u00e9 des r\u00e9sultats, obtention de mentions), l&#8217;exp\u00e9rience professionnelle en lien avec le droit social appliqu\u00e9 ou les ressources humaines (stages, jobs \u00e9tudiants\/d&#8217;\u00e9t\u00e9 d\u2019au moins un mois), l&#8217;ad\u00e9quation du parcours ant\u00e9rieur \u00e0 la formation sollicit\u00e9e (suivi notamment d\u2019enseignements fondamentaux en droit du travail et de la protection sociale), l&#8217;ad\u00e9quation de la formation demand\u00e9e au projet professionnel du candidat, l\u2019obtention d\u2019un contrat d\u2019apprentissage ou de professionnalisation annuel avec une entreprise d\u2019accueil.<span data-ccp-props=\"{&quot;201341983&quot;:0,&quot;335551550&quot;:6,&quot;335551620&quot;:6,&quot;335559739&quot;:160,&quot;335559740&quot;:259}\">\u00a0<\/span><\/p>\n<h2><span style=\"color: #65696b;\">En formation continue<\/span><\/h2>\n<p>Pour les candidats issus de la formation continue <strong>titulaires<\/strong> d\u2019<strong>un Master 1 RH ou AES justifiant avoir suivi des enseignements en droit social<\/strong> leur permettant de ma\u00eetriser les fondamentaux du droit du travail ou\/et d\u2019une exp\u00e9rience certaine en droit social et en RH du fait de leur activit\u00e9 professionnelle, mandat ou autre.<\/p>\n<p>Pour les candidats issus de la formation continue <strong>non titulaires<\/strong> d\u2019<strong>un Master 1 en AES ou en RH ou \u00e9quivalent, par validation notamment d\u2019exp\u00e9riences professionnelles<\/strong> acquise au cours d&#8217;une activit\u00e9 salari\u00e9e ou non salari\u00e9e et d\u2019acquis personnels, en application des articles D613-38 \u00e0 50 du code de l\u2019\u00e9ducation.<\/p>\n<p>La demande est d\u00e9pos\u00e9e <strong>en m\u00eame temps que le dossier de candidature<\/strong> (s\u2019adresser au service de formation continue de l\u2019universit\u00e9 &#8211; 03.80.39.51.80). La s\u00e9lection repose notamment sur la justification d\u2019une exp\u00e9rience certaine en droit social et en RH du fait de l\u2019activit\u00e9 professionnelle, d\u2019un mandat ou autre.<span data-ccp-props=\"{&quot;201341983&quot;:0,&quot;335551550&quot;:6,&quot;335551620&quot;:6,&quot;335559739&quot;:160,&quot;335559740&quot;:259}\">\u00a0<\/span><\/p>\n<h1><span style=\"color: #a10e2f;\">Attendus \/ Pr\u00e9-requis<\/span><\/h1>\n<ul>\n<li>Obtention M1 G.G.E. (DIJON),<span data-ccp-props=\"{&quot;201341983&quot;:0,&quot;335551550&quot;:6,&quot;335551620&quot;:6,&quot;335559739&quot;:160,&quot;335559740&quot;:259}\">\u00a0<\/span><\/li>\n<li>Autres : voir modalit\u00e9s de candidatures<span data-ccp-props=\"{&quot;201341983&quot;:0,&quot;335551550&quot;:6,&quot;335551620&quot;:6,&quot;335559739&quot;:160,&quot;335559740&quot;:259}\">\u00a0<\/span><\/li>\n<\/ul>\n<p>&nbsp;<\/p>\n<p>&nbsp;<\/p>\n","protected":false},"excerpt":{"rendered":"<p>Conditions d&#8217;acc\u00e8s Les titulaires d\u2019un M1 AES GGE de l\u2019Universit\u00e9 Bourgogne Europe sont admissibles de droit en M2 avec de pr\u00e9f\u00e9rence un contrat d\u2019apprentissage ou de professionnalisation. \u00a0 La formation est aussi ouverte \u00e0 la formation continue. Les salari\u00e9s titulaires d&#8217;un dipl\u00f4me reconnu de Master 1 (Bac +4) peuvent postuler en prenant contact avec le&hellip;<\/p>\n<p class=\"more-link-p\"><a class=\"btn btn-primary\" href=\"https:\/\/blog.ube.fr\/droit-du-travail\/admission-master-droit-et-management-des-entreprises\/\">Voir plus &rarr;<\/a><\/p>\n","protected":false},"author":3615,"featured_media":0,"parent":0,"menu_order":0,"comment_status":"closed","ping_status":"closed","template":"","meta":{"footnotes":""},"class_list":["post-745","page","type-page","status-publish","hentry"],"_links":{"self":[{"href":"https:\/\/blog.ube.fr\/droit-du-travail\/wp-json\/wp\/v2\/pages\/745","targetHints":{"allow":["GET"]}}],"collection":[{"href":"https:\/\/blog.ube.fr\/droit-du-travail\/wp-json\/wp\/v2\/pages"}],"about":[{"href":"https:\/\/blog.ube.fr\/droit-du-travail\/wp-json\/wp\/v2\/types\/page"}],"author":[{"embeddable":true,"href":"https:\/\/blog.ube.fr\/droit-du-travail\/wp-json\/wp\/v2\/users\/3615"}],"replies":[{"embeddable":true,"href":"https:\/\/blog.ube.fr\/droit-du-travail\/wp-json\/wp\/v2\/comments?post=745"}],"version-history":[{"count":2,"href":"https:\/\/blog.ube.fr\/droit-du-travail\/wp-json\/wp\/v2\/pages\/745\/revisions"}],"predecessor-version":[{"id":898,"href":"https:\/\/blog.ube.fr\/droit-du-travail\/wp-json\/wp\/v2\/pages\/745\/revisions\/898"}],"wp:attachment":[{"href":"https:\/\/blog.ube.fr\/droit-du-travail\/wp-json\/wp\/v2\/media?parent=745"}],"curies":[{"name":"wp","href":"https:\/\/api.w.org\/{rel}","templated":true}]}}