{"id":733,"date":"2024-07-23T11:01:31","date_gmt":"2024-07-23T09:01:31","guid":{"rendered":"https:\/\/blog.u-bourgogne.fr\/droit-du-travail\/?page_id=733"},"modified":"2025-05-20T12:41:22","modified_gmt":"2025-05-20T10:41:22","slug":"acces-au-diplome-universitaire-droit-du-travail-expert","status":"publish","type":"page","link":"https:\/\/blog.ube.fr\/droit-du-travail\/acces-au-diplome-universitaire-droit-du-travail-expert\/","title":{"rendered":"Acc\u00e8s au Dipl\u00f4me Universitaire Droit du Travail Expert"},"content":{"rendered":"<h1><span style=\"color: #ff6600;\"><span style=\"color: #a10e2f;\">Formation continue<\/span><br \/>\n<\/span><\/h1>\n<p><i>Uniquement<\/i><span data-ccp-props=\"{&quot;134233117&quot;:true,&quot;134233118&quot;:true,&quot;201341983&quot;:0,&quot;335559739&quot;:160,&quot;335559740&quot;:240}\">\u00a0<\/span><\/p>\n<p><span data-ccp-props=\"{&quot;201341983&quot;:0,&quot;335559739&quot;:160,&quot;335559740&quot;:259}\">\u00a0<\/span>L\u2019acc\u00e8s est conditionn\u00e9 \u00e0 l\u2019existence d\u2019un statut, en cours de formation :<span data-ccp-props=\"{&quot;201341983&quot;:0,&quot;335551550&quot;:6,&quot;335551620&quot;:6,&quot;335559739&quot;:160,&quot;335559740&quot;:259}\">\u00a0<\/span><\/p>\n<ul>\n<li data-leveltext=\"\uf0b7\" data-font=\"Symbol\" data-listid=\"6\" aria-setsize=\"-1\" data-aria-posinset=\"1\" data-aria-level=\"3\">d\u2019actif en emploi (ex : salari\u00e9, profession lib\u00e9rale\u2026) ;<span data-ccp-props=\"{&quot;134233279&quot;:true,&quot;201341983&quot;:0,&quot;335559739&quot;:160,&quot;335559740&quot;:259}\">\u00a0<\/span><\/li>\n<\/ul>\n<ul>\n<li data-leveltext=\"\uf0b7\" data-font=\"Symbol\" data-listid=\"6\" aria-setsize=\"-1\" data-aria-posinset=\"1\" data-aria-level=\"3\">de stagiaire de la formation professionnelle.<span data-ccp-props=\"{&quot;201341983&quot;:0,&quot;335559738&quot;:40,&quot;335559739&quot;:0,&quot;335559740&quot;:259}\">\u00a0<\/span><\/li>\n<\/ul>\n<h1><span style=\"color: #a10e2f;\">Pr\u00e9-requis<\/span><\/h1>\n<p><i>Bac+4 ou exp\u00e9rience av\u00e9r\u00e9e<\/i><i> en lien avec le droit du travail et ma\u00eetrise des fondamentaux en droit du travail<\/i><span data-ccp-props=\"{&quot;134233117&quot;:true,&quot;134233118&quot;:true,&quot;201341983&quot;:0,&quot;335559739&quot;:160,&quot;335559740&quot;:240}\">\u00a0<\/span><\/p>\n<p>Admission sur dossier et entretien \u00e9ventuel de candidats :<span data-ccp-props=\"{&quot;201341983&quot;:0,&quot;335559739&quot;:160,&quot;335559740&quot;:259}\">\u00a0<\/span><\/p>\n<ul>\n<li style=\"list-style-type: none;\">\n<ul>\n<li data-leveltext=\"\uf0b7\" data-font=\"Symbol\" data-listid=\"6\" aria-setsize=\"-1\" data-aria-posinset=\"1\" data-aria-level=\"2\">Titulaires d\u2019un Master 1<span data-fontsize=\"12\">\u00e8re<\/span> ann\u00e9e dans le domaine \u00ab administration \u00e9conomique et sociale \u00bb parcours AGE ou dans le domaine \u00ab droit, sciences \u00e9conomiques et politique \u00bb avec un parcours de droit priv\u00e9 ou dans le domaine des ressources humaines<span data-ccp-props=\"{&quot;134233279&quot;:true,&quot;201341983&quot;:0,&quot;335559739&quot;:160,&quot;335559740&quot;:259}\">\u00a0<\/span><\/li>\n<li data-leveltext=\"\uf0b7\" data-font=\"Symbol\" data-listid=\"6\" aria-setsize=\"-1\" data-aria-posinset=\"2\" data-aria-level=\"2\">Ou justifiant d\u2019une exp\u00e9rience av\u00e9r\u00e9e en droit social permettant de ma\u00eetriser les fondamentaux du droit du travail<span data-ccp-props=\"{&quot;134233279&quot;:true,&quot;201341983&quot;:0,&quot;335559739&quot;:160,&quot;335559740&quot;:259}\">\u00a0<\/span><\/li>\n<\/ul>\n<\/li>\n<\/ul>\n<h1><span style=\"color: #a10e2f;\">Candidature<\/span><\/h1>\n<p>La campagne de d\u00e9p\u00f4t des candidatures est ouverte du 1er juin au 30 juin sur l\u2019application eCandidat de l\u2019Universit\u00e9 de Bourgogne.<span data-ccp-props=\"{&quot;134233117&quot;:true,&quot;134233118&quot;:true,&quot;201341983&quot;:0,&quot;335559739&quot;:160,&quot;335559740&quot;:240}\">\u00a0<\/span><\/p>\n<p>Nous vous invitons \u00e0 d\u00e9poser votre candidature en utilisant le<a href=\"https:\/\/ecandidat.u-bourgogne.fr\/ecandidat\/\"> lien suivant<\/a><span data-ccp-props=\"{&quot;134233117&quot;:true,&quot;134233118&quot;:true,&quot;201341983&quot;:0,&quot;335559739&quot;:160,&quot;335559740&quot;:240}\">\u00a0<\/span><\/p>\n<p>Il vous suffit ensuite de cliquer sur la liste d\u00e9roulante :<span data-ccp-props=\"{&quot;134233117&quot;:true,&quot;134233118&quot;:true,&quot;201341983&quot;:0,&quot;335559739&quot;:160,&quot;335559740&quot;:240}\">\u00a0<\/span><\/p>\n<p><em>Offre de formation \u2013 Droit, Sciences \u00e9conomiques et politique \u2013 Dipl\u00f4me d\u2019Universit\u00e9 2cycle \u2013 DU Droit du travail expert \/ FC.\u00a0<\/em><\/p>\n<h1><span style=\"color: #a10e2f;\">Tarifs et prise en charge<\/span><\/h1>\n<p><i>Droits d\u2019inscription et frais de formation<\/i><span data-ccp-props=\"{&quot;134233117&quot;:true,&quot;134233118&quot;:true,&quot;201341983&quot;:0,&quot;335559740&quot;:240}\">\u00a0<\/span><\/p>\n<p>Le co\u00fbt du Dipl\u00f4me d\u2019universit\u00e9 Droit du Travail Expert est de <b>2 800 \u20ac<\/b>. Il s\u2019y ajoute des droits d\u2019inscription universitaire annuel.<span data-ccp-props=\"{&quot;134233117&quot;:true,&quot;134233118&quot;:true,&quot;201341983&quot;:0,&quot;335559740&quot;:240}\">\u00a0<\/span><\/p>\n<p>En l\u2019absence de prise en charge, il n\u2019y a pas de r\u00e9duction de co\u00fbts de formation, mais seulement un \u00e9talement par tiers.<span data-ccp-props=\"{&quot;134233117&quot;:true,&quot;134233118&quot;:true,&quot;201341983&quot;:0,&quot;335559740&quot;:240}\">\u00a0<\/span><\/p>\n<p><span data-ccp-props=\"{&quot;134233117&quot;:true,&quot;134233118&quot;:true,&quot;201341983&quot;:0,&quot;335559740&quot;:240}\">\u00a0<\/span><\/p>\n<p>Modules th\u00e9matiques \u00e0 la carte possibles sous r\u00e9serve de places disponibles<span data-ccp-props=\"{&quot;134233117&quot;:true,&quot;134233118&quot;:true,&quot;201341983&quot;:0,&quot;335559740&quot;:240}\">\u00a0<\/span><\/p>\n<p>Le co\u00fbt d\u2019un module th\u00e9matique est de <b>700 \u20ac<\/b>.<span data-ccp-props=\"{&quot;134233117&quot;:true,&quot;134233118&quot;:true,&quot;201341983&quot;:0,&quot;335559740&quot;:240}\">\u00a0<\/span><\/p>\n<p>&nbsp;<\/p>\n<p>&nbsp;<\/p>\n","protected":false},"excerpt":{"rendered":"<p>Formation continue Uniquement\u00a0 \u00a0L\u2019acc\u00e8s est conditionn\u00e9 \u00e0 l\u2019existence d\u2019un statut, en cours de formation :\u00a0 d\u2019actif en emploi (ex : salari\u00e9, profession lib\u00e9rale\u2026) ;\u00a0 de stagiaire de la formation professionnelle.\u00a0 Pr\u00e9-requis Bac+4 ou exp\u00e9rience av\u00e9r\u00e9e en lien avec le droit du travail et ma\u00eetrise des fondamentaux en droit du travail\u00a0 Admission sur dossier et entretien&hellip;<\/p>\n<p class=\"more-link-p\"><a class=\"btn btn-primary\" href=\"https:\/\/blog.ube.fr\/droit-du-travail\/acces-au-diplome-universitaire-droit-du-travail-expert\/\">Voir plus &rarr;<\/a><\/p>\n","protected":false},"author":3615,"featured_media":0,"parent":0,"menu_order":0,"comment_status":"closed","ping_status":"closed","template":"","meta":{"footnotes":""},"class_list":["post-733","page","type-page","status-publish","hentry"],"_links":{"self":[{"href":"https:\/\/blog.ube.fr\/droit-du-travail\/wp-json\/wp\/v2\/pages\/733","targetHints":{"allow":["GET"]}}],"collection":[{"href":"https:\/\/blog.ube.fr\/droit-du-travail\/wp-json\/wp\/v2\/pages"}],"about":[{"href":"https:\/\/blog.ube.fr\/droit-du-travail\/wp-json\/wp\/v2\/types\/page"}],"author":[{"embeddable":true,"href":"https:\/\/blog.ube.fr\/droit-du-travail\/wp-json\/wp\/v2\/users\/3615"}],"replies":[{"embeddable":true,"href":"https:\/\/blog.ube.fr\/droit-du-travail\/wp-json\/wp\/v2\/comments?post=733"}],"version-history":[{"count":10,"href":"https:\/\/blog.ube.fr\/droit-du-travail\/wp-json\/wp\/v2\/pages\/733\/revisions"}],"predecessor-version":[{"id":906,"href":"https:\/\/blog.ube.fr\/droit-du-travail\/wp-json\/wp\/v2\/pages\/733\/revisions\/906"}],"wp:attachment":[{"href":"https:\/\/blog.ube.fr\/droit-du-travail\/wp-json\/wp\/v2\/media?parent=733"}],"curies":[{"name":"wp","href":"https:\/\/api.w.org\/{rel}","templated":true}]}}