{"id":69,"date":"2017-02-21T09:48:59","date_gmt":"2017-02-21T08:48:59","guid":{"rendered":"http:\/\/blog.u-bourgogne.fr\/droit-du-travail\/?page_id=69"},"modified":"2026-03-11T16:11:19","modified_gmt":"2026-03-11T15:11:19","slug":"formations-revue-ligne","status":"publish","type":"page","link":"https:\/\/blog.ube.fr\/droit-du-travail\/","title":{"rendered":"Droit du travail : formation continue en partie \u00e0 distance"},"content":{"rendered":"<p><strong><span style=\"color: #e84d0e;\"><span style=\"color: #a10e2f;\">DES FORMATIONS CONTINUES A VOTRE MESURE<\/span><br \/>\n<\/span><\/strong><br \/>\nEn droit du travail, l\u2019<span style=\"color: #a10e2f;\"><a style=\"color: #a10e2f;\" href=\"https:\/\/www.ube.fr\/\">Universit\u00e9 Bourgogne<\/a> Europe<\/span> propose des <a href=\"http:\/\/blog.ube.fr\/droit-du-travail\/presentation\/\"><span style=\"color: #a10e2f;\">formations continues en partie \u00e0 distance<\/span><\/a> avec deux niveaux de sp\u00e9cialisation (appliqu\u00e9 et expert), des dipl\u00f4mes (Dipl\u00f4mes d\u2019universit\u00e9 et Masters) ou des modules th\u00e9matiques \u00e0 la carte. Ces formations permettent :<\/p>\n<ul>\n<li>De partir de son v\u00e9cu pour aborder des questions de droit du travail ;<\/li>\n<li>De se former \u00e0 son rythme, chez soi ou au travail ;<\/li>\n<li>De faire reconna\u00eetre une sp\u00e9cialisation d\u2019intervention.<\/li>\n<\/ul>\n<p>Ce sont :<\/p>\n<ul>\n<li>Le Dipl\u00f4me Universitaire Droit du Travail Appliqu\u00e9 ;<\/li>\n<li>Le Dipl\u00f4me Universitaire Droit du Travail Expert<\/li>\n<li>Le Master Droit Social<\/li>\n<li>Le Master 2 Droit et Management des Entreprises<\/li>\n<\/ul>\n<p>Leurs objectifs et modalit\u00e9s d\u2019organisation offrent flexibilit\u00e9 et adaptabilit\u00e9 \u00e0 vos besoins de formation.<\/p>\n","protected":false},"excerpt":{"rendered":"<p>DES FORMATIONS CONTINUES A VOTRE MESURE En droit du travail, l\u2019Universit\u00e9 Bourgogne Europe propose des formations continues en partie \u00e0 distance avec deux niveaux de sp\u00e9cialisation (appliqu\u00e9 et expert), des dipl\u00f4mes (Dipl\u00f4mes d\u2019universit\u00e9 et Masters) ou des modules th\u00e9matiques \u00e0 la carte. Ces formations permettent : De partir de son v\u00e9cu pour aborder des questions&hellip;<\/p>\n<p class=\"more-link-p\"><a class=\"btn btn-primary\" href=\"https:\/\/blog.ube.fr\/droit-du-travail\/\">Voir plus &rarr;<\/a><\/p>\n","protected":false},"author":345,"featured_media":0,"parent":0,"menu_order":0,"comment_status":"closed","ping_status":"closed","template":"","meta":{"footnotes":""},"class_list":["post-69","page","type-page","status-publish","hentry"],"_links":{"self":[{"href":"https:\/\/blog.ube.fr\/droit-du-travail\/wp-json\/wp\/v2\/pages\/69","targetHints":{"allow":["GET"]}}],"collection":[{"href":"https:\/\/blog.ube.fr\/droit-du-travail\/wp-json\/wp\/v2\/pages"}],"about":[{"href":"https:\/\/blog.ube.fr\/droit-du-travail\/wp-json\/wp\/v2\/types\/page"}],"author":[{"embeddable":true,"href":"https:\/\/blog.ube.fr\/droit-du-travail\/wp-json\/wp\/v2\/users\/345"}],"replies":[{"embeddable":true,"href":"https:\/\/blog.ube.fr\/droit-du-travail\/wp-json\/wp\/v2\/comments?post=69"}],"version-history":[{"count":53,"href":"https:\/\/blog.ube.fr\/droit-du-travail\/wp-json\/wp\/v2\/pages\/69\/revisions"}],"predecessor-version":[{"id":945,"href":"https:\/\/blog.ube.fr\/droit-du-travail\/wp-json\/wp\/v2\/pages\/69\/revisions\/945"}],"wp:attachment":[{"href":"https:\/\/blog.ube.fr\/droit-du-travail\/wp-json\/wp\/v2\/media?parent=69"}],"curies":[{"name":"wp","href":"https:\/\/api.w.org\/{rel}","templated":true}]}}