{"id":566,"date":"2017-08-30T12:37:54","date_gmt":"2017-08-30T10:37:54","guid":{"rendered":"http:\/\/blog.u-bourgogne.fr\/droit-du-travail\/?page_id=566"},"modified":"2017-08-30T16:54:54","modified_gmt":"2017-08-30T14:54:54","slug":"veille-2nde-quinzaine-mois","status":"publish","type":"page","link":"https:\/\/blog.ube.fr\/droit-du-travail\/veille-2nde-quinzaine-mois\/","title":{"rendered":"Veille 2nde quinzaine du mois"},"content":{"rendered":"<p><span id=\"OBJ_PREFIX_DWT112_com_zimbra_url\" class=\"Object\"><span style=\"color: #000000\"><span style=\"color: #ff6600\"><strong>Veille juridique 2017 n\u00b02 : du 14-08-17 au 27-08-17<\/strong><\/span><\/span><\/span><\/p>\n<p><span id=\"OBJ_PREFIX_DWT112_com_zimbra_url\" class=\"Object\"><a class=\"moz-txt-link-rfc2396E\" href=\"http:\/\/&quot;https:\/\/mediaserveur.u-bourgogne.fr\/permalink\/v125844f24cf41kw1br7\/iframe&quot;\" target=\"_blank\" rel=\"noopener noreferrer\">\n<!-- iframe plugin v.6.0 wordpress.org\/plugins\/iframe\/ -->\n<iframe loading=\"lazy\" src=\"https:\/\/mediaserveur.u-bourgogne.fr\/permalink\/v125863299ff3b90cl4a\/\/iframe\" width=\"100%\" height=\"500\" scrolling=\"yes\" class=\"iframe-class\" frameborder=\"0\"><\/iframe>\n<\/a><\/span><\/p>\n<div>\u00a0<strong>Actualit\u00e9<\/strong><strong> sociale<br \/>\n<\/strong><\/div>\n<div>\n<div>\n<ul>\n<li>Gel des contrats aid\u00e9s\n<ul style=\"list-style-type: circle\">\n<li>Romaric Godin et Manuel Jardinaud, <a href=\"https:\/\/www.mediapart.fr\/journal\/economie\/240817\/gel-des-contrats-aides-un-non-sens-social?onglet=full\" target=\"_blank\" rel=\"noopener noreferrer\">Gel des contrats aid\u00e9s<\/a>, Mediapart 24 ao\u00fbt 2017 (sur abonnement)<\/li>\n<li><a href=\"http:\/\/www.amf.asso.fr\/document\/fichier.asp?FTP=AMF_24758TELECHARGER_LE_COURRIER_DE_L_AMF.pdf&amp;ID_DOC=24758&amp;DOT_N_ID=25\" target=\"_blank\" rel=\"noopener noreferrer\">Lettre de l&#8217;AMF en date du 8 ao\u00fbt 2016<\/a><\/li>\n<\/ul>\n<\/li>\n<\/ul>\n<ul>\n<li>Travail d\u00e9tach\u00e9 :\n<ul style=\"list-style-type: circle\">\n<li>Jean-Baptiste Chastand, <a href=\"http:\/\/www.lemonde.fr\/europe\/article\/2017\/08\/23\/travail-detache-macron-obtient-un-geste-de-l-europe-centrale_5175773_3214.html#lJMgd7DugHAuhmhH.99\" target=\"_blank\" rel=\"noopener noreferrer\">Travail d\u00e9tach\u00e9 : Macron obtient un geste de l\u2019Europe centrale<\/a>, Le Monde du 23-08-17<\/li>\n<li><a href=\"http:\/\/www.lemonde.fr\/europe\/article\/2017\/08\/23\/pour-macron-la-directive-sur-les-travailleurs-detaches-est-une-trahison-des-fondamentaux-de-l-europe_5175661_3214.html#UTOvWB8ma0e3yCpW.99\" target=\"_blank\" rel=\"noopener noreferrer\">Pour Emmanuel Macron, la directive sur les travailleurs d\u00e9tach\u00e9s est une \u00ab trahison de l\u2019esprit europ\u00e9en<\/a>, Le Monde du 23-08-17<\/li>\n<li>Emmanuel Berretta, <a href=\"http:\/\/www.lepoint.fr\/politique\/emmanuel-berretta\/travailleurs-detaches-les-4-changements-defendus-par-macron-22-08-2017-2151492_1897.php\" target=\"_blank\" rel=\"noopener noreferrer\">Travailleurs d\u00e9tach\u00e9s : les 4 changements d\u00e9fendus par Macron<\/a>, Le Point du 22-08-17<\/li>\n<li>Travail d\u00e9tach\u00e9: <a href=\"http:\/\/www.lexpress.fr\/actualite\/monde\/europe\/travail-detache-macron-cherche-un-vrai-compromis-avec-l-europe-de-l-est_1937254.html\" target=\"_blank\" rel=\"noopener noreferrer\">Macron cherche un &#8220;vrai compromis&#8221; avec l&#8217;Europe de l&#8217;est<\/a>, L\u2019express du 22-08-17<\/li>\n<\/ul>\n<\/li>\n<\/ul>\n<div>\n<div>\n<div>\n<ul>\n<li>Travail d\u00e9tach\u00e9 :<\/li>\n<\/ul>\n<\/div>\n<\/div>\n<\/div>\n<div><strong>Actualit\u00e9<\/strong><strong> jurisprudentielle<br \/>\n<\/strong><\/div>\n<ul>\n<li><a href=\"https:\/\/legimobile.fr\/fr\/jp\/c\/cdc\/qpc\/2017-652\/\" target=\"_blank\" rel=\"noopener noreferrer\">D\u00e9cision Conseil constitutionnel 2017-652 QPC du 4 ao\u00fbt 2017<\/a><\/li>\n<li><a href=\"https:\/\/legimobile.fr\/fr\/jp\/c\/cdc\/qpc\/2017-652\/\" target=\"_blank\" rel=\"noopener noreferrer\">Communiqu\u00e9 de presse du Conseil Constitutionnel<br \/>\n<\/a><\/li>\n<li><a href=\"http:\/\/www.conseil-constitutionnel.fr\/conseil-constitutionnel\/root\/bank\/download\/2017652QPC2017652qpc_ccc.pdf\">Commentaire du Conseil Constitutionnel <\/a><\/li>\n<\/ul>\n<\/div>\n<\/div>\n","protected":false},"excerpt":{"rendered":"<p>Veille juridique 2017 n\u00b02 : du 14-08-17 au 27-08-17 \u00a0Actualit\u00e9 sociale Gel des contrats aid\u00e9s Romaric Godin et Manuel Jardinaud, Gel des contrats aid\u00e9s, Mediapart 24 ao\u00fbt 2017 (sur abonnement) Lettre de l&#8217;AMF en date du 8 ao\u00fbt 2016 Travail d\u00e9tach\u00e9 : Jean-Baptiste Chastand, Travail d\u00e9tach\u00e9 : Macron obtient un geste de l\u2019Europe centrale, Le&hellip;<\/p>\n<p class=\"more-link-p\"><a class=\"btn btn-primary\" href=\"https:\/\/blog.ube.fr\/droit-du-travail\/veille-2nde-quinzaine-mois\/\">Voir plus &rarr;<\/a><\/p>\n","protected":false},"author":345,"featured_media":0,"parent":0,"menu_order":0,"comment_status":"closed","ping_status":"closed","template":"","meta":{"footnotes":""},"class_list":["post-566","page","type-page","status-publish","hentry"],"_links":{"self":[{"href":"https:\/\/blog.ube.fr\/droit-du-travail\/wp-json\/wp\/v2\/pages\/566","targetHints":{"allow":["GET"]}}],"collection":[{"href":"https:\/\/blog.ube.fr\/droit-du-travail\/wp-json\/wp\/v2\/pages"}],"about":[{"href":"https:\/\/blog.ube.fr\/droit-du-travail\/wp-json\/wp\/v2\/types\/page"}],"author":[{"embeddable":true,"href":"https:\/\/blog.ube.fr\/droit-du-travail\/wp-json\/wp\/v2\/users\/345"}],"replies":[{"embeddable":true,"href":"https:\/\/blog.ube.fr\/droit-du-travail\/wp-json\/wp\/v2\/comments?post=566"}],"version-history":[{"count":5,"href":"https:\/\/blog.ube.fr\/droit-du-travail\/wp-json\/wp\/v2\/pages\/566\/revisions"}],"predecessor-version":[{"id":576,"href":"https:\/\/blog.ube.fr\/droit-du-travail\/wp-json\/wp\/v2\/pages\/566\/revisions\/576"}],"wp:attachment":[{"href":"https:\/\/blog.ube.fr\/droit-du-travail\/wp-json\/wp\/v2\/media?parent=566"}],"curies":[{"name":"wp","href":"https:\/\/api.w.org\/{rel}","templated":true}]}}