{"id":166,"date":"2017-03-17T15:03:37","date_gmt":"2017-03-17T14:03:37","guid":{"rendered":"http:\/\/blog.u-bourgogne.fr\/droit-du-travail\/?page_id=166"},"modified":"2025-05-20T12:27:25","modified_gmt":"2025-05-20T10:27:25","slug":"organisation","status":"publish","type":"page","link":"https:\/\/blog.ube.fr\/droit-du-travail\/organisation\/","title":{"rendered":"Organisation"},"content":{"rendered":"<p>Le Master 1 Droit social est ouvert uniquement \u00e0 la formation initiale et a lieu totalement en pr\u00e9sentiel.<span data-ccp-props=\"{&quot;201341983&quot;:0,&quot;335559739&quot;:160,&quot;335559740&quot;:259}\">\u00a0<\/span><\/p>\n<p>Le Master 2 Droit social (mention droit des affaires) et le Master 2 Droit et management des entreprises (mention AES) sont ouverts \u00e0 la formation initiale, \u00e0 l&#8217;alternance et \u00e0 la formation continue sous format hybride c&#8217;est-\u00e0-dire \u00e0 la fois en pr\u00e9sentiel et en distanciel.<span data-ccp-props=\"{&quot;201341983&quot;:0,&quot;335559739&quot;:160,&quot;335559740&quot;:259}\">\u00a0<\/span><\/p>\n<p>Les DU &#8220;Droit du travail appliqu\u00e9&#8221; et &#8220;Droit du travail expert&#8221; sont ouverts uniquement \u00e0 la formation continue sous format hybride pr\u00e9sentiel et distanciel.<span data-ccp-props=\"{&quot;201341983&quot;:0,&quot;335559739&quot;:160,&quot;335559740&quot;:259}\">\u00a0<\/span><\/p>\n<p><strong><span style=\"color: #e84d0e;\"><span style=\"color: #a10e2f;\">L&#8217;HYBRIDATION : FOAD ET REGROUPEMENTS<\/span><br \/>\n<\/span><\/strong><\/p>\n<p>Les Masters 2 et DU sont compatibles avec l\u2019activit\u00e9 professionnelle et permettent de se former \u00e0 son rythme, chez soi ou au travail. Ces formations sont constitu\u00e9es de s\u00e9quences de formation \u00e0 distance et de regroupements en pr\u00e9sentiel sur Dijon. <span data-ccp-props=\"{&quot;201341983&quot;:0,&quot;335559739&quot;:160,&quot;335559740&quot;:259}\">\u00a0<\/span><\/p>\n<p><strong><span style=\"color: #e84d0e;\"><span style=\"color: #a10e2f;\">L\u2019\u00c9TALEMENT DE LA FORMATION<\/span><br \/>\n<\/span><\/strong><\/p>\n<p>L\u2019\u00e9talement des formations diff\u00e8re :<span data-ccp-props=\"{&quot;201341983&quot;:0,&quot;335559739&quot;:160,&quot;335559740&quot;:259}\">\u00a0<\/span><\/p>\n<ul>\n<li data-leveltext=\"\uf0b7\" data-font=\"Symbol\" data-listid=\"1\" aria-setsize=\"-1\" data-aria-posinset=\"1\" data-aria-level=\"1\">Le Master 1 Droit social (443h-470h) est sur un an;<span data-ccp-props=\"{&quot;134233279&quot;:true,&quot;201341983&quot;:0,&quot;335559739&quot;:160,&quot;335559740&quot;:259}\">\u00a0<\/span><\/li>\n<li data-leveltext=\"\uf0b7\" data-font=\"Symbol\" data-listid=\"1\" aria-setsize=\"-1\" data-aria-posinset=\"2\" data-aria-level=\"1\">Les Masters 2 (420 h) sont sur deux ans en formation continue et sur un an en alternance et en formation initiale ;<span data-ccp-props=\"{&quot;134233279&quot;:true,&quot;201341983&quot;:0,&quot;335559739&quot;:160,&quot;335559740&quot;:259}\">\u00a0<\/span><\/li>\n<li data-leveltext=\"\uf0b7\" data-font=\"Symbol\" data-listid=\"1\" aria-setsize=\"-1\" data-aria-posinset=\"3\" data-aria-level=\"1\">Le Dipl\u00f4me Universitaire Droit du Travail Expert (120 h) est sur 12 ou 24 mois ;<span data-ccp-props=\"{&quot;134233279&quot;:true,&quot;201341983&quot;:0,&quot;335559739&quot;:160,&quot;335559740&quot;:259}\">\u00a0<\/span><\/li>\n<li data-leveltext=\"\uf0b7\" data-font=\"Symbol\" data-listid=\"1\" aria-setsize=\"-1\" data-aria-posinset=\"4\" data-aria-level=\"1\">Le Dipl\u00f4me Universitaire Droit du Travail Appliqu\u00e9 (120 h) est sur un an ;<span data-ccp-props=\"{&quot;134233279&quot;:true,&quot;201341983&quot;:0,&quot;335559739&quot;:160,&quot;335559740&quot;:259}\">\u00a0<\/span><\/li>\n<\/ul>\n<ul>\n<li data-leveltext=\"\uf0b7\" data-font=\"Symbol\" data-listid=\"1\" aria-setsize=\"-1\" data-aria-posinset=\"1\" data-aria-level=\"1\">Les modules th\u00e9matiques \u00e0 la carte (24h) sont chacun sur 8 semaines.<span data-ccp-props=\"{&quot;134233279&quot;:true,&quot;201341983&quot;:0,&quot;335559739&quot;:160,&quot;335559740&quot;:259}\">\u00a0<\/span><\/li>\n<\/ul>\n<p>&nbsp;<\/p>\n<p>&nbsp;<\/p>\n","protected":false},"excerpt":{"rendered":"<p>Le Master 1 Droit social est ouvert uniquement \u00e0 la formation initiale et a lieu totalement en pr\u00e9sentiel.\u00a0 Le Master 2 Droit social (mention droit des affaires) et le Master 2 Droit et management des entreprises (mention AES) sont ouverts \u00e0 la formation initiale, \u00e0 l&#8217;alternance et \u00e0 la formation continue sous format hybride c&#8217;est-\u00e0-dire&hellip;<\/p>\n<p class=\"more-link-p\"><a class=\"btn btn-primary\" href=\"https:\/\/blog.ube.fr\/droit-du-travail\/organisation\/\">Voir plus &rarr;<\/a><\/p>\n","protected":false},"author":345,"featured_media":0,"parent":0,"menu_order":0,"comment_status":"closed","ping_status":"closed","template":"","meta":{"footnotes":""},"class_list":["post-166","page","type-page","status-publish","hentry"],"_links":{"self":[{"href":"https:\/\/blog.ube.fr\/droit-du-travail\/wp-json\/wp\/v2\/pages\/166","targetHints":{"allow":["GET"]}}],"collection":[{"href":"https:\/\/blog.ube.fr\/droit-du-travail\/wp-json\/wp\/v2\/pages"}],"about":[{"href":"https:\/\/blog.ube.fr\/droit-du-travail\/wp-json\/wp\/v2\/types\/page"}],"author":[{"embeddable":true,"href":"https:\/\/blog.ube.fr\/droit-du-travail\/wp-json\/wp\/v2\/users\/345"}],"replies":[{"embeddable":true,"href":"https:\/\/blog.ube.fr\/droit-du-travail\/wp-json\/wp\/v2\/comments?post=166"}],"version-history":[{"count":23,"href":"https:\/\/blog.ube.fr\/droit-du-travail\/wp-json\/wp\/v2\/pages\/166\/revisions"}],"predecessor-version":[{"id":890,"href":"https:\/\/blog.ube.fr\/droit-du-travail\/wp-json\/wp\/v2\/pages\/166\/revisions\/890"}],"wp:attachment":[{"href":"https:\/\/blog.ube.fr\/droit-du-travail\/wp-json\/wp\/v2\/media?parent=166"}],"curies":[{"name":"wp","href":"https:\/\/api.w.org\/{rel}","templated":true}]}}