{"id":153,"date":"2017-03-15T16:28:01","date_gmt":"2017-03-15T15:28:01","guid":{"rendered":"http:\/\/blog.u-bourgogne.fr\/droit-du-travail\/?page_id=153"},"modified":"2025-05-20T12:38:48","modified_gmt":"2025-05-20T10:38:48","slug":"droit-travail-applique","status":"publish","type":"page","link":"https:\/\/blog.ube.fr\/droit-du-travail\/droit-travail-applique\/","title":{"rendered":"Acc\u00e8s au Dipl\u00f4me Universitaire de Droit du Travail Appliqu\u00e9"},"content":{"rendered":"<p><span style=\"font-size: 14pt; color: #ff6600;\"><strong><span style=\"color: #e84d0e;\"><span style=\"color: #a10e2f;\">FORMATION CONTINUE<\/span><br \/>\n<\/span><\/strong><\/span><em>Uniquement<\/em><strong><br \/>\n<\/strong><\/p>\n<p>La formation propos\u00e9e est accessible dans le cadre de la formation continue. Il faut justifier d\u2019un statut, en cours de formation :<\/p>\n<ul>\n<li>D\u2019actif en emploi (ex : salari\u00e9, profession lib\u00e9rale\u2026) ;<\/li>\n<li>De stagiaire de la formation professionnelle.<\/li>\n<\/ul>\n<p><span style=\"font-size: 14pt; color: #a10e2f;\"><strong>PR\u00c9REQUIS<\/strong><\/span><\/p>\n<p><span class=\"TextRun SCXW143592159\" lang=\"FR-FR\" xml:lang=\"FR-FR\"><span class=\"NormalTextRun SCXW143592159\">Baccalaur\u00e9at <\/span><\/span><span class=\"TextRun SCXW143592159\" lang=\"FR-FR\" xml:lang=\"FR-FR\"><span class=\"NormalTextRun SCXW143592159\">ou certification de niveau 4 et<\/span><\/span><span class=\"TextRun SCXW143592159\" lang=\"FR-FR\" xml:lang=\"FR-FR\"><span class=\"NormalTextRun SCXW143592159\"> exp\u00e9rience <\/span><\/span><span class=\"TextRun SCXW143592159\" lang=\"FR-FR\" xml:lang=\"FR-FR\"><span class=\"NormalTextRun SCXW143592159\">significative en lien avec le droit du travail<\/span><\/span><\/p>\n<p><span style=\"font-size: 14pt; color: #a10e2f;\"><strong>CANDIDATURES<\/strong><\/span><\/p>\n<div>Nous vous informons que la campagne de d\u00e9p\u00f4t des candidatures est ouverte du 15 juin au 15 juillet.<\/div>\n<div><\/div>\n<div>Nous vous invitons \u00e0 d\u00e9poser votre candidature <a href=\"https:\/\/ecandidat.u-bourgogne.fr\/ecandidat\/connect#!offreFormationView\"><span style=\"color: #a10e2f;\">sur l&#8217;application eCandidat de l&#8217;Universit\u00e9 Bourgogne Europe.<\/span><\/a><span id=\"OBJ_PREFIX_DWT1551_com_zimbra_url\" class=\"Object\"><span id=\"OBJ_PREFIX_DWT1555_com_zimbra_url\" class=\"Object\"><span id=\"OBJ_PREFIX_DWT370_com_zimbra_url\" class=\"Object\"><span id=\"OBJ_PREFIX_DWT372_com_zimbra_url\" class=\"Object\"><span id=\"OBJ_PREFIX_DWT10106_com_zimbra_url\" class=\"Object\" role=\"link\"><span id=\"OBJ_PREFIX_DWT10111_com_zimbra_url\" class=\"Object\" role=\"link\"><\/span><\/span><\/span><\/span><\/span><\/span><span id=\"OBJ_PREFIX_DWT6732_com_zimbra_url\" class=\"Object\"><span id=\"OBJ_PREFIX_DWT6748_com_zimbra_url\" class=\"Object\"><span id=\"OBJ_PREFIX_DWT5063_com_zimbra_url\" class=\"Object\"><span id=\"OBJ_PREFIX_DWT5075_com_zimbra_url\" class=\"Object\"><\/span><\/span><\/span><\/span><\/div>\n<div>\n<div>Il vous suffit ensuite de cliquer sur la liste d\u00e9roulante :<\/div>\n<div><\/div>\n<div><em>Offre de formation &#8211; Droit, Sciences \u00e9conomiques et politique &#8211; Dipl\u00f4me d&#8217;Universit\u00e9 1cycle &#8211; DU Droit du travail appliqu\u00e9 \/ FC.<\/em><\/div>\n<div>\n<p>Une seconde campagne est organis\u00e9e du 19 ao\u00fbt au 16 septembre sous r\u00e9serve de places disponibles.<span data-ccp-props=\"{&quot;201341983&quot;:0,&quot;335551550&quot;:6,&quot;335551620&quot;:6,&quot;335559739&quot;:160,&quot;335559740&quot;:259}\">\u00a0<\/span><\/p>\n<\/div>\n<\/div>\n<p><strong><span style=\"font-size: 14pt; color: #ff6600;\"><span style=\"color: #e84d0e;\"><span style=\"color: #a10e2f;\">CO\u00dbT ET PRISE EN CHARGE<\/span><br \/>\n<\/span><\/span><\/strong><em>Droits d&#8217;inscription + frais de formation<\/em><\/p>\n<p>Afin de conna\u00eetre les frais de formation et les droits d&#8217;inscription universitaire, merci de contacter\u00a0 : <strong><span style=\"text-decoration: underline;\">formation.continue-droit@ube.fr<\/span><br \/>\n<\/strong><\/p>\n<p><b>Formation \u00e9ligible au CPF (Compte Personnel de Formation)<\/b><b>\u00a0<\/b><span data-ccp-props=\"{&quot;201341983&quot;:0,&quot;335559739&quot;:160,&quot;335559740&quot;:259}\">\u00a0<\/span><\/p>\n<table>\n<tbody>\n<tr>\n<td><\/td>\n<\/tr>\n<\/tbody>\n<\/table>\n","protected":false},"excerpt":{"rendered":"<p>FORMATION CONTINUE Uniquement La formation propos\u00e9e est accessible dans le cadre de la formation continue. Il faut justifier d\u2019un statut, en cours de formation : D\u2019actif en emploi (ex : salari\u00e9, profession lib\u00e9rale\u2026) ; De stagiaire de la formation professionnelle. PR\u00c9REQUIS Baccalaur\u00e9at ou certification de niveau 4 et exp\u00e9rience significative en lien avec le droit&hellip;<\/p>\n<p class=\"more-link-p\"><a class=\"btn btn-primary\" href=\"https:\/\/blog.ube.fr\/droit-du-travail\/droit-travail-applique\/\">Voir plus &rarr;<\/a><\/p>\n","protected":false},"author":345,"featured_media":0,"parent":0,"menu_order":0,"comment_status":"closed","ping_status":"closed","template":"","meta":{"footnotes":""},"class_list":["post-153","page","type-page","status-publish","hentry"],"_links":{"self":[{"href":"https:\/\/blog.ube.fr\/droit-du-travail\/wp-json\/wp\/v2\/pages\/153","targetHints":{"allow":["GET"]}}],"collection":[{"href":"https:\/\/blog.ube.fr\/droit-du-travail\/wp-json\/wp\/v2\/pages"}],"about":[{"href":"https:\/\/blog.ube.fr\/droit-du-travail\/wp-json\/wp\/v2\/types\/page"}],"author":[{"embeddable":true,"href":"https:\/\/blog.ube.fr\/droit-du-travail\/wp-json\/wp\/v2\/users\/345"}],"replies":[{"embeddable":true,"href":"https:\/\/blog.ube.fr\/droit-du-travail\/wp-json\/wp\/v2\/comments?post=153"}],"version-history":[{"count":13,"href":"https:\/\/blog.ube.fr\/droit-du-travail\/wp-json\/wp\/v2\/pages\/153\/revisions"}],"predecessor-version":[{"id":902,"href":"https:\/\/blog.ube.fr\/droit-du-travail\/wp-json\/wp\/v2\/pages\/153\/revisions\/902"}],"wp:attachment":[{"href":"https:\/\/blog.ube.fr\/droit-du-travail\/wp-json\/wp\/v2\/media?parent=153"}],"curies":[{"name":"wp","href":"https:\/\/api.w.org\/{rel}","templated":true}]}}