{"id":2,"date":"2022-10-20T11:25:13","date_gmt":"2022-10-20T09:25:13","guid":{"rendered":"https:\/\/blog.u-bourgogne.fr\/doctorantsduledi\/?page_id=2"},"modified":"2022-11-18T16:46:35","modified_gmt":"2022-11-18T15:46:35","slug":"page-d-exemple","status":"publish","type":"page","link":"https:\/\/blog.ube.fr\/doctorantsduledi\/page-d-exemple\/","title":{"rendered":"\u00c0 propos"},"content":{"rendered":"\r\n\r\n\r\n<blockquote class=\"wp-block-quote is-layout-flow wp-block-quote-is-layout-flow\">\r\n<p>Bonjour et bienvenue sur le Blog des doctorants du LEDi !<\/p>\r\n<\/blockquote>\r\n\r\n\r\n\r\n<p>Le laboratoire d&#8217;\u00c9conomie de Dijon (LEDi)\u00a0 de l&#8217;Universit\u00e9 de Bourgogne, rattach\u00e9 \u00e0 l\u2019\u00e9cole doctorale<a href=\"http:\/\/edlisit.u-bourgogne.fr\/\" target=\"_blank\" rel=\"noopener\"> DGEP<\/a> (Droit, Gestion, sciences Economiques et Politiques), regroupe l&#8217;ensemble des \u00e9conomistes de Dijon au sein de trois th\u00e9matiques : l&#8217;\u00c9conomie de la Sant\u00e9, l&#8217;\u00c9conomie des Territoires et de l&#8217;Environnement et l&#8217;\u00c9conomie Mon\u00e9taire et Financi\u00e8re. Associant recherches th\u00e9oriques et travaux empiriques, le LEDi r\u00e9pond aux questions scientifiques et aux enjeux soci\u00e9taux contemporains.<br \/><br \/>Ce blog a pour vocation de partager le travail et le quotidien des doctorants du laboratoire.<\/p>\r\n<p>&nbsp;<\/p>\r\n","protected":false},"excerpt":{"rendered":"<p>Bonjour et bienvenue sur le Blog des doctorants du LEDi ! Le laboratoire d&#8217;\u00c9conomie de Dijon (LEDi)\u00a0 de l&#8217;Universit\u00e9 de Bourgogne, rattach\u00e9 \u00e0 l\u2019\u00e9cole doctorale DGEP (Droit, Gestion, sciences Economiques et Politiques), regroupe l&#8217;ensemble des \u00e9conomistes de Dijon au sein de trois th\u00e9matiques : l&#8217;\u00c9conomie de la Sant\u00e9, l&#8217;\u00c9conomie des Territoires et de l&#8217;Environnement et&hellip;<\/p>\n<p class=\"more-link-p\"><a class=\"btn btn-primary\" href=\"https:\/\/blog.ube.fr\/doctorantsduledi\/page-d-exemple\/\">Voir plus &rarr;<\/a><\/p>\n","protected":false},"author":395,"featured_media":0,"parent":0,"menu_order":0,"comment_status":"closed","ping_status":"open","template":"","meta":{"footnotes":""},"class_list":["post-2","page","type-page","status-publish","hentry"],"_links":{"self":[{"href":"https:\/\/blog.ube.fr\/doctorantsduledi\/wp-json\/wp\/v2\/pages\/2","targetHints":{"allow":["GET"]}}],"collection":[{"href":"https:\/\/blog.ube.fr\/doctorantsduledi\/wp-json\/wp\/v2\/pages"}],"about":[{"href":"https:\/\/blog.ube.fr\/doctorantsduledi\/wp-json\/wp\/v2\/types\/page"}],"author":[{"embeddable":true,"href":"https:\/\/blog.ube.fr\/doctorantsduledi\/wp-json\/wp\/v2\/users\/395"}],"replies":[{"embeddable":true,"href":"https:\/\/blog.ube.fr\/doctorantsduledi\/wp-json\/wp\/v2\/comments?post=2"}],"version-history":[{"count":3,"href":"https:\/\/blog.ube.fr\/doctorantsduledi\/wp-json\/wp\/v2\/pages\/2\/revisions"}],"predecessor-version":[{"id":24,"href":"https:\/\/blog.ube.fr\/doctorantsduledi\/wp-json\/wp\/v2\/pages\/2\/revisions\/24"}],"wp:attachment":[{"href":"https:\/\/blog.ube.fr\/doctorantsduledi\/wp-json\/wp\/v2\/media?parent=2"}],"curies":[{"name":"wp","href":"https:\/\/api.w.org\/{rel}","templated":true}]}}