{"id":35,"date":"2018-06-26T15:15:59","date_gmt":"2018-06-26T13:15:59","guid":{"rendered":"http:\/\/blog.u-bourgogne.fr\/chorale-u\/?page_id=35"},"modified":"2018-06-26T16:50:32","modified_gmt":"2018-06-26T14:50:32","slug":"ecoutez-nous","status":"publish","type":"page","link":"https:\/\/blog.ube.fr\/chorale-u\/ecoutez-nous\/","title":{"rendered":"Ecoutez-nous !"},"content":{"rendered":"<h1>Quelques extraits vid\u00e9os des programmes pr\u00e9c\u00e9dents :<\/h1>\n<ul>\n<li><a href=\"https:\/\/www.youtube.com\/watch?v=vuVatmb-aKs\" target=\"_blank\" rel=\"noopener\">Cl\u00e9ment Janequin &#8211; Fyez-vous-y<\/a><\/li>\n<li><a href=\"https:\/\/www.youtube.com\/watch?v=_0pEPCGUQ4Q\" target=\"_blank\" rel=\"noopener\">Henry Purcell &#8211; In our deep vaulted cell<\/a><\/li>\n<li><a href=\"https:\/\/www.youtube.com\/watch?v=q37eMbNEA6M\" target=\"_blank\" rel=\"noopener\">Juan del Encina &#8211; Cucu<\/a><\/li>\n<li><a href=\"https:\/\/www.youtube.com\/watch?v=vnR08REoTSA\" target=\"_blank\" rel=\"noopener\">Cl\u00e9ment Janequin &#8211; Au Joly Jeu<\/a><\/li>\n<li><a href=\"https:\/\/www.youtube.com\/watch?v=BgBhrNUPkOQ\" target=\"_blank\" rel=\"noopener\">The Beatles &#8211; Can&#8217;t buy me love<\/a><\/li>\n<li><a href=\"https:\/\/www.youtube.com\/watch?v=n7foxnGi5IM\" target=\"_blank\" rel=\"noopener\">Johannes Brahms &#8211; Der Fiedler<\/a><\/li>\n<li><a href=\"https:\/\/www.youtube.com\/watch?v=iGmspQE0LTY\" target=\"_blank\" rel=\"noopener\">The Beatles &#8211; Ob-La-Di Ob-La-Da<\/a><\/li>\n<li><a href=\"https:\/\/www.youtube.com\/watch?v=gjExueJGrfw\" target=\"_blank\" rel=\"noopener\">Emil Cosetto &#8211; Hora Ali<\/a><\/li>\n<\/ul>\n<p><img loading=\"lazy\" decoding=\"async\" class=\"alignnone  wp-image-82\" src=\"http:\/\/blog.ube.fr\/chorale-u\/wp-content\/uploads\/sites\/116\/2018\/06\/Choeur2018-300x177.jpg\" alt=\"\" width=\"548\" height=\"324\" srcset=\"https:\/\/blog.ube.fr\/chorale-u\/wp-content\/uploads\/sites\/116\/2018\/06\/Choeur2018-300x177.jpg 300w, https:\/\/blog.ube.fr\/chorale-u\/wp-content\/uploads\/sites\/116\/2018\/06\/Choeur2018-768x454.jpg 768w, https:\/\/blog.ube.fr\/chorale-u\/wp-content\/uploads\/sites\/116\/2018\/06\/Choeur2018-1024x605.jpg 1024w\" sizes=\"auto, (max-width: 548px) 100vw, 548px\" \/><\/p>\n","protected":false},"excerpt":{"rendered":"<p>Quelques extraits vid\u00e9os des programmes pr\u00e9c\u00e9dents : Cl\u00e9ment Janequin &#8211; Fyez-vous-y Henry Purcell &#8211; In our deep vaulted cell Juan del Encina &#8211; Cucu Cl\u00e9ment Janequin &#8211; Au Joly Jeu The Beatles &#8211; Can&#8217;t buy me love Johannes Brahms &#8211; Der Fiedler The Beatles &#8211; Ob-La-Di Ob-La-Da Emil Cosetto &#8211; Hora Ali<\/p>\n<p class=\"more-link-p\"><a class=\"btn btn-primary\" href=\"https:\/\/blog.ube.fr\/chorale-u\/ecoutez-nous\/\">Voir plus &rarr;<\/a><\/p>\n","protected":false},"author":379,"featured_media":0,"parent":0,"menu_order":0,"comment_status":"closed","ping_status":"closed","template":"","meta":{"footnotes":""},"class_list":["post-35","page","type-page","status-publish","hentry"],"_links":{"self":[{"href":"https:\/\/blog.ube.fr\/chorale-u\/wp-json\/wp\/v2\/pages\/35","targetHints":{"allow":["GET"]}}],"collection":[{"href":"https:\/\/blog.ube.fr\/chorale-u\/wp-json\/wp\/v2\/pages"}],"about":[{"href":"https:\/\/blog.ube.fr\/chorale-u\/wp-json\/wp\/v2\/types\/page"}],"author":[{"embeddable":true,"href":"https:\/\/blog.ube.fr\/chorale-u\/wp-json\/wp\/v2\/users\/379"}],"replies":[{"embeddable":true,"href":"https:\/\/blog.ube.fr\/chorale-u\/wp-json\/wp\/v2\/comments?post=35"}],"version-history":[{"count":7,"href":"https:\/\/blog.ube.fr\/chorale-u\/wp-json\/wp\/v2\/pages\/35\/revisions"}],"predecessor-version":[{"id":83,"href":"https:\/\/blog.ube.fr\/chorale-u\/wp-json\/wp\/v2\/pages\/35\/revisions\/83"}],"wp:attachment":[{"href":"https:\/\/blog.ube.fr\/chorale-u\/wp-json\/wp\/v2\/media?parent=35"}],"curies":[{"name":"wp","href":"https:\/\/api.w.org\/{rel}","templated":true}]}}