{"id":2363,"date":"2025-09-03T11:47:28","date_gmt":"2025-09-03T09:47:28","guid":{"rendered":"https:\/\/blog.u-bourgogne.fr\/chaire-smart-city\/?page_id=2363"},"modified":"2025-09-03T14:43:28","modified_gmt":"2025-09-03T12:43:28","slug":"projets-collaboratifs","status":"publish","type":"page","link":"https:\/\/blog.ube.fr\/chaire-smart-city\/projets-collaboratifs\/","title":{"rendered":"Projets collaboratifs"},"content":{"rendered":"<h1><\/h1>\n<h1 class=\"entry-title\">Projets Horizon<\/h1>\n<div class=\"entry-content\">\n<ul>\n<li>Projet H2023, Participation \u00e0 l\u2019appel d\u2019offre \u00ab\u00a0FIT FOR Climate\u00bb.<\/li>\n<li>Projet H2020 RESPONSE, \u00ab\u00a0Ethical Monitoring and Contingency Plan \u00bb, V3, livrable de la t\u00e2che 12.4,\u00a0<b>2024<\/b>, E. Py et P. Bordais.<\/li>\n<li>\u00ab\u00a0Ethical Monitoring and Contingency Plan \u00bb, V2, livrable de la t\u00e2che 12.4,\u00a0<b>2022<\/b>, E. Py, M. Lanna et M. Murshed.<\/li>\n<li>\u00ab\u00a0Data Management Plan \u00bb, V2, livrable de la t\u00e2che 12.4,\u00a0<b>2022<\/b>, E. Py, M. Lanna, O. Narsis, S. Ghidalia et A. Berteaux.<\/li>\n<li>\u00ab\u00a0RESPONSE Data Governance and CIP Operational Framework \u00bb, livrable de la t\u00e2che 3.2,\u00a0<b>2022<\/b>, E. Py, M. Lanna et\u00a0<i>alii.<\/i><\/li>\n<\/ul>\n<h1><\/h1>\n<h1 class=\"entry-title\">Projet H2020 \u00ab\u00a0RESPONSE\u00a0\u00bb<\/h1>\n<div class=\"entry-content\">\n<h1><strong>La Chaire participe dans le projet europ\u00e9en RESPONSE (integRatEd Solutions for POsitive eNergy and reSilient CitiEs), financ\u00e9 par le programme H2020 de la Commission Europ\u00e9enne<\/strong><\/h1>\n<p><img loading=\"lazy\" decoding=\"async\" class=\"wp-image-1994 size-full alignright\" src=\"https:\/\/blog.ube.fr\/chaire-smart-city\/wp-content\/uploads\/sites\/149\/2021\/06\/RESPONSE_H2020.png\" alt=\"\" width=\"129\" height=\"103\" \/><\/p>\n<p>C\u2019est ambitieux mais pas impossible : l\u2019Europe s\u2019est fix\u00e9 pour objectif de devenir le premier continent climatiquement neutre d\u2019ici 2050. Les villes europ\u00e9ennes se sont engag\u00e9es sur la voie d\u2019une \u00e9nergie 100 % renouvelable. Le projet RESPONSE, financ\u00e9 par l\u2019UE, aidera deux villes phares et six villes partenaires en Europe \u00e0 cr\u00e9er des blocs et des quartiers \u00e0 \u00e9nergie positive. Plus pr\u00e9cis\u00e9ment, il visera \u00e0 atteindre une p\u00e9n\u00e9tration des syst\u00e8mes locaux d\u2019\u00e9nergie renouvelable de 11,2 GWh\/an, des \u00e9conomies d\u2019\u00e9nergie de 3 090 MWh\/an et une r\u00e9duction des \u00e9missions de 9 799 tonnes d\u2019\u00e9quivalent CO2\/an dans les quartiers des deux villes-phare. L\u2019accent sera mis sur les syst\u00e8mes de chauffage et de refroidissement, l\u2019optimisation des flux d\u2019\u00e9nergie gr\u00e2ce \u00e0 de nouveaux syst\u00e8mes de stockage et la liaison avec les applications existantes et d\u2019autres infrastructures num\u00e9riques.<\/p>\n<p>Le projet port\u00e9 par EIFER et auquel participent Dijon M\u00e9tropole et UBFC regroupe plus de cinquante partenaires europ\u00e9ens avec l\u2019ambition de d\u00e9velopper des solutions innovantes visant \u00e0 agir sur la production et la consommation d\u2019\u00e9nergie en milieu urbain. A cette fin, les op\u00e9rateurs priv\u00e9s et publics cr\u00e9eront un \u00ab lac de donn\u00e9es \u00bb permettant la mise en commun, le traitement et la r\u00e9utilisation de donn\u00e9es collect\u00e9es par chacun d\u2019eux.<\/p>\n<p><strong>La chaire Smart City et gouvernance de la donn\u00e9e est charg\u00e9e de la production d\u2019un rapport sur les enjeux juridiques de la mise en place de ce syst\u00e8me de partage de donn\u00e9e entre op\u00e9rateurs priv\u00e9s et publics.<\/strong><\/p>\n<p>Contacts pour le WP3.2 :\u00a0<a href=\"mailto:maximilien.lanna@gmail.com\">Maximilien LANNA<\/a>, post-doctorant et Emmanuel PY, Ma\u00eetre de conf\u00e9rence<\/p>\n<p><a href=\"https:\/\/h2020response.eu\/\" target=\"_blank\" rel=\"noopener\">Lien vers le site du projet RESPONSE<\/a><\/p>\n<p><a href=\"https:\/\/www.metropole-dijon.fr\/Actualites\/Programme-europeen-H2020\">Lien vers la pr\u00e9sentation du projet par Dijon M\u00e9tropole<\/a><\/p>\n<p>&nbsp;<\/p>\n<\/div>\n<\/div>\n<h1 class=\"entry-title\">Projet CITOYEN<\/h1>\n<div class=\"entry-content\">\n<h3><img loading=\"lazy\" decoding=\"async\" class=\"alignright wp-image-2218 size-medium\" src=\"https:\/\/blog.ube.fr\/chaire-smart-city\/wp-content\/uploads\/sites\/149\/2021\/11\/projet-citoyen-300x300.jpg\" sizes=\"auto, (max-width: 300px) 100vw, 300px\" srcset=\"https:\/\/blog.ube.fr\/chaire-smart-city\/wp-content\/uploads\/sites\/149\/2021\/11\/projet-citoyen-300x300.jpg 300w, https:\/\/blog.ube.fr\/chaire-smart-city\/wp-content\/uploads\/sites\/149\/2021\/11\/projet-citoyen-150x150.jpg 150w, https:\/\/blog.ube.fr\/chaire-smart-city\/wp-content\/uploads\/sites\/149\/2021\/11\/projet-citoyen.jpg 520w\" alt=\"\" width=\"300\" height=\"300\" \/>La Chaire participe dans le projet CITOYEN \u00ab Citoyennet\u00e9s politique, sociale, sanitaire et num\u00e9rique au prisme de l\u2019\u00e9pid\u00e9mie de Covid-19 \u00bb financ\u00e9 la FMSH et port\u00e9 par le\u00a0<a href=\"https:\/\/credespo.u-bourgogne.fr\/equipe\/sciences-politiques\/388-andolfatto-dominique.html\" target=\"_blank\" rel=\"noopener\">Pr. Dominique Andolfatto<\/a>\u00a0(<a href=\"https:\/\/credespo.u-bourgogne.fr\/\" target=\"_blank\" rel=\"noopener\">CREDESPO, Universit\u00e9 de Bourgogne<\/a>) et la\u00a0<a href=\"https:\/\/msh-dijon.u-bourgogne.fr\/\" target=\"_blank\" rel=\"noopener\">MSH de Dijon<\/a>.<\/h3>\n<p>La n\u00e9cessit\u00e9 de mesures d\u2019urgence puis la gestion de la crise sanitaire ont conduit, \u00e0 compter de mars 2020, \u00e0 des d\u00e9cisions et \u00e0 la mise en \u0153uvre de m\u00e9canismes d\u00e9cisionnels in\u00e9dits. Si, l\u2019Etat de droit et la d\u00e9mocratie repr\u00e9sentative n\u2019ont pas \u00e9t\u00e9 suspendus, des proc\u00e9dures et un droit d\u2019exception ont \u00e9t\u00e9 mis en place et les libert\u00e9s publiques limit\u00e9es. Pour \u00e9clairer et analyser cette situation, le projet CITOYEN engage une recherche collective associant juristes, politistes, sociologues et historiens, principalement issus des universit\u00e9s de Bourgogne et de Lorraine. Ce projet pr\u00e9sente aussi une dimension compar\u00e9e, associant des chercheurs de diff\u00e9rentes institutions \u00e0 l\u2019\u00e9tranger (ou sp\u00e9cialistes fran\u00e7ais de certains pays). Il examinera comment les citoyens ont r\u00e9agi ou se sont adapt\u00e9s \u00e0 la crise et \u00e0 ses cons\u00e9quences pour la d\u00e9mocratie pluraliste. Il fera l\u2019objet d\u2019investigations \u00e0 trois niveaux\u00a0:<\/p>\n<ul>\n<li>D\u2019abord sur le\u00a0<strong><u>plan politique<\/u><\/strong>. Comment le dispositif de la d\u00e9cision politique s\u2019est-il adapt\u00e9 et a-t-il \u00e9t\u00e9 per\u00e7u par les citoyens\u00a0? Le projet \u00e9tudiera comment, selon les politistes D. Dulong et B. Ga\u00efti (2021), une \u00ab\u00a0reverticalisation du pouvoir cens\u00e9e restaurer le commandement et la rationalit\u00e9 de l\u2019action\u00a0\u00bb est intervenue. Au sein de cet axes, l\u2019\u00e9quipe de la Chaire participera \u00e9galement \u00e0 l\u2019analyse de la\u00a0<em><strong>\u00ab\u00a0gouvernance num\u00e9rique\u00a0\u00bb<\/strong><\/em>\u00a0n\u00e9e de la crise. La crise a conduit \u00e0 d\u00e9velopper le tra\u00e7age des personnes, pour des raisons sanitaires et administratives. Il s\u2019agira de rep\u00e9rer le nouveau type de rapport que ce recours au num\u00e9rique a engendr\u00e9 entre citoyens et pouvoirs publics. Ce recours combine responsabilisation individuelle \u2013 les citoyens deviennent cr\u00e9ateurs d\u2019informations et acteurs de l\u2019action publique \u2013 mais interroge aussi sur la gouvernance des donn\u00e9es et les formes nouvelles de contr\u00f4le sur les individus.<\/li>\n<li>Sur le plan de la\u00a0<strong><u>citoyennet\u00e9 sociale<\/u><\/strong>, le projet analysera les cons\u00e9quences de la crise sur les travailleurs, le monde du travail et ses r\u00e9gulations. L\u2019axe \u00ab\u00a0d\u00e9mocratie sociale\u00a0\u00bb portera \u00e9galement sur \u00a0l\u2019analyse des formes de solidarit\u00e9 et de leur r\u00e9gulation pendant la crise, en particulier, la question des minorit\u00e9s (le projet ciblera notamment les SDF, les r\u00e9fugi\u00e9s, les Roms). Cette \u00e9tude cherchera \u00e0 \u00e9valuer les diff\u00e9rents instruments juridiques promus ici par l\u2019UE afin d\u2019assurer une la coh\u00e9sion sociale.<\/li>\n<li>Enfin, dans le cas fran\u00e7ais, la crise \u00e9pid\u00e9mique a conduit \u00e0 une mise entre parenth\u00e8ses de la\u00a0<strong><u>d\u00e9mocratie sanitaire<\/u><\/strong>, issue de r\u00e9formes depuis les ann\u00e9es 2000. Celles-ci ont cherch\u00e9 \u00e0 mieux associer les patients (et plus largement les citoyens et leurs associations repr\u00e9sentatives) aux choix sanitaires et sociaux, \u00e0 la gestion de l\u2019h\u00f4pital, tout en renfor\u00e7ant les droits des m\u00eames patients. Cette citoyennet\u00e9 est probablement celle qui a le plus souffert de la crise. Comment la pr\u00e9server en effet\u00a0dans un contexte d\u2019urgence sanitaire dans laquelle les structures hospitali\u00e8res et leurs personnels ont \u00e9t\u00e9 mobilis\u00e9s\u00a0? Y-a-t-il une limite au-del\u00e0 de laquelle la protection du citoyen expos\u00e9 au covid19 entre en conflit avec l\u2019effectivit\u00e9 de la d\u00e9mocratie sanitaire\u00a0? Cette d\u00e9mocratie sanitaire a-t-elle \u00e9t\u00e9 pens\u00e9e pour de telles situations\u00a0d\u2019exception ?<\/li>\n<\/ul>\n<p><strong>Le premier colloque du projet aura lieu au dernier trimestre 2022, \u00e0 Dijon.<\/strong><\/p>\n<p><strong>Contact au sein de la Chaire : Emmanuel PY, professeur, et Maximilien Lanna, professeur junior<\/strong><\/p>\n<\/div>\n<p>&nbsp;<\/p>\n<p><strong>CRYPTO-ACTIFS ET MONNAIES NUMERIQUES\u00a0: ETAT DES LIEUX ET PERSPECTIVES<\/strong><\/p>\n<p><u>Organisateur<\/u>\u00a0: Pierre Bordais (Ma\u00eetre de conf\u00e9rences), Ludovic Desmedt (Professeur des Universit\u00e9)<\/p>\n<p><strong>Jeudi 2 octobre, <\/strong><\/p>\n<p><strong>9h15-16h, amphith\u00e9\u00e2tre (R.09) de la MSH Dijon<\/strong><\/p>\n<p><strong>9h30 \u2013 10h45\u00a0: Etat des lieux de l\u2019adoption des cryptoactifs<\/strong><\/p>\n<ul>\n<li>Matthieu Llorca, Ma\u00eetre de conf\u00e9rences, Universit\u00e9 Bourgogne Europe et Ali Bennani khir, Doctorant, Universit\u00e9 Bourgogne Europe\u00a0: L\u2019adoption des cryptos dans le monde<\/li>\n<li>Basile Darmois, Ma\u00eetre de conf\u00e9rences, Universit\u00e9 Bretagne Occidentale\u00a0: L\u2019harmonisation de la r\u00e9gulation internationale<\/li>\n<li>Ludovic Desmedt, Professeur des Universit\u00e9s, Universit\u00e9 Bourgogne Europe\u00a0: L\u2019av\u00e8nement des stablecoins<\/li>\n<\/ul>\n<p><strong>11h00 \u2013 12H30\u00a0: Etat des lieux de la r\u00e9gulation des cryptoactifs<\/strong><\/p>\n<ul>\n<li>Maxime Lassalle, Ma\u00eetre de conf\u00e9rences, Universit\u00e9 Bourgogne Europe : Cryptoactif et criminalit\u00e9 financi\u00e8re<\/li>\n<\/ul>\n<p>&nbsp;<\/p>\n<ul>\n<li>Rapha\u00ebl Maurel, Ma\u00eetre de conf\u00e9rences, Universit\u00e9 Bourgogne Europe\u00a0: Le droit, le calcul quantique et la s\u00e9curit\u00e9 des cryptoactifs<\/li>\n<\/ul>\n<p>&nbsp;<\/p>\n<ul>\n<li>Pierre Bordais, Ma\u00eetre de conf\u00e9rences, Universit\u00e9 Bourgogne Europe\u00a0: La r\u00e9gulation europ\u00e9enne des cryptoactifs\u00a0: qu\u2019en est-il de MICA\u00a0?<\/li>\n<\/ul>\n<p>&nbsp;<\/p>\n<p><strong>14h &#8211; 16h\u00a0: Mise en place et perspectives d\u2019avenir des MNBC<\/strong><\/p>\n<ul>\n<li>Caroline Kleiner, Professeure de droit priv\u00e9, Universit\u00e9 Paris Cit\u00e9\u00a0: l\u2019\u00e9volution des MNBC<\/li>\n<\/ul>\n<p>&nbsp;<\/p>\n<ul>\n<li>Panagiotis Papapaschalis, Conseiller juridique principal \u00e0 la Banque Centrale Europ\u00e9enne : l\u2019euro num\u00e9rique, nature juridique et mis en place pratique<\/li>\n<\/ul>\n<p>&nbsp;<\/p>\n<ul>\n<li>Valentine Floriani, Doctorante, ENS Paris-Saclay\u00a0: L\u2019\u00e9mergence de l\u2019euro num\u00e9rique au regard de la sociologie de l\u2019action publique<\/li>\n<\/ul>\n<p>&nbsp;<\/p>\n<ul>\n<li>Jean-Fran\u00e7ois Ponsot, Professeur des Universit\u00e9s, Universit\u00e9 Grenoble Alpes : &#8220;l&#8217;\u00e9chec des MNBC : Equateur, Nig\u00e9ria, Chine&#8221;<\/li>\n<\/ul>\n","protected":false},"excerpt":{"rendered":"<p>Projets Horizon Projet H2023, Participation \u00e0 l\u2019appel d\u2019offre \u00ab\u00a0FIT FOR Climate\u00bb. Projet H2020 RESPONSE, \u00ab\u00a0Ethical Monitoring and Contingency Plan \u00bb, V3, livrable de la t\u00e2che 12.4,\u00a02024, E. Py et P. Bordais. \u00ab\u00a0Ethical Monitoring and Contingency Plan \u00bb, V2, livrable de la t\u00e2che 12.4,\u00a02022, E. Py, M. Lanna et M. Murshed. \u00ab\u00a0Data Management Plan \u00bb, V2,&hellip;<\/p>\n<p class=\"more-link-p\"><a class=\"btn btn-primary\" href=\"https:\/\/blog.ube.fr\/chaire-smart-city\/projets-collaboratifs\/\">Voir plus &rarr;<\/a><\/p>\n","protected":false},"author":7968,"featured_media":0,"parent":0,"menu_order":0,"comment_status":"closed","ping_status":"closed","template":"","meta":{"_exactmetrics_skip_tracking":false,"_exactmetrics_sitenote_active":false,"_exactmetrics_sitenote_note":"","_exactmetrics_sitenote_category":0,"footnotes":""},"class_list":["post-2363","page","type-page","status-publish","hentry"],"_links":{"self":[{"href":"https:\/\/blog.ube.fr\/chaire-smart-city\/wp-json\/wp\/v2\/pages\/2363","targetHints":{"allow":["GET"]}}],"collection":[{"href":"https:\/\/blog.ube.fr\/chaire-smart-city\/wp-json\/wp\/v2\/pages"}],"about":[{"href":"https:\/\/blog.ube.fr\/chaire-smart-city\/wp-json\/wp\/v2\/types\/page"}],"author":[{"embeddable":true,"href":"https:\/\/blog.ube.fr\/chaire-smart-city\/wp-json\/wp\/v2\/users\/7968"}],"replies":[{"embeddable":true,"href":"https:\/\/blog.ube.fr\/chaire-smart-city\/wp-json\/wp\/v2\/comments?post=2363"}],"version-history":[{"count":6,"href":"https:\/\/blog.ube.fr\/chaire-smart-city\/wp-json\/wp\/v2\/pages\/2363\/revisions"}],"predecessor-version":[{"id":2372,"href":"https:\/\/blog.ube.fr\/chaire-smart-city\/wp-json\/wp\/v2\/pages\/2363\/revisions\/2372"}],"wp:attachment":[{"href":"https:\/\/blog.ube.fr\/chaire-smart-city\/wp-json\/wp\/v2\/media?parent=2363"}],"curies":[{"name":"wp","href":"https:\/\/api.w.org\/{rel}","templated":true}]}}