{"id":2323,"date":"2025-08-18T12:12:53","date_gmt":"2025-08-18T10:12:53","guid":{"rendered":"https:\/\/blog.u-bourgogne.fr\/chaire-smart-city\/?page_id=2323"},"modified":"2025-09-03T10:31:16","modified_gmt":"2025-09-03T08:31:16","slug":"master-2-droit-du-numerique","status":"publish","type":"page","link":"https:\/\/blog.ube.fr\/chaire-smart-city\/master-2-droit-du-numerique\/","title":{"rendered":"Master 2 Droit du num\u00e9rique"},"content":{"rendered":"<p><strong>Les mati\u00e8res du Master 2 Droit du num\u00e9rique<\/strong><\/p>\n<p><strong>Semestre 1<\/strong><\/p>\n<p><strong>UE1 Droit de la donn\u00e9e<\/strong><\/p>\n<ul>\n<li>Droit des donn\u00e9es \u00e0 caract\u00e8re personnel<\/li>\n<li>Droit de l\u2019Open Data<\/li>\n<li>Droit des bases de donn\u00e9es<\/li>\n<li>Droit de la cybers\u00e9curit\u00e9<\/li>\n<li>S\u00e9minaires<\/li>\n<\/ul>\n<p><strong>UE2 Techniques contractuelles<\/strong><\/p>\n<ul>\n<li>Techniques contractuelles appliqu\u00e9es au num\u00e9rique &#8211; Contrats informatiques<\/li>\n<li>Droit des march\u00e9s publics appliqu\u00e9s au num\u00e9rique<\/li>\n<li>Techniques contractuelles appliqu\u00e9es \u00e0 la Smart City<\/li>\n<\/ul>\n<p><strong>UE3 Droit du num\u00e9rique des affaires<\/strong><\/p>\n<ul>\n<li>Droit du commerce \u00e9lectronique et des plateformes<\/li>\n<li>Droit de la consommation appliqu\u00e9 au num\u00e9rique<\/li>\n<li>Droit de la concurrence appliqu\u00e9 au num\u00e9rique<\/li>\n<li>Economie de la donn\u00e9e<\/li>\n<li>Droit des contrats \u00e9lectronique<\/li>\n<li>Droit bancaire et financier appliqu\u00e9 au num\u00e9rique<\/li>\n<li>Droit de l\u2019internet et des r\u00e9seaux de communications \u00e9lectroniques<\/li>\n<li>Droit p\u00e9nale appliqu\u00e9 au num\u00e9rique (cybercriminalit\u00e9)<\/li>\n<li>S\u00e9minaires<\/li>\n<\/ul>\n<p><strong>UE4 Droit des nouvelles technologies<\/strong><\/p>\n<ul>\n<li>Droit de l\u2019intelligence artificielle<\/li>\n<li>Droit de la blockchain et des cryptoactifs<\/li>\n<li>Ethique de l\u2019IA<\/li>\n<li>OSINT<\/li>\n<li>Droit de la propri\u00e9t\u00e9 intellectuelle<\/li>\n<\/ul>\n<p><strong>UE5 Approche technique de la Smart city et des donn\u00e9es<\/strong><\/p>\n<ul>\n<li>Introduction \u00e0 la terminologie Smart City<\/li>\n<li>Introduction aux outils et d\u00e9veloppement informatique<\/li>\n<li>Intelligence Transport systems (ITS) et mobilit\u00e9s intra et inter b\u00e2timents<\/li>\n<li>Introduction aux enjeux techniques de la cybers\u00e9curit\u00e9<\/li>\n<li>S\u00e9minaires<\/li>\n<\/ul>\n<p><strong>Semestre 2<\/strong><\/p>\n<p><strong>UE6 Savoir-faire professionnel<\/strong><\/p>\n<ul>\n<li>Stage ou alternance<\/li>\n<li>M\u00e9thodologie du m\u00e9moire et de la recherche<\/li>\n<li>Rapport de recherche<\/li>\n<li>S\u00e9minaires<\/li>\n<li>Anglais<\/li>\n<li>Examens de certification aux fonctions de DPO<\/li>\n<\/ul>\n","protected":false},"excerpt":{"rendered":"<p>Les mati\u00e8res du Master 2 Droit du num\u00e9rique Semestre 1 UE1 Droit de la donn\u00e9e Droit des donn\u00e9es \u00e0 caract\u00e8re personnel Droit de l\u2019Open Data Droit des bases de donn\u00e9es Droit de la cybers\u00e9curit\u00e9 S\u00e9minaires UE2 Techniques contractuelles Techniques contractuelles appliqu\u00e9es au num\u00e9rique &#8211; Contrats informatiques Droit des march\u00e9s publics appliqu\u00e9s au num\u00e9rique Techniques contractuelles&hellip;<\/p>\n<p class=\"more-link-p\"><a class=\"btn btn-primary\" href=\"https:\/\/blog.ube.fr\/chaire-smart-city\/master-2-droit-du-numerique\/\">Voir plus &rarr;<\/a><\/p>\n","protected":false},"author":7968,"featured_media":0,"parent":0,"menu_order":0,"comment_status":"closed","ping_status":"closed","template":"","meta":{"_exactmetrics_skip_tracking":false,"_exactmetrics_sitenote_active":false,"_exactmetrics_sitenote_note":"","_exactmetrics_sitenote_category":0,"footnotes":""},"class_list":["post-2323","page","type-page","status-publish","hentry"],"_links":{"self":[{"href":"https:\/\/blog.ube.fr\/chaire-smart-city\/wp-json\/wp\/v2\/pages\/2323","targetHints":{"allow":["GET"]}}],"collection":[{"href":"https:\/\/blog.ube.fr\/chaire-smart-city\/wp-json\/wp\/v2\/pages"}],"about":[{"href":"https:\/\/blog.ube.fr\/chaire-smart-city\/wp-json\/wp\/v2\/types\/page"}],"author":[{"embeddable":true,"href":"https:\/\/blog.ube.fr\/chaire-smart-city\/wp-json\/wp\/v2\/users\/7968"}],"replies":[{"embeddable":true,"href":"https:\/\/blog.ube.fr\/chaire-smart-city\/wp-json\/wp\/v2\/comments?post=2323"}],"version-history":[{"count":5,"href":"https:\/\/blog.ube.fr\/chaire-smart-city\/wp-json\/wp\/v2\/pages\/2323\/revisions"}],"predecessor-version":[{"id":2343,"href":"https:\/\/blog.ube.fr\/chaire-smart-city\/wp-json\/wp\/v2\/pages\/2323\/revisions\/2343"}],"wp:attachment":[{"href":"https:\/\/blog.ube.fr\/chaire-smart-city\/wp-json\/wp\/v2\/media?parent=2323"}],"curies":[{"name":"wp","href":"https:\/\/api.w.org\/{rel}","templated":true}]}}