{"id":2321,"date":"2025-08-18T12:12:29","date_gmt":"2025-08-18T10:12:29","guid":{"rendered":"https:\/\/blog.u-bourgogne.fr\/chaire-smart-city\/?page_id=2321"},"modified":"2025-08-18T14:07:44","modified_gmt":"2025-08-18T12:07:44","slug":"master-1-droit-du-numerique","status":"publish","type":"page","link":"https:\/\/blog.ube.fr\/chaire-smart-city\/master-1-droit-du-numerique\/","title":{"rendered":"Master 1 Droit du num\u00e9rique"},"content":{"rendered":"<p><strong>Les mati\u00e8res du Master 1 mention Droit des affaires parcours Droit du num\u00e9rique<\/strong><\/p>\n<p><strong>Semestre 1<\/strong><\/p>\n<p><strong>UE1 Connaissances fondamentales<\/strong><\/p>\n<ul>\n<li>Droit international priv\u00e9 1<\/li>\n<li>Droit international priv\u00e9 1 CM<\/li>\n<li>Droit international priv\u00e9 1 TD<\/li>\n<li>Droit commercial 1\u00a0: droit u commerce \u00e9lectronique et du num\u00e9rique<\/li>\n<li>Droit commercial 1 CM<\/li>\n<li>Droit commercial 1 TD<\/li>\n<\/ul>\n<p><strong>UE2 Connaissances compl\u00e9mentaires obligatoires<\/strong><\/p>\n<ul>\n<li>Droit europ\u00e9en des affaires<\/li>\n<li>Droit bancaire<\/li>\n<\/ul>\n<p><strong>UE3 Connaissances additionnelles obligatoires<\/strong><\/p>\n<ul>\n<li>Anglais LV1 S1<\/li>\n<li>Droit international public<\/li>\n<\/ul>\n<p><strong>UE4 Comp\u00e9tences transverses et professionnalisation \u2013 1 choix<\/strong><\/p>\n<ul>\n<li>Allemand LV2 S1<\/li>\n<li>Espagnol LV2 S1<\/li>\n<li>STAGE \u2013 deux semaines minimum \u2013 S1<\/li>\n<li>Initiation \u00e0 la recherche S1<\/li>\n<\/ul>\n<p><strong>UE5 Option \u2013 1 choix<\/strong><\/p>\n<ul>\n<li>Probl\u00e8mes de droit international contemporain<\/li>\n<li>Ing\u00e9nierie patrimoniale<\/li>\n<\/ul>\n<p><strong>Semestre 2<\/strong><\/p>\n<p><strong>UE1 Connaissances fondamentales<\/strong><\/p>\n<ul>\n<li>Droit international priv\u00e9 2<\/li>\n<li>Droit international priv\u00e9e 2 CM<\/li>\n<li>Droit international priv\u00e9 2 TD<\/li>\n<li>Droit de la donn\u00e9e<\/li>\n<li>Droit de la donn\u00e9e CM<\/li>\n<li>Droit de la donn\u00e9e TD<\/li>\n<\/ul>\n<p><strong>UE2 Connaissances compl\u00e9mentaires obligatoires<\/strong><\/p>\n<ul>\n<li>Droit compar\u00e9<\/li>\n<li>Propri\u00e9t\u00e9 intellectuelle<\/li>\n<\/ul>\n<p><strong>UE3 Connaissances additionnelles obligatoires<\/strong><\/p>\n<ul>\n<li>Anglais LV1 S2<\/li>\n<li>Droit commercial 2\u00a0: entreprises en difficult\u00e9<\/li>\n<\/ul>\n<p><strong>UE4 Comp\u00e9tences transverses et professionnalisation \u2013 1 choix<\/strong><\/p>\n<ul>\n<li>Allemand LV2 S2<\/li>\n<li>Espagnol LV2 S2<\/li>\n<li>STAGE \u2013 deux semaines minimum \u2013 S2<\/li>\n<li>Initiation \u00e0 la recherche S2<\/li>\n<\/ul>\n<p><strong>UE5 Option \u2013 1 choix<\/strong><\/p>\n<ul>\n<li>Droits et libert\u00e9s de la personne humaine<\/li>\n<li>Droit des assurances<\/li>\n<li>Protection des droits de l\u2019homme au sein des nations unies et de l\u2019UE<\/li>\n<\/ul>\n<p>&nbsp;<\/p>\n","protected":false},"excerpt":{"rendered":"<p>Les mati\u00e8res du Master 1 mention Droit des affaires parcours Droit du num\u00e9rique Semestre 1 UE1 Connaissances fondamentales Droit international priv\u00e9 1 Droit international priv\u00e9 1 CM Droit international priv\u00e9 1 TD Droit commercial 1\u00a0: droit u commerce \u00e9lectronique et du num\u00e9rique Droit commercial 1 CM Droit commercial 1 TD UE2 Connaissances compl\u00e9mentaires obligatoires Droit&hellip;<\/p>\n<p class=\"more-link-p\"><a class=\"btn btn-primary\" href=\"https:\/\/blog.ube.fr\/chaire-smart-city\/master-1-droit-du-numerique\/\">Voir plus &rarr;<\/a><\/p>\n","protected":false},"author":7968,"featured_media":0,"parent":0,"menu_order":0,"comment_status":"closed","ping_status":"closed","template":"","meta":{"_exactmetrics_skip_tracking":false,"_exactmetrics_sitenote_active":false,"_exactmetrics_sitenote_note":"","_exactmetrics_sitenote_category":0,"footnotes":""},"class_list":["post-2321","page","type-page","status-publish","hentry"],"_links":{"self":[{"href":"https:\/\/blog.ube.fr\/chaire-smart-city\/wp-json\/wp\/v2\/pages\/2321","targetHints":{"allow":["GET"]}}],"collection":[{"href":"https:\/\/blog.ube.fr\/chaire-smart-city\/wp-json\/wp\/v2\/pages"}],"about":[{"href":"https:\/\/blog.ube.fr\/chaire-smart-city\/wp-json\/wp\/v2\/types\/page"}],"author":[{"embeddable":true,"href":"https:\/\/blog.ube.fr\/chaire-smart-city\/wp-json\/wp\/v2\/users\/7968"}],"replies":[{"embeddable":true,"href":"https:\/\/blog.ube.fr\/chaire-smart-city\/wp-json\/wp\/v2\/comments?post=2321"}],"version-history":[{"count":6,"href":"https:\/\/blog.ube.fr\/chaire-smart-city\/wp-json\/wp\/v2\/pages\/2321\/revisions"}],"predecessor-version":[{"id":2332,"href":"https:\/\/blog.ube.fr\/chaire-smart-city\/wp-json\/wp\/v2\/pages\/2321\/revisions\/2332"}],"wp:attachment":[{"href":"https:\/\/blog.ube.fr\/chaire-smart-city\/wp-json\/wp\/v2\/media?parent=2321"}],"curies":[{"name":"wp","href":"https:\/\/api.w.org\/{rel}","templated":true}]}}