{"id":2311,"date":"2025-08-18T11:20:00","date_gmt":"2025-08-18T09:20:00","guid":{"rendered":"https:\/\/blog.u-bourgogne.fr\/chaire-smart-city\/?page_id=2311"},"modified":"2025-08-18T11:24:32","modified_gmt":"2025-08-18T09:24:32","slug":"projets-a-venir","status":"publish","type":"page","link":"https:\/\/blog.ube.fr\/chaire-smart-city\/projets-a-venir\/","title":{"rendered":"Projets \u00e0 venir"},"content":{"rendered":"<p><b>Cr\u00e9ation du Master Droit du num\u00e9rique (2025-2026)<\/b><\/p>\n<ul>\n<li>Formation de juristes praticiens et th\u00e9oriciens sur les probl\u00e9matiques num\u00e9riques<\/li>\n<li>Mutualisation d\u2019une partie des enseignements avec le Master 2 Smart city<\/li>\n<li>Objectif : attirer des forces vives dans la r\u00e9gion<\/li>\n<\/ul>\n<p>&nbsp;<\/p>\n<p><b>Cr\u00e9ation de <\/b><b>DUs<\/b><b> et certifications (2026)<\/b><\/p>\n<p>Objectifs :<\/p>\n<ul>\n<li>R\u00e9pondre aux besoins ponctuels<\/li>\n<li>Mise en conformit\u00e9 (cybers\u00e9curit\u00e9, IA, etc.)<\/li>\n<li>Adaptabilit\u00e9 de l\u2019offre de formation<\/li>\n<\/ul>\n","protected":false},"excerpt":{"rendered":"<p>Cr\u00e9ation du Master Droit du num\u00e9rique (2025-2026) Formation de juristes praticiens et th\u00e9oriciens sur les probl\u00e9matiques num\u00e9riques Mutualisation d\u2019une partie des enseignements avec le Master 2 Smart city Objectif : attirer des forces vives dans la r\u00e9gion &nbsp; Cr\u00e9ation de DUs et certifications (2026) Objectifs : R\u00e9pondre aux besoins ponctuels Mise en conformit\u00e9 (cybers\u00e9curit\u00e9, IA,&hellip;<\/p>\n<p class=\"more-link-p\"><a class=\"btn btn-primary\" href=\"https:\/\/blog.ube.fr\/chaire-smart-city\/projets-a-venir\/\">Voir plus &rarr;<\/a><\/p>\n","protected":false},"author":7968,"featured_media":0,"parent":0,"menu_order":0,"comment_status":"closed","ping_status":"closed","template":"","meta":{"_exactmetrics_skip_tracking":false,"_exactmetrics_sitenote_active":false,"_exactmetrics_sitenote_note":"","_exactmetrics_sitenote_category":0,"footnotes":""},"class_list":["post-2311","page","type-page","status-publish","hentry"],"_links":{"self":[{"href":"https:\/\/blog.ube.fr\/chaire-smart-city\/wp-json\/wp\/v2\/pages\/2311","targetHints":{"allow":["GET"]}}],"collection":[{"href":"https:\/\/blog.ube.fr\/chaire-smart-city\/wp-json\/wp\/v2\/pages"}],"about":[{"href":"https:\/\/blog.ube.fr\/chaire-smart-city\/wp-json\/wp\/v2\/types\/page"}],"author":[{"embeddable":true,"href":"https:\/\/blog.ube.fr\/chaire-smart-city\/wp-json\/wp\/v2\/users\/7968"}],"replies":[{"embeddable":true,"href":"https:\/\/blog.ube.fr\/chaire-smart-city\/wp-json\/wp\/v2\/comments?post=2311"}],"version-history":[{"count":2,"href":"https:\/\/blog.ube.fr\/chaire-smart-city\/wp-json\/wp\/v2\/pages\/2311\/revisions"}],"predecessor-version":[{"id":2314,"href":"https:\/\/blog.ube.fr\/chaire-smart-city\/wp-json\/wp\/v2\/pages\/2311\/revisions\/2314"}],"wp:attachment":[{"href":"https:\/\/blog.ube.fr\/chaire-smart-city\/wp-json\/wp\/v2\/media?parent=2311"}],"curies":[{"name":"wp","href":"https:\/\/api.w.org\/{rel}","templated":true}]}}