{"id":2304,"date":"2025-08-18T10:55:39","date_gmt":"2025-08-18T08:55:39","guid":{"rendered":"https:\/\/blog.u-bourgogne.fr\/chaire-smart-city\/?page_id=2304"},"modified":"2025-09-03T11:36:31","modified_gmt":"2025-09-03T09:36:31","slug":"evolutions-de-loffre-de-formation","status":"publish","type":"page","link":"https:\/\/blog.ube.fr\/chaire-smart-city\/evolutions-de-loffre-de-formation\/","title":{"rendered":"\u00c9volutions de l&#8217;offre de formation"},"content":{"rendered":"<p><strong><u>\u00c9volution des intitul\u00e9s de cours<\/u> :<\/strong><\/p>\n<ul>\n<li>Cybers\u00e9curit\u00e9 : 7h<\/li>\n<li>Ajout de projets tutor\u00e9s (cours de gestion de projet + mise en situation)<\/li>\n<li>Cette ann\u00e9e : ajout de 12h d\u2019anglais sp\u00e9cifique aux mati\u00e8res du M2 ; modification de certaines mati\u00e8res pour englober le droit de la donn\u00e9e ; modifications d\u2019intitul\u00e9s<\/li>\n<li>12 semaines de cours entre septembre et mai + 3 jours \u00ab Recherche \u00bb en juillet<\/li>\n<\/ul>\n<p><strong><u>Concentration d\u2019enseignement en d\u00e9but d\u2019ann\u00e9e<\/u><\/strong><\/p>\n<ul>\n<li>2 semaines en septembre + 2 semaines en octobre<\/li>\n<li>1 semaine tous les autres mois jusqu\u2019\u00e0 mai<\/li>\n<li>3 journ\u00e9es en juillet<\/li>\n<li>1 soutenance en septembre<\/li>\n<\/ul>\n<p><strong><u>R\u00e9partition des heures et organisation :<\/u><\/strong><\/p>\n<ul>\n<li>Un total de 419 heures de cours + 4h optionnels de pr\u00e9paration \u00e0 la certification DPO sur 13 semaines + 3 jours \u00ab Recherche \u00bb en juillet.<\/li>\n<li>Possibilit\u00e9 d\u2019alternance par contrat d\u2019apprentissage, contrat de professionnalisation ou formation continue avec stage.<\/li>\n<\/ul>\n<p><strong><u>Unit\u00e9s d&#8217;enseignement :<\/u><\/strong><\/p>\n<ul>\n<li>Approche technique de la Smart city et des donn\u00e9es<\/li>\n<li>Approche juridique des donn\u00e9es de la Smart city<\/li>\n<li>Les contrats de la Smart city<\/li>\n<li>\u00c9conomie de la Smart city<\/li>\n<li>Politique et \u00e9thique de la Smart city<\/li>\n<li>Savoir-faire professionnel<\/li>\n<\/ul>\n<p><strong><u>Master 2 Smart City :<\/u><\/strong><\/p>\n<ul>\n<li>Etat des recrutements : 7 en 2020-21, 12 en 2021-22, 8 en 2022-23, 8 en 2023-24<\/li>\n<li>8 candidats cette ann\u00e9e entre alternance et stage<\/li>\n<li>2 sessions de recrutement avaient \u00e9t\u00e9 organis\u00e9es les ann\u00e9es pr\u00e9c\u00e9dentes via l\u2019application web E-Candidat<\/li>\n<\/ul>\n<p><strong><u>Master 2 Smart City Dipl\u00f4me d&#8217;universit\u00e9 DPO :<\/u><\/strong><\/p>\n<ul>\n<li>Formation cr\u00e9\u00e9e en 2021\/2022 : 70 heures de formation sur 10 journ\u00e9e en pr\u00e9sentiel ou en distanciel.<\/li>\n<li>\u00c9volution de la maquette en 2022\/2023 : 77 heures de formation (ajout d\u2019un module cybers\u00e9curit\u00e9) pour 11 journ\u00e9es de formation.<\/li>\n<li>Etat des recrutements : 2 en 2021-22, 3 en 2022-23, 3 en 2023-24, 3 en 2024-25, 9 en 2025-26<\/li>\n<\/ul>\n","protected":false},"excerpt":{"rendered":"<p>\u00c9volution des intitul\u00e9s de cours : Cybers\u00e9curit\u00e9 : 7h Ajout de projets tutor\u00e9s (cours de gestion de projet + mise en situation) Cette ann\u00e9e : ajout de 12h d\u2019anglais sp\u00e9cifique aux mati\u00e8res du M2 ; modification de certaines mati\u00e8res pour englober le droit de la donn\u00e9e ; modifications d\u2019intitul\u00e9s 12 semaines de cours entre septembre&hellip;<\/p>\n<p class=\"more-link-p\"><a class=\"btn btn-primary\" href=\"https:\/\/blog.ube.fr\/chaire-smart-city\/evolutions-de-loffre-de-formation\/\">Voir plus &rarr;<\/a><\/p>\n","protected":false},"author":7968,"featured_media":0,"parent":0,"menu_order":0,"comment_status":"closed","ping_status":"closed","template":"","meta":{"_exactmetrics_skip_tracking":false,"_exactmetrics_sitenote_active":false,"_exactmetrics_sitenote_note":"","_exactmetrics_sitenote_category":0,"footnotes":""},"class_list":["post-2304","page","type-page","status-publish","hentry"],"_links":{"self":[{"href":"https:\/\/blog.ube.fr\/chaire-smart-city\/wp-json\/wp\/v2\/pages\/2304","targetHints":{"allow":["GET"]}}],"collection":[{"href":"https:\/\/blog.ube.fr\/chaire-smart-city\/wp-json\/wp\/v2\/pages"}],"about":[{"href":"https:\/\/blog.ube.fr\/chaire-smart-city\/wp-json\/wp\/v2\/types\/page"}],"author":[{"embeddable":true,"href":"https:\/\/blog.ube.fr\/chaire-smart-city\/wp-json\/wp\/v2\/users\/7968"}],"replies":[{"embeddable":true,"href":"https:\/\/blog.ube.fr\/chaire-smart-city\/wp-json\/wp\/v2\/comments?post=2304"}],"version-history":[{"count":6,"href":"https:\/\/blog.ube.fr\/chaire-smart-city\/wp-json\/wp\/v2\/pages\/2304\/revisions"}],"predecessor-version":[{"id":2362,"href":"https:\/\/blog.ube.fr\/chaire-smart-city\/wp-json\/wp\/v2\/pages\/2304\/revisions\/2362"}],"wp:attachment":[{"href":"https:\/\/blog.ube.fr\/chaire-smart-city\/wp-json\/wp\/v2\/media?parent=2304"}],"curies":[{"name":"wp","href":"https:\/\/api.w.org\/{rel}","templated":true}]}}