{"id":2296,"date":"2025-08-18T10:45:23","date_gmt":"2025-08-18T08:45:23","guid":{"rendered":"https:\/\/blog.u-bourgogne.fr\/chaire-smart-city\/?page_id=2296"},"modified":"2025-08-18T10:45:23","modified_gmt":"2025-08-18T08:45:23","slug":"publications","status":"publish","type":"page","link":"https:\/\/blog.ube.fr\/chaire-smart-city\/publications\/","title":{"rendered":"Publications"},"content":{"rendered":"<ul>\n<li>\u00ab\u00a0L\u2019\u00e9mergence d\u2019une souverainet\u00e9 des plateformes num\u00e9riques par le brevet\u00a0\u00bb, in <i>Smart City et <\/i><i>safe<\/i><i> city. Enjeux de s\u00e9curit\u00e9 dans la ville intelligente<\/i>, Mare et Martin, \u00e0 para\u00eetre, E. Py.<\/li>\n<li><i>Smart City et prise de d\u00e9cision<\/i>, Mare et martin <b>2023<\/b>, 238 p., E. Py et M. Lanna (ss. dir.).<\/li>\n<li><i>Citoyens dans la crise sanitaire<\/i>, Classiques Garnier <b>2023<\/b>, 414 p., D. Andolfatto (ss. dir.).<\/li>\n<li>\u00ab\u00a0Num\u00e9rique et transition \u00e9cologique : enjeux soci\u00e9taux et encadrement juridique\u00a0\u00bb, Revue du gestionnaire public <b>2\/2023<\/b>, dossier 35., E. Py.<\/li>\n<li>\u00ab\u00a0L&#8217;autod\u00e9termination informationnelle \u00e0 l\u2019\u00e9preuve des \u00e9volutions technologiques\u00a0\u00bb, Dalloz IP\/IT <b>2023.<\/b><\/li>\n<li>\u00ab\u00a0Les drones face aux enjeux de propri\u00e9t\u00e9 intellectuelle\u00a0\u00bb, Dalloz IP\/IT<b> juin 2022<\/b>, p. 16 \u00e0 20, E. Py.<\/li>\n<\/ul>\n","protected":false},"excerpt":{"rendered":"<p>\u00ab\u00a0L\u2019\u00e9mergence d\u2019une souverainet\u00e9 des plateformes num\u00e9riques par le brevet\u00a0\u00bb, in Smart City et safe city. Enjeux de s\u00e9curit\u00e9 dans la ville intelligente, Mare et Martin, \u00e0 para\u00eetre, E. Py. Smart City et prise de d\u00e9cision, Mare et martin 2023, 238 p., E. Py et M. Lanna (ss. dir.). Citoyens dans la crise sanitaire, Classiques Garnier&hellip;<\/p>\n<p class=\"more-link-p\"><a class=\"btn btn-primary\" href=\"https:\/\/blog.ube.fr\/chaire-smart-city\/publications\/\">Voir plus &rarr;<\/a><\/p>\n","protected":false},"author":7968,"featured_media":0,"parent":0,"menu_order":0,"comment_status":"closed","ping_status":"closed","template":"","meta":{"_exactmetrics_skip_tracking":false,"_exactmetrics_sitenote_active":false,"_exactmetrics_sitenote_note":"","_exactmetrics_sitenote_category":0,"footnotes":""},"class_list":["post-2296","page","type-page","status-publish","hentry"],"_links":{"self":[{"href":"https:\/\/blog.ube.fr\/chaire-smart-city\/wp-json\/wp\/v2\/pages\/2296","targetHints":{"allow":["GET"]}}],"collection":[{"href":"https:\/\/blog.ube.fr\/chaire-smart-city\/wp-json\/wp\/v2\/pages"}],"about":[{"href":"https:\/\/blog.ube.fr\/chaire-smart-city\/wp-json\/wp\/v2\/types\/page"}],"author":[{"embeddable":true,"href":"https:\/\/blog.ube.fr\/chaire-smart-city\/wp-json\/wp\/v2\/users\/7968"}],"replies":[{"embeddable":true,"href":"https:\/\/blog.ube.fr\/chaire-smart-city\/wp-json\/wp\/v2\/comments?post=2296"}],"version-history":[{"count":1,"href":"https:\/\/blog.ube.fr\/chaire-smart-city\/wp-json\/wp\/v2\/pages\/2296\/revisions"}],"predecessor-version":[{"id":2297,"href":"https:\/\/blog.ube.fr\/chaire-smart-city\/wp-json\/wp\/v2\/pages\/2296\/revisions\/2297"}],"wp:attachment":[{"href":"https:\/\/blog.ube.fr\/chaire-smart-city\/wp-json\/wp\/v2\/media?parent=2296"}],"curies":[{"name":"wp","href":"https:\/\/api.w.org\/{rel}","templated":true}]}}