{"id":2294,"date":"2025-08-18T10:44:54","date_gmt":"2025-08-18T08:44:54","guid":{"rendered":"https:\/\/blog.u-bourgogne.fr\/chaire-smart-city\/?page_id=2294"},"modified":"2025-08-18T10:44:54","modified_gmt":"2025-08-18T08:44:54","slug":"communications","status":"publish","type":"page","link":"https:\/\/blog.ube.fr\/chaire-smart-city\/communications\/","title":{"rendered":"Communications"},"content":{"rendered":"<ul>\n<li>\u00ab\u00a0L\u2019\u00e9mergence d\u2019une souverainet\u00e9 num\u00e9rique par le droit des brevets ?\u00a0\u00bb in <i>Plateformes num\u00e9riques et souverainet\u00e9, <\/i>Universit\u00e9 de Lorraine, <b>9 mars 2024<\/b>, Nancy.<\/li>\n<li>\u00ab\u00a0Propos introductifs\u00a0\u00bb in <i>Smart City et Safe City . Enjeux de s\u00e9curit\u00e9 dans la ville intelligence<\/i>, Universit\u00e9 de Lorraine, <b>7 d\u00e9cembre 2023,<\/b> Nancy.<\/li>\n<li>\u00ab\u00a0Des cryptoactifs traditionnels aux cryptoactifs souverains : une classification brouill\u00e9e\u00a0\u00bb in <i>L\u2019encadrement des cryptoactifs De la <\/i><i>lex<\/i> <i>cryptopeculii<\/i><i> \u00e0 l\u2019\u00e9thique cryptographique<\/i>, <b>28 septembre 2023<\/b>, Dijon<\/li>\n<li>\u00ab\u00a0L&#8217;autod\u00e9termination informationnelle \u00e0 l\u2019\u00e9preuve des \u00e9volutions technologiques\u00a0\u00bb, in <i>administration de la preuve et renseignement<\/i>, <b>21 septembre 2023<\/b>, Nancy<\/li>\n<li>\u00ab\u00a0Num\u00e9rique et transition \u00e9cologique\u00a0\u00bb in <i>Les entretiens de l\u2019innovation territoriale<\/i>, <b>20 juin 2023<\/b>, Dijon.<\/li>\n<li>\u00ab\u00a0La mise en place du droit du num\u00e9rique en Europe : entre compliance et r\u00e9silience\u00a0\u00bb, in <i>Compliance et droit<\/i>, <b>20 juin 2023<\/b>, Dijon<\/li>\n<li>\u00ab\u00a0Objets connect\u00e9s dans le domaine du sport : enjeux sportifs, d\u00e9fis juridiques\u00a0\u00bb in <i>Les marathons du droit<\/i>, <b>28 et 29 juin 2022<\/b>, INSEP Vincennes.<\/li>\n<li>\u00ab\u00a0Le statut juridique de la donn\u00e9e dans la smart city\u00a0\u00bb in <i>Rencontres de la cybers\u00e9curit\u00e9 en Bourgogne Franche Comt\u00e9<\/i>, <b>7 d\u00e9cembre 2021<\/b>, Dijon.<\/li>\n<\/ul>\n","protected":false},"excerpt":{"rendered":"<p>\u00ab\u00a0L\u2019\u00e9mergence d\u2019une souverainet\u00e9 num\u00e9rique par le droit des brevets ?\u00a0\u00bb in Plateformes num\u00e9riques et souverainet\u00e9, Universit\u00e9 de Lorraine, 9 mars 2024, Nancy. \u00ab\u00a0Propos introductifs\u00a0\u00bb in Smart City et Safe City . Enjeux de s\u00e9curit\u00e9 dans la ville intelligence, Universit\u00e9 de Lorraine, 7 d\u00e9cembre 2023, Nancy. \u00ab\u00a0Des cryptoactifs traditionnels aux cryptoactifs souverains : une classification brouill\u00e9e\u00a0\u00bb&hellip;<\/p>\n<p class=\"more-link-p\"><a class=\"btn btn-primary\" href=\"https:\/\/blog.ube.fr\/chaire-smart-city\/communications\/\">Voir plus &rarr;<\/a><\/p>\n","protected":false},"author":7968,"featured_media":0,"parent":0,"menu_order":0,"comment_status":"closed","ping_status":"closed","template":"","meta":{"_exactmetrics_skip_tracking":false,"_exactmetrics_sitenote_active":false,"_exactmetrics_sitenote_note":"","_exactmetrics_sitenote_category":0,"footnotes":""},"class_list":["post-2294","page","type-page","status-publish","hentry"],"_links":{"self":[{"href":"https:\/\/blog.ube.fr\/chaire-smart-city\/wp-json\/wp\/v2\/pages\/2294","targetHints":{"allow":["GET"]}}],"collection":[{"href":"https:\/\/blog.ube.fr\/chaire-smart-city\/wp-json\/wp\/v2\/pages"}],"about":[{"href":"https:\/\/blog.ube.fr\/chaire-smart-city\/wp-json\/wp\/v2\/types\/page"}],"author":[{"embeddable":true,"href":"https:\/\/blog.ube.fr\/chaire-smart-city\/wp-json\/wp\/v2\/users\/7968"}],"replies":[{"embeddable":true,"href":"https:\/\/blog.ube.fr\/chaire-smart-city\/wp-json\/wp\/v2\/comments?post=2294"}],"version-history":[{"count":1,"href":"https:\/\/blog.ube.fr\/chaire-smart-city\/wp-json\/wp\/v2\/pages\/2294\/revisions"}],"predecessor-version":[{"id":2295,"href":"https:\/\/blog.ube.fr\/chaire-smart-city\/wp-json\/wp\/v2\/pages\/2294\/revisions\/2295"}],"wp:attachment":[{"href":"https:\/\/blog.ube.fr\/chaire-smart-city\/wp-json\/wp\/v2\/media?parent=2294"}],"curies":[{"name":"wp","href":"https:\/\/api.w.org\/{rel}","templated":true}]}}