{"id":2292,"date":"2025-08-18T10:44:23","date_gmt":"2025-08-18T08:44:23","guid":{"rendered":"https:\/\/blog.u-bourgogne.fr\/chaire-smart-city\/?page_id=2292"},"modified":"2025-08-18T10:44:23","modified_gmt":"2025-08-18T08:44:23","slug":"colloques","status":"publish","type":"page","link":"https:\/\/blog.ube.fr\/chaire-smart-city\/colloques\/","title":{"rendered":"Colloques"},"content":{"rendered":"<ul>\n<li><i>Table ronde \u00ab\u00a0IA et services essentiels\u00a0\u00bb<\/i>, Universit\u00e9 de Bourgogne, <b>19 novembre 2024<\/b>, Dijon (co-organisation avec la chaire \u00ab\u00a0R\u00e9gulation des plateformes num\u00e9riques et souverainet\u00e9).<\/li>\n<li><i>Smart City et Safe City . Enjeux de s\u00e9curit\u00e9 dans la ville intelligence<\/i>, Universit\u00e9 de Lorraine, <b>7 d\u00e9cembre 2023,<\/b> Nancy (co-organisation avec la chaire \u00ab\u00a0R\u00e9gulation des plateformes num\u00e9riques et souverainet\u00e9).<\/li>\n<li><i>Conservation des donn\u00e9es de connexion et surveillance g\u00e9n\u00e9ralis\u00e9e. Quels enjeux pour le droit public?, <\/i><b>19 novembre 2021<\/b>, Paris.<\/li>\n<li><i>Smart City et prise de d\u00e9cision<\/i>, <b>9 juillet 2021<\/b>, Dijon.<\/li>\n<li><i>Les enjeux juridiques des drones<\/i>, <b>28 mai 2021<\/b>, Dijon.<\/li>\n<\/ul>\n","protected":false},"excerpt":{"rendered":"<p>Table ronde \u00ab\u00a0IA et services essentiels\u00a0\u00bb, Universit\u00e9 de Bourgogne, 19 novembre 2024, Dijon (co-organisation avec la chaire \u00ab\u00a0R\u00e9gulation des plateformes num\u00e9riques et souverainet\u00e9). Smart City et Safe City . Enjeux de s\u00e9curit\u00e9 dans la ville intelligence, Universit\u00e9 de Lorraine, 7 d\u00e9cembre 2023, Nancy (co-organisation avec la chaire \u00ab\u00a0R\u00e9gulation des plateformes num\u00e9riques et souverainet\u00e9). Conservation des&hellip;<\/p>\n<p class=\"more-link-p\"><a class=\"btn btn-primary\" href=\"https:\/\/blog.ube.fr\/chaire-smart-city\/colloques\/\">Voir plus &rarr;<\/a><\/p>\n","protected":false},"author":7968,"featured_media":0,"parent":0,"menu_order":0,"comment_status":"closed","ping_status":"closed","template":"","meta":{"_exactmetrics_skip_tracking":false,"_exactmetrics_sitenote_active":false,"_exactmetrics_sitenote_note":"","_exactmetrics_sitenote_category":0,"footnotes":""},"class_list":["post-2292","page","type-page","status-publish","hentry"],"_links":{"self":[{"href":"https:\/\/blog.ube.fr\/chaire-smart-city\/wp-json\/wp\/v2\/pages\/2292","targetHints":{"allow":["GET"]}}],"collection":[{"href":"https:\/\/blog.ube.fr\/chaire-smart-city\/wp-json\/wp\/v2\/pages"}],"about":[{"href":"https:\/\/blog.ube.fr\/chaire-smart-city\/wp-json\/wp\/v2\/types\/page"}],"author":[{"embeddable":true,"href":"https:\/\/blog.ube.fr\/chaire-smart-city\/wp-json\/wp\/v2\/users\/7968"}],"replies":[{"embeddable":true,"href":"https:\/\/blog.ube.fr\/chaire-smart-city\/wp-json\/wp\/v2\/comments?post=2292"}],"version-history":[{"count":1,"href":"https:\/\/blog.ube.fr\/chaire-smart-city\/wp-json\/wp\/v2\/pages\/2292\/revisions"}],"predecessor-version":[{"id":2293,"href":"https:\/\/blog.ube.fr\/chaire-smart-city\/wp-json\/wp\/v2\/pages\/2292\/revisions\/2293"}],"wp:attachment":[{"href":"https:\/\/blog.ube.fr\/chaire-smart-city\/wp-json\/wp\/v2\/media?parent=2292"}],"curies":[{"name":"wp","href":"https:\/\/api.w.org\/{rel}","templated":true}]}}