{"id":2289,"date":"2025-08-18T10:36:36","date_gmt":"2025-08-18T08:36:36","guid":{"rendered":"https:\/\/blog.u-bourgogne.fr\/chaire-smart-city\/?page_id=2289"},"modified":"2025-08-18T10:36:36","modified_gmt":"2025-08-18T08:36:36","slug":"interaction-avec-le-monde-socioeconomique","status":"publish","type":"page","link":"https:\/\/blog.ube.fr\/chaire-smart-city\/interaction-avec-le-monde-socioeconomique\/","title":{"rendered":"Interaction avec le monde socio\u00e9conomique"},"content":{"rendered":"<ul>\n<li>Mise en place d\u2019un partenariat avec la Chaire \u00ab\u00a0R\u00e9gulation des plateformes num\u00e9riques et souverainet\u00e9\u00a0\u00bb de l\u2019Universit\u00e9 de Lorraine<\/li>\n<li>Participation au conseil du num\u00e9rique de l\u2019universit\u00e9 de Bourgogne<\/li>\n<li>Participation au comit\u00e9 m\u00e9tropolitain de la donn\u00e9e<\/li>\n<li>Conf\u00e9rence de vulgarisation sur l\u2019intelligence artificielle, le printemps de l\u2019esprit critique, le club des entreprises<\/li>\n<li>Formation des personnels de l\u2019Universit\u00e9 de Bourgogne aux outils d\u2019intelligence artificielle<\/li>\n<li>Participation aux assises nationales de l\u2019\u00e9thique du num\u00e9rique \u00e0 Nevers (avril 2025)<\/li>\n<li>Participation aux projets de Recherche CEVOTEQ sur l\u2019encadrement des technologies quantiques (2025-2027)<\/li>\n<\/ul>\n","protected":false},"excerpt":{"rendered":"<p>Mise en place d\u2019un partenariat avec la Chaire \u00ab\u00a0R\u00e9gulation des plateformes num\u00e9riques et souverainet\u00e9\u00a0\u00bb de l\u2019Universit\u00e9 de Lorraine Participation au conseil du num\u00e9rique de l\u2019universit\u00e9 de Bourgogne Participation au comit\u00e9 m\u00e9tropolitain de la donn\u00e9e Conf\u00e9rence de vulgarisation sur l\u2019intelligence artificielle, le printemps de l\u2019esprit critique, le club des entreprises Formation des personnels de l\u2019Universit\u00e9 de&hellip;<\/p>\n<p class=\"more-link-p\"><a class=\"btn btn-primary\" href=\"https:\/\/blog.ube.fr\/chaire-smart-city\/interaction-avec-le-monde-socioeconomique\/\">Voir plus &rarr;<\/a><\/p>\n","protected":false},"author":7968,"featured_media":0,"parent":0,"menu_order":0,"comment_status":"closed","ping_status":"closed","template":"","meta":{"_exactmetrics_skip_tracking":false,"_exactmetrics_sitenote_active":false,"_exactmetrics_sitenote_note":"","_exactmetrics_sitenote_category":0,"footnotes":""},"class_list":["post-2289","page","type-page","status-publish","hentry"],"_links":{"self":[{"href":"https:\/\/blog.ube.fr\/chaire-smart-city\/wp-json\/wp\/v2\/pages\/2289","targetHints":{"allow":["GET"]}}],"collection":[{"href":"https:\/\/blog.ube.fr\/chaire-smart-city\/wp-json\/wp\/v2\/pages"}],"about":[{"href":"https:\/\/blog.ube.fr\/chaire-smart-city\/wp-json\/wp\/v2\/types\/page"}],"author":[{"embeddable":true,"href":"https:\/\/blog.ube.fr\/chaire-smart-city\/wp-json\/wp\/v2\/users\/7968"}],"replies":[{"embeddable":true,"href":"https:\/\/blog.ube.fr\/chaire-smart-city\/wp-json\/wp\/v2\/comments?post=2289"}],"version-history":[{"count":1,"href":"https:\/\/blog.ube.fr\/chaire-smart-city\/wp-json\/wp\/v2\/pages\/2289\/revisions"}],"predecessor-version":[{"id":2290,"href":"https:\/\/blog.ube.fr\/chaire-smart-city\/wp-json\/wp\/v2\/pages\/2289\/revisions\/2290"}],"wp:attachment":[{"href":"https:\/\/blog.ube.fr\/chaire-smart-city\/wp-json\/wp\/v2\/media?parent=2289"}],"curies":[{"name":"wp","href":"https:\/\/api.w.org\/{rel}","templated":true}]}}