{"id":2265,"date":"2022-06-15T09:19:08","date_gmt":"2022-06-15T07:19:08","guid":{"rendered":"https:\/\/blog.u-bourgogne.fr\/chaire-smart-city\/?page_id=2265"},"modified":"2022-06-15T09:19:08","modified_gmt":"2022-06-15T07:19:08","slug":"offres-demploi","status":"publish","type":"page","link":"https:\/\/blog.ube.fr\/chaire-smart-city\/offres-demploi\/","title":{"rendered":"Offres d&#8217;emploi"},"content":{"rendered":"<p>Les offres d&#8217;emploi sont destin\u00e9es aux jeunes dipl\u00f4m\u00e9s du Master<\/p>\n<p><a href=\"https:\/\/blog.ube.fr\/chaire-smart-city\/wp-content\/uploads\/sites\/149\/2022\/06\/Offre-demploi-DPO-GHT-Jura-06-2022.pdf\" target=\"_blank\" rel=\"noopener\">CH Jura Sud &#8211; D\u00e9l\u00e9gu\u00e9(e) \u00e0 la Protection des Donn\u00e9es Personnelles<\/a><\/p>\n<p><a href=\"https:\/\/blog.ube.fr\/chaire-smart-city\/wp-content\/uploads\/sites\/149\/2022\/06\/Offre-demploi-ORLEANS-METROPOLE-Chef-de-projet-13-06-2022.pdf\" target=\"_blank\" rel=\"noopener\">Orl\u00e9ans M\u00e9tropole &#8211; Chef de projet d\u00e9veloppement des usages num\u00e9riques<\/a><\/p>\n","protected":false},"excerpt":{"rendered":"<p>Les offres d&#8217;emploi sont destin\u00e9es aux jeunes dipl\u00f4m\u00e9s du Master CH Jura Sud &#8211; D\u00e9l\u00e9gu\u00e9(e) \u00e0 la Protection des Donn\u00e9es Personnelles Orl\u00e9ans M\u00e9tropole &#8211; Chef de projet d\u00e9veloppement des usages num\u00e9riques<\/p>\n<p class=\"more-link-p\"><a class=\"btn btn-primary\" href=\"https:\/\/blog.ube.fr\/chaire-smart-city\/offres-demploi\/\">Voir plus &rarr;<\/a><\/p>\n","protected":false},"author":395,"featured_media":0,"parent":0,"menu_order":0,"comment_status":"closed","ping_status":"closed","template":"","meta":{"_exactmetrics_skip_tracking":false,"_exactmetrics_sitenote_active":false,"_exactmetrics_sitenote_note":"","_exactmetrics_sitenote_category":0,"footnotes":""},"class_list":["post-2265","page","type-page","status-publish","hentry"],"_links":{"self":[{"href":"https:\/\/blog.ube.fr\/chaire-smart-city\/wp-json\/wp\/v2\/pages\/2265","targetHints":{"allow":["GET"]}}],"collection":[{"href":"https:\/\/blog.ube.fr\/chaire-smart-city\/wp-json\/wp\/v2\/pages"}],"about":[{"href":"https:\/\/blog.ube.fr\/chaire-smart-city\/wp-json\/wp\/v2\/types\/page"}],"author":[{"embeddable":true,"href":"https:\/\/blog.ube.fr\/chaire-smart-city\/wp-json\/wp\/v2\/users\/395"}],"replies":[{"embeddable":true,"href":"https:\/\/blog.ube.fr\/chaire-smart-city\/wp-json\/wp\/v2\/comments?post=2265"}],"version-history":[{"count":1,"href":"https:\/\/blog.ube.fr\/chaire-smart-city\/wp-json\/wp\/v2\/pages\/2265\/revisions"}],"predecessor-version":[{"id":2270,"href":"https:\/\/blog.ube.fr\/chaire-smart-city\/wp-json\/wp\/v2\/pages\/2265\/revisions\/2270"}],"wp:attachment":[{"href":"https:\/\/blog.ube.fr\/chaire-smart-city\/wp-json\/wp\/v2\/media?parent=2265"}],"curies":[{"name":"wp","href":"https:\/\/api.w.org\/{rel}","templated":true}]}}