{"id":2259,"date":"2022-06-15T09:11:00","date_gmt":"2022-06-15T07:11:00","guid":{"rendered":"https:\/\/blog.u-bourgogne.fr\/chaire-smart-city\/?page_id=2259"},"modified":"2022-06-29T10:06:16","modified_gmt":"2022-06-29T08:06:16","slug":"offres-dalternance","status":"publish","type":"page","link":"https:\/\/blog.ube.fr\/chaire-smart-city\/offres-dalternance\/","title":{"rendered":"Offres d&#8217;alternance"},"content":{"rendered":"<p>Les offres d&#8217;alternance sont destin\u00e9es aux \u00e9tudiants souhaitant int\u00e9grer le M2 Smart City et gouvernance de la donn\u00e9e.<\/p>\n<p><a href=\"https:\/\/blog.ube.fr\/chaire-smart-city\/wp-content\/uploads\/sites\/149\/2022\/06\/SNCF-Reseau-Offre-Stage-Alternance-Protection-des-donnees-personnelles-Vigilance-01-06-2022pdf.pdf\" target=\"_blank\" rel=\"noopener\">SNCF R\u00e9seaux &#8211; Protection des donn\u00e9es personnelles + devoir de vigilance<\/a><\/p>\n<p><a href=\"https:\/\/blog.ube.fr\/chaire-smart-city\/wp-content\/uploads\/sites\/149\/2022\/06\/Offre-Alternance_RESPONSE_DIJON-METROPOLE_2022_09-13-06-2022.pdf\" target=\"_blank\" rel=\"noopener\">Dijon M\u00e9tropole &#8211; Accompagner le chef du projet europ\u00e9en dans le pilotage du projet smart cities RESPONSE<\/a><\/p>\n<p><a href=\"https:\/\/blog.ube.fr\/chaire-smart-city\/wp-content\/uploads\/sites\/149\/2022\/06\/Offre-Alternance-EIFFAGE-ENERGIE-SYSTEMS-07-06-2022.pdf\" target=\"_blank\" rel=\"noopener\">Eiffage Energie Syst\u00e8mes &#8211; Assistant responsable d&#8217;affaires<\/a><\/p>\n<p><a href=\"https:\/\/blog.ube.fr\/chaire-smart-city\/wp-content\/uploads\/sites\/149\/2022\/06\/KEOLIS-DIVIA-Offre-alternance-Assistant-DPO-Gouvernance-des-donnees-01-06-2022.pdf\" target=\"_blank\" rel=\"noopener\">Keolis Dijon Mobilit\u00e9s &#8211; Assistant DPO Gouvernance des donn\u00e9es \u00e0 caract\u00e8re personnel<\/a><\/p>\n<p><a href=\"https:\/\/labanquepostale.recruitmentplatform.com\/FO\/Q18FK026203F3VBQB68QWF6CF\/components\/details.html?jobId=5911&amp;jobTitle=ALTERNANCE%20-%20Charg%C3%A9%28e%29%20de%20la%20protection%20des%20donn%C3%A9es%20personnelles%20-%20F\/H\" target=\"_blank\" rel=\"noopener\">La Banque Postale &#8211; Charg\u00e9(e) de la protection des donn\u00e9es personnelles <\/a><\/p>\n<p><a href=\"https:\/\/blog.ube.fr\/chaire-smart-city\/wp-content\/uploads\/sites\/149\/2022\/06\/Enedis-Recrutement-Alternant-M2SCGD.pdf\">Enedis &#8211; Appui juridique &#8211; ing\u00e9nierie territoriale<\/a><\/p>\n","protected":false},"excerpt":{"rendered":"<p>Les offres d&#8217;alternance sont destin\u00e9es aux \u00e9tudiants souhaitant int\u00e9grer le M2 Smart City et gouvernance de la donn\u00e9e. SNCF R\u00e9seaux &#8211; Protection des donn\u00e9es personnelles + devoir de vigilance Dijon M\u00e9tropole &#8211; Accompagner le chef du projet europ\u00e9en dans le pilotage du projet smart cities RESPONSE Eiffage Energie Syst\u00e8mes &#8211; Assistant responsable d&#8217;affaires Keolis Dijon&hellip;<\/p>\n<p class=\"more-link-p\"><a class=\"btn btn-primary\" href=\"https:\/\/blog.ube.fr\/chaire-smart-city\/offres-dalternance\/\">Voir plus &rarr;<\/a><\/p>\n","protected":false},"author":395,"featured_media":0,"parent":0,"menu_order":0,"comment_status":"closed","ping_status":"closed","template":"","meta":{"_exactmetrics_skip_tracking":false,"_exactmetrics_sitenote_active":false,"_exactmetrics_sitenote_note":"","_exactmetrics_sitenote_category":0,"footnotes":""},"class_list":["post-2259","page","type-page","status-publish","hentry"],"_links":{"self":[{"href":"https:\/\/blog.ube.fr\/chaire-smart-city\/wp-json\/wp\/v2\/pages\/2259","targetHints":{"allow":["GET"]}}],"collection":[{"href":"https:\/\/blog.ube.fr\/chaire-smart-city\/wp-json\/wp\/v2\/pages"}],"about":[{"href":"https:\/\/blog.ube.fr\/chaire-smart-city\/wp-json\/wp\/v2\/types\/page"}],"author":[{"embeddable":true,"href":"https:\/\/blog.ube.fr\/chaire-smart-city\/wp-json\/wp\/v2\/users\/395"}],"replies":[{"embeddable":true,"href":"https:\/\/blog.ube.fr\/chaire-smart-city\/wp-json\/wp\/v2\/comments?post=2259"}],"version-history":[{"count":4,"href":"https:\/\/blog.ube.fr\/chaire-smart-city\/wp-json\/wp\/v2\/pages\/2259\/revisions"}],"predecessor-version":[{"id":2275,"href":"https:\/\/blog.ube.fr\/chaire-smart-city\/wp-json\/wp\/v2\/pages\/2259\/revisions\/2275"}],"wp:attachment":[{"href":"https:\/\/blog.ube.fr\/chaire-smart-city\/wp-json\/wp\/v2\/media?parent=2259"}],"curies":[{"name":"wp","href":"https:\/\/api.w.org\/{rel}","templated":true}]}}