{"id":2199,"date":"2021-11-26T09:26:43","date_gmt":"2021-11-26T08:26:43","guid":{"rendered":"https:\/\/blog.u-bourgogne.fr\/chaire-smart-city\/?page_id=2199"},"modified":"2021-11-26T10:09:47","modified_gmt":"2021-11-26T09:09:47","slug":"projet-citoyen","status":"publish","type":"page","link":"https:\/\/blog.ube.fr\/chaire-smart-city\/la-recherche\/projet-citoyen\/","title":{"rendered":"Projet CITOYEN"},"content":{"rendered":"<h3><img loading=\"lazy\" decoding=\"async\" class=\"alignright wp-image-2218 size-medium\" src=\"https:\/\/blog.ube.fr\/chaire-smart-city\/wp-content\/uploads\/sites\/149\/2021\/11\/projet-citoyen-300x300.jpg\" alt=\"\" width=\"300\" height=\"300\" srcset=\"https:\/\/blog.ube.fr\/chaire-smart-city\/wp-content\/uploads\/sites\/149\/2021\/11\/projet-citoyen-300x300.jpg 300w, https:\/\/blog.ube.fr\/chaire-smart-city\/wp-content\/uploads\/sites\/149\/2021\/11\/projet-citoyen-150x150.jpg 150w, https:\/\/blog.ube.fr\/chaire-smart-city\/wp-content\/uploads\/sites\/149\/2021\/11\/projet-citoyen.jpg 520w\" sizes=\"auto, (max-width: 300px) 100vw, 300px\" \/>La Chaire participe dans le projet CITOYEN \u00ab Citoyennet\u00e9s politique, sociale, sanitaire et num\u00e9rique au prisme de l\u2019\u00e9pid\u00e9mie de Covid-19 \u00bb financ\u00e9 la FMSH et port\u00e9 par le <a href=\"https:\/\/credespo.u-bourgogne.fr\/equipe\/sciences-politiques\/388-andolfatto-dominique.html\" target=\"_blank\" rel=\"noopener\">Pr. Dominique Andolfatto<\/a> (<a href=\"https:\/\/credespo.u-bourgogne.fr\/\" target=\"_blank\" rel=\"noopener\">CREDESPO, Universit\u00e9 de Bourgogne<\/a>) et la <a href=\"https:\/\/msh-dijon.u-bourgogne.fr\/\" target=\"_blank\" rel=\"noopener\">MSH de Dijon<\/a>.<\/h3>\n<p>La n\u00e9cessit\u00e9 de mesures d\u2019urgence puis la gestion de la crise sanitaire ont conduit, \u00e0 compter de mars 2020, \u00e0 des d\u00e9cisions et \u00e0 la mise en \u0153uvre de m\u00e9canismes d\u00e9cisionnels in\u00e9dits. Si, l\u2019Etat de droit et la d\u00e9mocratie repr\u00e9sentative n\u2019ont pas \u00e9t\u00e9 suspendus, des proc\u00e9dures et un droit d\u2019exception ont \u00e9t\u00e9 mis en place et les libert\u00e9s publiques limit\u00e9es. Pour \u00e9clairer et analyser cette situation, le projet CITOYEN engage une recherche collective associant juristes, politistes, sociologues et historiens, principalement issus des universit\u00e9s de Bourgogne et de Lorraine. Ce projet pr\u00e9sente aussi une dimension compar\u00e9e, associant des chercheurs de diff\u00e9rentes institutions \u00e0 l\u2019\u00e9tranger (ou sp\u00e9cialistes fran\u00e7ais de certains pays). Il examinera comment les citoyens ont r\u00e9agi ou se sont adapt\u00e9s \u00e0 la crise et \u00e0 ses cons\u00e9quences pour la d\u00e9mocratie pluraliste. Il fera l\u2019objet d\u2019investigations \u00e0 trois niveaux\u00a0:<\/p>\n<ul>\n<li>D\u2019abord sur le <strong><u>plan politique<\/u><\/strong>. Comment le dispositif de la d\u00e9cision politique s\u2019est-il adapt\u00e9 et a-t-il \u00e9t\u00e9 per\u00e7u par les citoyens\u00a0? Le projet \u00e9tudiera comment, selon les politistes D. Dulong et B. Ga\u00efti (2021), une \u00ab\u00a0reverticalisation du pouvoir cens\u00e9e restaurer le commandement et la rationalit\u00e9 de l\u2019action\u00a0\u00bb est intervenue. Au sein de cet axes, l\u2019\u00e9quipe de la Chaire participera \u00e9galement \u00e0 l\u2019analyse de la <em><strong>\u00ab\u00a0gouvernance num\u00e9rique\u00a0\u00bb<\/strong><\/em> n\u00e9e de la crise. La crise a conduit \u00e0 d\u00e9velopper le tra\u00e7age des personnes, pour des raisons sanitaires et administratives. Il s\u2019agira de rep\u00e9rer le nouveau type de rapport que ce recours au num\u00e9rique a engendr\u00e9 entre citoyens et pouvoirs publics. Ce recours combine responsabilisation individuelle \u2013 les citoyens deviennent cr\u00e9ateurs d\u2019informations et acteurs de l\u2019action publique \u2013 mais interroge aussi sur la gouvernance des donn\u00e9es et les formes nouvelles de contr\u00f4le sur les individus.<\/li>\n<li>Sur le plan de la <strong><u>citoyennet\u00e9 sociale<\/u><\/strong>, le projet analysera les cons\u00e9quences de la crise sur les travailleurs, le monde du travail et ses r\u00e9gulations. L\u2019axe \u00ab\u00a0d\u00e9mocratie sociale\u00a0\u00bb portera \u00e9galement sur \u00a0l\u2019analyse des formes de solidarit\u00e9 et de leur r\u00e9gulation pendant la crise, en particulier, la question des minorit\u00e9s (le projet ciblera notamment les SDF, les r\u00e9fugi\u00e9s, les Roms). Cette \u00e9tude cherchera \u00e0 \u00e9valuer les diff\u00e9rents instruments juridiques promus ici par l\u2019UE afin d\u2019assurer une la coh\u00e9sion sociale.<\/li>\n<li>Enfin, dans le cas fran\u00e7ais, la crise \u00e9pid\u00e9mique a conduit \u00e0 une mise entre parenth\u00e8ses de la <strong><u>d\u00e9mocratie sanitaire<\/u><\/strong>, issue de r\u00e9formes depuis les ann\u00e9es 2000. Celles-ci ont cherch\u00e9 \u00e0 mieux associer les patients (et plus largement les citoyens et leurs associations repr\u00e9sentatives) aux choix sanitaires et sociaux, \u00e0 la gestion de l\u2019h\u00f4pital, tout en renfor\u00e7ant les droits des m\u00eames patients. Cette citoyennet\u00e9 est probablement celle qui a le plus souffert de la crise. Comment la pr\u00e9server en effet\u00a0dans un contexte d\u2019urgence sanitaire dans laquelle les structures hospitali\u00e8res et leurs personnels ont \u00e9t\u00e9 mobilis\u00e9s\u00a0? Y-a-t-il une limite au-del\u00e0 de laquelle la protection du citoyen expos\u00e9 au covid19 entre en conflit avec l\u2019effectivit\u00e9 de la d\u00e9mocratie sanitaire\u00a0? Cette d\u00e9mocratie sanitaire a-t-elle \u00e9t\u00e9 pens\u00e9e pour de telles situations\u00a0d\u2019exception ?<\/li>\n<\/ul>\n<p><strong>Le premier colloque du projet aura lieu au dernier trimestre 2022, \u00e0 Dijon.<\/strong><\/p>\n<p><strong>Contact au sein de la Chaire\u00a0: Emmanuel PY, ma\u00eetre de conf\u00e9rences, et Maximilien Lanna, post-doctorant<\/strong><\/p>\n","protected":false},"excerpt":{"rendered":"<p>La Chaire participe dans le projet CITOYEN \u00ab Citoyennet\u00e9s politique, sociale, sanitaire et num\u00e9rique au prisme de l\u2019\u00e9pid\u00e9mie de Covid-19 \u00bb financ\u00e9 la FMSH et port\u00e9 par le Pr. Dominique Andolfatto (CREDESPO, Universit\u00e9 de Bourgogne) et la MSH de Dijon. La n\u00e9cessit\u00e9 de mesures d\u2019urgence puis la gestion de la crise sanitaire ont conduit, \u00e0&hellip;<\/p>\n<p class=\"more-link-p\"><a class=\"btn btn-primary\" href=\"https:\/\/blog.ube.fr\/chaire-smart-city\/la-recherche\/projet-citoyen\/\">Voir plus &rarr;<\/a><\/p>\n","protected":false},"author":3332,"featured_media":0,"parent":1290,"menu_order":2,"comment_status":"closed","ping_status":"closed","template":"","meta":{"_exactmetrics_skip_tracking":false,"_exactmetrics_sitenote_active":false,"_exactmetrics_sitenote_note":"","_exactmetrics_sitenote_category":0,"footnotes":""},"class_list":["post-2199","page","type-page","status-publish","hentry"],"_links":{"self":[{"href":"https:\/\/blog.ube.fr\/chaire-smart-city\/wp-json\/wp\/v2\/pages\/2199","targetHints":{"allow":["GET"]}}],"collection":[{"href":"https:\/\/blog.ube.fr\/chaire-smart-city\/wp-json\/wp\/v2\/pages"}],"about":[{"href":"https:\/\/blog.ube.fr\/chaire-smart-city\/wp-json\/wp\/v2\/types\/page"}],"author":[{"embeddable":true,"href":"https:\/\/blog.ube.fr\/chaire-smart-city\/wp-json\/wp\/v2\/users\/3332"}],"replies":[{"embeddable":true,"href":"https:\/\/blog.ube.fr\/chaire-smart-city\/wp-json\/wp\/v2\/comments?post=2199"}],"version-history":[{"count":5,"href":"https:\/\/blog.ube.fr\/chaire-smart-city\/wp-json\/wp\/v2\/pages\/2199\/revisions"}],"predecessor-version":[{"id":2230,"href":"https:\/\/blog.ube.fr\/chaire-smart-city\/wp-json\/wp\/v2\/pages\/2199\/revisions\/2230"}],"up":[{"embeddable":true,"href":"https:\/\/blog.ube.fr\/chaire-smart-city\/wp-json\/wp\/v2\/pages\/1290"}],"wp:attachment":[{"href":"https:\/\/blog.ube.fr\/chaire-smart-city\/wp-json\/wp\/v2\/media?parent=2199"}],"curies":[{"name":"wp","href":"https:\/\/api.w.org\/{rel}","templated":true}]}}