{"id":1897,"date":"2021-05-07T11:46:57","date_gmt":"2021-05-07T09:46:57","guid":{"rendered":"https:\/\/blog.u-bourgogne.fr\/chaire-smart-city\/?page_id=1897"},"modified":"2022-05-19T13:52:54","modified_gmt":"2022-05-19T11:52:54","slug":"du-dpo","status":"publish","type":"page","link":"https:\/\/blog.ube.fr\/chaire-smart-city\/du-dpo\/","title":{"rendered":"DU DPO"},"content":{"rendered":"<h4>Dipl\u00f4me universitaire D\u00e9l\u00e9gu\u00e9 \u00e0 la Protection des Donn\u00e9es<\/h4>\n<p>Les candidatures pour la rentr\u00e9e de l&#8217;ann\u00e9e universitaire 2022-23 sont \u00e0 d\u00e9poser sur la plateforme ECANDIDAT de l&#8217;Universit\u00e9 de Bourgogne du 30 avril au 13 juin 2022.<\/p>\n<p>Prochaine rentr\u00e9e en septembre 2022<br \/>\n<span id=\"OBJ_PREFIX_DWT3520_com_zimbra_url\" class=\"Object\" role=\"link\"><span id=\"OBJ_PREFIX_DWT3544_com_zimbra_url\" class=\"Object\" role=\"link\"><\/span><\/span><\/p>\n<p><a href=\"https:\/\/blog.ube.fr\/chaire-smart-city\/wp-content\/uploads\/sites\/149\/2021\/07\/DU-DPO_Programme-formation.pdf\" rel=\"\">Programme de la formation 2021-2022<\/a><\/p>\n<p><a href=\"https:\/\/blog.ube.fr\/chaire-smart-city\/wp-content\/uploads\/sites\/149\/2021\/10\/DU-DPO-Calendrier-2021-2022.pdf\">DU DPO &#8211; Calendrier 2021-2022<\/a><\/p>\n<p><a href=\"https:\/\/blog.ube.fr\/chaire-smart-city\/wp-content\/uploads\/sites\/149\/2021\/07\/Plaquette_DU-DPO.pdf\" target=\"_blank\" rel=\"noopener\">Plaquette 2021-2022<\/a><\/p>\n<table style=\"border-collapse: collapse; width: 100%;\">\n<tbody>\n<tr>\n<td style=\"width: 33.3333%; text-align: left; vertical-align: top; border-style: solid; border-color: #8e8e89;\">\n<ul>\n<li>Une formation approfondie sur les sujets de l\u2019examen de certification<\/li>\n<li>La possibilit\u00e9 pour les candidats de pouvoir justifier des 35 heures minimales de formation pour se pr\u00e9senter \u00e0 l\u2019examen<\/li>\n<li>Une formation propos\u00e9e par des experts universitaires et des avocats ou professionnels DPO au fait de l\u2019actualit\u00e9 et de la pratique dans le domaine<\/li>\n<li>Un nombre d\u2019heure de formation et un calendrier de formation compatibles avec une activit\u00e9 professionnelle<\/li>\n<li>Une session d\u2019entrainement comprenant un examen blanc et son corrig\u00e9 avec un expert du sujet<\/li>\n<li>L\u2019organisation de la session d\u2019examen \u00e0 Dijon en partenariat avec un centre certificateur reconnu<\/li>\n<li>Un co\u00fbt de formation accessible aux petites entreprises\/petites structures et structures publiques<\/li>\n<\/ul>\n<\/td>\n<td style=\"width: 33.3333%; border-style: solid; border-color: #8e8e89; text-align: left; vertical-align: top;\"><strong>Direction<\/strong> : Emmanuel Py, Ma\u00eetre de Conf\u00e9rences, Universit\u00e9 de Bourgogne<\/p>\n<p><strong>Dipl\u00f4me d\u00e9livr\u00e9\u00a0<\/strong>: D.U.<\/p>\n<p><strong>Dur\u00e9e<\/strong> : 70 heures de formation<\/p>\n<p><strong>Modalit\u00e9 d\u2019enseignement\u00a0<\/strong>: formation continue<\/p>\n<p><strong>Frais de formation\u00a0: 2200 \u20ac<\/strong><\/p>\n<p><strong>Localisation\u00a0<\/strong>: le dipl\u00f4me est pr\u00e9par\u00e9 \u00e0 Dijon en pr\u00e9sentiel ou \u00e0 distance via Teams.<\/td>\n<td style=\"width: 33.3333%; text-align: left; vertical-align: top; border-style: solid; border-color: #8e8e89;\"><a href=\"https:\/\/www.apave-certification.com\/prestations\/details-dune-prestation\/prod\/certification-dpo-delegue-a-la-protection-des-donnees\/article\/dpo-2019\/\" rel=\"\"><strong>En partenariat avec APAVE Certification<\/strong><\/a><\/p>\n<p><em>L&#8217;examen DPO propos\u00e9 par Apave Certification a \u00e9t\u00e9 agr\u00e9\u00e9 par la CNIL en novembre 2019 (N\u00b0 d\u2019agr\u00e9ment : 2019-138) <\/em><em>et permet de faire reconna\u00eetre objectivement vos comp\u00e9tences en tant que DPO. D&#8217;une dur\u00e9e de 3 heures et comprenant 120 questions, il est dispens\u00e9 \u00e0 l&#8217;issue de votre formation.<\/em><\/p>\n<p><em>La r\u00e9ussite \u00e0 l\u2019examen est sanctionn\u00e9e par l\u2019envoi du certificat C by Apave d\u00e9livr\u00e9 par Apave Certification, permettant de vous diff\u00e9rencier sur le march\u00e9 du travail comme DPO aux comp\u00e9tences reconnues par la CNIL.<\/em><\/p>\n<p><img loading=\"lazy\" decoding=\"async\" class=\"wp-image-1916 aligncenter\" src=\"https:\/\/blog.ube.fr\/chaire-smart-city\/wp-content\/uploads\/sites\/149\/2021\/05\/Apave-Certification_HD-300x121.jpg\" alt=\"\" width=\"248\" height=\"100\" srcset=\"https:\/\/blog.ube.fr\/chaire-smart-city\/wp-content\/uploads\/sites\/149\/2021\/05\/Apave-Certification_HD-300x121.jpg 300w, https:\/\/blog.ube.fr\/chaire-smart-city\/wp-content\/uploads\/sites\/149\/2021\/05\/Apave-Certification_HD-1024x412.jpg 1024w, https:\/\/blog.ube.fr\/chaire-smart-city\/wp-content\/uploads\/sites\/149\/2021\/05\/Apave-Certification_HD-768x309.jpg 768w, https:\/\/blog.ube.fr\/chaire-smart-city\/wp-content\/uploads\/sites\/149\/2021\/05\/Apave-Certification_HD-1536x618.jpg 1536w, https:\/\/blog.ube.fr\/chaire-smart-city\/wp-content\/uploads\/sites\/149\/2021\/05\/Apave-Certification_HD-2048x824.jpg 2048w\" sizes=\"auto, (max-width: 248px) 100vw, 248px\" \/><\/td>\n<\/tr>\n<\/tbody>\n<\/table>\n<p><strong>Contexte<\/strong><\/p>\n<p>Le r\u00e8glement europ\u00e9en sur la protection des donn\u00e9es \u00e0 caract\u00e8re personnel (RGPD) entr\u00e9 en vigueur en 2018 impose de nouvelles obligations aux acteurs publics et priv\u00e9s, comme celle de d\u00e9signer un d\u00e9l\u00e9gu\u00e9 \u00e0 la protection des donn\u00e9es personnelles (DPO) dans tout organisme proc\u00e9dant \u00e0 un suivi de personnes ou traitant de donn\u00e9es sensibles \u00e0 grande \u00e9chelle. La fonction de DPO est donc nouvelle au sein de nombreuses organisations priv\u00e9es ou publiques, mais en tr\u00e8s forte croissance.<\/p>\n<p><strong>Objectif<\/strong><\/p>\n<p>La CNIL a conf\u00e9r\u00e9 un agr\u00e9ment \u00e0 plusieurs centres de formation, dont l\u2019APAVE, pour d\u00e9livrer une certification aux fonctions de DPO. Le DU DPO de l\u2019universit\u00e9 de Bourgogne vise \u00e0 pr\u00e9parer ses \u00e9tudiants au passage de ladite certification.<\/p>\n<p>Le programme p\u00e9dagogique comprend des enseignements en droit du num\u00e9rique et sp\u00e9cialement en droit des donn\u00e9es personnelles, conform\u00e9ment \u00e0 la d\u00e9lib\u00e9ration de la CNIL n\u00b0 2018-317 du 20 septembre 2018 portant adoption des crit\u00e8res du r\u00e9f\u00e9rentiel d\u2019agr\u00e9ment d\u2019organismes de certification pour la certification des comp\u00e9tences de d\u00e9l\u00e9gu\u00e9 \u00e0 la protection des donn\u00e9es (JORF 11 octobre 2018).<\/p>\n<p>Le DU propose \u00e9galement une session d\u2019entrainement au passage de l\u2019examen.<\/p>\n<p><strong>Public cible<\/strong><\/p>\n<p>Le DU vise les professionnels assurant ou se destinant \u00e0 assurer les fonctions de DPO au sein d\u2019entit\u00e9s publiques ou priv\u00e9es, mais \u00e9galement toute personne souhaitant acqu\u00e9rir les comp\u00e9tences n\u00e9cessaires \u00e0 la gestion des donn\u00e9es \u00e0 caract\u00e8re personnel en conformit\u00e9 avec le RGPD.<\/p>\n<p>L\u2019examen de certification aux fonctions de DPO est ouvert aux personnes pouvant justifier d\u2019au moins deux ans d\u2019exp\u00e9rience professionnelle. Le DU vise donc un public de professionnels en formation continue dans le secteur public ou priv\u00e9.<\/p>\n<table style=\"width: 100%; border-collapse: collapse; border-style: solid; border-color: #8e8e89;\">\n<tbody>\n<tr>\n<td style=\"width: 25%; text-align: left; vertical-align: top; border-style: solid; border-color: #8e8e89;\"><strong>Conditions d\u2019acc\u00e8s<\/strong><\/p>\n<p>Master 2 ou \u00e9quivalence professionnelle \u00e0 d\u00e9terminer par la Commission.<\/p>\n<p>Les candidats justifiant d\u2019une exp\u00e9rience significative dans le domaine de la protection des donn\u00e9es peuvent candidater.<\/td>\n<td style=\"width: 25%; text-align: left; vertical-align: top; border-style: solid; border-color: #8e8e89;\"><strong>Calendrier\u00a0<\/strong><\/p>\n<p>Le DU propose 70 heures de formation, \u00e0 raison de 10 vendredi r\u00e9partis entre septembre et avril de l\u2019ann\u00e9e universitaire.<\/p>\n<p>Une session d\u2019entrainement de 4h est pr\u00e9vue en juin<\/p>\n<p>L\u2019examen de certification est organis\u00e9 en juin.<\/td>\n<td style=\"width: 25%; text-align: left; vertical-align: top; border-style: solid; border-color: #8e8e89;\"><strong>Organisation de la formation<\/strong><\/p>\n<p>Les enseignements sont organis\u00e9s sous forme de CM ou de s\u00e9minaires pr\u00e9sent\u00e9s par des professionnels.<\/p>\n<p>Le DU s\u2019appuie sur les enseignements du master 2 et de la Chaire Smart City et gouvernance de la donn\u00e9e.<\/td>\n<td style=\"width: 25%; text-align: left; vertical-align: top; border-style: solid; border-color: #8e8e89;\"><strong>Frais de formation 2200 \u20ac :<\/strong><\/p>\n<ul>\n<li>Frais de formation : 1 600 euros<\/li>\n<li>Inscription \u00e0 la certification DPO : 600 euros<\/li>\n<\/ul>\n<\/td>\n<\/tr>\n<\/tbody>\n<\/table>\n<p>&nbsp;<\/p>\n<p>&nbsp;<\/p>\n<p>&nbsp;<\/p>\n<p>&nbsp;<\/p>\n","protected":false},"excerpt":{"rendered":"<p>Dipl\u00f4me universitaire D\u00e9l\u00e9gu\u00e9 \u00e0 la Protection des Donn\u00e9es Les candidatures pour la rentr\u00e9e de l&#8217;ann\u00e9e universitaire 2022-23 sont \u00e0 d\u00e9poser sur la plateforme ECANDIDAT de l&#8217;Universit\u00e9 de Bourgogne du 30 avril au 13 juin 2022. Prochaine rentr\u00e9e en septembre 2022 Programme de la formation 2021-2022 DU DPO &#8211; Calendrier 2021-2022 Plaquette 2021-2022 Une formation approfondie&hellip;<\/p>\n<p class=\"more-link-p\"><a class=\"btn btn-primary\" href=\"https:\/\/blog.ube.fr\/chaire-smart-city\/du-dpo\/\">Voir plus &rarr;<\/a><\/p>\n","protected":false},"author":3332,"featured_media":0,"parent":0,"menu_order":0,"comment_status":"closed","ping_status":"closed","template":"","meta":{"_exactmetrics_skip_tracking":false,"_exactmetrics_sitenote_active":false,"_exactmetrics_sitenote_note":"","_exactmetrics_sitenote_category":0,"footnotes":""},"class_list":["post-1897","page","type-page","status-publish","hentry"],"_links":{"self":[{"href":"https:\/\/blog.ube.fr\/chaire-smart-city\/wp-json\/wp\/v2\/pages\/1897","targetHints":{"allow":["GET"]}}],"collection":[{"href":"https:\/\/blog.ube.fr\/chaire-smart-city\/wp-json\/wp\/v2\/pages"}],"about":[{"href":"https:\/\/blog.ube.fr\/chaire-smart-city\/wp-json\/wp\/v2\/types\/page"}],"author":[{"embeddable":true,"href":"https:\/\/blog.ube.fr\/chaire-smart-city\/wp-json\/wp\/v2\/users\/3332"}],"replies":[{"embeddable":true,"href":"https:\/\/blog.ube.fr\/chaire-smart-city\/wp-json\/wp\/v2\/comments?post=1897"}],"version-history":[{"count":20,"href":"https:\/\/blog.ube.fr\/chaire-smart-city\/wp-json\/wp\/v2\/pages\/1897\/revisions"}],"predecessor-version":[{"id":2256,"href":"https:\/\/blog.ube.fr\/chaire-smart-city\/wp-json\/wp\/v2\/pages\/1897\/revisions\/2256"}],"wp:attachment":[{"href":"https:\/\/blog.ube.fr\/chaire-smart-city\/wp-json\/wp\/v2\/media?parent=1897"}],"curies":[{"name":"wp","href":"https:\/\/api.w.org\/{rel}","templated":true}]}}