{"id":1377,"date":"2020-12-07T16:21:04","date_gmt":"2020-12-07T15:21:04","guid":{"rendered":"https:\/\/blog.u-bourgogne.fr\/chaire-smart-city\/?page_id=1377"},"modified":"2025-09-03T14:24:08","modified_gmt":"2025-09-03T12:24:08","slug":"contacts","status":"publish","type":"page","link":"https:\/\/blog.ube.fr\/chaire-smart-city\/contacts\/","title":{"rendered":"Contacts"},"content":{"rendered":"<div id=\"attachment_1423\" style=\"width: 610px\" class=\"wp-caption alignright\"><img loading=\"lazy\" decoding=\"async\" aria-describedby=\"caption-attachment-1423\" class=\"wp-image-1423 size-full\" src=\"https:\/\/blog.ube.fr\/chaire-smart-city\/wp-content\/uploads\/sites\/149\/2020\/12\/UB-Eco-04.jpeg\" alt=\"\" width=\"600\" height=\"400\" srcset=\"https:\/\/blog.ube.fr\/chaire-smart-city\/wp-content\/uploads\/sites\/149\/2020\/12\/UB-Eco-04.jpeg 600w, https:\/\/blog.ube.fr\/chaire-smart-city\/wp-content\/uploads\/sites\/149\/2020\/12\/UB-Eco-04-300x200.jpeg 300w\" sizes=\"auto, (max-width: 600px) 100vw, 600px\" \/><p id=\"caption-attachment-1423\" class=\"wp-caption-text\">Universit\u00e9 de Bourgogne<\/p><\/div>\n<h2><\/h2>\n<h2>Responsable de la Chaire et du Master 2<\/h2>\n<p>Emmanuel Py, Professeur<br \/>\nUniversit\u00e9 de Bourgogne<br \/>\n<a href=\"mailto:Emmanuel.Py@u-bourgogne.fr\">Emmanuel.Py [@] u-bourgogne.fr<\/a><\/p>\n<p>Pierre Bordais, Ma\u00eetre de conf\u00e9rences<br \/>\nUniversit\u00e9 de Bourgogne<br \/>\n<a href=\"mailto:Emmanuel.Py@u-bourgogne.fr\">Pierre.Bordais [@] u-bourgogne.fr<\/a><\/p>\n<h2>Secr\u00e9tariat de la Chaire et du Master 2<\/h2>\n<p>Centre Innovation et Droit &#8211; UFR Droit-sciences \u00e9conomique et politique<br \/>\n4 boulevard Gabriel<br \/>\n21000 Dijon<br \/>\nT\u00e9l.\u00a0: 03 80 39 53 83<br \/>\n<a href=\"mailto:secretariat-m2-smartcity@u-bourgogne.fr\">secretariat-m2-smartcity [@] u-bourgogne.fr<\/a><\/p>\n<p>&nbsp;<\/p>\n<h2>Suivi de l&#8217;alternance<\/h2>\n<p>L\u2019alternance est g\u00e9r\u00e9e par le Service Commun de Formations Continue et par Alternance (SEFCA). Julie Proenca est votre interlocutrice privil\u00e9gi\u00e9e au sein de ce service pour toute question relative \u00e0 la mise en place d&#8217;un contrat d&#8217;alternance.<\/p>\n<p>Julie Proenca<br \/>\nCharg\u00e9e d\u2019ing\u00e9nierie de formation au SEFCA<br \/>\nUFR Droit-sciences \u00e9conomique et politique<br \/>\n4 boulevard Gabriel<br \/>\n21000 Dijon<br \/>\nT\u00e9l.\u00a0: 03 80 39 53 31<br \/>\n<a href=\"mailto:formation.continue-droit@u-bourgogne.fr\">formation.continue-droit@u-bourgogne.fr <\/a><\/p>\n<p>&nbsp;<\/p>\n<h2>Suivez-nous !<\/h2>\n<p><a href=\"https:\/\/www.linkedin.com\/company\/master-2-smart-city-et-gouvernance-de-la-donn%C3%A9e\/\" rel=\"\"><img loading=\"lazy\" decoding=\"async\" class=\"alignnone wp-image-1364\" src=\"https:\/\/blog.ube.fr\/chaire-smart-city\/wp-content\/uploads\/sites\/149\/2020\/12\/Logo-Linkedin-150x150.png\" alt=\"\" width=\"109\" height=\"109\" srcset=\"https:\/\/blog.ube.fr\/chaire-smart-city\/wp-content\/uploads\/sites\/149\/2020\/12\/Logo-Linkedin-150x150.png 150w, https:\/\/blog.ube.fr\/chaire-smart-city\/wp-content\/uploads\/sites\/149\/2020\/12\/Logo-Linkedin.png 300w\" sizes=\"auto, (max-width: 109px) 100vw, 109px\" \/><\/a><\/p>\n<p>&nbsp;<\/p>\n","protected":false},"excerpt":{"rendered":"<p>Responsable de la Chaire et du Master 2 Emmanuel Py, Professeur Universit\u00e9 de Bourgogne Emmanuel.Py [@] u-bourgogne.fr Pierre Bordais, Ma\u00eetre de conf\u00e9rences Universit\u00e9 de Bourgogne Pierre.Bordais [@] u-bourgogne.fr Secr\u00e9tariat de la Chaire et du Master 2 Centre Innovation et Droit &#8211; UFR Droit-sciences \u00e9conomique et politique 4 boulevard Gabriel 21000 Dijon T\u00e9l.\u00a0: 03 80 39&hellip;<\/p>\n<p class=\"more-link-p\"><a class=\"btn btn-primary\" href=\"https:\/\/blog.ube.fr\/chaire-smart-city\/contacts\/\">Voir plus &rarr;<\/a><\/p>\n","protected":false},"author":3332,"featured_media":0,"parent":0,"menu_order":0,"comment_status":"closed","ping_status":"closed","template":"","meta":{"_exactmetrics_skip_tracking":false,"_exactmetrics_sitenote_active":false,"_exactmetrics_sitenote_note":"","_exactmetrics_sitenote_category":0,"footnotes":""},"class_list":["post-1377","page","type-page","status-publish","hentry"],"_links":{"self":[{"href":"https:\/\/blog.ube.fr\/chaire-smart-city\/wp-json\/wp\/v2\/pages\/1377","targetHints":{"allow":["GET"]}}],"collection":[{"href":"https:\/\/blog.ube.fr\/chaire-smart-city\/wp-json\/wp\/v2\/pages"}],"about":[{"href":"https:\/\/blog.ube.fr\/chaire-smart-city\/wp-json\/wp\/v2\/types\/page"}],"author":[{"embeddable":true,"href":"https:\/\/blog.ube.fr\/chaire-smart-city\/wp-json\/wp\/v2\/users\/3332"}],"replies":[{"embeddable":true,"href":"https:\/\/blog.ube.fr\/chaire-smart-city\/wp-json\/wp\/v2\/comments?post=1377"}],"version-history":[{"count":14,"href":"https:\/\/blog.ube.fr\/chaire-smart-city\/wp-json\/wp\/v2\/pages\/1377\/revisions"}],"predecessor-version":[{"id":2369,"href":"https:\/\/blog.ube.fr\/chaire-smart-city\/wp-json\/wp\/v2\/pages\/1377\/revisions\/2369"}],"wp:attachment":[{"href":"https:\/\/blog.ube.fr\/chaire-smart-city\/wp-json\/wp\/v2\/media?parent=1377"}],"curies":[{"name":"wp","href":"https:\/\/api.w.org\/{rel}","templated":true}]}}