{"id":1373,"date":"2020-12-07T16:15:13","date_gmt":"2020-12-07T15:15:13","guid":{"rendered":"https:\/\/blog.u-bourgogne.fr\/chaire-smart-city\/?page_id=1373"},"modified":"2025-09-03T17:00:43","modified_gmt":"2025-09-03T15:00:43","slug":"gouvernance","status":"publish","type":"page","link":"https:\/\/blog.ube.fr\/chaire-smart-city\/la-chaire\/gouvernance\/","title":{"rendered":"Gouvernance"},"content":{"rendered":"<p style=\"text-align: justify;\">La Chaire a \u00e9t\u00e9 cr\u00e9\u00e9e initialement pour une dur\u00e9e de 3 ans. Elle est coordonn\u00e9e par des organes permettant la repr\u00e9sentation des diff\u00e9rents partenaires et expertises.<\/p>\n<table style=\"height: 258px; width: 100%; border-collapse: collapse;\">\n<tbody>\n<tr style=\"height: 38px;\">\n<td style=\"width: 37.2047%; height: 38px;\"><strong>Directeur scientifique, Professeur titulaire de la Chaire<\/strong><\/td>\n<td style=\"width: 62.7953%; height: 38px; text-align: justify;\">M. Emmanuel PY, Professeur en droit priv\u00e9 et M. Pierre Bordais MCF en droit priv\u00e9, Centre Innovation et Droit (CID), Universit\u00e9 de Bourgogne<\/td>\n<\/tr>\n<tr style=\"height: 44px;\">\n<td style=\"width: 37.2047%; height: 44px;\"><strong>Co-directrice scientifique<\/strong><\/td>\n<td style=\"width: 62.7953%; height: 44px; text-align: justify;\">Mme. Lucie WATRIN, MCF en droit priv\u00e9, Centre Innovation et Droit (CID), Universit\u00e9 de Bourgogne<\/td>\n<\/tr>\n<tr style=\"height: 22px;\">\n<td style=\"width: 37.2047%; height: 22px;\"><strong>Comit\u00e9 de pilotage<\/strong><\/td>\n<td style=\"width: 62.7953%; height: 22px; text-align: justify;\">M. Vincent THOMAS, Pr\u00e9sident de l&#8217;universit\u00e9 de Bourgogne<\/td>\n<\/tr>\n<tr style=\"height: 22px;\">\n<td style=\"width: 37.2047%; height: 22px;\"><\/td>\n<td style=\"width: 62.7953%; height: 22px; text-align: justify;\">M. Denis HAMEAU, adjoint au Maire de Dijon<\/p>\n<p>M. David FAU, Responsable du p\u00f4le Data de la direction du num\u00e9rique de Dijon m\u00e9tropole<\/p>\n<p>Mme C\u00e9cile MARTIN-VIELLARD, Charg\u00e9e de mission Enseignement Sup\u00e9rieur, Recherche et Innovation<\/p>\n<p>M. Guillaume FENICE, Charg\u00e9 de fili\u00e8re num\u00e9rique, Dijon m\u00e9tropole<\/td>\n<\/tr>\n<tr style=\"height: 22px;\">\n<td style=\"width: 37.2047%; height: 22px;\"><\/td>\n<td style=\"width: 62.7953%; height: 22px; text-align: justify;\">M. Eric CANAVAGGIA, Bouygues Energies et Services, Directeur de projet OnDijon<\/p>\n<p>M. Etienne DUMAS, Bouygues Energies et Services, Directeur Grand Projet<\/td>\n<\/tr>\n<tr style=\"height: 22px;\">\n<td style=\"width: 37.2047%; height: 22px;\"><\/td>\n<td style=\"width: 62.7953%; height: 22px; text-align: justify;\">M. Madly MOYSAN, Citelum, Directeur d\u00e9veloppement r\u00e9gional, IDF, Normandie, Nord &amp; Est<\/p>\n<p>M.Guillaume GIVELET, Citelum, Responsable Administratif et Financier du projet OnDijon<\/td>\n<\/tr>\n<tr style=\"height: 22px;\">\n<td style=\"width: 37.2047%; height: 22px;\"><\/td>\n<td style=\"width: 62.7953%; height: 22px; text-align: justify;\">M. Walter MEYER, Suez, Directeur M\u00e9tiers et Performance Est<\/p>\n<p>M. Mathieu BLIN, Suez, Responsable Exploitation du projet OnDijon<\/td>\n<\/tr>\n<tr style=\"height: 22px;\">\n<td style=\"width: 37.2047%; height: 22px;\"><\/td>\n<td style=\"width: 62.7953%; height: 22px; text-align: justify;\">M. David STOLTZ, K\u00e9olis, Responsable gouvernance des donn\u00e9es<\/p>\n<p>Mme Christelle MINOT, K\u00e9olis Dijon Mobilit\u00e9s, Responsable D\u00e9veloppement RH<\/td>\n<\/tr>\n<tr style=\"height: 22px;\">\n<td style=\"width: 37.2047%; height: 22px;\"><\/td>\n<td style=\"width: 62.7953%; height: 22px; text-align: justify;\">M. Eric TOURTE, EDF Bourgogne Franche Comt\u00e9, D\u00e9l\u00e9gu\u00e9 Emploi &amp; Innovation BFC<\/p>\n<p>M. Fabrice CASCIANI, EDF Bourgogne Franche Comt\u00e9, Responsable de programme R&amp;D<\/td>\n<\/tr>\n<tr style=\"height: 22px;\">\n<td style=\"width: 37.2047%; height: 22px;\"><\/td>\n<td style=\"width: 62.7953%; height: 22px; text-align: justify;\">M. Antoine BOULICAULT, Enedis, Ing\u00e9nieur territorial Bourgogne Franche Comt\u00e9<\/p>\n<p>M. Pascal LAUDE, Enedis, Directeur d\u00e9l\u00e9gu\u00e9 aux affaires R\u00e9gionale, Transition Ecologique<\/td>\n<\/tr>\n<tr>\n<td style=\"width: 37.2047%;\"><strong>Comit\u00e9 d&#8217;orientation<\/strong><\/td>\n<td style=\"width: 62.7953%; text-align: justify;\">M. Emmanuel PY, Professeur en droit priv\u00e9, Centre Innovation et Droit (CID), Universit\u00e9 de Bourgogne, Responsable de l&#8217;UE2 du Master 2<\/td>\n<\/tr>\n<tr>\n<td style=\"width: 37.2047%;\"><\/td>\n<td style=\"width: 62.7953%; text-align: justify;\">Mme. Lucie WATRIN, MCF en droit priv\u00e9, Centre Innovation et Droit (CID), Universit\u00e9 de Bourgogne<\/td>\n<\/tr>\n<tr>\n<td style=\"width: 37.2047%;\"><\/td>\n<td style=\"width: 62.7953%; text-align: justify;\">M. Christophe NICOLLE, Professeur de Droit Priv\u00e9 et sciences criminelles, CIAD (Connaissance et Intelligence Artificielle Distribu\u00e9es), Universit\u00e9 de Bourgogne; Responsable de l&#8217;UE1 du Master 2<\/td>\n<\/tr>\n<tr>\n<td style=\"width: 37.2047%;\"><\/td>\n<td style=\"width: 62.7953%; text-align: justify;\">M. Philippe COSSALTER, Professeur de Droit Public, Titulaire de la Chaire de droit public fran\u00e7ais de l&#8217;Universit\u00e9 de la Sarre, Co-directeur du Centre juridique franco-allemand<\/td>\n<\/tr>\n<tr>\n<td style=\"width: 37.2047%;\"><\/td>\n<td style=\"width: 62.7953%; text-align: justify;\">Mme. Catherine BAUMONT, Professeur d\u2019\u00e9conomie, LEDI (Laboratoire d\u2019\u00e9conomie de Dijon), Universit\u00e9 de Bourgogne; Responsable de l&#8217;UE4 du Master 2<\/td>\n<\/tr>\n<tr>\n<td style=\"width: 37.2047%;\"><\/td>\n<td style=\"width: 62.7953%; text-align: justify;\">M. Dominique ANDOLFATTO, Professeur de Science Politique, CREDESPO (Centre de recherche et d\u2019\u00e9tude en droit et science politique), Universit\u00e9 de Bourgogne; Responsable de l&#8217;UE5 du Master 2<\/td>\n<\/tr>\n<tr>\n<td style=\"width: 37.2047%;\"><\/td>\n<td style=\"width: 62.7953%; text-align: justify;\">M. Philippe DESBRIERES, Professeur de Sciences de Gestion, IAE, Universit\u00e9 de Bourgogne<\/td>\n<\/tr>\n<\/tbody>\n<\/table>\n","protected":false},"excerpt":{"rendered":"<p>La Chaire a \u00e9t\u00e9 cr\u00e9\u00e9e initialement pour une dur\u00e9e de 3 ans. Elle est coordonn\u00e9e par des organes permettant la repr\u00e9sentation des diff\u00e9rents partenaires et expertises. Directeur scientifique, Professeur titulaire de la Chaire M. Emmanuel PY, Professeur en droit priv\u00e9 et M. Pierre Bordais MCF en droit priv\u00e9, Centre Innovation et Droit (CID), Universit\u00e9 de&hellip;<\/p>\n<p class=\"more-link-p\"><a class=\"btn btn-primary\" href=\"https:\/\/blog.ube.fr\/chaire-smart-city\/la-chaire\/gouvernance\/\">Voir plus &rarr;<\/a><\/p>\n","protected":false},"author":3332,"featured_media":0,"parent":1286,"menu_order":2,"comment_status":"closed","ping_status":"closed","template":"","meta":{"_exactmetrics_skip_tracking":false,"_exactmetrics_sitenote_active":false,"_exactmetrics_sitenote_note":"","_exactmetrics_sitenote_category":0,"footnotes":""},"class_list":["post-1373","page","type-page","status-publish","hentry"],"_links":{"self":[{"href":"https:\/\/blog.ube.fr\/chaire-smart-city\/wp-json\/wp\/v2\/pages\/1373","targetHints":{"allow":["GET"]}}],"collection":[{"href":"https:\/\/blog.ube.fr\/chaire-smart-city\/wp-json\/wp\/v2\/pages"}],"about":[{"href":"https:\/\/blog.ube.fr\/chaire-smart-city\/wp-json\/wp\/v2\/types\/page"}],"author":[{"embeddable":true,"href":"https:\/\/blog.ube.fr\/chaire-smart-city\/wp-json\/wp\/v2\/users\/3332"}],"replies":[{"embeddable":true,"href":"https:\/\/blog.ube.fr\/chaire-smart-city\/wp-json\/wp\/v2\/comments?post=1373"}],"version-history":[{"count":11,"href":"https:\/\/blog.ube.fr\/chaire-smart-city\/wp-json\/wp\/v2\/pages\/1373\/revisions"}],"predecessor-version":[{"id":2380,"href":"https:\/\/blog.ube.fr\/chaire-smart-city\/wp-json\/wp\/v2\/pages\/1373\/revisions\/2380"}],"up":[{"embeddable":true,"href":"https:\/\/blog.ube.fr\/chaire-smart-city\/wp-json\/wp\/v2\/pages\/1286"}],"wp:attachment":[{"href":"https:\/\/blog.ube.fr\/chaire-smart-city\/wp-json\/wp\/v2\/media?parent=1373"}],"curies":[{"name":"wp","href":"https:\/\/api.w.org\/{rel}","templated":true}]}}