{"id":1350,"date":"2020-12-07T14:58:27","date_gmt":"2020-12-07T13:58:27","guid":{"rendered":"https:\/\/blog.u-bourgogne.fr\/chaire-smart-city\/?page_id=1350"},"modified":"2021-12-10T12:15:01","modified_gmt":"2021-12-10T11:15:01","slug":"les-memoires-du-m2","status":"publish","type":"page","link":"https:\/\/blog.ube.fr\/chaire-smart-city\/master2\/les-memoires-du-m2\/","title":{"rendered":"Biblio du M2"},"content":{"rendered":"<p style=\"text-align: justify;\">Un pied en entreprise et un pied \u00e0 l\u2019universit\u00e9, les \u00e9tudiants du Master 2 Smart City et gouvernance de la donn\u00e9e ont r\u00e9dig\u00e9 des m\u00e9moires aux probl\u00e9matiques cibl\u00e9es sur les d\u00e9fis rencontr\u00e9s par leurs organismes d&#8217;accueil.<\/p>\n<p style=\"text-align: justify;\">Les m\u00e9moires sont disponibles \u00e0 la biblioth\u00e8que du CID ou en version \u00e9lectronique sur demande. Merci de remplir <a href=\"https:\/\/blog.ube.fr\/chaire-smart-city\/wp-content\/uploads\/sites\/149\/2021\/12\/Demande-de-memoire.pdf\">Demande de m\u00e9moire<\/a> et de la renvoyer au <a href=\"mailto:secretariat-m2-smartcity@u-bourgogne.fr\">secr\u00e9tariat du M2<\/a>.<\/p>\n<table style=\"border-collapse: collapse; width: 100%; height: 284px;\">\n<tbody>\n<tr style=\"height: 66px;\">\n<td style=\"width: 100%; background-color: #bdced9; height: 66px;\">\n<h3>Biblioth\u00e8que du M2 Smart City et gouvernance de la donn\u00e9e<\/h3>\n<\/td>\n<\/tr>\n<tr style=\"height: 22px;\">\n<td style=\"width: 100%; height: 22px;\">ABRAHAM, Yann, \u00ab Reconnaissance faciale : comment accompagner son d\u00e9veloppement en garantissant le respect des libert\u00e9s fondamentales ?\u00a0\u00bb, Sept. 2020<\/td>\n<\/tr>\n<tr>\n<td style=\"width: 100%;\">ADA, Mitra, \u00ab Les garanties offertes aux administr\u00e9s dans le traitement de leurs donn\u00e9es personnelles \u00bb, Sept. 2021<\/td>\n<\/tr>\n<tr style=\"height: 22px;\">\n<td style=\"width: 100%; height: 22px;\">BARRILLET, Swann, \u00ab Les cookies et autres traceurs, r\u00e9gime juridique et pratique \u00bb, Sept. 2021<\/td>\n<\/tr>\n<tr style=\"height: 22px;\">\n<td style=\"width: 100%; height: 22px;\">BOULICAULT, Antoine, \u00ab L\u2019autoconsommation collective d\u2019\u00e9nergies renouvelables en milieu urbain \u00bb, Sept. 2020<\/td>\n<\/tr>\n<tr style=\"height: 22px;\">\n<td style=\"width: 100%; height: 22px;\">DUARTE, Magalie, \u00ab La gestion du lien social pour les seniors dans la Smart City\u00bb, Sept. 2021<\/td>\n<\/tr>\n<tr style=\"height: 10px;\">\n<td style=\"width: 100%; height: 10px;\">GOUTON, Damien, \u00ab Privacy by design \/ Privacy by default : d\u00e9finition et mise en \u0153uvre \u00bb , Sept. 2020 (non disponible \u00e0 la demande de l&#8217;auteur)<\/td>\n<\/tr>\n<tr style=\"height: 22px;\">\n<td style=\"width: 100%; height: 22px;\">KACHIN, Anissa, \u00ab L&#8217;effectivit\u00e9 de la protection des donn\u00e9es personnelles dans l&#8217;ouverture des donn\u00e9es publiques \u00bb, Sept. 2021<\/td>\n<\/tr>\n<tr style=\"height: 22px;\">\n<td style=\"width: 100%; height: 22px;\">LAVAYSSIERE, Alice, \u00ab La r\u00e9utilisation des donn\u00e9es ouvertes \u00bb , Sept. 2020<\/td>\n<\/tr>\n<tr style=\"height: 10px;\">\n<td style=\"width: 100%; height: 10px;\">LESCOURRET, Herv\u00e9, \u00ab Le secret prot\u00e9g\u00e9 de l\u2019entreprise \u00e0 l\u2019\u00e9preuve de l\u2019ouverture et de la r\u00e9utilisation des donn\u00e9es de mobilit\u00e9 \u2013 cadre, enjeux, perspectives \u00bb , Sept. 2020<\/td>\n<\/tr>\n<tr style=\"height: 22px;\">\n<td style=\"width: 100%; height: 22px;\">LUCAS, Simon, \u00ab La place de l\u2019intelligence artificielle dans la gouvernance de la ville \u00bb , Sept. 2020<\/td>\n<\/tr>\n<tr style=\"height: 22px;\">\n<td style=\"width: 100%; height: 22px;\">MEUNIER, Blaise, \u00ab La ma\u00eetrise des donn\u00e9es territoriales: un enjeu de souverainet\u00e9 pour les collectivit\u00e9s\u00bb, Sept. 2021<\/td>\n<\/tr>\n<tr style=\"height: 22px;\">\n<td style=\"width: 100%; height: 22px;\">VIANO, Laurie, \u00ab La Smart City : de la gouvernance \u00e0 la data science \u00bb, Juillet 2021<\/td>\n<\/tr>\n<\/tbody>\n<\/table>\n<p>&nbsp;<\/p>\n<p>&nbsp;<\/p>\n<p>&nbsp;<\/p>\n","protected":false},"excerpt":{"rendered":"<p>Un pied en entreprise et un pied \u00e0 l\u2019universit\u00e9, les \u00e9tudiants du Master 2 Smart City et gouvernance de la donn\u00e9e ont r\u00e9dig\u00e9 des m\u00e9moires aux probl\u00e9matiques cibl\u00e9es sur les d\u00e9fis rencontr\u00e9s par leurs organismes d&#8217;accueil. Les m\u00e9moires sont disponibles \u00e0 la biblioth\u00e8que du CID ou en version \u00e9lectronique sur demande. Merci de remplir Demande&hellip;<\/p>\n<p class=\"more-link-p\"><a class=\"btn btn-primary\" href=\"https:\/\/blog.ube.fr\/chaire-smart-city\/master2\/les-memoires-du-m2\/\">Voir plus &rarr;<\/a><\/p>\n","protected":false},"author":3332,"featured_media":0,"parent":1288,"menu_order":3,"comment_status":"closed","ping_status":"closed","template":"","meta":{"_exactmetrics_skip_tracking":false,"_exactmetrics_sitenote_active":false,"_exactmetrics_sitenote_note":"","_exactmetrics_sitenote_category":0,"footnotes":""},"class_list":["post-1350","page","type-page","status-publish","hentry"],"_links":{"self":[{"href":"https:\/\/blog.ube.fr\/chaire-smart-city\/wp-json\/wp\/v2\/pages\/1350","targetHints":{"allow":["GET"]}}],"collection":[{"href":"https:\/\/blog.ube.fr\/chaire-smart-city\/wp-json\/wp\/v2\/pages"}],"about":[{"href":"https:\/\/blog.ube.fr\/chaire-smart-city\/wp-json\/wp\/v2\/types\/page"}],"author":[{"embeddable":true,"href":"https:\/\/blog.ube.fr\/chaire-smart-city\/wp-json\/wp\/v2\/users\/3332"}],"replies":[{"embeddable":true,"href":"https:\/\/blog.ube.fr\/chaire-smart-city\/wp-json\/wp\/v2\/comments?post=1350"}],"version-history":[{"count":19,"href":"https:\/\/blog.ube.fr\/chaire-smart-city\/wp-json\/wp\/v2\/pages\/1350\/revisions"}],"predecessor-version":[{"id":2249,"href":"https:\/\/blog.ube.fr\/chaire-smart-city\/wp-json\/wp\/v2\/pages\/1350\/revisions\/2249"}],"up":[{"embeddable":true,"href":"https:\/\/blog.ube.fr\/chaire-smart-city\/wp-json\/wp\/v2\/pages\/1288"}],"wp:attachment":[{"href":"https:\/\/blog.ube.fr\/chaire-smart-city\/wp-json\/wp\/v2\/media?parent=1350"}],"curies":[{"name":"wp","href":"https:\/\/api.w.org\/{rel}","templated":true}]}}