{"id":1326,"date":"2020-12-07T14:11:23","date_gmt":"2020-12-07T13:11:23","guid":{"rendered":"https:\/\/blog.u-bourgogne.fr\/chaire-smart-city\/?page_id=1326"},"modified":"2025-09-03T10:15:13","modified_gmt":"2025-09-03T08:15:13","slug":"enseignants-et-intervenants","status":"publish","type":"page","link":"https:\/\/blog.ube.fr\/chaire-smart-city\/master2\/enseignants-et-intervenants\/","title":{"rendered":"Enseignants et intervenants"},"content":{"rendered":"<p style=\"text-align: justify;\">Le Master Smart City et gouvernance de la donn\u00e9e est pilot\u00e9e par un responsable p\u00e9dagogique. Il est accompagn\u00e9 par les responsables des UE th\u00e9matiques du Master. L\u2019\u00e9quipe assure la coordination entre la formation dispens\u00e9e et celle assur\u00e9e en milieu professionnel. Elle organise et dispense un enseignement conforme au programme du dipl\u00f4me. Elle est accompagn\u00e9e de Professeurs d\u2019universit\u00e9 ou ma\u00eetres de conf\u00e9rences de l\u2019Universit\u00e9 de Bourgogne ou invit\u00e9s, mais aussi de nombreux intervenants ext\u00e9rieurs experts praticiens, avocats, juristes\u2026<\/p>\n<p style=\"text-align: justify;\">Responsables du Master : Emmanuel PY,\u00a0 professeur en droit priv\u00e9 et sciences criminelles, CID, Universit\u00e9 de Bourgogne<\/p>\n<p style=\"text-align: justify;\"><a href=\"mailto:Emmanuel.Py@u-bourgogne.fr\" target=\"_blank\" rel=\"noopener noreferrer\">Emmanuel.Py [@] u-bourgogne.fr<\/a><\/p>\n<p>&nbsp;<\/p>\n<h3 style=\"text-align: justify;\">Responsables d&#8217;UE<\/h3>\n<table style=\"width: 100%; border-collapse: collapse; border-style: solid; border-color: #4d4c4c; height: 848px;\">\n<tbody>\n<tr style=\"height: 62px;\">\n<td style=\"height: 62px;\" colspan=\"2\">\n<h5>Responsable de l&#8217;UE1 &#8211; Approche Technique de la Smart City et des donn\u00e9es<\/h5>\n<\/td>\n<\/tr>\n<tr style=\"height: 44px;\">\n<td style=\"height: 44px;\"><img loading=\"lazy\" decoding=\"async\" class=\"size-full wp-image-1670 aligncenter\" src=\"https:\/\/blog.ube.fr\/chaire-smart-city\/wp-content\/uploads\/sites\/149\/2021\/02\/silhouette_masc.png\" alt=\"\" width=\"98\" height=\"102\" \/><\/td>\n<td style=\"height: 44px;\">Christophe NICOLLE, Professeur en informatique, CIAD (Connaissance et Intelligence Artificielle Distribu\u00e9es), Universit\u00e9 de Bourgogne<br \/>\n<a href=\"http:\/\/www.ciad-lab.fr\/author-10971\/\" target=\"_blank\" rel=\"noopener\">Lien vers sa page web<\/a><\/td>\n<\/tr>\n<tr style=\"height: 62px;\">\n<td style=\"height: 62px;\" colspan=\"2\">\n<h5>Responsable de l&#8217;UE2 &#8211; Approche juridique des donn\u00e9es de la Smart City<\/h5>\n<\/td>\n<\/tr>\n<tr style=\"height: 150px;\">\n<td style=\"height: 150px;\"><img loading=\"lazy\" decoding=\"async\" class=\"aligncenter wp-image-1555 size-thumbnail\" src=\"https:\/\/blog.ube.fr\/chaire-smart-city\/wp-content\/uploads\/sites\/149\/2020\/12\/Emmanuel_PY-1-150x150.png\" alt=\"\" width=\"150\" height=\"150\" \/><\/td>\n<td style=\"height: 150px;\">Emmanuel PY, professeur en droit priv\u00e9 et sciences criminelles, CID, Universit\u00e9 de Bourgogne<br \/>\n<a href=\"https:\/\/cid.u-bourgogne.fr\/equipe\/emmanuel-py\" target=\"_blank\" rel=\"noopener\">Lien vers sa page web<\/a><\/td>\n<\/tr>\n<tr style=\"height: 62px;\">\n<td style=\"height: 62px;\" colspan=\"2\">\n<h5>Responsable de l&#8217;UE3 \u2013 Les contrats de la Smart City<\/h5>\n<\/td>\n<\/tr>\n<tr style=\"height: 44px;\">\n<td style=\"height: 44px;\"><img loading=\"lazy\" decoding=\"async\" class=\"size-full wp-image-1670 aligncenter\" src=\"https:\/\/blog.ube.fr\/chaire-smart-city\/wp-content\/uploads\/sites\/149\/2021\/02\/silhouette_masc.png\" alt=\"\" width=\"98\" height=\"102\" \/><\/td>\n<td style=\"height: 44px;\">Philippe COSSALTER, Professeur agr\u00e9g\u00e9 des facult\u00e9s de droit, Chaire de droit public fran\u00e7ais de l&#8217;Universit\u00e9 de la Sarre.<br \/>\n<a href=\"https:\/\/lfoer.cjfa.eu\/prof-dr-philippe-cossalter\/\" target=\"_blank\" rel=\"noopener\">Lien vers sa page web<\/a><\/td>\n<\/tr>\n<tr style=\"height: 62px;\">\n<td style=\"height: 62px;\" colspan=\"2\">\n<h5>Responsable de l&#8217;UE4 \u2013 \u00c9conomie de la Smart City<\/h5>\n<\/td>\n<\/tr>\n<tr style=\"height: 150px;\">\n<td style=\"height: 150px;\"><img loading=\"lazy\" decoding=\"async\" class=\"aligncenter wp-image-1558 size-thumbnail\" src=\"https:\/\/blog.ube.fr\/chaire-smart-city\/wp-content\/uploads\/sites\/149\/2020\/12\/Catherine_BAUMONT-150x150.jpg\" alt=\"\" width=\"150\" height=\"150\" \/><\/td>\n<td style=\"height: 150px;\">Catherine BAUMONT, Professeur d&#8217;\u00e9conomie, LEDI (Laboratoire d\u2019\u00e9conomie de Dijon), Universit\u00e9 de Bourgogne<br \/>\n<a href=\"https:\/\/ledi.u-bourgogne.fr\/membres-du-laboratoire\/les-enseignants-chercheurs\/34-pages-persos\/371-baumont-catherine.html\" target=\"_blank\" rel=\"noopener\">Lien vers sa page web<\/a><\/td>\n<\/tr>\n<tr style=\"height: 62px;\">\n<td style=\"height: 62px;\" colspan=\"2\">\n<h5>Responsable de l\u2019UE5 \u2013 Politique et \u00e9thique de la Smart City<\/h5>\n<\/td>\n<\/tr>\n<tr style=\"height: 150px;\">\n<td style=\"height: 150px;\"><img loading=\"lazy\" decoding=\"async\" class=\"aligncenter wp-image-1560 size-thumbnail\" src=\"https:\/\/blog.ube.fr\/chaire-smart-city\/wp-content\/uploads\/sites\/149\/2020\/12\/Dominique_ANDOLFATTO-150x150.jpg\" alt=\"\" width=\"150\" height=\"150\" \/><\/td>\n<td style=\"height: 150px;\">Dominique ANDOLFATTO, Professeur de science politique, CREDESPO (Centre de recherche et d\u2019\u00e9tude en droit et science politique), Universit\u00e9 de Bourgogne<br \/>\n<a href=\"https:\/\/credespo.u-bourgogne.fr\/equipe\/sciences-politiques\/388-andolfatto-dominique.html\" target=\"_blank\" rel=\"noopener\">Lien vers sa page web<\/a><\/td>\n<\/tr>\n<\/tbody>\n<\/table>\n<h3 style=\"text-align: justify;\">Intervenants<\/h3>\n<table style=\"height: 867px; width: 100%; border-collapse: collapse; border-style: dashed;\">\n<tbody>\n<tr style=\"text-align: justify;\">\n<td style=\"width: 100%; height: 62px;\" colspan=\"2\">\n<h5>UE1 &#8211; Approche Technique de la Smart City et des donn\u00e9es<\/h5>\n<\/td>\n<\/tr>\n<tr style=\"text-align: justify;\">\n<td style=\"width: 0.714796%; padding-left: 40px; height: 10px; border-color: #000000; border-style: dotted;\"><\/td>\n<td style=\"width: 99.2853%; padding-left: 40px; height: 10px; border-color: #000000; border-style: dotted;\">Aur\u00e9lie BERTAUX, MCF en informatique, CIAD (Connaissance et Intelligence Artificielle Distribu\u00e9es), Universit\u00e9 de Bourgogne<\/p>\n<p><a href=\"http:\/\/www.ciad-lab.fr\/author-11895\/\" target=\"_blank\" rel=\"noopener\">Lien vers sa page web<\/a><\/td>\n<\/tr>\n<tr style=\"text-align: justify;\">\n<td style=\"width: 0.714796%; padding-left: 40px; height: 10px; border-color: #000000; border-style: dotted;\"><\/td>\n<td style=\"width: 99.2853%; padding-left: 40px; height: 10px; border-color: #000000; border-style: dotted;\">St\u00e9phane GALLAND, Professeur en informatique , CIAD (Connaissance et Intelligence Artificielle Distribu\u00e9es), Universit\u00e9 de Bourgogne<\/p>\n<p><a href=\"http:\/\/www.ciad-lab.fr\/author-10836\/\" target=\"_blank\" rel=\"noopener\">Lien vers sa page web<\/a><\/td>\n<\/tr>\n<tr style=\"text-align: justify;\">\n<td style=\"width: 0.714796%; padding-left: 40px; height: 22px; border-color: #000000; border-style: dotted;\">\n<h5><\/h5>\n<\/td>\n<td style=\"width: 99.2853%; padding-left: 40px; height: 22px; border-color: #000000; border-style: dotted;\">Ouassila NARSIS, MCF en informatique, CIAD (Connaissance et Intelligence Artificielle Distribu\u00e9es), Universit\u00e9 de Bourgogne<\/p>\n<p><a href=\"https:\/\/www.researchgate.net\/profile\/Ouassila_Labbani_Narsis\" target=\"_blank\" rel=\"noopener\">Lien vers sa page web<\/a><\/td>\n<\/tr>\n<tr style=\"text-align: justify;\">\n<td style=\"width: 100%; height: 57px;\" colspan=\"2\">\n<h5>UE2 \u2013 Approche Juridique des donn\u00e9es de la Smart City<\/h5>\n<\/td>\n<\/tr>\n<tr style=\"text-align: justify;\">\n<td style=\"width: 0.714796%; padding-left: 40px; height: 34px; border-style: dotted;\">\n<h5><\/h5>\n<\/td>\n<td style=\"width: 99.2853%; padding-left: 40px; height: 34px; border-style: dotted;\">Nicolas BINCTIN, Professeur de droit priv\u00e9 et sciences criminelles, CECOJI (Centre d\u2019\u00e9tudes et de Coop\u00e9ration Juridique Interdisciplinaire), Universit\u00e9 de Poitiers<\/p>\n<p><a href=\"https:\/\/cecoji.labo.univ-poitiers.fr\/membres\/binctin-nicolas\/\" target=\"_blank\" rel=\"noopener\">Lien vers sa page web<\/a><\/td>\n<\/tr>\n<tr style=\"text-align: justify;\">\n<td style=\"width: 0.714796%; padding-left: 40px; height: 10px; border-style: dotted;\">\n<h5><\/h5>\n<\/td>\n<td style=\"width: 99.2853%; padding-left: 40px; height: 10px; border-style: dotted;\">Guillaume BUSSEUIL, MCF en droit priv\u00e9, CREDIMI, Universit\u00e9 de Bourgogne<\/p>\n<p><a href=\"https:\/\/credimi.u-bourgogne.fr\/equipe\/enseignantschercheurs\/3-equipe\/enseignants--chercheurs\/51-guillaume-busseuil.html\" target=\"_blank\" rel=\"noopener\">Lien vers sa page web<\/a><\/td>\n<\/tr>\n<tr style=\"text-align: justify;\">\n<td style=\"width: 0.714796%; padding-left: 40px; height: 30px; border-style: dotted;\">\n<h5><\/h5>\n<\/td>\n<td style=\"width: 99.2853%; padding-left: 40px; height: 30px; border-style: dotted;\">R\u00e9gis CHATELLIER, Charg\u00e9 d\u2019\u00e9tude prospective, CNIL (Commission Nationale de l&#8217;Informatique et des Libert\u00e9s)<\/td>\n<\/tr>\n<tr style=\"text-align: justify;\">\n<td style=\"width: 0.714796%; padding-left: 40px; height: 31px; border-style: dotted;\">\n<h5><\/h5>\n<\/td>\n<td style=\"width: 99.2853%; padding-left: 40px; height: 31px; border-style: dotted;\">Alexandra GUERIN-FRANCOIS, Juriste, CNIL (Commission Nationale de l&#8217;Informatique et des Libert\u00e9s)<\/td>\n<\/tr>\n<tr style=\"text-align: justify;\">\n<td style=\"width: 0.714796%; padding-left: 40px; height: 10px; border-style: dotted;\">\n<h5><\/h5>\n<\/td>\n<td style=\"width: 99.2853%; padding-left: 40px; height: 10px; border-style: dotted;\">Xavier LENOIR, Directeur du Num\u00e9rique, Direction des Ressources et Services aux Communes, Ville de DIJON et DIJON M\u00c9TROPOLE<\/td>\n<\/tr>\n<tr style=\"text-align: justify;\">\n<td style=\"width: 0.714796%; padding-left: 40px; height: 26px; border-style: dotted;\">\n<h5><\/h5>\n<\/td>\n<td style=\"width: 99.2853%; padding-left: 40px; height: 26px; border-style: dotted;\">Samir MERABET, MCF en droit priv\u00e9 et sciences criminelles, Equipe de recherche Louis Josserand, Universit\u00e9 Jean Moulin Lyon III<\/p>\n<p><a href=\"https:\/\/univ-droit.fr\/universitaires\/32507-samir-merabet\" target=\"_blank\" rel=\"noopener\">Voir sa page web<\/a><\/td>\n<\/tr>\n<tr style=\"text-align: justify;\">\n<td style=\"width: 0.714796%; padding-left: 40px; height: 25px; border-style: dotted;\"><\/td>\n<td style=\"width: 99.2853%; padding-left: 40px; height: 25px; border-style: dotted;\">R\u00e9gis JACQUIN, Responsable juridique, administratif &amp; RH, ALMETRIS<\/p>\n<p><a href=\"http:\/\/regisjacquin.fr\/\" target=\"_blank\" rel=\"noopener\">Lien vers sa page web<\/a><\/td>\n<\/tr>\n<tr style=\"text-align: justify;\">\n<td style=\"width: 0.714796%; padding-left: 40px; height: 35px; border-style: dotted;\"><\/td>\n<td style=\"width: 99.2853%; padding-left: 40px; height: 35px; border-style: dotted;\">Intervenant du minist\u00e8re de l&#8217;Int\u00e9rieur<\/td>\n<\/tr>\n<tr style=\"text-align: justify;\">\n<td style=\"width: 0.714796%; padding-left: 40px; height: 40px; border-style: dotted;\">\n<h5><\/h5>\n<\/td>\n<td style=\"width: 99.2853%; padding-left: 40px; height: 40px; border-style: dotted;\">Lucie WATRIN, MCF en Droit priv\u00e9 et sciences criminelles, CID, Universit\u00e9 de Bourgogne<\/p>\n<p><a href=\"https:\/\/cid.u-bourgogne.fr\/equipe\/lucie-watrin\" target=\"_blank\" rel=\"noopener\">Voir sa page web<\/a><\/td>\n<\/tr>\n<tr style=\"text-align: justify;\">\n<td style=\"width: 100%; height: 28px;\" colspan=\"2\">\n<h5>UE3 \u2013 Les contrats de la Smart City<\/h5>\n<\/td>\n<\/tr>\n<tr style=\"text-align: justify;\">\n<td style=\"width: 0.714796%; padding-left: 40px; height: 27px; border-style: dotted;\"><\/td>\n<td style=\"width: 99.2853%; padding-left: 40px; height: 27px; border-style: dotted;\">Bernard QUIRINY, Professeur de droit public, CREDESPO, Universit\u00e9 de Bourgogne<\/p>\n<p>Bernard Quiriny est depuis 2010 professeur de droit public \u00e0 l&#8217;Universit\u00e9 de Bourgogne, o\u00f9 il enseigne le droit administratif et le droit des collectivit\u00e9s territoriales. Il est l&#8217;auteur de plusieurs articles et notes de jurisprudence dans ces mati\u00e8res ; ses recherches portent \u00e9galement sur le droit constitutionnel et l&#8217;histoire des id\u00e9es politiques. Il dirige le M2 &#8220;protection des droits et libert\u00e9s fondamentaux&#8221; et il a cr\u00e9\u00e9 le magist\u00e8re &#8220;m\u00e9tiers du droit public&#8221;.<\/td>\n<\/tr>\n<tr>\n<td style=\"width: 0.714796%; padding-left: 40px; border-style: dotted;\"><\/td>\n<td style=\"width: 99.2853%; padding-left: 40px; border-style: dotted;\">Jean BERRUT, Juriste &#8211; Project Finance Legal Desk chez Bouygues Construction<\/td>\n<\/tr>\n<tr>\n<td style=\"width: 0.714796%; padding-left: 40px; border-style: dotted;\"><\/td>\n<td style=\"width: 99.2853%; padding-left: 40px; border-style: dotted;\">Tiphaine BLAY, Juriste chez Bouygues Energies &amp; Services<\/td>\n<\/tr>\n<tr style=\"text-align: justify;\">\n<td style=\"width: 100%; height: 18px;\" colspan=\"2\">\n<h5>UE4 \u2013 \u00c9conomie de la Smart City<\/h5>\n<\/td>\n<\/tr>\n<tr style=\"text-align: justify;\">\n<td style=\"width: 0.714796%; padding-left: 40px; height: 33px; border-style: dotted;\">\n<h5><\/h5>\n<\/td>\n<td style=\"width: 99.2853%; padding-left: 40px; height: 33px; border-style: dotted;\">Anne AGUILERA, Charg\u00e9e de recherche, LVMT (Laboratoire Ville Mobilit\u00e9 Transport), IFSTTAR \/ Universit\u00e9 Gustave Eiffel<\/p>\n<p><a href=\"https:\/\/www.lvmt.fr\/equipe\/anne-aguilera\/\" target=\"_blank\" rel=\"noopener\">Voir sa page web<\/a><\/td>\n<\/tr>\n<tr style=\"text-align: justify;\">\n<td style=\"width: 0.714796%; padding-left: 40px; height: 28px; border-style: dotted;\">\n<h5><\/h5>\n<\/td>\n<td style=\"width: 99.2853%; padding-left: 40px; height: 28px; border-style: dotted;\">Philippe DESBRIERES, Professeur de sciences de gestion, Centre de recherche en gestion des organisations (CREGO), Universit\u00e9 de Bourgogne<\/p>\n<p><a href=\"https:\/\/crego.u-bourgogne.fr\/membres-du-laboratoire\/les-enseignants-chercheurs\/cv\/293-desbrieres-philippe\" target=\"_blank\" rel=\"noopener\">Lien vers sa page web<\/a><\/td>\n<\/tr>\n<tr style=\"text-align: justify;\">\n<td style=\"width: 0.714796%; padding-left: 40px; height: 22px; border-style: dotted;\">\n<h5><\/h5>\n<\/td>\n<td style=\"width: 99.2853%; padding-left: 40px; height: 22px; border-style: dotted;\">Mich\u00e8le GUILBOT, Directrice de recherche, LMA (Laboratoire M\u00e9canismes d\u2019Accidents), IFSTTAR \/ Universit\u00e9 Gustave Eiffel<\/p>\n<p><a href=\"https:\/\/www.ifsttar.fr\/menu-haut\/annuaire\/fiche-personnelle\/personne\/guilbot-michele\/\" target=\"_blank\" rel=\"noopener\">Lien vers sa page web<\/a><\/td>\n<\/tr>\n<tr style=\"text-align: justify;\">\n<td style=\"width: 0.714796%; padding-left: 40px; height: 33px; border-style: dotted;\">\n<h5><\/h5>\n<\/td>\n<td style=\"width: 99.2853%; padding-left: 40px; height: 33px; border-style: dotted;\">Fr\u00e9d\u00e9ric LANTZ, Professeur d&#8217;\u00e9conomie, IFP School, Responsable du Master \u00c9conomie du D\u00e9veloppement Durable, de l&#8217;Environnement et de l&#8217;\u00c9nergie<\/p>\n<p><a href=\"https:\/\/www.ifp-school.com\/node\/996\" target=\"_blank\" rel=\"noopener\">Lien vers sa page web<\/a><\/td>\n<\/tr>\n<tr style=\"text-align: justify;\">\n<td style=\"width: 0.714796%; padding-left: 40px; height: 27px; border-style: dotted;\">\n<h5><\/h5>\n<\/td>\n<td style=\"width: 99.2853%; padding-left: 40px; height: 27px; border-style: dotted;\">Dominique MIGNOT, Directeur de recherche en \u00e9conomie, TS2 (Transport Sant\u00e9 S\u00e9curit\u00e9), IFFSTTAR \/ Universit\u00e9 Gustave Eiffel<\/p>\n<p><a href=\"https:\/\/www.ifsttar.fr\/menu-haut\/annuaire\/fiche-personnelle\/personne\/mignot-dominique\/\" target=\"_blank\" rel=\"noopener\">Lien vers sa page web<\/a><\/td>\n<\/tr>\n<tr style=\"text-align: justify;\">\n<td style=\"width: 0.714796%; padding-left: 40px; height: 15px; border-style: dotted;\"><\/td>\n<td style=\"width: 99.2853%; padding-left: 40px; height: 15px; border-style: dotted;\">Jean-Fran\u00e7ois SOUPIZET, Consultant en d\u00e9veloppement international et strat\u00e9gies num\u00e9riques<\/p>\n<p><a href=\"http:\/\/soupizet.net\/\" target=\"_blank\" rel=\"noopener\">Lien vers sa page web<\/a><\/td>\n<\/tr>\n<tr style=\"text-align: justify;\">\n<td style=\"width: 100%; height: 40px;\" colspan=\"2\">\n<h5>UE5 \u2013 Politique et \u00e9thique de la Smart City<\/h5>\n<\/td>\n<\/tr>\n<tr style=\"text-align: justify;\">\n<td style=\"width: 0.714796%; padding-left: 40px; height: 39px; border-style: dotted;\"><\/td>\n<td style=\"width: 99.2853%; padding-left: 40px; height: 39px; border-style: dotted;\">Antoine COURMONT, Charg\u00e9 de recherche en science politique, Responsable scientifique de la Chaire Villes et num\u00e9rique de Sciences-Po Paris<\/p>\n<p><a href=\"https:\/\/www.sciencespo.fr\/centre-etudes-europeennes\/fr\/chercheur\/antoine-courmont\" target=\"_blank\" rel=\"noopener\">Lien vers sa page web<\/a><\/td>\n<\/tr>\n<tr style=\"text-align: justify;\">\n<td style=\"width: 0.714796%; padding-left: 40px; height: 10px; border-style: dotted;\">\n<h5><\/h5>\n<\/td>\n<td style=\"width: 99.2853%; padding-left: 40px; height: 10px; border-style: dotted;\">Anna ANGELI, r\u00e9seau \u00ab Villes Internet \u00bb pour l\u2019internet citoyen<\/td>\n<\/tr>\n<tr style=\"text-align: justify;\">\n<td style=\"width: 0.714796%; padding-left: 40px; height: 10px; border-style: dotted;\">\n<h5><\/h5>\n<\/td>\n<td style=\"width: 99.2853%; padding-left: 40px; height: 10px; border-style: dotted;\">Jo\u00ebl MEKHANTAR, Professeur de droit public, CREDESPO, Universit\u00e9 de Bourgogne<\/p>\n<p><a href=\"https:\/\/credespo.u-bourgogne.fr\/equipe\/46-equipes\/enseignants-chercheurs-droit-public\/95-mekhantar-joel.html\" target=\"_blank\" rel=\"noopener\">Lien vers sa page web<\/a><\/td>\n<\/tr>\n<tr style=\"text-align: justify;\">\n<td style=\"width: 0.714796%; padding-left: 40px; height: 31px; border-style: dotted;\">\n<h5><\/h5>\n<\/td>\n<td style=\"width: 99.2853%; padding-left: 40px; height: 31px; border-style: dotted;\">Mathias MURMYLO, Responsable du p\u00f4le conseil assistance \u00e0 ma\u00eetrise d&#8217;ouvrage, nouveaux services et inclusion num\u00e9rique, TERRITOIRE NUMERIQUE BFC<\/p>\n<p><a href=\"https:\/\/www.ternum-bfc.fr\/\" target=\"_blank\" rel=\"noopener\">Lien vers sa page web<\/a><\/td>\n<\/tr>\n<tr style=\"text-align: justify;\">\n<td style=\"width: 0.714796%; padding-left: 40px; height: 29px; border-style: dotted;\">\n<h5><\/h5>\n<\/td>\n<td style=\"width: 99.2853%; padding-left: 40px; height: 29px; border-style: dotted;\">J\u00e9r\u00e9mie NESTEL, Directeur du territoire intelligent et de l\u2019innovation, Ville de Nevers<\/td>\n<\/tr>\n<tr style=\"height: 32px;\">\n<td style=\"width: 0.714796%; padding-left: 40px; text-align: justify; height: 32px; border-style: dotted;\">\n<h5><\/h5>\n<\/td>\n<td style=\"width: 99.2853%; padding-left: 40px; text-align: justify; height: 32px; border-style: dotted;\">Thomas THEVENIN, Professeur de g\u00e9ographie, Th\u00e9MA (Th\u00e9oriser &amp; Mod\u00e9liser pour Am\u00e9nager), Universit\u00e9 de Bourgogne<\/p>\n<p><a href=\"http:\/\/thema.univ-fcomte.fr\/page_personnelle\/tthevenin\" target=\"_blank\" rel=\"noopener\">Lien vers sa page web<\/a><\/td>\n<\/tr>\n<\/tbody>\n<\/table>\n<p>&nbsp;<\/p>\n","protected":false},"excerpt":{"rendered":"<p>Le Master Smart City et gouvernance de la donn\u00e9e est pilot\u00e9e par un responsable p\u00e9dagogique. Il est accompagn\u00e9 par les responsables des UE th\u00e9matiques du Master. L\u2019\u00e9quipe assure la coordination entre la formation dispens\u00e9e et celle assur\u00e9e en milieu professionnel. Elle organise et dispense un enseignement conforme au programme du dipl\u00f4me. Elle est accompagn\u00e9e de&hellip;<\/p>\n<p class=\"more-link-p\"><a class=\"btn btn-primary\" href=\"https:\/\/blog.ube.fr\/chaire-smart-city\/master2\/enseignants-et-intervenants\/\">Voir plus &rarr;<\/a><\/p>\n","protected":false},"author":3332,"featured_media":0,"parent":1288,"menu_order":1,"comment_status":"closed","ping_status":"closed","template":"","meta":{"_exactmetrics_skip_tracking":false,"_exactmetrics_sitenote_active":false,"_exactmetrics_sitenote_note":"","_exactmetrics_sitenote_category":0,"footnotes":""},"class_list":["post-1326","page","type-page","status-publish","hentry"],"_links":{"self":[{"href":"https:\/\/blog.ube.fr\/chaire-smart-city\/wp-json\/wp\/v2\/pages\/1326","targetHints":{"allow":["GET"]}}],"collection":[{"href":"https:\/\/blog.ube.fr\/chaire-smart-city\/wp-json\/wp\/v2\/pages"}],"about":[{"href":"https:\/\/blog.ube.fr\/chaire-smart-city\/wp-json\/wp\/v2\/types\/page"}],"author":[{"embeddable":true,"href":"https:\/\/blog.ube.fr\/chaire-smart-city\/wp-json\/wp\/v2\/users\/3332"}],"replies":[{"embeddable":true,"href":"https:\/\/blog.ube.fr\/chaire-smart-city\/wp-json\/wp\/v2\/comments?post=1326"}],"version-history":[{"count":45,"href":"https:\/\/blog.ube.fr\/chaire-smart-city\/wp-json\/wp\/v2\/pages\/1326\/revisions"}],"predecessor-version":[{"id":2339,"href":"https:\/\/blog.ube.fr\/chaire-smart-city\/wp-json\/wp\/v2\/pages\/1326\/revisions\/2339"}],"up":[{"embeddable":true,"href":"https:\/\/blog.ube.fr\/chaire-smart-city\/wp-json\/wp\/v2\/pages\/1288"}],"wp:attachment":[{"href":"https:\/\/blog.ube.fr\/chaire-smart-city\/wp-json\/wp\/v2\/media?parent=1326"}],"curies":[{"name":"wp","href":"https:\/\/api.w.org\/{rel}","templated":true}]}}