{"id":1290,"date":"2020-12-03T16:41:35","date_gmt":"2020-12-03T15:41:35","guid":{"rendered":"https:\/\/blog.u-bourgogne.fr\/chaire-smart-city\/?page_id=1290"},"modified":"2021-01-06T15:08:41","modified_gmt":"2021-01-06T14:08:41","slug":"la-recherche","status":"publish","type":"page","link":"https:\/\/blog.ube.fr\/chaire-smart-city\/la-recherche\/","title":{"rendered":"La recherche"},"content":{"rendered":"<div id=\"attachment_1521\" style=\"width: 305px\" class=\"wp-caption alignright\"><img loading=\"lazy\" decoding=\"async\" aria-describedby=\"caption-attachment-1521\" class=\"wp-image-1521 size-medium\" src=\"https:\/\/blog.ube.fr\/chaire-smart-city\/wp-content\/uploads\/sites\/149\/2020\/12\/Mindgraph-2-295x300.png\" alt=\"\" width=\"295\" height=\"300\" srcset=\"https:\/\/blog.ube.fr\/chaire-smart-city\/wp-content\/uploads\/sites\/149\/2020\/12\/Mindgraph-2-295x300.png 295w, https:\/\/blog.ube.fr\/chaire-smart-city\/wp-content\/uploads\/sites\/149\/2020\/12\/Mindgraph-2.png 587w\" sizes=\"auto, (max-width: 295px) 100vw, 295px\" \/><p id=\"caption-attachment-1521\" class=\"wp-caption-text\">Les domaines de la Chaire<\/p><\/div>\n<p style=\"text-align: justify;\">La chaire permet d\u2019associer les comp\u00e9tences professionnelles d\u00e9velopp\u00e9es sur le terrain et les comp\u00e9tences universitaires pour mener plusieurs travaux dans le cadre de programmes projet\u00e9s par les laboratoires int\u00e9ress\u00e9s. Son objet est une \u00e9tude transversale de la Smart City sous des angles juridiques, politiques, \u00e9thiques, \u00e9conomique, \u2026.<\/p>\n","protected":false},"excerpt":{"rendered":"<p>La chaire permet d\u2019associer les comp\u00e9tences professionnelles d\u00e9velopp\u00e9es sur le terrain et les comp\u00e9tences universitaires pour mener plusieurs travaux dans le cadre de programmes projet\u00e9s par les laboratoires int\u00e9ress\u00e9s. Son objet est une \u00e9tude transversale de la Smart City sous des angles juridiques, politiques, \u00e9thiques, \u00e9conomique, \u2026.<\/p>\n<p class=\"more-link-p\"><a class=\"btn btn-primary\" href=\"https:\/\/blog.ube.fr\/chaire-smart-city\/la-recherche\/\">Voir plus &rarr;<\/a><\/p>\n","protected":false},"author":395,"featured_media":0,"parent":0,"menu_order":0,"comment_status":"closed","ping_status":"closed","template":"","meta":{"_exactmetrics_skip_tracking":false,"_exactmetrics_sitenote_active":false,"_exactmetrics_sitenote_note":"","_exactmetrics_sitenote_category":0,"footnotes":""},"class_list":["post-1290","page","type-page","status-publish","hentry"],"_links":{"self":[{"href":"https:\/\/blog.ube.fr\/chaire-smart-city\/wp-json\/wp\/v2\/pages\/1290","targetHints":{"allow":["GET"]}}],"collection":[{"href":"https:\/\/blog.ube.fr\/chaire-smart-city\/wp-json\/wp\/v2\/pages"}],"about":[{"href":"https:\/\/blog.ube.fr\/chaire-smart-city\/wp-json\/wp\/v2\/types\/page"}],"author":[{"embeddable":true,"href":"https:\/\/blog.ube.fr\/chaire-smart-city\/wp-json\/wp\/v2\/users\/395"}],"replies":[{"embeddable":true,"href":"https:\/\/blog.ube.fr\/chaire-smart-city\/wp-json\/wp\/v2\/comments?post=1290"}],"version-history":[{"count":8,"href":"https:\/\/blog.ube.fr\/chaire-smart-city\/wp-json\/wp\/v2\/pages\/1290\/revisions"}],"predecessor-version":[{"id":1618,"href":"https:\/\/blog.ube.fr\/chaire-smart-city\/wp-json\/wp\/v2\/pages\/1290\/revisions\/1618"}],"wp:attachment":[{"href":"https:\/\/blog.ube.fr\/chaire-smart-city\/wp-json\/wp\/v2\/media?parent=1290"}],"curies":[{"name":"wp","href":"https:\/\/api.w.org\/{rel}","templated":true}]}}