{"id":1288,"date":"2020-12-03T16:41:25","date_gmt":"2020-12-03T15:41:25","guid":{"rendered":"https:\/\/blog.u-bourgogne.fr\/chaire-smart-city\/?page_id=1288"},"modified":"2021-09-28T13:35:06","modified_gmt":"2021-09-28T11:35:06","slug":"master2","status":"publish","type":"page","link":"https:\/\/blog.ube.fr\/chaire-smart-city\/master2\/","title":{"rendered":"Le Master 2"},"content":{"rendered":"<h5 style=\"text-align: justify;\"><strong>Ouvert en septembre 2019, le Master vise \u00e0 former les cadres ma\u00eetrisant des comp\u00e9tences \u00e0 la fois techniques, juridiques, \u00e9conomiques, \u00e9thiques et politiques relatives \u00e0 la gestion de projets Smart City et \u00e0 la Gouvernance des donn\u00e9es. Il est ouvert aux candidats en formation continue, aux jeunes dipl\u00f4m\u00e9s en formation intiale et aux alternants, issus du monde professionnel (cadre d&#8217;entreprise et de collectivit\u00e9s locales). Depuis 2020, il est ouvert en formation initiale avec stage long.<\/strong><\/h5>\n<p>&nbsp;<\/p>\n<ul style=\"list-style-type: square; text-align: justify;\">\n<li><strong>D\u00e9bouch\u00e9s du dipl\u00f4me <\/strong>: les acteurs des Smart Cities peinent \u00e0 recruter des cadres b\u00e9n\u00e9ficiant de comp\u00e9tences \u00e0 la fois techniques, juridiques, \u00e9conomiques, \u00e9thiques et politiques solides, faute de formation sup\u00e9rieure adapt\u00e9e ; les dipl\u00f4m\u00e9s pourront donc r\u00e9pondre \u00e0 cette demande en int\u00e9grant les collectivit\u00e9s locales se transformant en Smart Cities, ainsi que les entreprises prestataires de ces villes et m\u00e9tropoles, aussi bien dans les services techniques (BTP, \u00e9nergie, transport, r\u00e9seaux num\u00e9riques&#8230;) que dans les services supports (RH, juridique, finance, administration, informatique&#8230;).<\/li>\n<\/ul>\n<p>&nbsp;<\/p>\n<ul style=\"list-style-type: square; text-align: justify;\">\n<li><strong>Comp\u00e9tences acquises \u00e0 l\u2019issue de la formation<\/strong> : elles sont par nature pluridisciplinaires et transversales ; il s&#8217;agit d&#8217;acqu\u00e9rir des savoirs et des savoirs-faire en informatique, en droit, en \u00e9conomie, en gestion, en science politique et sur l&#8217;\u00e9thique appliqu\u00e9s \u00e0 la probl\u00e9matique de la Smart City et de la gouvernance des donn\u00e9es.<\/li>\n<\/ul>\n<p style=\"text-align: left;\"><em>Depuis 2020-2021, le Master propose d\u2019organiser l\u2019examen de certification aux fonctions de DPO (avec l&#8217;organisme certifiant <a href=\"https:\/\/www.apave.com\">APAVE<\/a>) \u00e0 ses \u00e9tudiants qui en font la demande (sous r\u00e9serve d\u2019au moins 4 \u00e9tudiants int\u00e9ress\u00e9s). Pour en savoir plus sur la certification, voir le site de <\/em><a href=\"https:\/\/www.cnil.fr\/fr\/certification-des-competences-du-dpo-la-cnil-adopte-deux-referentiels\" target=\"_blank\" rel=\"noopener\"><em>CNIL.<\/em><\/a><\/p>\n<p>&nbsp;<\/p>\n<ul style=\"list-style-type: square; text-align: justify;\">\n<li><strong>Alternance<\/strong> : Le master est suivi en formation continue et en alternance (contrats de professionnalisation ou prfessionnels en formation continue), \u00e0 raison de 10 semaines d&#8217;enseignement (environ 35 heures de cours et s\u00e9minaires par semaine) r\u00e9partis entre le mois de septembre et le mois d&#8217;avril. Le M2 accepte \u00e9galement des \u00e9tudiants en formation initiale r\u00e9alisant un stage. D\u2019une dur\u00e9e minimale de 4 mois temps plein (616 heures), le stage est \u00e0 effectuer en mode fractionn\u00e9 sur le m\u00eame rythme que l\u2019alternance. Il est limit\u00e9 \u00e0 6 mois temps plein (ou 924 heures).<\/li>\n<\/ul>\n<p>&nbsp;<\/p>\n<ul style=\"list-style-type: square; text-align: justify;\">\n<li><strong>S\u00e9lection <\/strong>: Les candidats sont pr\u00e9s\u00e9lectionn\u00e9s sur dossier par une commission p\u00e9dagogique compos\u00e9e du directeur, du directeur des \u00e9tudes et\/ou d&#8217;enseignants-chercheurs intervenant dans le dipl\u00f4me; les candidats pr\u00e9s\u00e9lectionn\u00e9s sont convoqu\u00e9s \u00e0 un entretien devant un jury compos\u00e9 d&#8217;universitaires et de repr\u00e9sentants d&#8217;entreprises. L&#8217;admission d\u00e9finitive est conditionn\u00e9e \u00e0 l\u2019obtention d\u2019un contrat d\u2019alternance ou de professionnalisation ou d\u2019un stage.<\/li>\n<\/ul>\n<p>&nbsp;<\/p>\n<ul style=\"list-style-type: square; text-align: justify;\">\n<li><strong>Profil des candidats<\/strong> : Les candidats doivent avoir valid\u00e9 un M1 de droit, d&#8217;\u00e9conomie, de gestion, d&#8217;informatique ou un dipl\u00f4me reconnu \u00e9quivalent par la commission p\u00e9dagogique du master, par exemple un dipl\u00f4me d&#8217;ing\u00e9nieur ou d&#8217;\u00e9cole de commerce. Les titulaires d\u2019un M1 AES de l&#8217;Universit\u00e9 de Bourgogne sont admissibles de droit sous r\u00e9serve de l\u2019obtention d\u2019un contrat d\u2019apprentissage ou de professionnalisation ou un stage long dont la coh\u00e9rence avec les objectifs de la pr\u00e9sente formation sera valid\u00e9e par la commission p\u00e9dagogique.<\/li>\n<\/ul>\n<p>&nbsp;<\/p>\n<p><a href=\"https:\/\/ufr-dsep.u-bourgogne.fr\/formations\/masters\/master-2-smart-city-et-gouvernance-de-la-donnee.html\" target=\"_blank\" rel=\"noopener noreferrer\">Toutes les informations et les liens pour l&#8217;inscription sur le site de l&#8217;UFR Droit, Sciences \u00c9conomiques et Politiques<\/a><\/p>\n","protected":false},"excerpt":{"rendered":"<p>Ouvert en septembre 2019, le Master vise \u00e0 former les cadres ma\u00eetrisant des comp\u00e9tences \u00e0 la fois techniques, juridiques, \u00e9conomiques, \u00e9thiques et politiques relatives \u00e0 la gestion de projets Smart City et \u00e0 la Gouvernance des donn\u00e9es. Il est ouvert aux candidats en formation continue, aux jeunes dipl\u00f4m\u00e9s en formation intiale et aux alternants, issus&hellip;<\/p>\n<p class=\"more-link-p\"><a class=\"btn btn-primary\" href=\"https:\/\/blog.ube.fr\/chaire-smart-city\/master2\/\">Voir plus &rarr;<\/a><\/p>\n","protected":false},"author":395,"featured_media":0,"parent":0,"menu_order":0,"comment_status":"closed","ping_status":"closed","template":"","meta":{"_exactmetrics_skip_tracking":false,"_exactmetrics_sitenote_active":false,"_exactmetrics_sitenote_note":"","_exactmetrics_sitenote_category":0,"footnotes":""},"class_list":["post-1288","page","type-page","status-publish","hentry"],"_links":{"self":[{"href":"https:\/\/blog.ube.fr\/chaire-smart-city\/wp-json\/wp\/v2\/pages\/1288","targetHints":{"allow":["GET"]}}],"collection":[{"href":"https:\/\/blog.ube.fr\/chaire-smart-city\/wp-json\/wp\/v2\/pages"}],"about":[{"href":"https:\/\/blog.ube.fr\/chaire-smart-city\/wp-json\/wp\/v2\/types\/page"}],"author":[{"embeddable":true,"href":"https:\/\/blog.ube.fr\/chaire-smart-city\/wp-json\/wp\/v2\/users\/395"}],"replies":[{"embeddable":true,"href":"https:\/\/blog.ube.fr\/chaire-smart-city\/wp-json\/wp\/v2\/comments?post=1288"}],"version-history":[{"count":38,"href":"https:\/\/blog.ube.fr\/chaire-smart-city\/wp-json\/wp\/v2\/pages\/1288\/revisions"}],"predecessor-version":[{"id":2076,"href":"https:\/\/blog.ube.fr\/chaire-smart-city\/wp-json\/wp\/v2\/pages\/1288\/revisions\/2076"}],"wp:attachment":[{"href":"https:\/\/blog.ube.fr\/chaire-smart-city\/wp-json\/wp\/v2\/media?parent=1288"}],"curies":[{"name":"wp","href":"https:\/\/api.w.org\/{rel}","templated":true}]}}