{"id":1286,"date":"2020-12-03T16:40:53","date_gmt":"2020-12-03T15:40:53","guid":{"rendered":"https:\/\/blog.u-bourgogne.fr\/chaire-smart-city\/?page_id=1286"},"modified":"2021-03-03T16:19:47","modified_gmt":"2021-03-03T15:19:47","slug":"la-chaire","status":"publish","type":"page","link":"https:\/\/blog.ube.fr\/chaire-smart-city\/la-chaire\/","title":{"rendered":"La Chaire"},"content":{"rendered":"<p style=\"text-align: justify;\">La chaire \u00ab Smart city et gouvernance de la donn\u00e9e \u00bb a \u00e9t\u00e9 inaugur\u00e9e le 11 mars 2019 \u00e0 la Facult\u00e9 de Droit-Sciences \u00e9conomique et politique de Dijon. Plac\u00e9e sous l\u2019\u00e9gide du Centre Innovation et Droit (CID), elle s\u2019appuie sur le projet SMART CITY DIJON M\u00c9TROPOLE, fruit d\u2019une ambition politique tr\u00e8s forte de repenser le mod\u00e8le urbain du XXI\u00e8me si\u00e8cle.<\/p>\n<p style=\"text-align: justify;\">Sa cr\u00e9ation est une occasion unique pour les diff\u00e9rents acteurs du territoire (collectivit\u00e9s publiques, entreprises, \u00e9tablissements d\u2019enseignement sup\u00e9rieur et de recherche\u2026) d\u2019unir leurs comp\u00e9tences respectives pour accompagner le d\u00e9veloppement d\u2019un mod\u00e8le innovant de ville intelligente. La chaire participera \u00e0 la r\u00e9solution des nouveaux d\u00e9fis pos\u00e9s en mobilisant les expertises uniques d\u00e9velopp\u00e9es tant au sein des laboratoires de recherches de l\u2019UNIVERSITE (CIAD, CID, LEDi, CREDESPO\u2026) que par les membres du GROUPEMENT ON DIJON, KEOLIS, EDF, ENEDIS et les services de DIJON METROPOLE.<\/p>\n<p style=\"text-align: justify;\">Les domaines explor\u00e9s dans le p\u00e9rim\u00e8tre de la chaire sont multiples. Ils sont sans \u00e9quivalent en France dans la configuration pluridisciplinaire propos\u00e9e et dans leur ancrage dans le r\u00e9el.<\/p>\n<p style=\"text-align: justify;\">Son objectif est de produire et transmettre de nouvelles connaissances juridiques, \u00e9conomiques, politiques\u2026 relatives \u00e0 la SMART CITY, avec la volont\u00e9 d\u2019aider \u00e0 une meilleure compr\u00e9hension des enjeux \u00e0 venir et de soutenir indirectement le d\u00e9veloppement \u00e9conomique des acteurs impliqu\u00e9s par ces enjeux. Elle repose sur deux axes : un axe formation, mis en oeuvre par le biais d&#8217;un Master 2 en alternance et bient\u00f4t un DU; un axe recherche.<\/p>\n<p style=\"text-align: justify;\"><a href=\"https:\/\/www.linkedin.com\/feed\/update\/urn:li:activity:6630830221719289856\" target=\"_blank\" rel=\"noopener noreferrer\">Video de pr\u00e9sentation de la Chaire par Vincent Thomas, Pr\u00e9sident de l&#8217;Universit\u00e9 de Bourgogne<\/a><\/p>\n<p><img loading=\"lazy\" decoding=\"async\" class=\"wp-image-1746 size-full alignleft\" src=\"https:\/\/blog.ube.fr\/chaire-smart-city\/wp-content\/uploads\/sites\/149\/2021\/03\/Frise-des-partenaires.png\" alt=\"\" width=\"835\" height=\"192\" srcset=\"https:\/\/blog.ube.fr\/chaire-smart-city\/wp-content\/uploads\/sites\/149\/2021\/03\/Frise-des-partenaires.png 835w, https:\/\/blog.ube.fr\/chaire-smart-city\/wp-content\/uploads\/sites\/149\/2021\/03\/Frise-des-partenaires-300x69.png 300w, https:\/\/blog.ube.fr\/chaire-smart-city\/wp-content\/uploads\/sites\/149\/2021\/03\/Frise-des-partenaires-768x177.png 768w\" sizes=\"auto, (max-width: 835px) 100vw, 835px\" \/><\/p>\n","protected":false},"excerpt":{"rendered":"<p>La chaire \u00ab Smart city et gouvernance de la donn\u00e9e \u00bb a \u00e9t\u00e9 inaugur\u00e9e le 11 mars 2019 \u00e0 la Facult\u00e9 de Droit-Sciences \u00e9conomique et politique de Dijon. Plac\u00e9e sous l\u2019\u00e9gide du Centre Innovation et Droit (CID), elle s\u2019appuie sur le projet SMART CITY DIJON M\u00c9TROPOLE, fruit d\u2019une ambition politique tr\u00e8s forte de repenser le&hellip;<\/p>\n<p class=\"more-link-p\"><a class=\"btn btn-primary\" href=\"https:\/\/blog.ube.fr\/chaire-smart-city\/la-chaire\/\">Voir plus &rarr;<\/a><\/p>\n","protected":false},"author":395,"featured_media":0,"parent":0,"menu_order":0,"comment_status":"closed","ping_status":"closed","template":"","meta":{"_exactmetrics_skip_tracking":false,"_exactmetrics_sitenote_active":false,"_exactmetrics_sitenote_note":"","_exactmetrics_sitenote_category":0,"footnotes":""},"class_list":["post-1286","page","type-page","status-publish","hentry"],"_links":{"self":[{"href":"https:\/\/blog.ube.fr\/chaire-smart-city\/wp-json\/wp\/v2\/pages\/1286","targetHints":{"allow":["GET"]}}],"collection":[{"href":"https:\/\/blog.ube.fr\/chaire-smart-city\/wp-json\/wp\/v2\/pages"}],"about":[{"href":"https:\/\/blog.ube.fr\/chaire-smart-city\/wp-json\/wp\/v2\/types\/page"}],"author":[{"embeddable":true,"href":"https:\/\/blog.ube.fr\/chaire-smart-city\/wp-json\/wp\/v2\/users\/395"}],"replies":[{"embeddable":true,"href":"https:\/\/blog.ube.fr\/chaire-smart-city\/wp-json\/wp\/v2\/comments?post=1286"}],"version-history":[{"count":8,"href":"https:\/\/blog.ube.fr\/chaire-smart-city\/wp-json\/wp\/v2\/pages\/1286\/revisions"}],"predecessor-version":[{"id":1747,"href":"https:\/\/blog.ube.fr\/chaire-smart-city\/wp-json\/wp\/v2\/pages\/1286\/revisions\/1747"}],"wp:attachment":[{"href":"https:\/\/blog.ube.fr\/chaire-smart-city\/wp-json\/wp\/v2\/media?parent=1286"}],"curies":[{"name":"wp","href":"https:\/\/api.w.org\/{rel}","templated":true}]}}