{"id":1284,"date":"2020-12-03T16:40:44","date_gmt":"2020-12-03T15:40:44","guid":{"rendered":"https:\/\/blog.u-bourgogne.fr\/chaire-smart-city\/?page_id=1284"},"modified":"2021-04-07T09:15:28","modified_gmt":"2021-04-07T07:15:28","slug":"accueil","status":"publish","type":"page","link":"https:\/\/blog.ube.fr\/chaire-smart-city\/","title":{"rendered":"Accueil"},"content":{"rendered":"<p style=\"text-align: justify;\">La Chaire Smart City et Gouvernance de la Donn\u00e9e repose sur la collaboration entre Dijon M\u00e9tropole, les entreprises composant le Groupement ON DIJON, \u00e0 savoir Bouygues \u00c9nergies &amp; Services, Citelum et Suez, et Keolis Dijon Mobilit\u00e9s, EDF, Enedis et l\u2019universit\u00e9 de Bourgogne, chacune des parties devant jouer un r\u00f4le actif dans sa mise en \u0153uvre en apportant les moyens \u00e0 sa disposition et l\u2019expertise qui est la sienne dans le domaine de la ville intelligente.<\/p>\n<p style=\"text-align: justify;\">Les questions soulev\u00e9es par la ville intelligente touchent aussi bien \u00e0 la mise en \u0153uvre technique des solutions connect\u00e9es, qu\u2019\u00e0 l\u2019approche \u00e9conomique, juridique, politique et sociologique des bouleversements induits par la connexion des services et des citoyens, ainsi que par le traitement des donn\u00e9es personnelles et publiques.<\/p>\n<p style=\"text-align: justify;\">La chaire participe \u00e0 la r\u00e9solution des nouveaux d\u00e9fis pos\u00e9s en mobilisant les expertises uniques d\u00e9velopp\u00e9es tant au sein des laboratoires de recherches que des entreprises.<\/p>\n<h6><a href=\"mailto:secretariat-m2-smartcity@u-bourgogne.fr\" target=\"_blank\" rel=\"noopener\"><img loading=\"lazy\" decoding=\"async\" class=\"wp-image-1362 alignright\" src=\"https:\/\/blog.ube.fr\/chaire-smart-city\/wp-content\/uploads\/sites\/149\/2020\/12\/Logo-mail-150x150.png\" alt=\"\" width=\"71\" height=\"71\" srcset=\"https:\/\/blog.ube.fr\/chaire-smart-city\/wp-content\/uploads\/sites\/149\/2020\/12\/Logo-mail-150x150.png 150w, https:\/\/blog.ube.fr\/chaire-smart-city\/wp-content\/uploads\/sites\/149\/2020\/12\/Logo-mail-300x300.png 300w, https:\/\/blog.ube.fr\/chaire-smart-city\/wp-content\/uploads\/sites\/149\/2020\/12\/Logo-mail.png 512w\" sizes=\"auto, (max-width: 71px) 100vw, 71px\" \/><\/a><a href=\"https:\/\/www.linkedin.com\/company\/master-2-smart-city-et-gouvernance-de-la-donn%C3%A9e\" target=\"_blank\" rel=\"noopener\"><img loading=\"lazy\" decoding=\"async\" class=\"wp-image-1364 alignright\" src=\"https:\/\/blog.ube.fr\/chaire-smart-city\/wp-content\/uploads\/sites\/149\/2020\/12\/Logo-Linkedin-150x150.png\" alt=\"\" width=\"79\" height=\"79\" srcset=\"https:\/\/blog.ube.fr\/chaire-smart-city\/wp-content\/uploads\/sites\/149\/2020\/12\/Logo-Linkedin-150x150.png 150w, https:\/\/blog.ube.fr\/chaire-smart-city\/wp-content\/uploads\/sites\/149\/2020\/12\/Logo-Linkedin.png 300w\" sizes=\"auto, (max-width: 79px) 100vw, 79px\" \/><\/a><\/h6>\n","protected":false},"excerpt":{"rendered":"<p>La Chaire Smart City et Gouvernance de la Donn\u00e9e repose sur la collaboration entre Dijon M\u00e9tropole, les entreprises composant le Groupement ON DIJON, \u00e0 savoir Bouygues \u00c9nergies &amp; Services, Citelum et Suez, et Keolis Dijon Mobilit\u00e9s, EDF, Enedis et l\u2019universit\u00e9 de Bourgogne, chacune des parties devant jouer un r\u00f4le actif dans sa mise en \u0153uvre&hellip;<\/p>\n<p class=\"more-link-p\"><a class=\"btn btn-primary\" href=\"https:\/\/blog.ube.fr\/chaire-smart-city\/\">Voir plus &rarr;<\/a><\/p>\n","protected":false},"author":395,"featured_media":0,"parent":0,"menu_order":0,"comment_status":"closed","ping_status":"closed","template":"","meta":{"_exactmetrics_skip_tracking":false,"_exactmetrics_sitenote_active":false,"_exactmetrics_sitenote_note":"","_exactmetrics_sitenote_category":0,"footnotes":""},"class_list":["post-1284","page","type-page","status-publish","hentry"],"_links":{"self":[{"href":"https:\/\/blog.ube.fr\/chaire-smart-city\/wp-json\/wp\/v2\/pages\/1284","targetHints":{"allow":["GET"]}}],"collection":[{"href":"https:\/\/blog.ube.fr\/chaire-smart-city\/wp-json\/wp\/v2\/pages"}],"about":[{"href":"https:\/\/blog.ube.fr\/chaire-smart-city\/wp-json\/wp\/v2\/types\/page"}],"author":[{"embeddable":true,"href":"https:\/\/blog.ube.fr\/chaire-smart-city\/wp-json\/wp\/v2\/users\/395"}],"replies":[{"embeddable":true,"href":"https:\/\/blog.ube.fr\/chaire-smart-city\/wp-json\/wp\/v2\/comments?post=1284"}],"version-history":[{"count":29,"href":"https:\/\/blog.ube.fr\/chaire-smart-city\/wp-json\/wp\/v2\/pages\/1284\/revisions"}],"predecessor-version":[{"id":1866,"href":"https:\/\/blog.ube.fr\/chaire-smart-city\/wp-json\/wp\/v2\/pages\/1284\/revisions\/1866"}],"wp:attachment":[{"href":"https:\/\/blog.ube.fr\/chaire-smart-city\/wp-json\/wp\/v2\/media?parent=1284"}],"curies":[{"name":"wp","href":"https:\/\/api.w.org\/{rel}","templated":true}]}}