{"id":901,"date":"2024-02-14T15:03:29","date_gmt":"2024-02-14T14:03:29","guid":{"rendered":"https:\/\/blog.u-bourgogne.fr\/b2ipme\/?page_id=901"},"modified":"2025-03-20T11:03:14","modified_gmt":"2025-03-20T10:03:14","slug":"entreprises","status":"publish","type":"page","link":"https:\/\/blog.ube.fr\/b2ipme\/entreprises\/","title":{"rendered":"Entreprises"},"content":{"rendered":"<p>Le parcours B2IPME est con\u00e7u pour permettre une alternance entre des p\u00e9riodes \u00e0 l\u2019Universit\u00e9 et des p\u00e9riodes en entreprise, pour les \u00e9tudiants r\u00e9alisant cette formation en contrat de professionnalisation ou apprentissage. Retrouvez\u00a0 le <a href=\"https:\/\/blog.ube.fr\/b2ipme\/wp-content\/uploads\/sites\/172\/2024\/04\/F029B-Calendrier-de-formation-2024-2025-B2IPME.pdf\">Calendrier de la formation 2024-2025<\/a><\/p>\n<p>Une plaquette de pr\u00e9sentation du master (comp\u00e9tences acquises, d\u00e9bouch\u00e9s, taux de r\u00e9ussite,&#8230;) est disponible ici:\u00a0 <a href=\"https:\/\/blog.ube.fr\/b2ipme\/wp-content\/uploads\/sites\/172\/2024\/04\/flyer-Master-B2IPME-pour-entreprises.pdf\">flyer Master B2IPME pour entreprises<\/a><\/p>\n<p>Pour d\u00e9poser une offre merci d&#8217;envoyer un mail \u00e0 daniel.wipf(at)u-bourgogne.fr (Responsable du master)<\/p>\n<p>Pour les questions sur l\u2019alternance et la formation continue :<br \/>\n\u00c9quipe de gestion SVTE &#8211; SEFCA\u00a0\u00a0 formation.continue-svte(at)u-bourgogne.fr<br \/>\nhttps:\/\/sefca.u-bourgogne.fr\/<\/p>\n<p>Un stage et alternance sont des mises en situation temporaire d\u2019un \u00e9tudiant en milieu professionnel. Leur objectif est de d\u00e9velopper les comp\u00e9tences professionnelles de l\u2019\u00e9tudiant, en rapport avec la formation suivie. En ce sens, plusieurs obligations l\u00e9gales doivent \u00eatre respect\u00e9es pour pouvoir proposer un stage ou un contrat d\u2019alternance<\/p>\n<p style=\"text-align: right;\"><em>R\u00e9daction D. Wipf<\/em><\/p>\n<p>&nbsp;<\/p>\n","protected":false},"excerpt":{"rendered":"<p>Le parcours B2IPME est con\u00e7u pour permettre une alternance entre des p\u00e9riodes \u00e0 l\u2019Universit\u00e9 et des p\u00e9riodes en entreprise, pour les \u00e9tudiants r\u00e9alisant cette formation en contrat de professionnalisation ou apprentissage. Retrouvez\u00a0 le Calendrier de la formation 2024-2025 Une plaquette de pr\u00e9sentation du master (comp\u00e9tences acquises, d\u00e9bouch\u00e9s, taux de r\u00e9ussite,&#8230;) est disponible ici:\u00a0 flyer Master&hellip;<\/p>\n<p class=\"more-link-p\"><a class=\"btn btn-primary\" href=\"https:\/\/blog.ube.fr\/b2ipme\/entreprises\/\">Voir plus &rarr;<\/a><\/p>\n","protected":false},"author":4293,"featured_media":0,"parent":0,"menu_order":0,"comment_status":"closed","ping_status":"closed","template":"","meta":{"_exactmetrics_skip_tracking":false,"_exactmetrics_sitenote_active":false,"_exactmetrics_sitenote_note":"","_exactmetrics_sitenote_category":0,"footnotes":""},"class_list":["post-901","page","type-page","status-publish","hentry"],"_links":{"self":[{"href":"https:\/\/blog.ube.fr\/b2ipme\/wp-json\/wp\/v2\/pages\/901","targetHints":{"allow":["GET"]}}],"collection":[{"href":"https:\/\/blog.ube.fr\/b2ipme\/wp-json\/wp\/v2\/pages"}],"about":[{"href":"https:\/\/blog.ube.fr\/b2ipme\/wp-json\/wp\/v2\/types\/page"}],"author":[{"embeddable":true,"href":"https:\/\/blog.ube.fr\/b2ipme\/wp-json\/wp\/v2\/users\/4293"}],"replies":[{"embeddable":true,"href":"https:\/\/blog.ube.fr\/b2ipme\/wp-json\/wp\/v2\/comments?post=901"}],"version-history":[{"count":11,"href":"https:\/\/blog.ube.fr\/b2ipme\/wp-json\/wp\/v2\/pages\/901\/revisions"}],"predecessor-version":[{"id":1062,"href":"https:\/\/blog.ube.fr\/b2ipme\/wp-json\/wp\/v2\/pages\/901\/revisions\/1062"}],"wp:attachment":[{"href":"https:\/\/blog.ube.fr\/b2ipme\/wp-json\/wp\/v2\/media?parent=901"}],"curies":[{"name":"wp","href":"https:\/\/api.w.org\/{rel}","templated":true}]}}