{"id":623,"date":"2023-02-06T11:43:59","date_gmt":"2023-02-06T10:43:59","guid":{"rendered":"https:\/\/blog.u-bourgogne.fr\/b2ipme\/?page_id=623"},"modified":"2025-03-20T11:03:32","modified_gmt":"2025-03-20T10:03:32","slug":"master-1","status":"publish","type":"page","link":"https:\/\/blog.ube.fr\/b2ipme\/master-1\/","title":{"rendered":"Master 1"},"content":{"rendered":"<p>Le Master 1 Biotechnologie, Biologie des Interactions Plantes-Microorganismes et agro-Environnement (B2IPME), est un des parcours de la premi\u00e8re ann\u00e9e du master Biologie AGrosciences (BAG).<\/p>\n<p>Le M1 B2IPME s\u2019articule autour d\u2019un tronc commun \u00e0 cinq parcours (B2IPME, AMAQ, A3DD, PFAA et MB), d\u2019UE sp\u00e9cialis\u00e9es au parcours et d\u2019une UE optionnelle au S2. L\u2019objectif du tronc commun est de permettre aux \u00e9tudiant.es d\u2019acqu\u00e9rir des capacit\u00e9s de communication orales et \u00e9crites (y compris en langue anglaise) ainsi que de d\u00e9velopper leurs connaissances fondamentales et comp\u00e9tences techniques dans les domaines des Agrosciences. Les UE sp\u00e9cialis\u00e9es et l\u2019UE optionnelle du parcours B2IPME apportent une vision int\u00e9grative de la biologie de la plante en interaction avec son environnement biotique et abiotique.<\/p>\n<p>L\u2019objectif du M1 vise \u00e9galement \u00e0 faire connaitre le monde professionnel \u00e0 travers un stage de 8 semaines en laboratoire de recherche ou en entreprise pendant les mois de janvier et f\u00e9vrier.<\/p>\n<p>Les \u00e9tudiant.es du parcours M1 B2IPME doivent ainsi valider 6 UE (30 ECTS) au S1 et 5 UE au S2 (30 ECTS) :<\/p>\n<p><strong>Semestre 1<\/strong><\/p>\n<p><strong>UE 1- <\/strong>Tronc Commun \u2013 <strong>Outils m\u00e9thodologiques et communication scientifique <\/strong>(OMCS, 30 h, 4 ECTS)<\/p>\n<p><strong>UE 2- <\/strong>Tronc Commun \u2013 <strong>Strat\u00e9gies d\u2019investigation en Agrosciences <\/strong>(SIA, 40 h, 5 ECTS)<\/p>\n<p><strong>UE 3- <\/strong>Tronc Commun \u2013 Anglais 1 (A1, 20h, 2ECTS) et <strong>Connaissances des entreprises des secteurs alimentaires et agronomiques <\/strong>(CESAA, 40h, 4 ECTS)<\/p>\n<p><strong>UE 4- <\/strong>Tronc Commun \u2013 <strong>Enjeux en Agrosciences <\/strong>(EA, 40 h, 5 ECTS)<\/p>\n<p><strong>UE 5- <\/strong>Tronc Commun \u2013 <strong>Management d\u2019action en Agrosciences <\/strong>(MAA, 50 h, 5 ECTS)<\/p>\n<p><strong>UE 6- <\/strong><em>Sp\u00e9cialis\u00e9e<\/em> propos\u00e9e en option aux parcours A3DD et PFAA\u2013 <strong>R\u00e9ponses des plantes aux facteurs climatiques <\/strong>(RPFC, 40 h, 5 ECTS)<\/p>\n<p><strong>Semestre 2<\/strong><\/p>\n<p><strong>UE 7<\/strong> <em>Sp\u00e9cialis\u00e9e <\/em>\u2013 <strong>Interactions &#8211; Plantes -Microorganismes <\/strong>(IPM, 50h, 6 ECTS)<\/p>\n<p><strong>UE 8<\/strong> <em>Sp\u00e9cialis\u00e9e<\/em> \u2013 <strong>Innovations G\u00e9n\u00e9tiques <\/strong>(IG, 50 h, 6 ECTS)<\/p>\n<p><strong>UE 9<\/strong> <em>Sp\u00e9cialis\u00e9e <\/em>\u2013 <strong>Biodiversit\u00e9 et fonctionnement du sol <\/strong>(BFS, 40 h, 6 ECTS)<\/p>\n<p><strong>UE 10<\/strong> Anglais 2 (A2, 20h, 2 ECTS) + 1 UE optionnelle parmi 2 (50h, 5 ECTS) :<\/p>\n<ul>\n<li><strong>Bases\u00a0d\u2019\u00e9conomie et de gestion en industries <\/strong>(BEGI)<\/li>\n<\/ul>\n<ul>\n<li><strong>Chimie Structurale et extractive des compos\u00e9s v\u00e9g\u00e9taux v\u00e9g\u00e9taux <\/strong>(CESCV)<\/li>\n<\/ul>\n<p><strong>UE 11<\/strong> Tronc Commun \u2013 <strong>Stage de 2 mois <\/strong>(60h, 5 ECTS)<\/p>\n<p style=\"text-align: right;\"><em>R\u00e9daction D. Wipf<\/em><\/p>\n<p>&nbsp;<\/p>\n","protected":false},"excerpt":{"rendered":"<p>Le Master 1 Biotechnologie, Biologie des Interactions Plantes-Microorganismes et agro-Environnement (B2IPME), est un des parcours de la premi\u00e8re ann\u00e9e du master Biologie AGrosciences (BAG). Le M1 B2IPME s\u2019articule autour d\u2019un tronc commun \u00e0 cinq parcours (B2IPME, AMAQ, A3DD, PFAA et MB), d\u2019UE sp\u00e9cialis\u00e9es au parcours et d\u2019une UE optionnelle au S2. L\u2019objectif du tronc commun&hellip;<\/p>\n<p class=\"more-link-p\"><a class=\"btn btn-primary\" href=\"https:\/\/blog.ube.fr\/b2ipme\/master-1\/\">Voir plus &rarr;<\/a><\/p>\n","protected":false},"author":4293,"featured_media":0,"parent":0,"menu_order":0,"comment_status":"closed","ping_status":"closed","template":"","meta":{"_exactmetrics_skip_tracking":false,"_exactmetrics_sitenote_active":false,"_exactmetrics_sitenote_note":"","_exactmetrics_sitenote_category":0,"footnotes":""},"class_list":["post-623","page","type-page","status-publish","hentry"],"_links":{"self":[{"href":"https:\/\/blog.ube.fr\/b2ipme\/wp-json\/wp\/v2\/pages\/623","targetHints":{"allow":["GET"]}}],"collection":[{"href":"https:\/\/blog.ube.fr\/b2ipme\/wp-json\/wp\/v2\/pages"}],"about":[{"href":"https:\/\/blog.ube.fr\/b2ipme\/wp-json\/wp\/v2\/types\/page"}],"author":[{"embeddable":true,"href":"https:\/\/blog.ube.fr\/b2ipme\/wp-json\/wp\/v2\/users\/4293"}],"replies":[{"embeddable":true,"href":"https:\/\/blog.ube.fr\/b2ipme\/wp-json\/wp\/v2\/comments?post=623"}],"version-history":[{"count":9,"href":"https:\/\/blog.ube.fr\/b2ipme\/wp-json\/wp\/v2\/pages\/623\/revisions"}],"predecessor-version":[{"id":1063,"href":"https:\/\/blog.ube.fr\/b2ipme\/wp-json\/wp\/v2\/pages\/623\/revisions\/1063"}],"wp:attachment":[{"href":"https:\/\/blog.ube.fr\/b2ipme\/wp-json\/wp\/v2\/media?parent=623"}],"curies":[{"name":"wp","href":"https:\/\/api.w.org\/{rel}","templated":true}]}}