{"id":608,"date":"2023-02-06T11:34:40","date_gmt":"2023-02-06T10:34:40","guid":{"rendered":"https:\/\/blog.u-bourgogne.fr\/b2ipme\/?page_id=608"},"modified":"2025-03-20T11:04:19","modified_gmt":"2025-03-20T10:04:19","slug":"nos-anciens","status":"publish","type":"page","link":"https:\/\/blog.ube.fr\/b2ipme\/nos-anciens\/","title":{"rendered":"Nos ancien.ne.s"},"content":{"rendered":"<h1 style=\"text-align: center;\"><strong><a href=\"https:\/\/blog.ube.fr\/b2ipme\/wp-content\/uploads\/sites\/172\/2023\/03\/B2IPME-logo-new9-3d-500.png\"><img loading=\"lazy\" decoding=\"async\" class=\"alignnone wp-image-722\" src=\"https:\/\/blog.ube.fr\/b2ipme\/wp-content\/uploads\/sites\/172\/2023\/03\/B2IPME-logo-new9-3d-500-300x300.png\" alt=\"\" width=\"154\" height=\"154\" srcset=\"https:\/\/blog.ube.fr\/b2ipme\/wp-content\/uploads\/sites\/172\/2023\/03\/B2IPME-logo-new9-3d-500-300x300.png 300w, https:\/\/blog.ube.fr\/b2ipme\/wp-content\/uploads\/sites\/172\/2023\/03\/B2IPME-logo-new9-3d-500-150x150.png 150w, https:\/\/blog.ube.fr\/b2ipme\/wp-content\/uploads\/sites\/172\/2023\/03\/B2IPME-logo-new9-3d-500.png 500w\" sizes=\"auto, (max-width: 154px) 100vw, 154px\" \/><\/a>Des nouvelles de nos ancien.ne.s \u00e9tudiant.e.s<\/strong><\/h1>\n<hr \/>\n<h2><strong>M\u00e9lusine Jacquier <\/strong><em>\u2013 Promotion 2022-2023<\/em><\/h2>\n<p>Apr\u00e8s un stage de fin d\u2019\u00e9tudes \u00e0 l\u2019<a href=\"https:\/\/www.irda.qc.ca\/fr\/\">IRDA<\/a>, un institut de recherche au Qu\u00e9bec, M\u00e9lusine a d\u00e9croch\u00e9 un contrat d\u2019un an avant m\u00eame de valider son Master 2 B2IPME. Elle a ensuite \u00e9t\u00e9 recrut\u00e9e comme ing\u00e9nieure en g\u00e9nomique environnementale chez TotalEnergies. Tout au long de son parcours, M\u00e9lusine a r\u00e9alis\u00e9 des stages vari\u00e9s ax\u00e9s sur la g\u00e9n\u00e9tique et la biologie mol\u00e9culaire, d\u00e9veloppant des comp\u00e9tences qui lui ont permis d\u2019\u00eatre force de proposition durant son contrat. Elle a su mener \u00e0 bien des missions de terrain ainsi que la gestion de projets, alliant rigueur scientifique et coordination efficace.<\/p>\n<h2><strong>Clarisse Bannery <\/strong><em>\u2013 Promotion 2022-2023<\/em><\/h2>\n<p style=\"text-align: justify;\">Apr\u00e8s son stage de fin d\u2019\u00e9tudes \u00e0 l\u2019<a href=\"https:\/\/www.irda.qc.ca\/fr\/\">IRDA<\/a>, un institut de R&amp;D au Qu\u00e9bec sur une th\u00e9matique de sensibilit\u00e9 aux insecticides, Clarisse a rapidement cherch\u00e9 du travail apr\u00e8s sa soutenance. Elle s\u2019est \u00e0 la fois int\u00e9ress\u00e9e aux offres d\u2019emploi \u00e0 Montr\u00e9al mais aussi dans toute la France. Apr\u00e8s 1 mois de recherche et de multiples candidatures dans diverses structures, elle a finalement \u00e9t\u00e9 recrut\u00e9e en CDI dans une station d\u2019exp\u00e9rimentation. Elle a obtenu un poste d\u2019ing\u00e9nieure agronome au sein de <a href=\"https:\/\/www.acpel.fr\/\">l\u2019ACPEL <\/a>en Charente-Maritime o\u00f9 sont majoritairement men\u00e9s des essais vari\u00e9taux et phytosanitaires sur diverses cultures et notamment le melon et la pomme de terre. Gr\u00e2ce \u00e0 son stage \u00e0 l\u2019\u00e9tranger, Clarisse a su mettre en avant les comp\u00e9tences et connaissances qu&#8217;elle avait acquises afin de maximiser ses chances d\u2019obtenir un emploi rapidement.<\/p>\n<h2><strong>Charly JACQUOT <\/strong><em>\u2013\u00a0Promotion 2018-2019<\/em><\/h2>\n<p style=\"text-align: justify;\">Apr\u00e8s avoir obtenu son M2 B2IPME, Charly a int\u00e9gr\u00e9 l\u2019entreprise semenci\u00e8re <a href=\"https:\/\/www.kws.com\/\">KWS<\/a>. Il occupe aujourd\u2019hui le poste de responsable du maintien et de la qualit\u00e9 des vari\u00e9t\u00e9s et lign\u00e9es produites par KWS pour le p\u00f4le Ma\u00efs. Charly a aussi un r\u00f4le d\u2019expert concernant la description des lign\u00e9es et hybrides de Ma\u00efs et g\u00e8re \u00e0 ce titre les relations avec les organismes officiels en France et en Europe en vue de l\u2019inscription des vari\u00e9t\u00e9s aux catalogues officiels pour KWS France.<\/p>\n<h2><strong>C\u00e9cile TRUCHOT<\/strong> \u2013 <em>Promotion 2019-2020<\/em><\/h2>\n<p style=\"text-align: justify;\">Apr\u00e8s son stage de M2 de 6 mois en Australie au \u00ab\u00a0<a href=\"https:\/\/www.cityzeum.com\/royal-botanic-garden\">The Royal Botanic Garden<\/a> \u00bb \u00e0 Sydney puis l\u2019obtention de son M2 B2IPME durant la p\u00e9riode de Covid-19, C\u00e9cile a d\u00e9cid\u00e9 de partir au Mexique pour r\u00e9aliser diff\u00e9rents projets de volontariat en agronomie et en \u00e9cologie (qu\u2019elle avait d\u00e9j\u00e0 r\u00e9alis\u00e9 en Nouvelle-Z\u00e9lande apr\u00e8s sa L3 BBM, \u00e0 l\u2019UB). Elle a commenc\u00e9 une th\u00e8se en janvier 2022 \u00e0 l\u2019Institut d\u2019Ecologie \u00e0 l\u2019UNAM (<a href=\"https:\/\/www.unam.mx\/\">Universidad Nacional Aut\u00f3noma de M\u00e9xico<\/a>) o\u00f9 elle \u00e9tudie la g\u00e9n\u00e9tique des populations et l\u2019interaction g\u00e8ne-environnement d\u2019une esp\u00e8ce d\u2019int\u00e9r\u00eat agronomique originaire du Mexique.<\/p>\n<h2><strong>Diane BONNET<\/strong> &#8211; <em>Promotion 2016-2017<\/em><\/h2>\n<p style=\"text-align: justify;\">Apr\u00e8s son stage de M2 au BIC (Bordeaux Imaging Center) p\u00f4le PIV de Bordeaux et l\u2019obtention de son dipl\u00f4me, Diane a travaill\u00e9 4 mois sur la plate-forme r\u00e9gionale <a href=\"https:\/\/dimacell.fr\/\">DimaCell<\/a> p\u00f4le AgroSup. Elle a ensuite d\u00e9cid\u00e9 de vivre une exp\u00e9rience plus internationale en partant en Suisse pour travailler dans le laboratoire de Pauline Jullien (<a href=\"https:\/\/www.ips.unibe.ch\/\">Institute of Plant Sciences, University of Bern<\/a>) en tant que Lab manager et microscopiste pendant 5 ans. En 2023, continuant sur une dynamique internationale, Diana a rejoint la plateforme <a href=\"https:\/\/www.unimi.it\/en\/research\/places-organizations-and-infrastructures\/unitech\/nolimits-unitech\">NOLIMITS Unitech<\/a> de l&#8217;universit\u00e9 de Milan en Italie.<\/p>\n<h2><strong>Louise V\u00e9drenne <\/strong><em><strong>&#8211;\u00a0<\/strong>Promotion 2021-2022<\/em><\/h2>\n<p style=\"text-align: justify;\">Louise a r\u00e9alis\u00e9 son parcours universitaire \u00e0 l\u2019<a href=\"https:\/\/ufr-svte.u-bourgogne.fr\/\">UFR SVTE<\/a> de l\u2019Universit\u00e9 de Bourgogne \u00e0 Dijon. Apr\u00e8s la d\u00e9couverte des techniques de biotechnologies v\u00e9g\u00e9tales via l\u2019option propos\u00e9e en License 3, elle s\u2019est orient\u00e9e vers le Master B2IPME C\u2019est au sein de l\u2019UMR <a href=\"https:\/\/www6.dijon.inrae.fr\/umragroecologie\">Agro\u00e9cologie<\/a> de <a href=\"https:\/\/www.inrae.fr\/centres\/bourgogne-franche-comte\">l\u2019INRAe de Dijon<\/a> que Louise r\u00e9alise alors ses premiers travaux de recherche sous la direction de Daniel Wipf et Pierre-Emmanuel Courty. D\u2019abord en travaillant sur l\u2019impact de la mycorhize sur la nutrition min\u00e9rale des l\u00e9gumineuses dans le cadre des travaux de th\u00e8se d\u2019un doctorant de l\u2019\u00e9quipe \u00ab <a href=\"https:\/\/www6.dijon.inrae.fr\/umragroecologie\/Poles-de-Recherches\/Mecanismes-et-gestions-des-Interactions-Plantes-Microorganismes\/Presentation-des-equipes-de-recherches\/Groupe-Sante-des-plantes-defenses-et-mycorhizes\">Sant\u00e9 des plantes, d\u00e9fense et mycorhizes<\/a> \u00bb conduite par le Pr Daniel Wipf, puis l\u2019ann\u00e9e suivante sur un projet collaboratif Europ\u00e9en \u00ab Symbiopea \u00bb visant \u00e0 caract\u00e9riser les interactions symbiotiques b\u00e9n\u00e9fiques entre une l\u00e9gumineuse d\u2019int\u00e9r\u00eat agronomique : le pois et les microorganismes pr\u00e9sents dans le sol. Ce projet vise \u00e0 \u00e9lucider l\u2019impact sur le rendement en grain,\u00a0 de la symbiose entre des communaut\u00e9s de bact\u00e9ries fixatrices d\u2019azote, de champignons mycorhiziens \u00e0 arbuscule et diff\u00e9rentes vari\u00e9t\u00e9s de pois. A la fin de son Master 2, Louise a int\u00e9gr\u00e9 l\u2019\u00e9quipe en tant qu\u2019assistante ing\u00e9nieur et postule actuellement pour un sujet de th\u00e8se port\u00e9 par la m\u00eame \u00e9quipe.<\/p>\n<h2><strong>Ambrine Bougaud <\/strong><em><strong>&#8211;\u00a0<\/strong>Promotion 2017-2018<\/em><\/h2>\n<p style=\"text-align: justify;\">Suite \u00e0 son Master B2IPME, Ambrine a choisi de ne pas s\u2019orienter vers une th\u00e8se. Au contraire, Ambrine a travaill\u00e9 sur un contrat de 6 mois au sein de l\u2019\u00e9quipe \u00ab Flaveur, Food Oral Processing et Perception \u00bb (FFOPP) au <a href=\"https:\/\/www2.dijon.inrae.fr\/csga\/site_fr\/equipe_1.php\">Centre des Sciences du Gout<\/a> et de l\u2019Alimentation. Ambrine a ensuite \u00e9t\u00e9 recrut\u00e9e en CDD au sein de l\u2019\u00e9quipe \u00ab Microbiologie Environnementale et Risque Sanitaire \u00bb de l\u2019<a href=\"https:\/\/www6.dijon.inrae.fr\/umragroecologie\">UMR Agro\u00e9cologie<\/a>.Comme de nombreuses personnes, Ambrine a subi la pand\u00e9mie de Covid-19 sans avoir pu trouver d\u2019emploi. Cependant, gr\u00e2ce \u00e0 ses pr\u00e9c\u00e9dentes exp\u00e9riences Ambrine a finalement int\u00e9gr\u00e9e en octobre 2020 la soci\u00e9t\u00e9\u00a0<a href=\"https:\/\/www.icta.fr\">ICTA PM<\/a>\u00a0\u00a0et occupe actuellement un poste en CDI d\u2019Attach\u00e9e de Recherche Clinique.<\/p>\n<h2><strong>C\u00e9lien Durney <\/strong><em><strong>&#8211;\u00a0<\/strong>Promotion 2020-2021<\/em><\/h2>\n<p style=\"text-align: justify;\">Suite \u00e0 l\u2019obtention de son Master B2IPME, C\u00e9lien a int\u00e9gr\u00e9 son laboratoire d\u2019accueil de son stage de M2 (<a href=\"https:\/\/www6.dijon.inrae.fr\/umragroecologie\">UMR Agro\u00e9cologie Dijon<\/a>, \u00e9quipe du Prof. Daniel Wipf) en tant qu\u2019assistant ing\u00e9nieur. Il a ensuite \u00e9t\u00e9 recrut\u00e9 dans le cadre d\u2019une th\u00e8se industrielle qui est le fruit de la collaboration entre l\u2019<a href=\"https:\/\/www6.dijon.inrae.fr\/umragroecologie\">UMR Agro\u00e9cologie Dijon<\/a> (INRAE) et l\u2019entreprise Hennessy (maison de Cognac) soutenue par l\u2019<a href=\"https:\/\/www.anrt.asso.fr\/fr\">ANRT<\/a> et le dispositif <a href=\"https:\/\/www.anrt.asso.fr\/fr\/le-dispositif-cifre-7844\">CIFRE<\/a>. Le projet d\u00e9velopp\u00e9 par les deux partenaires a pour but de \u00ab de\u0301velopper des indicateurs de la diversite\u0301 fonctionnelle des sols viticoles de la re\u0301gion de Cognac \u00bb.<\/p>\n<h2><strong>Alexandre D\u00e9tain <\/strong><em><strong>&#8211;\u00a0<\/strong>Promotion 2020-2021<\/em><\/h2>\n<p style=\"text-align: justify;\">Durant sa Licence Biochimie et Biologie Mol\u00e9culaire et son Master B2IPME, Alexandre a particip\u00e9 \u00e0 deux \u00e9changes\u00a0<a href=\"https:\/\/erasmus-plus.ec.europa.eu\/\">Erasmus<\/a>\u00a0+ et stage \u00e0\u00a0<a href=\"https:\/\/www.nord.no\/en\/Pages\/default.aspx\">Nord University<\/a>\u00a0(Bod\u00f8, Norv\u00e8ge), o\u00f9 il a \u00e9t\u00e9 int\u00e9gr\u00e9 \u00e0 plusieurs projets de recherches. Apr\u00e8s avoir obtenu son M2 B2IPME, avec l\u2019aide Prof N. Leborgne-Castel et Dr\u00a0<a href=\"https:\/\/scholar.google.com\/citations?user=f51REykAAAAJ&amp;hl=en&amp;oi=ao\">Chris J Hulatt<\/a>, Alexandre a particip\u00e9 a un \u00e9change avec cette universit\u00e9 dans le cadre d\u2019un financement\u00a0<a href=\"https:\/\/www.france.no\/no\/2022\/vitenskap-og-forskning\/call-for-application-aurora-plus-2023\/\">Aurora<\/a>\u00a0(Campus France\/The Research Council of Norway) afin de pr\u00e9parer son projet de th\u00e8se qui a \u00e9t\u00e9 accept\u00e9 et financ\u00e9 par Nord University. Ses recherches sont consacr\u00e9es \u00e0 l\u2019exploration des r\u00e9ponses mol\u00e9culaires et cellulaires d\u2019algues des neiges Arctiques face aux conditions extr\u00eames, au sein de l\u2019\u00e9quipe \u00ab\u00a0microalgue \u00bb du d\u00e9partement \u00ab\u00a0<a href=\"https:\/\/www.nord.no\/en\/about\/faculties-and-centres\/faculty-of-biosciences-and-aquaculture\/research\/Divisions\/alger-og-mikrobiell-bioteknologi\/Pages\/algae-and-microbial-biotechnology.aspx\">Algal and Microbial Biotechnology\u00a0<\/a>\u00bb. Durant sa th\u00e8se, Alexandre effectue des \u00e9changes \u00e0 l\u2019international au sein de plusieurs institutions (<a href=\"https:\/\/www.sams.ac.uk\/\">SAMS<\/a>,\u00a0<a href=\"https:\/\/www.unis.no\/\">UNIS<\/a>,\u00a0<a href=\"https:\/\/photosyntech.no\/\">Photosynthec<\/a>), notamment \u00e0 Dijon (<a href=\"https:\/\/www6.dijon.inrae.fr\/umragroecologie\">UMR Agro\u00e9cologie<\/a>).<\/p>\n<h2><strong>Pierre-Antoine Noceto <\/strong>\u2013 <em>Promotion 2017-2018<\/em><\/h2>\n<p style=\"text-align: justify;\">Apr\u00e8s son stage de 6 mois \u00e0 l\u2019Universit\u00e9 de Poitiers puis l\u2019obtention de son M2 B2IPME, Pierre-Antoine a d\u00e9cid\u00e9 de candidater pour un financement de th\u00e8se de la r\u00e9gion Bourgogne Franche-Comt\u00e9 en collaboration avec l\u2019UMR Agro\u00e9cologie. Cette th\u00e8se, encadr\u00e9e par Pr. Daniel Wipf et Dr. Diederik van Tuinen,\u00a0 soutenue en d\u00e9cembre 2021, a permis d\u2019\u00e9valuer plusieurs facteurs sur la structuration des communaut\u00e9s microbiennes et le fonctionnement biologiques des sols viticoles dont la pratique du couvert v\u00e9g\u00e9tal \u00e0 travers le projet <a href=\"https:\/\/www.biovine.eu\/resources\/\">Biovine<\/a> soutenu par la Commission Europ\u00e9enne et le fond Core Organic. Pierre-Antoine poursuit actuellement ses travaux sur les \u00e9cosyst\u00e8mes viticoles en Bourgogne en menant des essais de mycorhization de la vigne \u00e0 grande \u00e9chelle avec la start-up <a href=\"http:\/\/mycophyto.fr\">MycoPhyto.<\/a><\/p>\n<h2><strong>Rapha\u00ebl Boussageon <\/strong><em><strong>&#8211; <\/strong>Promotion 2017-2018<\/em><\/h2>\n<p style=\"text-align: justify;\"><span class=\"\"><span class=\"\" style=\"color: #000000;\">A la suite de son M2 B2IPME, Rapha\u00ebl a int\u00e9gr\u00e9\u00a0<\/span>son laboratoire d&#8217;accueil de M2 (<a class=\"\" href=\"https:\/\/www6.dijon.inrae.fr\/umragroecologie\">UMR Agro\u00e9cologie Dijon<\/a><span class=\"\" style=\"color: #000000;\">, \u00e9quipe du Prof. Daniel Wipf)\u00a0<\/span>en tant qu\u2019assistant ing\u00e9nieur<span class=\"\" style=\"color: #000000;\">. A la fin de son contrat, il a ensuite \u00e9t\u00e9 recrut\u00e9 dans le cadre d&#8217;une th\u00e8se industrielle qui est le fruit de la\u00a0collaboration entre l&#8217;UMR Agro\u00e9cologie Dijon (INRAE) et\u00a0<\/span><span class=\"\" style=\"color: #000000;\">l\u2019entreprise\u00a0<\/span><a class=\"\" href=\"https:\/\/www.premiertech.com\/fr\">Premier Tech\u00a0<\/a><span class=\"\" style=\"color: #000000;\">consommateurs et producteurs\u00a0<\/span><span class=\"\" style=\"color: #000000;\">soutenue par l\u2019<\/span><a class=\"\" href=\"https:\/\/www.anrt.asso.fr\/fr\">ANRT<\/a><span class=\"\" style=\"color: #000000;\">\u00a0et le dispositif\u00a0<\/span><a class=\"\" href=\"https:\/\/www.enseignementsup-recherche.gouv.fr\/fr\/les-cifre-46510\">CIFRE<\/a>.\u00a0<\/span><span class=\"\">Le projet d\u00e9velopp\u00e9 commun\u00e9ment par le laboratoire et l\u2019entreprise a trait\u00e9 de l\u2019utilisation des &#8220;Services rendus par les microorganismes du sol pour l\u2019ame\u0301lioration de la\u00a0nutrition phosphate\u0301e des\u00a0plantes\u00a0\u00bb. Cette aventure scientifique a \u00e9t\u00e9 racont\u00e9e par Thibault Roy en une bande dessin\u00e9e intitul\u00e9e<\/span><span class=\"\">\u00a0\u00ab\u00a0<\/span><a class=\"\" href=\"https:\/\/www.echosciences-bfc.fr\/articles\/voyage-au-centre-de-la-pomme-de-terre-bd-pour-l-inrae-bfc\">Voyage au centre de la pomme de terre<\/a><span class=\"\">\u00a0\u00bb.\u00a0<\/span><span class=\"\">Rapha\u00ebl a soutenu sa th\u00e8se le 15 d\u00e9cembre 2022 et continue son parcours vers la r\u00e9alisation d\u2019un contrat postdoctoral en Allemagne.\u00a0<\/span><\/p>\n<h2><strong>Antoine Sportes <\/strong><em><strong>&#8211; <\/strong>Promotion 2018-2019<\/em><\/h2>\n<p style=\"text-align: justify;\">Apr\u00e8s avoir obtenu son M2 B2IPME, Antoine a pass\u00e9 le concours du dispositif <a href=\"https:\/\/www.bourgognefranchecomte.fr\/node\/1698\">Initiative Chercheur Entrepreneur <\/a>de la R\u00e9gion Bourgogne Franche Comt\u00e9, avec son laboratoire d&#8217;accueil de M2 (<a href=\"https:\/\/www6.dijon.inrae.fr\/umragroecologie\">UMR Agro\u00e9cologie Dijon<\/a>, \u00e9quipe du Prof. Daniel Wipf). Ayant obtenu, suite \u00e0 ce concours, un financement de th\u00e8se (parcours int\u00e9grant une double formation recherche et entrepreneuriat\/management) , Antoine a d\u00e9velopp\u00e9 des recherches consacr\u00e9es \u00e0 &#8220;l\u2019identification de marqueurs fonctionnels de l\u2019efficacit\u00e9 de la mycorhize au vignoble&#8221;. Antoine soutiendra sa th\u00e8se le 7 avril 2023. Ses travaux ont fait l&#8217;objet d&#8217;une bande dessin\u00e9e intitul\u00e9e <a href=\"https:\/\/blog.ube.fr\/b2ipme\/wp-content\/uploads\/sites\/172\/2023\/03\/le-sens-de-la-vigne.pdf\">le sens de la vigne<\/a>. Antoine continue son parcours vers la cr\u00e9ation d&#8217;une entreprise innovante bas\u00e9e sur ses travaux de th\u00e8se.<\/p>\n<p>&nbsp;<\/p>\n<p style=\"text-align: right;\"><em>R\u00e9daction D. Wipf<\/em><\/p>\n","protected":false},"excerpt":{"rendered":"<p>Des nouvelles de nos ancien.ne.s \u00e9tudiant.e.s M\u00e9lusine Jacquier \u2013 Promotion 2022-2023 Apr\u00e8s un stage de fin d\u2019\u00e9tudes \u00e0 l\u2019IRDA, un institut de recherche au Qu\u00e9bec, M\u00e9lusine a d\u00e9croch\u00e9 un contrat d\u2019un an avant m\u00eame de valider son Master 2 B2IPME. Elle a ensuite \u00e9t\u00e9 recrut\u00e9e comme ing\u00e9nieure en g\u00e9nomique environnementale chez TotalEnergies. Tout au long&hellip;<\/p>\n<p class=\"more-link-p\"><a class=\"btn btn-primary\" href=\"https:\/\/blog.ube.fr\/b2ipme\/nos-anciens\/\">Voir plus &rarr;<\/a><\/p>\n","protected":false},"author":4293,"featured_media":0,"parent":0,"menu_order":0,"comment_status":"closed","ping_status":"closed","template":"","meta":{"_exactmetrics_skip_tracking":false,"_exactmetrics_sitenote_active":false,"_exactmetrics_sitenote_note":"","_exactmetrics_sitenote_category":0,"footnotes":""},"class_list":["post-608","page","type-page","status-publish","hentry"],"_links":{"self":[{"href":"https:\/\/blog.ube.fr\/b2ipme\/wp-json\/wp\/v2\/pages\/608","targetHints":{"allow":["GET"]}}],"collection":[{"href":"https:\/\/blog.ube.fr\/b2ipme\/wp-json\/wp\/v2\/pages"}],"about":[{"href":"https:\/\/blog.ube.fr\/b2ipme\/wp-json\/wp\/v2\/types\/page"}],"author":[{"embeddable":true,"href":"https:\/\/blog.ube.fr\/b2ipme\/wp-json\/wp\/v2\/users\/4293"}],"replies":[{"embeddable":true,"href":"https:\/\/blog.ube.fr\/b2ipme\/wp-json\/wp\/v2\/comments?post=608"}],"version-history":[{"count":28,"href":"https:\/\/blog.ube.fr\/b2ipme\/wp-json\/wp\/v2\/pages\/608\/revisions"}],"predecessor-version":[{"id":1065,"href":"https:\/\/blog.ube.fr\/b2ipme\/wp-json\/wp\/v2\/pages\/608\/revisions\/1065"}],"wp:attachment":[{"href":"https:\/\/blog.ube.fr\/b2ipme\/wp-json\/wp\/v2\/media?parent=608"}],"curies":[{"name":"wp","href":"https:\/\/api.w.org\/{rel}","templated":true}]}}