{"id":607,"date":"2023-02-06T11:34:40","date_gmt":"2023-02-06T10:34:40","guid":{"rendered":"https:\/\/blog.u-bourgogne.fr\/b2ipme\/?page_id=607"},"modified":"2026-03-24T12:55:52","modified_gmt":"2026-03-24T11:55:52","slug":"candidature","status":"publish","type":"page","link":"https:\/\/blog.ube.fr\/b2ipme\/candidature\/","title":{"rendered":"Candidatures"},"content":{"rendered":"<h2 style=\"text-align: justify;\"><strong>Modalit\u00e9s d\u2019acc\u00e8s<\/strong><\/h2>\n<h2 style=\"text-align: justify;\"><strong>Master 1<\/strong><\/h2>\n<p>Le M1 \u00ab Biologie AGrosciences \u00bb est accessible aux \u00e9tudiants titulaires d\u2019une Licence g\u00e9n\u00e9rale en Biologie adapt\u00e9e au parcours <strong>M1 B2IPME<\/strong>. L\u2019admission des \u00e9tudiant.es titulaires d\u2019un autre dipl\u00f4me de niveau L3, notamment Licence Professionnelle, est possible apr\u00e8s examen de leur dossier par une commission p\u00e9dagogique. La capacit\u00e9 d\u2019accueil en M1 B2IPME \u00e9tant fix\u00e9e \u00e0 15 places par an, un comit\u00e9 de s\u00e9lection examine sur dossier les connaissances acquises pr\u00e9c\u00e9demment en sciences biologiques notamment dans le domaine des sciences v\u00e9g\u00e9tales et de l\u2019anglais pour valider l\u2019admissibilit\u00e9 au parcours.,<\/p>\n<p style=\"text-align: justify;\">La qualit\u00e9 du dossier universitaire (mentions), les autres exp\u00e9riences (stages, exp\u00e9riences professionnelles\/associatives) \u00a0permettant d&#8217;appr\u00e9cier les acquis et comp\u00e9tences, ainsi que la motivation des candidat.e.s au parcours sont pris en compte dans leur s\u00e9lection<\/p>\n<h2 style=\"text-align: justify;\"><strong>Master 2<br \/>\n<\/strong><\/h2>\n<p style=\"text-align: justify;\">Le <strong>M2 B2IPME<\/strong> est accessible de droit aux \u00e9tudiant.es ayant valid\u00e9 leur M1 B2IPME.<\/p>\n<p style=\"text-align: justify;\">L\u2019accessibilit\u00e9 au M2 B2IPME est possible, apr\u00e8s analyse de dossier par la commission, pour des titulaires\u00a0:<\/p>\n<p style=\"text-align: justify;\">d\u2019autres parcours du M1BS ou d\u2019autres masters de l\u2019UB ou d\u2019autres universit\u00e9s.) ;<\/p>\n<p style=\"text-align: justify;\">\u2022 d&#8217;un dipl\u00f4me d&#8217;ing\u00e9nieur dans les secteurs des biotechnologies, de l&#8217;agroalimentaire ou de l\u2019agroenvironnement ;<\/p>\n<p style=\"text-align: justify;\">\u2022 d&#8217;un dipl\u00f4me \u00e9tranger susceptible d&#8217;\u00eatre admis en \u00e9quivalence d&#8217;un des dipl\u00f4mes fran\u00e7ais ci-dessus.<\/p>\n<h2 style=\"text-align: justify;\"><strong>Comment candidater<\/strong><\/h2>\n<p>Les candidatures au Master 1 Biotechnologie, Biologie des Interactions Plantes-Microorganismes et agro-Environnement se font sur la plateforme <a href=\"https:\/\/www.monmaster.gouv.fr\/\">m<\/a>onmaster.gouv.fr sont maintenant termin\u00e9es pour l&#8217;ann\u00e9e universitaire 2024\/2025. Un comit\u00e9 de s\u00e9lection examine sur dossier les connaissances acquises pr\u00e9c\u00e9demment en sciences biologiques notamment dans le domaine des sciences v\u00e9g\u00e9tales pour valider l\u2019admissibilit\u00e9 au parcours.<\/p>\n<p>&nbsp;<\/p>\n<h2><strong>Comit\u00e9 de s\u00e9lection<\/strong><\/h2>\n<p>le comit\u00e9 de s\u00e9lection en master 1 et 2 est compos\u00e9, par ordre alphab\u00e9tique de: Gayral Mathieu, Leborgne Castel Nathalie et Wipf Daniel<\/p>\n<p>&nbsp;<\/p>\n<p style=\"text-align: right;\"><em>R\u00e9daction D. Wipf<\/em><\/p>\n","protected":false},"excerpt":{"rendered":"<p>Modalit\u00e9s d\u2019acc\u00e8s Master 1 Le M1 \u00ab Biologie AGrosciences \u00bb est accessible aux \u00e9tudiants titulaires d\u2019une Licence g\u00e9n\u00e9rale en Biologie adapt\u00e9e au parcours M1 B2IPME. L\u2019admission des \u00e9tudiant.es titulaires d\u2019un autre dipl\u00f4me de niveau L3, notamment Licence Professionnelle, est possible apr\u00e8s examen de leur dossier par une commission p\u00e9dagogique. La capacit\u00e9 d\u2019accueil en M1 B2IPME&hellip;<\/p>\n<p class=\"more-link-p\"><a class=\"btn btn-primary\" href=\"https:\/\/blog.ube.fr\/b2ipme\/candidature\/\">Voir plus &rarr;<\/a><\/p>\n","protected":false},"author":4293,"featured_media":0,"parent":0,"menu_order":0,"comment_status":"closed","ping_status":"closed","template":"","meta":{"_exactmetrics_skip_tracking":false,"_exactmetrics_sitenote_active":false,"_exactmetrics_sitenote_note":"","_exactmetrics_sitenote_category":0,"footnotes":""},"class_list":["post-607","page","type-page","status-publish","hentry"],"_links":{"self":[{"href":"https:\/\/blog.ube.fr\/b2ipme\/wp-json\/wp\/v2\/pages\/607","targetHints":{"allow":["GET"]}}],"collection":[{"href":"https:\/\/blog.ube.fr\/b2ipme\/wp-json\/wp\/v2\/pages"}],"about":[{"href":"https:\/\/blog.ube.fr\/b2ipme\/wp-json\/wp\/v2\/types\/page"}],"author":[{"embeddable":true,"href":"https:\/\/blog.ube.fr\/b2ipme\/wp-json\/wp\/v2\/users\/4293"}],"replies":[{"embeddable":true,"href":"https:\/\/blog.ube.fr\/b2ipme\/wp-json\/wp\/v2\/comments?post=607"}],"version-history":[{"count":14,"href":"https:\/\/blog.ube.fr\/b2ipme\/wp-json\/wp\/v2\/pages\/607\/revisions"}],"predecessor-version":[{"id":1163,"href":"https:\/\/blog.ube.fr\/b2ipme\/wp-json\/wp\/v2\/pages\/607\/revisions\/1163"}],"wp:attachment":[{"href":"https:\/\/blog.ube.fr\/b2ipme\/wp-json\/wp\/v2\/media?parent=607"}],"curies":[{"name":"wp","href":"https:\/\/api.w.org\/{rel}","templated":true}]}}