{"id":606,"date":"2023-02-06T11:34:40","date_gmt":"2023-02-06T10:34:40","guid":{"rendered":"https:\/\/blog.u-bourgogne.fr\/b2ipme\/?page_id=606"},"modified":"2025-03-20T11:04:55","modified_gmt":"2025-03-20T10:04:55","slug":"debouches","status":"publish","type":"page","link":"https:\/\/blog.ube.fr\/b2ipme\/debouches\/","title":{"rendered":"Pr\u00e9sentation"},"content":{"rendered":"<p style=\"text-align: justify;\"><a href=\"https:\/\/blog.ube.fr\/b2ipme\/wp-content\/uploads\/sites\/172\/2023\/03\/B2IPME-logo-new9-3d-500.png\"><img loading=\"lazy\" decoding=\"async\" class=\"alignnone wp-image-722 size-thumbnail\" src=\"https:\/\/blog.ube.fr\/b2ipme\/wp-content\/uploads\/sites\/172\/2023\/03\/B2IPME-logo-new9-3d-500-150x150.png\" alt=\"\" width=\"150\" height=\"150\" srcset=\"https:\/\/blog.ube.fr\/b2ipme\/wp-content\/uploads\/sites\/172\/2023\/03\/B2IPME-logo-new9-3d-500-150x150.png 150w, https:\/\/blog.ube.fr\/b2ipme\/wp-content\/uploads\/sites\/172\/2023\/03\/B2IPME-logo-new9-3d-500-300x300.png 300w, https:\/\/blog.ube.fr\/b2ipme\/wp-content\/uploads\/sites\/172\/2023\/03\/B2IPME-logo-new9-3d-500.png 500w\" sizes=\"auto, (max-width: 150px) 100vw, 150px\" \/><\/a><\/p>\n<p style=\"text-align: justify;\">Le Master\u00a0 B2IPME a pour objectif de former a\u0300, et par la recherche, des sp\u00e9cialistes ayant une vision int\u00e9grative des plantes du g\u00e8ne a\u0300 la communaut\u00e9 et poss\u00e9dant de fortes comp\u00e9tences dans les domaines des interactions abiotiques (plante-environnement) et biotiques (plante-plante et plante-microorganisme) et de la sant\u00e9 des plantes.<\/p>\n<p style=\"text-align: justify;\">Le Master B2IPME permet aux dipl\u00f4m\u00e9.e.s d\u2019apporter des solutions aux probl\u00e9matiques li\u00e9es a\u0300 l\u2019utilisation des v\u00e9g\u00e9taux comme sources de compos\u00e9s d\u2019int\u00e9r\u00eat pour le domaine de la sante\u0301 et du bien-\u00eatre, ainsi que dans la production v\u00e9g\u00e9tale et l\u2019agro-environnement.<\/p>\n<h2 style=\"text-align: justify;\"><strong>D\u00e9bouch\u00e9s du dipl\u00f4me (m\u00e9tiers ou poursuite d\u2019\u00e9tudes) :<\/strong><\/h2>\n<p style=\"text-align: justify;\">L\u2019objectif g\u00e9n\u00e9ral du Master B2IPME est de former de futurs cadres\/chercheurs du secteur v\u00e9g\u00e9tal et de l\u2019agro-environnement. Le dipl\u00f4m\u00e9 peut en fonction de son projet professionnel :<\/p>\n<ul style=\"text-align: justify;\">\n<li>poursuivre sa formation en doctorat pour r\u00e9aliser une carri\u00e8re dans l\u2019enseignement sup\u00e9rieur et\/ou la recherche\u00a0;<\/li>\n<li>occuper un poste de cadre dans les secteurs public ou priv\u00e9, au sein d\u2019un laboratoire, d\u2019un service Recherche et D\u00e9veloppement ou d\u2019un bureau d\u2019\u00e9tude en participant \u00e0 des programmes de recherche de d\u00e9veloppement fondamentaux et\/ou appliqu\u00e9s (exemples\u00a0: charg\u00e9 d\u2019\u00e9tude, charg\u00e9 de mission, ing\u00e9nieur d\u2019\u00e9tude).<\/li>\n<\/ul>\n<h2 style=\"text-align: justify;\"><strong>Comp\u00e9tences acquises \u00e0 l\u2019issue de la formation :<\/strong><\/h2>\n<p style=\"text-align: justify;\">Le\/La titulaire de ce dipl\u00f4me aura acquis de fortes comp\u00e9tences dans les disciplines de la biologie et de la biotechnologie des plantes et des microorganismes associ\u00e9s et de leurs interactions avec l\u2019environnement. Le master d\u00e9veloppe un savoir-faire dans le domaine du fonctionnement et de la gestion des agro\u00e9cosyst\u00e8mes, de la production v\u00e9g\u00e9tale, et de la chimie du v\u00e9g\u00e9tal :<\/p>\n<ul>\n<li style=\"text-align: justify;\">Acquisition d\u2019une formation pluridisciplinaire dans le domaine v\u00e9g\u00e9tal et d\u2019une bonne ma\u00eetrise des outils indispensables aux d\u00e9marches de recherche scientifique et de gestion de projet (communication, exp\u00e9rimentation, interpr\u00e9tation des donn\u00e9es, \u2026)\u00a0;<\/li>\n<li style=\"text-align: justify;\">Connaissance des concepts actuels de la production v\u00e9g\u00e9tale et de la sant\u00e9 des plantes\u00a0;<\/li>\n<li style=\"text-align: justify;\">Exploitation des interactions biotiques et abiotiques et de leurs r\u00e9gulations afin d\u2019optimiser la conduite et la gestion des agrosyst\u00e8mes a\u0300 diff\u00e9rentes \u00e9chelles\u00a0;<\/li>\n<li style=\"text-align: justify;\">Acquisition d\u2019outils pour r\u00e9soudre les probl\u00e8mes de la production v\u00e9g\u00e9tale dans un contexte soci\u00e9tal et l\u00e9gislatif exigeant une diminution des intrants, ce qui est en lien direct avec les recherches men\u00e9es au sein de l\u2019<a href=\"https:\/\/www6.dijon.inrae.fr\/umragroecologie\">UMR Agro\u00e9cologie de Dijon<\/a> au sein de laquelle les enseignants-chercheurs de l&#8217;\u00e9quipe p\u00e9dagogique d\u00e9veloppent leurs travaux de recherche;<\/li>\n<li style=\"text-align: justify;\">R\u00e9daction de supports de communication (rapport, diaporama, note de synth\u00e8se, poster,&#8230;) et leur pr\u00e9sentation vers un public, averti ou non, en fran\u00e7ais et en anglais.<\/li>\n<\/ul>\n<p><a href=\"https:\/\/blog.ube.fr\/b2ipme\/wp-content\/uploads\/sites\/172\/2023\/03\/dreamstime_xxl_178749629.jpg\"><img loading=\"lazy\" decoding=\"async\" class=\"alignleft wp-image-727 size-full\" src=\"https:\/\/blog.ube.fr\/b2ipme\/wp-content\/uploads\/sites\/172\/2023\/03\/dreamstime_xxl_178749629-e1678302036990.jpg\" alt=\"\" width=\"1395\" height=\"930\" srcset=\"https:\/\/blog.ube.fr\/b2ipme\/wp-content\/uploads\/sites\/172\/2023\/03\/dreamstime_xxl_178749629-e1678302036990.jpg 1395w, https:\/\/blog.ube.fr\/b2ipme\/wp-content\/uploads\/sites\/172\/2023\/03\/dreamstime_xxl_178749629-e1678302036990-300x200.jpg 300w, https:\/\/blog.ube.fr\/b2ipme\/wp-content\/uploads\/sites\/172\/2023\/03\/dreamstime_xxl_178749629-e1678302036990-1024x683.jpg 1024w, https:\/\/blog.ube.fr\/b2ipme\/wp-content\/uploads\/sites\/172\/2023\/03\/dreamstime_xxl_178749629-e1678302036990-768x512.jpg 768w\" sizes=\"auto, (max-width: 1395px) 100vw, 1395px\" \/><\/a><\/p>\n<p>Cr\u00e9dit photo: Photo <a href=\"https:\/\/www.dreamstime.com\/maize-seedling-cultivated-agricultural-field-low-poly-graphic-style-modern-technology-concepts-image178749629\">178749629 <\/a><span class=\"author-name tooltipstered\">\u00a9 <a href=\"https:\/\/www.dreamstime.com\/jamraslamyai_info\">Jamraslamyai<\/a><\/span> <span class=\"dreamstime\"> | <a href=\"https:\/\/www.dreamstime.com\/stock-photos\">Dreamstime.com<\/a><\/span><\/p>\n<p style=\"text-align: right;\"><em>R\u00e9daction D. Wipf<\/em><\/p>\n","protected":false},"excerpt":{"rendered":"<p>Le Master\u00a0 B2IPME a pour objectif de former a\u0300, et par la recherche, des sp\u00e9cialistes ayant une vision int\u00e9grative des plantes du g\u00e8ne a\u0300 la communaut\u00e9 et poss\u00e9dant de fortes comp\u00e9tences dans les domaines des interactions abiotiques (plante-environnement) et biotiques (plante-plante et plante-microorganisme) et de la sant\u00e9 des plantes. Le Master B2IPME permet aux dipl\u00f4m\u00e9.e.s&hellip;<\/p>\n<p class=\"more-link-p\"><a class=\"btn btn-primary\" href=\"https:\/\/blog.ube.fr\/b2ipme\/debouches\/\">Voir plus &rarr;<\/a><\/p>\n","protected":false},"author":4293,"featured_media":0,"parent":0,"menu_order":0,"comment_status":"closed","ping_status":"closed","template":"","meta":{"_exactmetrics_skip_tracking":false,"_exactmetrics_sitenote_active":false,"_exactmetrics_sitenote_note":"","_exactmetrics_sitenote_category":0,"footnotes":""},"class_list":["post-606","page","type-page","status-publish","hentry"],"_links":{"self":[{"href":"https:\/\/blog.ube.fr\/b2ipme\/wp-json\/wp\/v2\/pages\/606","targetHints":{"allow":["GET"]}}],"collection":[{"href":"https:\/\/blog.ube.fr\/b2ipme\/wp-json\/wp\/v2\/pages"}],"about":[{"href":"https:\/\/blog.ube.fr\/b2ipme\/wp-json\/wp\/v2\/types\/page"}],"author":[{"embeddable":true,"href":"https:\/\/blog.ube.fr\/b2ipme\/wp-json\/wp\/v2\/users\/4293"}],"replies":[{"embeddable":true,"href":"https:\/\/blog.ube.fr\/b2ipme\/wp-json\/wp\/v2\/comments?post=606"}],"version-history":[{"count":18,"href":"https:\/\/blog.ube.fr\/b2ipme\/wp-json\/wp\/v2\/pages\/606\/revisions"}],"predecessor-version":[{"id":1066,"href":"https:\/\/blog.ube.fr\/b2ipme\/wp-json\/wp\/v2\/pages\/606\/revisions\/1066"}],"wp:attachment":[{"href":"https:\/\/blog.ube.fr\/b2ipme\/wp-json\/wp\/v2\/media?parent=606"}],"curies":[{"name":"wp","href":"https:\/\/api.w.org\/{rel}","templated":true}]}}