{"id":605,"date":"2023-02-06T11:34:39","date_gmt":"2023-02-06T10:34:39","guid":{"rendered":"https:\/\/blog.u-bourgogne.fr\/b2ipme\/?page_id=605"},"modified":"2025-03-20T11:02:55","modified_gmt":"2025-03-20T10:02:55","slug":"contenu-de-la-formation","status":"publish","type":"page","link":"https:\/\/blog.ube.fr\/b2ipme\/contenu-de-la-formation\/","title":{"rendered":"Contenu de la formation"},"content":{"rendered":"<p style=\"text-align: justify;\">Le Master B2IPME a pour objectif de former a\u0300, et par la recherche, des sp\u00e9cialistes ayant une vision int\u00e9grative des plantes du g\u00e8ne a\u0300 la communaut\u00e9 et poss\u00e9dant de fortes comp\u00e9tences dans les domaines des interactions abiotiques (plante-environnement) et biotiques (plante-plante et plante-microorganisme) et de la sant\u00e9 des plantes.<\/p>\n<p style=\"text-align: justify;\">Le Master B2IPME permet aux dipl\u00f4m\u00e9s d\u2019apporter des solutions aux probl\u00e9matiques li\u00e9es a\u0300 l\u2019utilisation des v\u00e9g\u00e9taux comme sources de compos\u00e9s d\u2019int\u00e9r\u00eat pour le domaine de la sante\u0301 et du bien-\u00eatre, ainsi que dans la production v\u00e9g\u00e9tale et l\u2019agroenvironnement.<\/p>\n<p style=\"text-align: right;\"><em>R\u00e9daction D. Wipf<\/em><\/p>\n","protected":false},"excerpt":{"rendered":"<p>Le Master B2IPME a pour objectif de former a\u0300, et par la recherche, des sp\u00e9cialistes ayant une vision int\u00e9grative des plantes du g\u00e8ne a\u0300 la communaut\u00e9 et poss\u00e9dant de fortes comp\u00e9tences dans les domaines des interactions abiotiques (plante-environnement) et biotiques (plante-plante et plante-microorganisme) et de la sant\u00e9 des plantes. Le Master B2IPME permet aux dipl\u00f4m\u00e9s&hellip;<\/p>\n<p class=\"more-link-p\"><a class=\"btn btn-primary\" href=\"https:\/\/blog.ube.fr\/b2ipme\/contenu-de-la-formation\/\">Voir plus &rarr;<\/a><\/p>\n","protected":false},"author":4293,"featured_media":0,"parent":0,"menu_order":0,"comment_status":"closed","ping_status":"closed","template":"","meta":{"_exactmetrics_skip_tracking":false,"_exactmetrics_sitenote_active":false,"_exactmetrics_sitenote_note":"","_exactmetrics_sitenote_category":0,"footnotes":""},"class_list":["post-605","page","type-page","status-publish","hentry"],"_links":{"self":[{"href":"https:\/\/blog.ube.fr\/b2ipme\/wp-json\/wp\/v2\/pages\/605","targetHints":{"allow":["GET"]}}],"collection":[{"href":"https:\/\/blog.ube.fr\/b2ipme\/wp-json\/wp\/v2\/pages"}],"about":[{"href":"https:\/\/blog.ube.fr\/b2ipme\/wp-json\/wp\/v2\/types\/page"}],"author":[{"embeddable":true,"href":"https:\/\/blog.ube.fr\/b2ipme\/wp-json\/wp\/v2\/users\/4293"}],"replies":[{"embeddable":true,"href":"https:\/\/blog.ube.fr\/b2ipme\/wp-json\/wp\/v2\/comments?post=605"}],"version-history":[{"count":8,"href":"https:\/\/blog.ube.fr\/b2ipme\/wp-json\/wp\/v2\/pages\/605\/revisions"}],"predecessor-version":[{"id":1097,"href":"https:\/\/blog.ube.fr\/b2ipme\/wp-json\/wp\/v2\/pages\/605\/revisions\/1097"}],"wp:attachment":[{"href":"https:\/\/blog.ube.fr\/b2ipme\/wp-json\/wp\/v2\/media?parent=605"}],"curies":[{"name":"wp","href":"https:\/\/api.w.org\/{rel}","templated":true}]}}