{"id":95,"date":"2023-05-20T16:10:16","date_gmt":"2023-05-20T14:10:16","guid":{"rendered":"https:\/\/blog.u-bourgogne.fr\/ajmgb\/?page_id=95"},"modified":"2023-10-28T23:52:22","modified_gmt":"2023-10-28T21:52:22","slug":"week-end-ski","status":"publish","type":"page","link":"https:\/\/blog.ube.fr\/ajmgb\/evenements\/week-end-ski\/","title":{"rendered":"Week-end Ski"},"content":{"rendered":"<h2><span style=\"font-size: 18pt;\"><b>\u2744\ufe0f <\/b><\/span>Edition Janvier 2024 &#8211; Valfr\u00e9jus<\/h2>\n<h2><img loading=\"lazy\" decoding=\"async\" class=\"alignnone wp-image-722 size-large\" style=\"font-family: 'Times New Roman'; font-size: 16px; font-style: normal; font-variant-ligatures: normal; font-variant-caps: normal; font-weight: 400;\" src=\"https:\/\/blog.ube.fr\/ajmgb\/wp-content\/uploads\/sites\/188\/2023\/10\/Ski-2024-Insta-1024x1024.png\" alt=\"\" width=\"656\" height=\"656\" srcset=\"https:\/\/blog.ube.fr\/ajmgb\/wp-content\/uploads\/sites\/188\/2023\/10\/Ski-2024-Insta-1024x1024.png 1024w, https:\/\/blog.ube.fr\/ajmgb\/wp-content\/uploads\/sites\/188\/2023\/10\/Ski-2024-Insta-300x300.png 300w, https:\/\/blog.ube.fr\/ajmgb\/wp-content\/uploads\/sites\/188\/2023\/10\/Ski-2024-Insta-150x150.png 150w, https:\/\/blog.ube.fr\/ajmgb\/wp-content\/uploads\/sites\/188\/2023\/10\/Ski-2024-Insta-768x768.png 768w, https:\/\/blog.ube.fr\/ajmgb\/wp-content\/uploads\/sites\/188\/2023\/10\/Ski-2024-Insta.png 1080w\" sizes=\"auto, (max-width: 656px) 100vw, 656px\" \/><\/h2>\n<p>\ud83d\udcc5 du 18 au 21 janvier 2024 (d\u00e9part le jeudi soir, retour le dimanche soir \u00e0 Dijon)<\/p>\n<p>\ud83c\udf0d Valfr\u00e9jus en vall\u00e9e de la Maurienne<\/p>\n<p>\ud83d\udcb8 Environ 330\u20ac, inscriptions \u00e0 venir<\/p>\n<p>\ud83d\udcbb\u00a0<a href=\"https:\/\/www.facebook.com\/events\/710624447755650\" rel=\"\">Ev\u00e9nements Facebook<\/a><\/p>\n<p>(Quasi)-tout inclus :<\/p>\n<ul>\n<li>le transport aller-retour en car au d\u00e9part de Dijon et M\u00e2con<\/li>\n<li>l&#8217;h\u00e9bergement pour 3 nuits \u00e0 partir du jeudi soir, dans un chalet privatis\u00e9, avec une salle pour les repas et les soir\u00e9es. Le + : d\u00e9part ski aux pieds !<\/li>\n<li>le forfait et le mat\u00e9riel pour 3 jours<\/li>\n<li>3 petit-d\u00e9jeuner et 2 d\u00eeners<\/li>\n<li>des animations aux petits oignons<\/li>\n<\/ul>\n<hr \/>\n<h2><span style=\"font-size: 18pt;\"><b>\u2744\ufe0f <\/b><\/span>Edition Janvier 2023 &#8211; Chamrousse<\/h2>\n<p><span style=\"font-size: 18pt;\"><b>\ud83c\udfd4\ufe0f <\/b><\/span>La premi\u00e8re \u00e9dition du Week-End Ski des Internes Bourguignons, co-organis\u00e9e avec l&#8217;AIHD (Association des Internes des H\u00f4pitaux de Dijon), s&#8217;est d\u00e9roul\u00e9e \u00e0 Chamrousse, station des Alpes surplombant Grenoble.<\/p>\n<p><span style=\"font-size: 18pt;\"><b>\u2603\ufe0f <\/b><\/span>Une cinquantaine d&#8217;internes \u00e9taient pr\u00e9sents durant trois jours de kiff&#8217; : <span style=\"color: #0000ff;\">transport<\/span>, <span style=\"color: #0000ff;\">logement<\/span>, <span style=\"color: #0000ff;\">mat\u00e9riel<\/span> et <span style=\"color: #0000ff;\">forfait<\/span> fournis.<\/p>\n<p><span style=\"font-size: 18pt;\"><b>\ud83c\udfc2 <\/b><\/span>Au programme sur place, malgr\u00e9 le petit nombre de pistes ouvertes, les internes ont pu prendre part \u00e0 une <span style=\"color: #0000ff;\">course de luge nocturne \u00e9pique<\/span>, et ils ont pu se retrouver tous ensemble autour d&#8217;une <span style=\"color: #0000ff;\">bonne raclette<\/span> au restaurant puis au <span style=\"color: #0000ff;\">bar le K-DOX<\/span> !<\/p>\n<div id='gallery-1' class='gallery galleryid-95 gallery-columns-3 gallery-size-thumbnail'><dl class='gallery-item'>\n\t\t\t<dt class='gallery-icon landscape'>\n\t\t\t\t<a href='https:\/\/blog.ube.fr\/ajmgb\/evenements\/week-end-ski\/ski-1\/'><img loading=\"lazy\" decoding=\"async\" width=\"150\" height=\"150\" src=\"https:\/\/blog.ube.fr\/ajmgb\/wp-content\/uploads\/sites\/188\/2023\/08\/Ski-1-150x150.jpg\" class=\"attachment-thumbnail size-thumbnail\" alt=\"\" \/><\/a>\n\t\t\t<\/dt><\/dl><dl class='gallery-item'>\n\t\t\t<dt class='gallery-icon landscape'>\n\t\t\t\t<a href='https:\/\/blog.ube.fr\/ajmgb\/evenements\/week-end-ski\/ski-11\/'><img loading=\"lazy\" decoding=\"async\" width=\"150\" height=\"150\" src=\"https:\/\/blog.ube.fr\/ajmgb\/wp-content\/uploads\/sites\/188\/2023\/08\/Ski-11-150x150.png\" class=\"attachment-thumbnail size-thumbnail\" alt=\"\" \/><\/a>\n\t\t\t<\/dt><\/dl><dl class='gallery-item'>\n\t\t\t<dt class='gallery-icon landscape'>\n\t\t\t\t<a href='https:\/\/blog.ube.fr\/ajmgb\/evenements\/week-end-ski\/ski-7\/'><img loading=\"lazy\" decoding=\"async\" width=\"150\" height=\"150\" src=\"https:\/\/blog.ube.fr\/ajmgb\/wp-content\/uploads\/sites\/188\/2023\/08\/Ski-7-150x150.jpg\" class=\"attachment-thumbnail size-thumbnail\" alt=\"\" \/><\/a>\n\t\t\t<\/dt><\/dl><br style=\"clear: both\" \/><dl class='gallery-item'>\n\t\t\t<dt class='gallery-icon landscape'>\n\t\t\t\t<a href='https:\/\/blog.ube.fr\/ajmgb\/evenements\/week-end-ski\/ski-13\/'><img loading=\"lazy\" decoding=\"async\" width=\"150\" height=\"150\" src=\"https:\/\/blog.ube.fr\/ajmgb\/wp-content\/uploads\/sites\/188\/2023\/08\/Ski-13-150x150.png\" class=\"attachment-thumbnail size-thumbnail\" alt=\"\" \/><\/a>\n\t\t\t<\/dt><\/dl><dl class='gallery-item'>\n\t\t\t<dt class='gallery-icon portrait'>\n\t\t\t\t<a href='https:\/\/blog.ube.fr\/ajmgb\/evenements\/week-end-ski\/logo-ski\/'><img loading=\"lazy\" decoding=\"async\" width=\"150\" height=\"150\" src=\"https:\/\/blog.ube.fr\/ajmgb\/wp-content\/uploads\/sites\/188\/2023\/08\/logo-ski-150x150.png\" class=\"attachment-thumbnail size-thumbnail\" alt=\"\" \/><\/a>\n\t\t\t<\/dt><\/dl><dl class='gallery-item'>\n\t\t\t<dt class='gallery-icon landscape'>\n\t\t\t\t<a href='https:\/\/blog.ube.fr\/ajmgb\/evenements\/week-end-ski\/ski-15\/'><img loading=\"lazy\" decoding=\"async\" width=\"150\" height=\"150\" src=\"https:\/\/blog.ube.fr\/ajmgb\/wp-content\/uploads\/sites\/188\/2023\/08\/Ski-15-150x150.jpg\" class=\"attachment-thumbnail size-thumbnail\" alt=\"\" \/><\/a>\n\t\t\t<\/dt><\/dl><br style=\"clear: both\" \/><dl class='gallery-item'>\n\t\t\t<dt class='gallery-icon landscape'>\n\t\t\t\t<a href='https:\/\/blog.ube.fr\/ajmgb\/evenements\/week-end-ski\/ski-14\/'><img loading=\"lazy\" decoding=\"async\" width=\"150\" height=\"150\" src=\"https:\/\/blog.ube.fr\/ajmgb\/wp-content\/uploads\/sites\/188\/2023\/08\/SKi-14-150x150.png\" class=\"attachment-thumbnail size-thumbnail\" alt=\"\" \/><\/a>\n\t\t\t<\/dt><\/dl><dl class='gallery-item'>\n\t\t\t<dt class='gallery-icon landscape'>\n\t\t\t\t<a href='https:\/\/blog.ube.fr\/ajmgb\/evenements\/week-end-ski\/ski-9\/'><img loading=\"lazy\" decoding=\"async\" width=\"150\" height=\"150\" src=\"https:\/\/blog.ube.fr\/ajmgb\/wp-content\/uploads\/sites\/188\/2023\/08\/Ski-9-150x150.jpg\" class=\"attachment-thumbnail size-thumbnail\" alt=\"\" \/><\/a>\n\t\t\t<\/dt><\/dl><dl class='gallery-item'>\n\t\t\t<dt class='gallery-icon landscape'>\n\t\t\t\t<a href='https:\/\/blog.ube.fr\/ajmgb\/evenements\/week-end-ski\/ski-gif\/'><img loading=\"lazy\" decoding=\"async\" width=\"150\" height=\"150\" src=\"https:\/\/blog.ube.fr\/ajmgb\/wp-content\/uploads\/sites\/188\/2023\/08\/ski-gif-150x150.gif\" class=\"attachment-thumbnail size-thumbnail\" alt=\"\" \/><\/a>\n\t\t\t<\/dt><\/dl><br style=\"clear: both\" \/>\n\t\t<\/div>\n\n<p>&nbsp;<\/p>\n<hr \/>\n<h2><\/h2>\n","protected":false},"excerpt":{"rendered":"<p>\u2744\ufe0f Edition Janvier 2024 &#8211; Valfr\u00e9jus \ud83d\udcc5 du 18 au 21 janvier 2024 (d\u00e9part le jeudi soir, retour le dimanche soir \u00e0 Dijon) \ud83c\udf0d Valfr\u00e9jus en vall\u00e9e de la Maurienne \ud83d\udcb8 Environ 330\u20ac, inscriptions \u00e0 venir \ud83d\udcbb\u00a0Ev\u00e9nements Facebook (Quasi)-tout inclus : le transport aller-retour en car au d\u00e9part de Dijon et M\u00e2con l&#8217;h\u00e9bergement pour 3&hellip;<\/p>\n<p class=\"more-link-p\"><a class=\"btn btn-primary\" href=\"https:\/\/blog.ube.fr\/ajmgb\/evenements\/week-end-ski\/\">Voir plus &rarr;<\/a><\/p>\n","protected":false},"author":4923,"featured_media":0,"parent":84,"menu_order":2,"comment_status":"closed","ping_status":"closed","template":"","meta":{"_exactmetrics_skip_tracking":false,"_exactmetrics_sitenote_active":false,"_exactmetrics_sitenote_note":"","_exactmetrics_sitenote_category":0,"footnotes":""},"class_list":["post-95","page","type-page","status-publish","hentry"],"_links":{"self":[{"href":"https:\/\/blog.ube.fr\/ajmgb\/wp-json\/wp\/v2\/pages\/95","targetHints":{"allow":["GET"]}}],"collection":[{"href":"https:\/\/blog.ube.fr\/ajmgb\/wp-json\/wp\/v2\/pages"}],"about":[{"href":"https:\/\/blog.ube.fr\/ajmgb\/wp-json\/wp\/v2\/types\/page"}],"author":[{"embeddable":true,"href":"https:\/\/blog.ube.fr\/ajmgb\/wp-json\/wp\/v2\/users\/4923"}],"replies":[{"embeddable":true,"href":"https:\/\/blog.ube.fr\/ajmgb\/wp-json\/wp\/v2\/comments?post=95"}],"version-history":[{"count":13,"href":"https:\/\/blog.ube.fr\/ajmgb\/wp-json\/wp\/v2\/pages\/95\/revisions"}],"predecessor-version":[{"id":725,"href":"https:\/\/blog.ube.fr\/ajmgb\/wp-json\/wp\/v2\/pages\/95\/revisions\/725"}],"up":[{"embeddable":true,"href":"https:\/\/blog.ube.fr\/ajmgb\/wp-json\/wp\/v2\/pages\/84"}],"wp:attachment":[{"href":"https:\/\/blog.ube.fr\/ajmgb\/wp-json\/wp\/v2\/media?parent=95"}],"curies":[{"name":"wp","href":"https:\/\/api.w.org\/{rel}","templated":true}]}}