{"id":398,"date":"2023-08-11T22:35:44","date_gmt":"2023-08-11T20:35:44","guid":{"rendered":"https:\/\/blog.u-bourgogne.fr\/ajmgb\/?page_id=398"},"modified":"2024-08-22T18:53:02","modified_gmt":"2024-08-22T16:53:02","slug":"neo-internes","status":"publish","type":"page","link":"https:\/\/blog.ube.fr\/ajmgb\/formation\/neo-internes\/","title":{"rendered":"N\u00e9o-internes"},"content":{"rendered":"<p>Si tu viens de passer les ECN\/EDN et que tu te poses des questions sur les sp\u00e9cificit\u00e9s de la m\u00e9decine g\u00e9n\u00e9rale en Bourgogne, tu es au bon endroit ! Si tu as encore des questions apr\u00e8s avoir parcouru ce site, n&#8217;h\u00e9sites pas \u00e0 nous contacter par mail : ajmgbdijon@gmail.com<\/p>\n<p>Nous avons aussi fait une visio de pr\u00e9sentation de la subdivision. Tu peux la visionner ici :<\/p>\n<p><iframe loading=\"lazy\" style=\"border: none; overflow: hidden;\" frameborder=\"0\" height=\"323\" scrolling=\"no\" src=\"https:\/\/www.facebook.com\/plugins\/video.php?height=323&amp;href=https%3A%2F%2Fwww.facebook.com%2Fajmgb.dijon%2Fvideos%2F447390201620186%2F&amp;show_text=false&amp;width=560&amp;t=0\" width=\"560\"><\/iframe><\/p>\n<div id='gallery-1' class='gallery galleryid-398 gallery-columns-1 gallery-size-large'><dl class='gallery-item'>\n\t\t\t<dt class='gallery-icon landscape'>\n\t\t\t\t<a href='https:\/\/blog.ube.fr\/ajmgb\/formation\/neo-internes\/1-3\/'><img loading=\"lazy\" decoding=\"async\" width=\"656\" height=\"369\" src=\"https:\/\/blog.ube.fr\/ajmgb\/wp-content\/uploads\/sites\/188\/2024\/08\/1-1-1024x576.png\" class=\"attachment-large size-large\" alt=\"\" srcset=\"https:\/\/blog.ube.fr\/ajmgb\/wp-content\/uploads\/sites\/188\/2024\/08\/1-1-1024x576.png 1024w, https:\/\/blog.ube.fr\/ajmgb\/wp-content\/uploads\/sites\/188\/2024\/08\/1-1-300x169.png 300w, https:\/\/blog.ube.fr\/ajmgb\/wp-content\/uploads\/sites\/188\/2024\/08\/1-1-768x432.png 768w, https:\/\/blog.ube.fr\/ajmgb\/wp-content\/uploads\/sites\/188\/2024\/08\/1-1-1536x864.png 1536w, https:\/\/blog.ube.fr\/ajmgb\/wp-content\/uploads\/sites\/188\/2024\/08\/1-1.png 1920w\" sizes=\"auto, (max-width: 656px) 100vw, 656px\" \/><\/a>\n\t\t\t<\/dt><\/dl><br style=\"clear: both\" \/><dl class='gallery-item'>\n\t\t\t<dt class='gallery-icon landscape'>\n\t\t\t\t<a href='https:\/\/blog.ube.fr\/ajmgb\/formation\/neo-internes\/2-3\/'><img loading=\"lazy\" decoding=\"async\" width=\"656\" height=\"369\" src=\"https:\/\/blog.ube.fr\/ajmgb\/wp-content\/uploads\/sites\/188\/2024\/08\/2-1-1024x576.png\" class=\"attachment-large size-large\" alt=\"\" srcset=\"https:\/\/blog.ube.fr\/ajmgb\/wp-content\/uploads\/sites\/188\/2024\/08\/2-1-1024x576.png 1024w, https:\/\/blog.ube.fr\/ajmgb\/wp-content\/uploads\/sites\/188\/2024\/08\/2-1-300x169.png 300w, https:\/\/blog.ube.fr\/ajmgb\/wp-content\/uploads\/sites\/188\/2024\/08\/2-1-768x432.png 768w, https:\/\/blog.ube.fr\/ajmgb\/wp-content\/uploads\/sites\/188\/2024\/08\/2-1-1536x864.png 1536w, https:\/\/blog.ube.fr\/ajmgb\/wp-content\/uploads\/sites\/188\/2024\/08\/2-1.png 1920w\" sizes=\"auto, (max-width: 656px) 100vw, 656px\" \/><\/a>\n\t\t\t<\/dt><\/dl><br style=\"clear: both\" \/><dl class='gallery-item'>\n\t\t\t<dt class='gallery-icon landscape'>\n\t\t\t\t<a href='https:\/\/blog.ube.fr\/ajmgb\/formation\/neo-internes\/3-3\/'><img loading=\"lazy\" decoding=\"async\" width=\"656\" height=\"369\" src=\"https:\/\/blog.ube.fr\/ajmgb\/wp-content\/uploads\/sites\/188\/2024\/08\/3-1-1024x576.png\" class=\"attachment-large size-large\" alt=\"\" srcset=\"https:\/\/blog.ube.fr\/ajmgb\/wp-content\/uploads\/sites\/188\/2024\/08\/3-1-1024x576.png 1024w, https:\/\/blog.ube.fr\/ajmgb\/wp-content\/uploads\/sites\/188\/2024\/08\/3-1-300x169.png 300w, https:\/\/blog.ube.fr\/ajmgb\/wp-content\/uploads\/sites\/188\/2024\/08\/3-1-768x432.png 768w, https:\/\/blog.ube.fr\/ajmgb\/wp-content\/uploads\/sites\/188\/2024\/08\/3-1-1536x864.png 1536w, https:\/\/blog.ube.fr\/ajmgb\/wp-content\/uploads\/sites\/188\/2024\/08\/3-1.png 1920w\" sizes=\"auto, (max-width: 656px) 100vw, 656px\" \/><\/a>\n\t\t\t<\/dt><\/dl><br style=\"clear: both\" \/><dl class='gallery-item'>\n\t\t\t<dt class='gallery-icon landscape'>\n\t\t\t\t<a href='https:\/\/blog.ube.fr\/ajmgb\/formation\/neo-internes\/4-3\/'><img loading=\"lazy\" decoding=\"async\" width=\"656\" height=\"369\" src=\"https:\/\/blog.ube.fr\/ajmgb\/wp-content\/uploads\/sites\/188\/2024\/08\/4-1-1024x576.png\" class=\"attachment-large size-large\" alt=\"\" srcset=\"https:\/\/blog.ube.fr\/ajmgb\/wp-content\/uploads\/sites\/188\/2024\/08\/4-1-1024x576.png 1024w, https:\/\/blog.ube.fr\/ajmgb\/wp-content\/uploads\/sites\/188\/2024\/08\/4-1-300x169.png 300w, https:\/\/blog.ube.fr\/ajmgb\/wp-content\/uploads\/sites\/188\/2024\/08\/4-1-768x432.png 768w, https:\/\/blog.ube.fr\/ajmgb\/wp-content\/uploads\/sites\/188\/2024\/08\/4-1-1536x864.png 1536w, https:\/\/blog.ube.fr\/ajmgb\/wp-content\/uploads\/sites\/188\/2024\/08\/4-1.png 1920w\" sizes=\"auto, (max-width: 656px) 100vw, 656px\" \/><\/a>\n\t\t\t<\/dt><\/dl><br style=\"clear: both\" \/><dl class='gallery-item'>\n\t\t\t<dt class='gallery-icon landscape'>\n\t\t\t\t<a href='https:\/\/blog.ube.fr\/ajmgb\/formation\/neo-internes\/5-3\/'><img loading=\"lazy\" decoding=\"async\" width=\"656\" height=\"369\" src=\"https:\/\/blog.ube.fr\/ajmgb\/wp-content\/uploads\/sites\/188\/2024\/08\/5-1-1024x576.png\" class=\"attachment-large size-large\" alt=\"\" srcset=\"https:\/\/blog.ube.fr\/ajmgb\/wp-content\/uploads\/sites\/188\/2024\/08\/5-1-1024x576.png 1024w, https:\/\/blog.ube.fr\/ajmgb\/wp-content\/uploads\/sites\/188\/2024\/08\/5-1-300x169.png 300w, https:\/\/blog.ube.fr\/ajmgb\/wp-content\/uploads\/sites\/188\/2024\/08\/5-1-768x432.png 768w, https:\/\/blog.ube.fr\/ajmgb\/wp-content\/uploads\/sites\/188\/2024\/08\/5-1-1536x864.png 1536w, https:\/\/blog.ube.fr\/ajmgb\/wp-content\/uploads\/sites\/188\/2024\/08\/5-1.png 1920w\" sizes=\"auto, (max-width: 656px) 100vw, 656px\" \/><\/a>\n\t\t\t<\/dt><\/dl><br style=\"clear: both\" \/><dl class='gallery-item'>\n\t\t\t<dt class='gallery-icon landscape'>\n\t\t\t\t<a href='https:\/\/blog.ube.fr\/ajmgb\/formation\/neo-internes\/6-3\/'><img loading=\"lazy\" decoding=\"async\" width=\"656\" height=\"369\" src=\"https:\/\/blog.ube.fr\/ajmgb\/wp-content\/uploads\/sites\/188\/2024\/08\/6-1-1024x576.png\" class=\"attachment-large size-large\" alt=\"\" srcset=\"https:\/\/blog.ube.fr\/ajmgb\/wp-content\/uploads\/sites\/188\/2024\/08\/6-1-1024x576.png 1024w, https:\/\/blog.ube.fr\/ajmgb\/wp-content\/uploads\/sites\/188\/2024\/08\/6-1-300x169.png 300w, https:\/\/blog.ube.fr\/ajmgb\/wp-content\/uploads\/sites\/188\/2024\/08\/6-1-768x432.png 768w, https:\/\/blog.ube.fr\/ajmgb\/wp-content\/uploads\/sites\/188\/2024\/08\/6-1-1536x864.png 1536w, https:\/\/blog.ube.fr\/ajmgb\/wp-content\/uploads\/sites\/188\/2024\/08\/6-1.png 1920w\" sizes=\"auto, (max-width: 656px) 100vw, 656px\" \/><\/a>\n\t\t\t<\/dt><\/dl><br style=\"clear: both\" \/><dl class='gallery-item'>\n\t\t\t<dt class='gallery-icon landscape'>\n\t\t\t\t<a href='https:\/\/blog.ube.fr\/ajmgb\/formation\/neo-internes\/7-3\/'><img loading=\"lazy\" decoding=\"async\" width=\"656\" height=\"369\" src=\"https:\/\/blog.ube.fr\/ajmgb\/wp-content\/uploads\/sites\/188\/2024\/08\/7-1-1024x576.png\" class=\"attachment-large size-large\" alt=\"\" srcset=\"https:\/\/blog.ube.fr\/ajmgb\/wp-content\/uploads\/sites\/188\/2024\/08\/7-1-1024x576.png 1024w, https:\/\/blog.ube.fr\/ajmgb\/wp-content\/uploads\/sites\/188\/2024\/08\/7-1-300x169.png 300w, https:\/\/blog.ube.fr\/ajmgb\/wp-content\/uploads\/sites\/188\/2024\/08\/7-1-768x432.png 768w, https:\/\/blog.ube.fr\/ajmgb\/wp-content\/uploads\/sites\/188\/2024\/08\/7-1-1536x864.png 1536w, https:\/\/blog.ube.fr\/ajmgb\/wp-content\/uploads\/sites\/188\/2024\/08\/7-1.png 1920w\" sizes=\"auto, (max-width: 656px) 100vw, 656px\" \/><\/a>\n\t\t\t<\/dt><\/dl><br style=\"clear: both\" \/><dl class='gallery-item'>\n\t\t\t<dt class='gallery-icon landscape'>\n\t\t\t\t<a href='https:\/\/blog.ube.fr\/ajmgb\/formation\/neo-internes\/8-3\/'><img loading=\"lazy\" decoding=\"async\" width=\"656\" height=\"369\" src=\"https:\/\/blog.ube.fr\/ajmgb\/wp-content\/uploads\/sites\/188\/2024\/08\/8-1-1024x576.png\" class=\"attachment-large size-large\" alt=\"\" srcset=\"https:\/\/blog.ube.fr\/ajmgb\/wp-content\/uploads\/sites\/188\/2024\/08\/8-1-1024x576.png 1024w, https:\/\/blog.ube.fr\/ajmgb\/wp-content\/uploads\/sites\/188\/2024\/08\/8-1-300x169.png 300w, https:\/\/blog.ube.fr\/ajmgb\/wp-content\/uploads\/sites\/188\/2024\/08\/8-1-768x432.png 768w, https:\/\/blog.ube.fr\/ajmgb\/wp-content\/uploads\/sites\/188\/2024\/08\/8-1-1536x864.png 1536w, https:\/\/blog.ube.fr\/ajmgb\/wp-content\/uploads\/sites\/188\/2024\/08\/8-1.png 1920w\" sizes=\"auto, (max-width: 656px) 100vw, 656px\" \/><\/a>\n\t\t\t<\/dt><\/dl><br style=\"clear: both\" \/><dl class='gallery-item'>\n\t\t\t<dt class='gallery-icon landscape'>\n\t\t\t\t<a href='https:\/\/blog.ube.fr\/ajmgb\/formation\/neo-internes\/9-3\/'><img loading=\"lazy\" decoding=\"async\" width=\"656\" height=\"369\" src=\"https:\/\/blog.ube.fr\/ajmgb\/wp-content\/uploads\/sites\/188\/2024\/08\/9-1-1024x576.png\" class=\"attachment-large size-large\" alt=\"\" srcset=\"https:\/\/blog.ube.fr\/ajmgb\/wp-content\/uploads\/sites\/188\/2024\/08\/9-1-1024x576.png 1024w, https:\/\/blog.ube.fr\/ajmgb\/wp-content\/uploads\/sites\/188\/2024\/08\/9-1-300x169.png 300w, https:\/\/blog.ube.fr\/ajmgb\/wp-content\/uploads\/sites\/188\/2024\/08\/9-1-768x432.png 768w, https:\/\/blog.ube.fr\/ajmgb\/wp-content\/uploads\/sites\/188\/2024\/08\/9-1-1536x864.png 1536w, https:\/\/blog.ube.fr\/ajmgb\/wp-content\/uploads\/sites\/188\/2024\/08\/9-1.png 1920w\" sizes=\"auto, (max-width: 656px) 100vw, 656px\" \/><\/a>\n\t\t\t<\/dt><\/dl><br style=\"clear: both\" \/><dl class='gallery-item'>\n\t\t\t<dt class='gallery-icon landscape'>\n\t\t\t\t<a href='https:\/\/blog.ube.fr\/ajmgb\/formation\/neo-internes\/10-3\/'><img loading=\"lazy\" decoding=\"async\" width=\"656\" height=\"369\" src=\"https:\/\/blog.ube.fr\/ajmgb\/wp-content\/uploads\/sites\/188\/2024\/08\/10-1-1024x576.png\" class=\"attachment-large size-large\" alt=\"\" srcset=\"https:\/\/blog.ube.fr\/ajmgb\/wp-content\/uploads\/sites\/188\/2024\/08\/10-1-1024x576.png 1024w, https:\/\/blog.ube.fr\/ajmgb\/wp-content\/uploads\/sites\/188\/2024\/08\/10-1-300x169.png 300w, https:\/\/blog.ube.fr\/ajmgb\/wp-content\/uploads\/sites\/188\/2024\/08\/10-1-768x432.png 768w, https:\/\/blog.ube.fr\/ajmgb\/wp-content\/uploads\/sites\/188\/2024\/08\/10-1-1536x864.png 1536w, https:\/\/blog.ube.fr\/ajmgb\/wp-content\/uploads\/sites\/188\/2024\/08\/10-1.png 1920w\" sizes=\"auto, (max-width: 656px) 100vw, 656px\" \/><\/a>\n\t\t\t<\/dt><\/dl><br style=\"clear: both\" \/><dl class='gallery-item'>\n\t\t\t<dt class='gallery-icon landscape'>\n\t\t\t\t<a href='https:\/\/blog.ube.fr\/ajmgb\/formation\/neo-internes\/11-3\/'><img loading=\"lazy\" decoding=\"async\" width=\"656\" height=\"369\" src=\"https:\/\/blog.ube.fr\/ajmgb\/wp-content\/uploads\/sites\/188\/2024\/08\/11-1-1024x576.png\" class=\"attachment-large size-large\" alt=\"\" srcset=\"https:\/\/blog.ube.fr\/ajmgb\/wp-content\/uploads\/sites\/188\/2024\/08\/11-1-1024x576.png 1024w, https:\/\/blog.ube.fr\/ajmgb\/wp-content\/uploads\/sites\/188\/2024\/08\/11-1-300x169.png 300w, https:\/\/blog.ube.fr\/ajmgb\/wp-content\/uploads\/sites\/188\/2024\/08\/11-1-768x432.png 768w, https:\/\/blog.ube.fr\/ajmgb\/wp-content\/uploads\/sites\/188\/2024\/08\/11-1-1536x864.png 1536w, https:\/\/blog.ube.fr\/ajmgb\/wp-content\/uploads\/sites\/188\/2024\/08\/11-1.png 1920w\" sizes=\"auto, (max-width: 656px) 100vw, 656px\" \/><\/a>\n\t\t\t<\/dt><\/dl><br style=\"clear: both\" \/><dl class='gallery-item'>\n\t\t\t<dt class='gallery-icon landscape'>\n\t\t\t\t<a href='https:\/\/blog.ube.fr\/ajmgb\/formation\/neo-internes\/12-3\/'><img loading=\"lazy\" decoding=\"async\" width=\"656\" height=\"369\" src=\"https:\/\/blog.ube.fr\/ajmgb\/wp-content\/uploads\/sites\/188\/2024\/08\/12-1-1024x576.png\" class=\"attachment-large size-large\" alt=\"\" srcset=\"https:\/\/blog.ube.fr\/ajmgb\/wp-content\/uploads\/sites\/188\/2024\/08\/12-1-1024x576.png 1024w, https:\/\/blog.ube.fr\/ajmgb\/wp-content\/uploads\/sites\/188\/2024\/08\/12-1-300x169.png 300w, https:\/\/blog.ube.fr\/ajmgb\/wp-content\/uploads\/sites\/188\/2024\/08\/12-1-768x432.png 768w, https:\/\/blog.ube.fr\/ajmgb\/wp-content\/uploads\/sites\/188\/2024\/08\/12-1-1536x864.png 1536w, https:\/\/blog.ube.fr\/ajmgb\/wp-content\/uploads\/sites\/188\/2024\/08\/12-1.png 1920w\" sizes=\"auto, (max-width: 656px) 100vw, 656px\" \/><\/a>\n\t\t\t<\/dt><\/dl><br style=\"clear: both\" \/><dl class='gallery-item'>\n\t\t\t<dt class='gallery-icon landscape'>\n\t\t\t\t<a href='https:\/\/blog.ube.fr\/ajmgb\/formation\/neo-internes\/13-3\/'><img loading=\"lazy\" decoding=\"async\" width=\"656\" height=\"369\" src=\"https:\/\/blog.ube.fr\/ajmgb\/wp-content\/uploads\/sites\/188\/2024\/08\/13-1-1024x576.png\" class=\"attachment-large size-large\" alt=\"\" srcset=\"https:\/\/blog.ube.fr\/ajmgb\/wp-content\/uploads\/sites\/188\/2024\/08\/13-1-1024x576.png 1024w, https:\/\/blog.ube.fr\/ajmgb\/wp-content\/uploads\/sites\/188\/2024\/08\/13-1-300x169.png 300w, https:\/\/blog.ube.fr\/ajmgb\/wp-content\/uploads\/sites\/188\/2024\/08\/13-1-768x432.png 768w, https:\/\/blog.ube.fr\/ajmgb\/wp-content\/uploads\/sites\/188\/2024\/08\/13-1-1536x864.png 1536w, https:\/\/blog.ube.fr\/ajmgb\/wp-content\/uploads\/sites\/188\/2024\/08\/13-1.png 1920w\" sizes=\"auto, (max-width: 656px) 100vw, 656px\" \/><\/a>\n\t\t\t<\/dt><\/dl><br style=\"clear: both\" \/><dl class='gallery-item'>\n\t\t\t<dt class='gallery-icon landscape'>\n\t\t\t\t<a href='https:\/\/blog.ube.fr\/ajmgb\/formation\/neo-internes\/14-3\/'><img loading=\"lazy\" decoding=\"async\" width=\"656\" height=\"369\" src=\"https:\/\/blog.ube.fr\/ajmgb\/wp-content\/uploads\/sites\/188\/2024\/08\/14-1-1024x576.png\" class=\"attachment-large size-large\" alt=\"\" srcset=\"https:\/\/blog.ube.fr\/ajmgb\/wp-content\/uploads\/sites\/188\/2024\/08\/14-1-1024x576.png 1024w, https:\/\/blog.ube.fr\/ajmgb\/wp-content\/uploads\/sites\/188\/2024\/08\/14-1-300x169.png 300w, https:\/\/blog.ube.fr\/ajmgb\/wp-content\/uploads\/sites\/188\/2024\/08\/14-1-768x432.png 768w, https:\/\/blog.ube.fr\/ajmgb\/wp-content\/uploads\/sites\/188\/2024\/08\/14-1-1536x864.png 1536w, https:\/\/blog.ube.fr\/ajmgb\/wp-content\/uploads\/sites\/188\/2024\/08\/14-1.png 1920w\" sizes=\"auto, (max-width: 656px) 100vw, 656px\" \/><\/a>\n\t\t\t<\/dt><\/dl><br style=\"clear: both\" \/><dl class='gallery-item'>\n\t\t\t<dt class='gallery-icon landscape'>\n\t\t\t\t<a href='https:\/\/blog.ube.fr\/ajmgb\/formation\/neo-internes\/15-3\/'><img loading=\"lazy\" decoding=\"async\" width=\"656\" height=\"369\" src=\"https:\/\/blog.ube.fr\/ajmgb\/wp-content\/uploads\/sites\/188\/2024\/08\/15-1-1024x576.png\" class=\"attachment-large size-large\" alt=\"\" srcset=\"https:\/\/blog.ube.fr\/ajmgb\/wp-content\/uploads\/sites\/188\/2024\/08\/15-1-1024x576.png 1024w, https:\/\/blog.ube.fr\/ajmgb\/wp-content\/uploads\/sites\/188\/2024\/08\/15-1-300x169.png 300w, https:\/\/blog.ube.fr\/ajmgb\/wp-content\/uploads\/sites\/188\/2024\/08\/15-1-768x432.png 768w, https:\/\/blog.ube.fr\/ajmgb\/wp-content\/uploads\/sites\/188\/2024\/08\/15-1-1536x864.png 1536w, https:\/\/blog.ube.fr\/ajmgb\/wp-content\/uploads\/sites\/188\/2024\/08\/15-1.png 1920w\" sizes=\"auto, (max-width: 656px) 100vw, 656px\" \/><\/a>\n\t\t\t<\/dt><\/dl><br style=\"clear: both\" \/><dl class='gallery-item'>\n\t\t\t<dt class='gallery-icon landscape'>\n\t\t\t\t<a href='https:\/\/blog.ube.fr\/ajmgb\/formation\/neo-internes\/16-3\/'><img loading=\"lazy\" decoding=\"async\" width=\"656\" height=\"369\" src=\"https:\/\/blog.ube.fr\/ajmgb\/wp-content\/uploads\/sites\/188\/2024\/08\/16-1-1024x576.png\" class=\"attachment-large size-large\" alt=\"\" srcset=\"https:\/\/blog.ube.fr\/ajmgb\/wp-content\/uploads\/sites\/188\/2024\/08\/16-1-1024x576.png 1024w, https:\/\/blog.ube.fr\/ajmgb\/wp-content\/uploads\/sites\/188\/2024\/08\/16-1-300x169.png 300w, https:\/\/blog.ube.fr\/ajmgb\/wp-content\/uploads\/sites\/188\/2024\/08\/16-1-768x432.png 768w, https:\/\/blog.ube.fr\/ajmgb\/wp-content\/uploads\/sites\/188\/2024\/08\/16-1-1536x864.png 1536w, https:\/\/blog.ube.fr\/ajmgb\/wp-content\/uploads\/sites\/188\/2024\/08\/16-1.png 1920w\" sizes=\"auto, (max-width: 656px) 100vw, 656px\" \/><\/a>\n\t\t\t<\/dt><\/dl><br style=\"clear: both\" \/><dl class='gallery-item'>\n\t\t\t<dt class='gallery-icon landscape'>\n\t\t\t\t<a href='https:\/\/blog.ube.fr\/ajmgb\/formation\/neo-internes\/17-3\/'><img loading=\"lazy\" decoding=\"async\" width=\"656\" height=\"369\" src=\"https:\/\/blog.ube.fr\/ajmgb\/wp-content\/uploads\/sites\/188\/2024\/08\/17-1-1024x576.png\" class=\"attachment-large size-large\" alt=\"\" srcset=\"https:\/\/blog.ube.fr\/ajmgb\/wp-content\/uploads\/sites\/188\/2024\/08\/17-1-1024x576.png 1024w, https:\/\/blog.ube.fr\/ajmgb\/wp-content\/uploads\/sites\/188\/2024\/08\/17-1-300x169.png 300w, https:\/\/blog.ube.fr\/ajmgb\/wp-content\/uploads\/sites\/188\/2024\/08\/17-1-768x432.png 768w, https:\/\/blog.ube.fr\/ajmgb\/wp-content\/uploads\/sites\/188\/2024\/08\/17-1-1536x864.png 1536w, https:\/\/blog.ube.fr\/ajmgb\/wp-content\/uploads\/sites\/188\/2024\/08\/17-1.png 1920w\" sizes=\"auto, (max-width: 656px) 100vw, 656px\" \/><\/a>\n\t\t\t<\/dt><\/dl><br style=\"clear: both\" \/><dl class='gallery-item'>\n\t\t\t<dt class='gallery-icon landscape'>\n\t\t\t\t<a href='https:\/\/blog.ube.fr\/ajmgb\/formation\/neo-internes\/18-3\/'><img loading=\"lazy\" decoding=\"async\" width=\"656\" height=\"369\" src=\"https:\/\/blog.ube.fr\/ajmgb\/wp-content\/uploads\/sites\/188\/2024\/08\/18-1-1024x576.png\" class=\"attachment-large size-large\" alt=\"\" srcset=\"https:\/\/blog.ube.fr\/ajmgb\/wp-content\/uploads\/sites\/188\/2024\/08\/18-1-1024x576.png 1024w, https:\/\/blog.ube.fr\/ajmgb\/wp-content\/uploads\/sites\/188\/2024\/08\/18-1-300x169.png 300w, https:\/\/blog.ube.fr\/ajmgb\/wp-content\/uploads\/sites\/188\/2024\/08\/18-1-768x432.png 768w, https:\/\/blog.ube.fr\/ajmgb\/wp-content\/uploads\/sites\/188\/2024\/08\/18-1-1536x864.png 1536w, https:\/\/blog.ube.fr\/ajmgb\/wp-content\/uploads\/sites\/188\/2024\/08\/18-1.png 1920w\" sizes=\"auto, (max-width: 656px) 100vw, 656px\" \/><\/a>\n\t\t\t<\/dt><\/dl><br style=\"clear: both\" \/><dl class='gallery-item'>\n\t\t\t<dt class='gallery-icon landscape'>\n\t\t\t\t<a href='https:\/\/blog.ube.fr\/ajmgb\/formation\/neo-internes\/19-3\/'><img loading=\"lazy\" decoding=\"async\" width=\"656\" height=\"369\" src=\"https:\/\/blog.ube.fr\/ajmgb\/wp-content\/uploads\/sites\/188\/2024\/08\/19-1-1024x576.png\" class=\"attachment-large size-large\" alt=\"\" srcset=\"https:\/\/blog.ube.fr\/ajmgb\/wp-content\/uploads\/sites\/188\/2024\/08\/19-1-1024x576.png 1024w, https:\/\/blog.ube.fr\/ajmgb\/wp-content\/uploads\/sites\/188\/2024\/08\/19-1-300x169.png 300w, https:\/\/blog.ube.fr\/ajmgb\/wp-content\/uploads\/sites\/188\/2024\/08\/19-1-768x432.png 768w, https:\/\/blog.ube.fr\/ajmgb\/wp-content\/uploads\/sites\/188\/2024\/08\/19-1-1536x864.png 1536w, https:\/\/blog.ube.fr\/ajmgb\/wp-content\/uploads\/sites\/188\/2024\/08\/19-1.png 1920w\" sizes=\"auto, (max-width: 656px) 100vw, 656px\" \/><\/a>\n\t\t\t<\/dt><\/dl><br style=\"clear: both\" \/><dl class='gallery-item'>\n\t\t\t<dt class='gallery-icon landscape'>\n\t\t\t\t<a href='https:\/\/blog.ube.fr\/ajmgb\/formation\/neo-internes\/20-3\/'><img loading=\"lazy\" decoding=\"async\" width=\"656\" height=\"369\" src=\"https:\/\/blog.ube.fr\/ajmgb\/wp-content\/uploads\/sites\/188\/2024\/08\/20-1-1024x576.png\" class=\"attachment-large size-large\" alt=\"\" srcset=\"https:\/\/blog.ube.fr\/ajmgb\/wp-content\/uploads\/sites\/188\/2024\/08\/20-1-1024x576.png 1024w, https:\/\/blog.ube.fr\/ajmgb\/wp-content\/uploads\/sites\/188\/2024\/08\/20-1-300x169.png 300w, https:\/\/blog.ube.fr\/ajmgb\/wp-content\/uploads\/sites\/188\/2024\/08\/20-1-768x432.png 768w, https:\/\/blog.ube.fr\/ajmgb\/wp-content\/uploads\/sites\/188\/2024\/08\/20-1-1536x864.png 1536w, https:\/\/blog.ube.fr\/ajmgb\/wp-content\/uploads\/sites\/188\/2024\/08\/20-1.png 1920w\" sizes=\"auto, (max-width: 656px) 100vw, 656px\" \/><\/a>\n\t\t\t<\/dt><\/dl><br style=\"clear: both\" \/><dl class='gallery-item'>\n\t\t\t<dt class='gallery-icon landscape'>\n\t\t\t\t<a href='https:\/\/blog.ube.fr\/ajmgb\/formation\/neo-internes\/21-3\/'><img loading=\"lazy\" decoding=\"async\" width=\"656\" height=\"369\" src=\"https:\/\/blog.ube.fr\/ajmgb\/wp-content\/uploads\/sites\/188\/2024\/08\/21-1-1024x576.png\" class=\"attachment-large size-large\" alt=\"\" srcset=\"https:\/\/blog.ube.fr\/ajmgb\/wp-content\/uploads\/sites\/188\/2024\/08\/21-1-1024x576.png 1024w, https:\/\/blog.ube.fr\/ajmgb\/wp-content\/uploads\/sites\/188\/2024\/08\/21-1-300x169.png 300w, https:\/\/blog.ube.fr\/ajmgb\/wp-content\/uploads\/sites\/188\/2024\/08\/21-1-768x432.png 768w, https:\/\/blog.ube.fr\/ajmgb\/wp-content\/uploads\/sites\/188\/2024\/08\/21-1-1536x864.png 1536w, https:\/\/blog.ube.fr\/ajmgb\/wp-content\/uploads\/sites\/188\/2024\/08\/21-1.png 1920w\" sizes=\"auto, (max-width: 656px) 100vw, 656px\" \/><\/a>\n\t\t\t<\/dt><\/dl><br style=\"clear: both\" \/><dl class='gallery-item'>\n\t\t\t<dt class='gallery-icon landscape'>\n\t\t\t\t<a href='https:\/\/blog.ube.fr\/ajmgb\/formation\/neo-internes\/22-3\/'><img loading=\"lazy\" decoding=\"async\" width=\"656\" height=\"369\" src=\"https:\/\/blog.ube.fr\/ajmgb\/wp-content\/uploads\/sites\/188\/2024\/08\/22-1-1024x576.png\" class=\"attachment-large size-large\" alt=\"\" srcset=\"https:\/\/blog.ube.fr\/ajmgb\/wp-content\/uploads\/sites\/188\/2024\/08\/22-1-1024x576.png 1024w, https:\/\/blog.ube.fr\/ajmgb\/wp-content\/uploads\/sites\/188\/2024\/08\/22-1-300x169.png 300w, https:\/\/blog.ube.fr\/ajmgb\/wp-content\/uploads\/sites\/188\/2024\/08\/22-1-768x432.png 768w, https:\/\/blog.ube.fr\/ajmgb\/wp-content\/uploads\/sites\/188\/2024\/08\/22-1-1536x864.png 1536w, https:\/\/blog.ube.fr\/ajmgb\/wp-content\/uploads\/sites\/188\/2024\/08\/22-1.png 1920w\" sizes=\"auto, (max-width: 656px) 100vw, 656px\" \/><\/a>\n\t\t\t<\/dt><\/dl><br style=\"clear: both\" \/><dl class='gallery-item'>\n\t\t\t<dt class='gallery-icon landscape'>\n\t\t\t\t<a href='https:\/\/blog.ube.fr\/ajmgb\/formation\/neo-internes\/23-3\/'><img loading=\"lazy\" decoding=\"async\" width=\"656\" height=\"369\" src=\"https:\/\/blog.ube.fr\/ajmgb\/wp-content\/uploads\/sites\/188\/2024\/08\/23-1-1024x576.png\" class=\"attachment-large size-large\" alt=\"\" srcset=\"https:\/\/blog.ube.fr\/ajmgb\/wp-content\/uploads\/sites\/188\/2024\/08\/23-1-1024x576.png 1024w, https:\/\/blog.ube.fr\/ajmgb\/wp-content\/uploads\/sites\/188\/2024\/08\/23-1-300x169.png 300w, https:\/\/blog.ube.fr\/ajmgb\/wp-content\/uploads\/sites\/188\/2024\/08\/23-1-768x432.png 768w, https:\/\/blog.ube.fr\/ajmgb\/wp-content\/uploads\/sites\/188\/2024\/08\/23-1-1536x864.png 1536w, https:\/\/blog.ube.fr\/ajmgb\/wp-content\/uploads\/sites\/188\/2024\/08\/23-1.png 1920w\" sizes=\"auto, (max-width: 656px) 100vw, 656px\" \/><\/a>\n\t\t\t<\/dt><\/dl><br style=\"clear: both\" \/><dl class='gallery-item'>\n\t\t\t<dt class='gallery-icon landscape'>\n\t\t\t\t<a href='https:\/\/blog.ube.fr\/ajmgb\/formation\/neo-internes\/24-2\/'><img loading=\"lazy\" decoding=\"async\" width=\"656\" height=\"369\" src=\"https:\/\/blog.ube.fr\/ajmgb\/wp-content\/uploads\/sites\/188\/2024\/08\/24-1-1024x576.png\" class=\"attachment-large size-large\" alt=\"\" srcset=\"https:\/\/blog.ube.fr\/ajmgb\/wp-content\/uploads\/sites\/188\/2024\/08\/24-1-1024x576.png 1024w, https:\/\/blog.ube.fr\/ajmgb\/wp-content\/uploads\/sites\/188\/2024\/08\/24-1-300x169.png 300w, https:\/\/blog.ube.fr\/ajmgb\/wp-content\/uploads\/sites\/188\/2024\/08\/24-1-768x432.png 768w, https:\/\/blog.ube.fr\/ajmgb\/wp-content\/uploads\/sites\/188\/2024\/08\/24-1-1536x864.png 1536w, https:\/\/blog.ube.fr\/ajmgb\/wp-content\/uploads\/sites\/188\/2024\/08\/24-1.png 1920w\" sizes=\"auto, (max-width: 656px) 100vw, 656px\" \/><\/a>\n\t\t\t<\/dt><\/dl><br style=\"clear: both\" \/><dl class='gallery-item'>\n\t\t\t<dt class='gallery-icon landscape'>\n\t\t\t\t<a href='https:\/\/blog.ube.fr\/ajmgb\/formation\/neo-internes\/25-2\/'><img loading=\"lazy\" decoding=\"async\" width=\"656\" height=\"369\" src=\"https:\/\/blog.ube.fr\/ajmgb\/wp-content\/uploads\/sites\/188\/2024\/08\/25-1-1024x576.png\" class=\"attachment-large size-large\" alt=\"\" srcset=\"https:\/\/blog.ube.fr\/ajmgb\/wp-content\/uploads\/sites\/188\/2024\/08\/25-1-1024x576.png 1024w, https:\/\/blog.ube.fr\/ajmgb\/wp-content\/uploads\/sites\/188\/2024\/08\/25-1-300x169.png 300w, https:\/\/blog.ube.fr\/ajmgb\/wp-content\/uploads\/sites\/188\/2024\/08\/25-1-768x432.png 768w, https:\/\/blog.ube.fr\/ajmgb\/wp-content\/uploads\/sites\/188\/2024\/08\/25-1-1536x864.png 1536w, https:\/\/blog.ube.fr\/ajmgb\/wp-content\/uploads\/sites\/188\/2024\/08\/25-1.png 1920w\" sizes=\"auto, (max-width: 656px) 100vw, 656px\" \/><\/a>\n\t\t\t<\/dt><\/dl><br style=\"clear: both\" \/>\n\t\t<\/div>\n\n<p><span style=\"color: #ffffff;\">interne internes m\u00e9decine g\u00e9n\u00e9rale IMG g\u00e9n\u00e9ralistes Dijon dijon M\u00e9decine G\u00e9n\u00e9rale n\u00e9o-interne ECN examen classant national<\/span><\/p>\n","protected":false},"excerpt":{"rendered":"<p>Si tu viens de passer les ECN\/EDN et que tu te poses des questions sur les sp\u00e9cificit\u00e9s de la m\u00e9decine g\u00e9n\u00e9rale en Bourgogne, tu es au bon endroit ! Si tu as encore des questions apr\u00e8s avoir parcouru ce site, n&#8217;h\u00e9sites pas \u00e0 nous contacter par mail : ajmgbdijon@gmail.com Nous avons aussi fait une visio&hellip;<\/p>\n<p class=\"more-link-p\"><a class=\"btn btn-primary\" href=\"https:\/\/blog.ube.fr\/ajmgb\/formation\/neo-internes\/\">Voir plus &rarr;<\/a><\/p>\n","protected":false},"author":4814,"featured_media":0,"parent":106,"menu_order":1,"comment_status":"closed","ping_status":"closed","template":"","meta":{"_exactmetrics_skip_tracking":false,"_exactmetrics_sitenote_active":false,"_exactmetrics_sitenote_note":"","_exactmetrics_sitenote_category":0,"footnotes":""},"class_list":["post-398","page","type-page","status-publish","hentry"],"_links":{"self":[{"href":"https:\/\/blog.ube.fr\/ajmgb\/wp-json\/wp\/v2\/pages\/398","targetHints":{"allow":["GET"]}}],"collection":[{"href":"https:\/\/blog.ube.fr\/ajmgb\/wp-json\/wp\/v2\/pages"}],"about":[{"href":"https:\/\/blog.ube.fr\/ajmgb\/wp-json\/wp\/v2\/types\/page"}],"author":[{"embeddable":true,"href":"https:\/\/blog.ube.fr\/ajmgb\/wp-json\/wp\/v2\/users\/4814"}],"replies":[{"embeddable":true,"href":"https:\/\/blog.ube.fr\/ajmgb\/wp-json\/wp\/v2\/comments?post=398"}],"version-history":[{"count":7,"href":"https:\/\/blog.ube.fr\/ajmgb\/wp-json\/wp\/v2\/pages\/398\/revisions"}],"predecessor-version":[{"id":937,"href":"https:\/\/blog.ube.fr\/ajmgb\/wp-json\/wp\/v2\/pages\/398\/revisions\/937"}],"up":[{"embeddable":true,"href":"https:\/\/blog.ube.fr\/ajmgb\/wp-json\/wp\/v2\/pages\/106"}],"wp:attachment":[{"href":"https:\/\/blog.ube.fr\/ajmgb\/wp-json\/wp\/v2\/media?parent=398"}],"curies":[{"name":"wp","href":"https:\/\/api.w.org\/{rel}","templated":true}]}}