{"id":315,"date":"2023-08-01T21:18:21","date_gmt":"2023-08-01T19:18:21","guid":{"rendered":"https:\/\/blog.u-bourgogne.fr\/ajmgb\/?page_id=315"},"modified":"2024-07-05T18:01:20","modified_gmt":"2024-07-05T16:01:20","slug":"outil-violentometre-a-lhopital","status":"publish","type":"page","link":"https:\/\/blog.ube.fr\/ajmgb\/bien-etre-et-prevention\/outil-violentometre-a-lhopital\/","title":{"rendered":"Outil : Violentom\u00e8tre \u00e0 l&#8217;hopital"},"content":{"rendered":"<p style=\"text-align: justify;\">Cr\u00e9\u00e9 par diff\u00e9rentes organisations dont le collectif Pour une MEUF (M\u00e9decine Engag\u00e9e Unie et F\u00e9ministe), le CLIT Asso Sant\u00e9 (Collectif Libre et Inclusif pour Tou\u00b7te\u00b7s), l\u2019Association Nationale des Etudiants en Sage Femme (ANESF), le Syndicat National des Jeunes M\u00e9decins G\u00e9n\u00e9ralistes (SNJMG), et l&#8217;ISNAR-IMG, le violentom\u00e8tre est un outil initialement utilis\u00e9 pour rep\u00e9rer les violences sexistes et sexuelles au sein du couple, adapt\u00e9 ici aux situations v\u00e9cues \u00e0 l\u2019h\u00f4pital.<\/p>\n<p style=\"text-align: justify;\">Ce document est con\u00e7u pour \u00eatre imprim\u00e9 en recto verso sous la forme d\u2019un flyer, mais il peut \u00e9galement \u00eatre affich\u00e9 dans les facult\u00e9s comme dans les services hospitaliers.<\/p>\n<hr \/>\n<div id='gallery-1' class='gallery galleryid-315 gallery-columns-3 gallery-size-thumbnail'><dl class='gallery-item'>\n\t\t\t<dt class='gallery-icon portrait'>\n\t\t\t\t<a href='https:\/\/blog.ube.fr\/ajmgb\/bien-etre-et-prevention\/outil-violentometre-a-lhopital\/capture-decran-2024-07-05-175856\/'><img loading=\"lazy\" decoding=\"async\" width=\"150\" height=\"150\" src=\"https:\/\/blog.ube.fr\/ajmgb\/wp-content\/uploads\/sites\/188\/2024\/07\/Capture-decran-2024-07-05-175856-150x150.png\" class=\"attachment-thumbnail size-thumbnail\" alt=\"\" \/><\/a>\n\t\t\t<\/dt><\/dl><dl class='gallery-item'>\n\t\t\t<dt class='gallery-icon portrait'>\n\t\t\t\t<a href='https:\/\/blog.ube.fr\/ajmgb\/bien-etre-et-prevention\/outil-violentometre-a-lhopital\/capture-decran-2024-07-05-175924\/'><img loading=\"lazy\" decoding=\"async\" width=\"150\" height=\"150\" src=\"https:\/\/blog.ube.fr\/ajmgb\/wp-content\/uploads\/sites\/188\/2024\/07\/Capture-decran-2024-07-05-175924-150x150.png\" class=\"attachment-thumbnail size-thumbnail\" alt=\"\" \/><\/a>\n\t\t\t<\/dt><\/dl>\n\t\t\t<br style='clear: both' \/>\n\t\t<\/div>\n\n","protected":false},"excerpt":{"rendered":"<p>Cr\u00e9\u00e9 par diff\u00e9rentes organisations dont le collectif Pour une MEUF (M\u00e9decine Engag\u00e9e Unie et F\u00e9ministe), le CLIT Asso Sant\u00e9 (Collectif Libre et Inclusif pour Tou\u00b7te\u00b7s), l\u2019Association Nationale des Etudiants en Sage Femme (ANESF), le Syndicat National des Jeunes M\u00e9decins G\u00e9n\u00e9ralistes (SNJMG), et l&#8217;ISNAR-IMG, le violentom\u00e8tre est un outil initialement utilis\u00e9 pour rep\u00e9rer les violences sexistes&hellip;<\/p>\n<p class=\"more-link-p\"><a class=\"btn btn-primary\" href=\"https:\/\/blog.ube.fr\/ajmgb\/bien-etre-et-prevention\/outil-violentometre-a-lhopital\/\">Voir plus &rarr;<\/a><\/p>\n","protected":false},"author":4924,"featured_media":0,"parent":117,"menu_order":1,"comment_status":"closed","ping_status":"closed","template":"","meta":{"_exactmetrics_skip_tracking":false,"_exactmetrics_sitenote_active":false,"_exactmetrics_sitenote_note":"","_exactmetrics_sitenote_category":0,"footnotes":""},"class_list":["post-315","page","type-page","status-publish","hentry"],"_links":{"self":[{"href":"https:\/\/blog.ube.fr\/ajmgb\/wp-json\/wp\/v2\/pages\/315","targetHints":{"allow":["GET"]}}],"collection":[{"href":"https:\/\/blog.ube.fr\/ajmgb\/wp-json\/wp\/v2\/pages"}],"about":[{"href":"https:\/\/blog.ube.fr\/ajmgb\/wp-json\/wp\/v2\/types\/page"}],"author":[{"embeddable":true,"href":"https:\/\/blog.ube.fr\/ajmgb\/wp-json\/wp\/v2\/users\/4924"}],"replies":[{"embeddable":true,"href":"https:\/\/blog.ube.fr\/ajmgb\/wp-json\/wp\/v2\/comments?post=315"}],"version-history":[{"count":5,"href":"https:\/\/blog.ube.fr\/ajmgb\/wp-json\/wp\/v2\/pages\/315\/revisions"}],"predecessor-version":[{"id":680,"href":"https:\/\/blog.ube.fr\/ajmgb\/wp-json\/wp\/v2\/pages\/315\/revisions\/680"}],"up":[{"embeddable":true,"href":"https:\/\/blog.ube.fr\/ajmgb\/wp-json\/wp\/v2\/pages\/117"}],"wp:attachment":[{"href":"https:\/\/blog.ube.fr\/ajmgb\/wp-json\/wp\/v2\/media?parent=315"}],"curies":[{"name":"wp","href":"https:\/\/api.w.org\/{rel}","templated":true}]}}